{"id":2728,"date":"2021-10-08T12:02:35","date_gmt":"2021-10-08T10:02:35","guid":{"rendered":"https:\/\/antcube.shop\/produkt\/antcube-starter-set-fur-blattschneiderarten-klein\/"},"modified":"2026-04-13T09:33:20","modified_gmt":"2026-04-13T07:33:20","slug":"antcube-starter-set-fur-blattschneiderarten-klein","status":"publish","type":"product","link":"https:\/\/antcube.shop\/tr\/urun\/antcube-starter-set-fur-blattschneiderarten-klein\/","title":{"rendered":"ANTCUBE - Yaprak kesici kar\u0131ncalar i\u00e7in ba\u015flang\u0131\u00e7 seti - k\u00fc\u00e7\u00fck"},"content":{"rendered":"<p><span data-text-color=\"alert\"><strong>04\/2024 tarihinden itibaren YEN\u0130:<\/strong><\/span><br \/>\n<strong>Besleme kab\u0131 art\u0131k 20x20x40 cm y\u00fcksekli\u011finde bir arena olarak tedarik edilmektedir. Bu, yiyecek i\u00e7in daha fazla alan b\u0131rak\u0131r.<\/strong><br \/>\n<strong>Eski konekt\u00f6rleri, tamamen \u015feffaf somunlar da dahil olmak \u00fczere tamamen \u015feffaf yeni konekt\u00f6rlerle de\u011fi\u015ftirdik.<\/strong><br \/>\n<strong>Ayr\u0131ca t\u00fcm lavabolar i\u00e7in formikaryum pedler ekledik (mobilya ve lavabolar\u0131n korunmas\u0131 ve titre\u015fime kar\u015f\u0131)<\/strong><\/p>\n<p>&nbsp;<\/p>\n<p><strong>\u0130\u00e7erir:<\/strong><\/p>\n<p>2x ANTCUBE Arena 20x20x20cm<br \/>\n1x ANTCUBE Arena 20x20x40cm y\u00fcksekli\u011finde<br \/>\n3x kar\u0131nca arena \u00e7er\u00e7evesi 20x20cm<br \/>\n3x kar\u0131nca arenas\u0131 \u00f6rt\u00fcs\u00fc 20x20cm<br \/>\nArena kapa\u011f\u0131 i\u00e7in 12x sabitleme noktas\u0131<\/p>\n<p>1x kar\u0131nca t\u00fcp\u00fc - kristal berrakl\u0131\u011f\u0131nda 32mm - 1m (yar\u0131ya b\u00f6l\u00fcnm\u00fc\u015f)<br \/>\n1x substrat - ya\u011fmur orman\u0131 - 1 kg<br \/>\n1x Formicarium gran\u00fcl 200ml - bej<br \/>\n3x formikaryum taban\u0131 20\u00d720<\/p>\n<p>50mm delik i\u00e7in 2x formikaryum tapas\u0131<br \/>\n5x Grid insert acrylic &#8211; 50 mm with sealing ring<br \/>\n2x Grid insert acrylic &#8211; 27 mm with sealing ring<br \/>\n4x tank konekt\u00f6r\u00fc 3\/4\u2033 ila 32mm - kristal berrakl\u0131\u011f\u0131nda<br \/>\n4x Formikaryum somunu 3\/4 in\u00e7 - kristal berrakl\u0131\u011f\u0131nda<\/p>\n<p>1x Foil thermometer Display<br \/>\n1x drinking clear 5ml &#8211; sponge<br \/>\n1x C\u0131mb\u0131z yay \u00e7eli\u011fi - geni\u015f - yumu\u015fak<br \/>\n1x Formicarium c\u0131mb\u0131z - plastik<br \/>\n1x el b\u00fcy\u00fcteci - 2x - 30mm<br \/>\n1x kar\u0131nca salg\u0131n\u0131 koruma ya\u011f\u0131 10ml<br \/>\n1x k\u00f6p\u00fck silecek 150x18x2,5mm<br \/>\nSprey \u015fi\u015fesi p\u00fcsk\u00fcrt\u00fcc\u00fc 0,5 litre - pirin\u00e7 nozul<br \/>\n1x G\u00fcl yapraklar\u0131 100g - kurutulmu\u015f<br \/>\n2x foto\u011fraf arka duvar\u0131 - ya\u011fmur orman\u0131 - 20\u00d720<br \/>\n1x foto\u011fraf arka duvar\u0131 - ya\u011fmur orman\u0131 - 20\u00d740 y\u00fckseklik<\/p>\n<p><strong>A\u00e7\u0131klama:<\/strong><br \/>\nThis expandable starter set for all leafcutter ant species contains, in addition to the optimally adapted formicarium, the appropriate accessories for keeping these ants. The basins are easy to use for feeding and cleaning. The large holes (27 mm) and tubes not only make it easy to observe the ants, they also allow the animals to remove large pieces of leaf. The stainless steel mesh inserts ensure good ventilation and are robust against mechanical impact. Even large colonies of leaf-cutter ants, which are very fond of cutting, are unable to penetrate them. The sturdy tube connectors are also absolutely bite-proof. The humidity can be increased using the spray bottle.<\/p>\n<p><strong>\u00d6nemli:<\/strong> L\u00fctfen kullanmadan \u00f6nce alt tabakay\u0131 nemlendirin, b\u00f6ylece kar\u0131\u015f\u0131m ba\u011flanabilir ve kar\u0131nca \u00e7iftli\u011finde sa\u011flam bir tutu\u015f geli\u015ftirebilir. Ayr\u0131ca, alt tabaka \u00e7ok kuru ve tozluysa, kar\u0131ncalar\u0131n solunum yollar\u0131 t\u0131kanabilir ve en k\u00f6t\u00fc durumda hayvanlar bo\u011fulabilir.<\/p>\n<p><strong>\u00dcretim hakk\u0131nda notlar<\/strong><br \/>\nCam, DIN 1249'a uygun olarak +\/- 1 mm toleransla kesilir. \u00c7ok k\u00fc\u00e7\u00fck kar\u0131nca t\u00fcrleri i\u00e7in ek ka\u00e7\u0131\u015f korumas\u0131 gereklidir.<\/p>","protected":false},"excerpt":{"rendered":"<p>Set 43 par\u00e7adan olu\u015fmaktad\u0131r<br \/>\nBoyut: <span style=\"color: #ed1c24;\"><strong>XL<\/strong><\/span><\/p>","protected":false},"featured_media":7666,"comment_status":"open","ping_status":"closed","template":"","meta":{"_acf_changed":false,"content-type":"","_monsterinsights_skip_tracking":false,"_monsterinsights_sitenote_active":false,"_monsterinsights_sitenote_note":"","_monsterinsights_sitenote_category":0},"product_brand":[],"product_cat":[73,79],"product_tag":[],"class_list":{"0":"post-2728","1":"product","2":"type-product","3":"status-publish","4":"has-post-thumbnail","6":"product_cat-starter-sets","7":"product_cat-starter-sets-for-leafcutter-ants","9":"first","10":"outofstock","11":"taxable","12":"shipping-taxable","13":"purchasable","14":"product-type-simple"},"acf":[],"aioseo_notices":[],"jetpack_sharing_enabled":true,"_links":{"self":[{"href":"https:\/\/antcube.shop\/tr\/wp-json\/wp\/v2\/product\/2728","targetHints":{"allow":["GET"]}}],"collection":[{"href":"https:\/\/antcube.shop\/tr\/wp-json\/wp\/v2\/product"}],"about":[{"href":"https:\/\/antcube.shop\/tr\/wp-json\/wp\/v2\/types\/product"}],"replies":[{"embeddable":true,"href":"https:\/\/antcube.shop\/tr\/wp-json\/wp\/v2\/comments?post=2728"}],"wp:featuredmedia":[{"embeddable":true,"href":"https:\/\/antcube.shop\/tr\/wp-json\/wp\/v2\/media\/7666"}],"wp:attachment":[{"href":"https:\/\/antcube.shop\/tr\/wp-json\/wp\/v2\/media?parent=2728"}],"wp:term":[{"taxonomy":"product_brand","embeddable":true,"href":"https:\/\/antcube.shop\/tr\/wp-json\/wp\/v2\/product_brand?post=2728"},{"taxonomy":"product_cat","embeddable":true,"href":"https:\/\/antcube.shop\/tr\/wp-json\/wp\/v2\/product_cat?post=2728"},{"taxonomy":"product_tag","embeddable":true,"href":"https:\/\/antcube.shop\/tr\/wp-json\/wp\/v2\/product_tag?post=2728"}],"curies":[{"name":"wp","href":"https:\/\/api.w.org\/{rel}","templated":true}]}}