{"id":2672,"date":"2021-10-04T15:33:44","date_gmt":"2021-10-04T13:33:44","guid":{"rendered":"https:\/\/antcube.shop\/produkt\/antcube-starter-set-m-20x20-combi\/"},"modified":"2026-04-16T13:40:07","modified_gmt":"2026-04-16T11:40:07","slug":"antcube-starter-set-m-20x20-combi","status":"publish","type":"product","link":"https:\/\/antcube.shop\/tr\/urun\/antcube-starter-set-m-20x20-combi\/","title":{"rendered":"ANTCUBE Ba\u015flang\u0131\u00e7 Seti M - 20\u00d720 - Kombi"},"content":{"rendered":"<p>\u0130\u00e7erik:<br \/>\n1x ANTCUBE - Arena 20x20x20 - Combi M<br \/>\n1x kar\u0131nca arenas\u0131 \u00f6rt\u00fcs\u00fc 20\u00d720<br \/>\nArena kapa\u011f\u0131 i\u00e7in 4x sabitleme noktas\u0131<br \/>\n27mm delik i\u00e7in 2x Formicarium tapa<br \/>\n50 mm delik i\u00e7in 2x Formikaryum tapas\u0131<br \/>\n1x substrat - kum-t\u0131n beji - 1000g<br \/>\n1x suluk 2ml - 360 derece<br \/>\n1x dish clear 1&#215;20 &#8211; sponge<br \/>\n1x el b\u00fcy\u00fcteci - 2x - 30mm<br \/>\n1x c\u0131mb\u0131z plastik \u015feffaf<br \/>\n1x plastik pipet 3ml<br \/>\n1x Kar\u0131nca ka\u00e7\u0131\u015f ya\u011f\u0131 10ml<br \/>\n1x k\u00f6p\u00fck silecek 150x18x2,5mm<\/p>\n<p><strong>A\u00e7\u0131klama:<\/strong><br \/>\nBu Ba\u015flang\u0131\u00e7 Seti - Kombi, toprakta yuva yapan \u00e7o\u011fu kar\u0131nca t\u00fcr\u00fc i\u00e7in uygundur.<br \/>\nSet \u00e7ok kompaktt\u0131r ve dahil edilen aksesuarlar en \u00f6nemlilerine indirgenmi\u015ftir.<br \/>\nBu nedenle, kar\u0131nca beslemeye yeni ba\u015flayanlar i\u00e7in ideal olan, y\u00fcksek kaliteli malzemelerden yap\u0131lm\u0131\u015f ucuz bir settir.<br \/>\nDahil edilen kum - kil bej substrat, \u00e7o\u011fu yuva yapan kar\u0131nca t\u00fcr\u00fc taraf\u0131ndan iyi kabul edilir.<\/p>\n<p>\u0130ste\u011fe ba\u011fl\u0131 olarak, arenan\u0131n yuva alan\u0131na ba\u015fka toprak alt tabakalar veya yuva ekleri yerle\u015ftirilebilir.<br \/>\n\u00d6nerilerin alt\u0131nda (a\u015fa\u011f\u0131ya bak\u0131n\u0131z) ba\u015fka faydal\u0131 aksesuarlar bulacaks\u0131n\u0131z.<\/p>\n<p><strong>\u00d6neri:<\/strong> Hayvanlar\u0131n arenaya yuva yapamamalar\u0131 ve bunun yerine bu ama\u00e7la sa\u011flanan \u00e7iftli\u011fi kullanmalar\u0131 i\u00e7in 2 mm y\u00fcksekli\u011finde bir alt tabaka tabakas\u0131 \u00f6neriyoruz. Ayr\u0131ca \u00e7iftlikteki yuvalama malzemesinin (kum\/kil, Digfix, vb.) hayvanlar\u0131n kazmas\u0131n\u0131 kolayla\u015ft\u0131rmak i\u00e7in bir yerden hafif\u00e7e delinmesini tavsiye ederiz.<\/p>\n<p><strong>\u00d6nemli:<\/strong> L\u00fctfen kullanmadan \u00f6nce alt tabakay\u0131 nemlendirin, b\u00f6ylece kar\u0131\u015f\u0131m ba\u011flanabilir ve kar\u0131nca \u00e7iftli\u011finde sa\u011flam bir tutu\u015f geli\u015ftirebilir. Ayr\u0131ca, \u00e7ok kuru ve tozlu alt tabaka kar\u0131ncalar\u0131n solunum yollar\u0131n\u0131n t\u0131kanmas\u0131na ve en k\u00f6t\u00fc durumda hayvanlar\u0131n bo\u011fulmas\u0131na neden olabilir.<\/p>\n<p><strong>Dikkat edin:<\/strong><br \/>\nYuva eklerimizi kullan\u0131rken, bunlar\u0131n 8 mm daha dar oldu\u011funu l\u00fctfen unutmay\u0131n, \u00e7\u00fcnk\u00fc bunlar orijinal olarak daha dar kar\u0131nca \u00e7iftliklerimizin yan\u0131 s\u0131ra arena eklerimize uyacak \u015fekilde tasarlanm\u0131\u015ft\u0131r! Burada aradaki bo\u015flu\u011fun s\u0131va veya kil gibi dolgu malzemeleriyle doldurulmas\u0131 gerekecektir.<\/p>\n<p><strong>\u00dcretim hakk\u0131nda notlar<\/strong><br \/>\nCam DIN 1249'a g\u00f6re +\/- 1 mm toleransla kesilmi\u015ftir. Son derece k\u00fc\u00e7\u00fck kar\u0131nca t\u00fcrleri i\u00e7in ek ka\u00e7\u0131\u015f korumas\u0131 gereklidir.<\/p>\n<p><strong>Talimatlar:<\/strong><br \/>\n- DE Anleitung Starter Set Combi (PDF 7,98 MB)<br \/>\n- TR Kullan\u0131m talimatlar\u0131 - Ba\u015flang\u0131\u00e7 Seti Combi (PDF 7,94 MB)<br \/>\n- ES Manual de instrucciones - Set de inicio Combi (PDF 7,94 MB)<br \/>\n- FR Manuel d'instruction - Kit de d\u00e9marrage Combi (PDF 7,95 MB)<\/p>","protected":false},"excerpt":{"rendered":"<p>Set 18 par\u00e7adan olu\u015fmaktad\u0131r ve t\u00fcm kar\u0131nca t\u00fcrleri i\u00e7in uygundur.<br \/>\nBoyut: <strong>M<\/strong><\/p>","protected":false},"featured_media":5445,"comment_status":"open","ping_status":"closed","template":"","meta":{"_acf_changed":false,"content-type":"","_monsterinsights_skip_tracking":false,"_monsterinsights_sitenote_active":false,"_monsterinsights_sitenote_note":"","_monsterinsights_sitenote_category":0},"product_brand":[],"product_cat":[73,78],"product_tag":[],"class_list":{"0":"post-2672","1":"product","2":"type-product","3":"status-publish","4":"has-post-thumbnail","6":"product_cat-starter-sets","7":"product_cat-starter-sets-combi","9":"first","10":"instock","11":"taxable","12":"shipping-taxable","13":"purchasable","14":"product-type-simple"},"acf":[],"aioseo_notices":[],"jetpack_sharing_enabled":true,"_links":{"self":[{"href":"https:\/\/antcube.shop\/tr\/wp-json\/wp\/v2\/product\/2672","targetHints":{"allow":["GET"]}}],"collection":[{"href":"https:\/\/antcube.shop\/tr\/wp-json\/wp\/v2\/product"}],"about":[{"href":"https:\/\/antcube.shop\/tr\/wp-json\/wp\/v2\/types\/product"}],"replies":[{"embeddable":true,"href":"https:\/\/antcube.shop\/tr\/wp-json\/wp\/v2\/comments?post=2672"}],"wp:featuredmedia":[{"embeddable":true,"href":"https:\/\/antcube.shop\/tr\/wp-json\/wp\/v2\/media\/5445"}],"wp:attachment":[{"href":"https:\/\/antcube.shop\/tr\/wp-json\/wp\/v2\/media?parent=2672"}],"wp:term":[{"taxonomy":"product_brand","embeddable":true,"href":"https:\/\/antcube.shop\/tr\/wp-json\/wp\/v2\/product_brand?post=2672"},{"taxonomy":"product_cat","embeddable":true,"href":"https:\/\/antcube.shop\/tr\/wp-json\/wp\/v2\/product_cat?post=2672"},{"taxonomy":"product_tag","embeddable":true,"href":"https:\/\/antcube.shop\/tr\/wp-json\/wp\/v2\/product_tag?post=2672"}],"curies":[{"name":"wp","href":"https:\/\/api.w.org\/{rel}","templated":true}]}}