{"id":12445,"date":"2025-09-30T10:08:52","date_gmt":"2025-09-30T08:08:52","guid":{"rendered":"https:\/\/antcube.shop\/en\/product\/ameisen-lebenszyklus-praparat-metamorphose-einer-ameise\/"},"modified":"2026-04-13T10:49:05","modified_gmt":"2026-04-13T08:49:05","slug":"karinca-yasam-dongusu-bir-karincanin-baskalasim-ornegi","status":"publish","type":"product","link":"https:\/\/antcube.shop\/tr\/urun\/karinca-yasam-dongusu-bir-karincanin-baskalasim-ornegi\/","title":{"rendered":"Kar\u0131nca ya\u015fam d\u00f6ng\u00fcs\u00fc \u00f6rne\u011fi: Bir kar\u0131ncan\u0131n metamorfozu"},"content":{"rendered":"<p><strong>Boyutlar:<\/strong> 30x30x10 mm<\/p>\n<p><strong>Malzeme:<\/strong> Sentetik re\u00e7ine<\/p>\n<p><strong>A\u00e7\u0131klama:<\/strong> Bu \u00f6rnek \u015feffaf sentetik re\u00e7ineden \u00f6zenle kal\u0131planm\u0131\u015ft\u0131r ve okullarda, \u00fcniversitelerde ve koleksiyoncularda kullan\u0131m i\u00e7in idealdir. Bir kar\u0131ncan\u0131n geli\u015fim a\u015famalar\u0131n\u0131 g\u00f6sterir - larvadan pupaya ve tam geli\u015fmi\u015f i\u015f\u00e7i kar\u0131ncaya kadar.<\/p>","protected":false},"excerpt":{"rendered":"<p>Boyutlar: 30x30x10 mm Malzeme: Sentetik re\u00e7ine A\u00e7\u0131klama: Bu \u00f6rnek \u015feffaf sentetik re\u00e7ine ile \u00f6zenle \u015fekillendirilmi\u015ftir ve okullarda, \u00fcniversitelerde ve koleksiyoncularda kullan\u0131m i\u00e7in idealdir. Bir kar\u0131ncan\u0131n geli\u015fim a\u015famalar\u0131n\u0131 g\u00f6sterir - larvadan pupaya ve tam geli\u015fmi\u015f i\u015f\u00e7i kar\u0131ncaya kadar.<\/p>","protected":false},"featured_media":12562,"comment_status":"open","ping_status":"closed","template":"","meta":{"_acf_changed":false,"content-type":"","_monsterinsights_skip_tracking":false,"_monsterinsights_sitenote_active":false,"_monsterinsights_sitenote_note":"","_monsterinsights_sitenote_category":0},"product_brand":[484],"product_cat":[547,257,245],"product_tag":[],"class_list":{"0":"post-12445","1":"product","2":"type-product","3":"status-publish","4":"has-post-thumbnail","6":"product_brand-antcube","7":"product_cat-all-products","8":"product_cat-new-innovatve-products","9":"product_cat-merchandise","11":"first","12":"instock","13":"taxable","14":"shipping-taxable","15":"purchasable","16":"product-type-simple"},"acf":[],"aioseo_notices":[],"jetpack_sharing_enabled":true,"_links":{"self":[{"href":"https:\/\/antcube.shop\/tr\/wp-json\/wp\/v2\/product\/12445","targetHints":{"allow":["GET"]}}],"collection":[{"href":"https:\/\/antcube.shop\/tr\/wp-json\/wp\/v2\/product"}],"about":[{"href":"https:\/\/antcube.shop\/tr\/wp-json\/wp\/v2\/types\/product"}],"replies":[{"embeddable":true,"href":"https:\/\/antcube.shop\/tr\/wp-json\/wp\/v2\/comments?post=12445"}],"wp:featuredmedia":[{"embeddable":true,"href":"https:\/\/antcube.shop\/tr\/wp-json\/wp\/v2\/media\/12562"}],"wp:attachment":[{"href":"https:\/\/antcube.shop\/tr\/wp-json\/wp\/v2\/media?parent=12445"}],"wp:term":[{"taxonomy":"product_brand","embeddable":true,"href":"https:\/\/antcube.shop\/tr\/wp-json\/wp\/v2\/product_brand?post=12445"},{"taxonomy":"product_cat","embeddable":true,"href":"https:\/\/antcube.shop\/tr\/wp-json\/wp\/v2\/product_cat?post=12445"},{"taxonomy":"product_tag","embeddable":true,"href":"https:\/\/antcube.shop\/tr\/wp-json\/wp\/v2\/product_tag?post=12445"}],"curies":[{"name":"wp","href":"https:\/\/api.w.org\/{rel}","templated":true}]}}