{"id":12435,"date":"2025-09-30T10:01:28","date_gmt":"2025-09-30T08:01:28","guid":{"rendered":"https:\/\/antcube.shop\/en\/product\/antcube-digfix-30x30-liegend\/"},"modified":"2026-04-01T13:28:23","modified_gmt":"2026-04-01T11:28:23","slug":"antcube-digfix-30x30-yalan","status":"publish","type":"product","link":"https:\/\/antcube.shop\/tr\/urun\/antcube-digfix-30x30-yalan\/","title":{"rendered":"ANTCUBE - Digfix 30\u00d730 - yalan"},"content":{"rendered":"<p><strong>Boyutlar:<\/strong> 280x280x28mm<\/p>\n<p><strong>Malzeme:<\/strong> Digfix<\/p>\n<p><strong>Uygulama:<\/strong><br \/>\nSadece ANTCUBE - Nest 30\u00d730 - yatay \u00fcr\u00fcn\u00fcm\u00fcze uyar<\/p>\n<p><strong>A\u00e7\u0131klama:<\/strong><br \/>\nKaz\u0131labilen \u00f6zel bir malzemeden yap\u0131lm\u0131\u015f olan bu Digfix yuvas\u0131, ANTCUBE 30\u00d730 yatay yuvalar\u0131m\u0131za m\u00fckemmel \u015fekilde uyacak \u015fekilde tasarlanm\u0131\u015ft\u0131r. Plaka kuru veya nemlendirilmi\u015f olarak kullan\u0131labilir ve \u00f6zellikle kum veya (\u00f6l\u00fc) ah\u015fapta yuva yapan bir\u00e7ok kar\u0131nca t\u00fcr\u00fc i\u00e7in uygundur. Kum-kil kar\u0131\u015f\u0131mlar\u0131na veya mantar yuva eklerine pratik bir alternatiftir.<\/p>\n<p>\u00d6zel bir avantaj\u0131 da nem seviyesinin kolayl\u0131kla kontrol edilebilmesidir: plaka g\u00f6zle g\u00f6r\u00fcl\u00fcr \u015fekilde renk de\u011fi\u015ftirerek nem seviyesinin en iyi \u015fekilde de\u011ferlendirilmesini sa\u011flar. Kum-kil kar\u0131\u015f\u0131mlar\u0131n\u0131n aksine, kar\u0131nca \u00e7iftli\u011finin i\u00e7 b\u00f6lmeleri, \u00fczerlerine gev\u015fek bir alt tabaka yap\u0131\u015fmad\u0131\u011f\u0131 i\u00e7in temiz kal\u0131r.<\/p>\n<p>Sa\u011flam yap\u0131s\u0131 sayesinde malzeme, kar\u0131ncalar taraf\u0131ndan olu\u015fturulan t\u00fcnelleri ve odalar\u0131 \u00e7\u00f6kmeden kal\u0131c\u0131 olarak korur - g\u00fcvenli ve do\u011fal bir kazma deneyimi i\u00e7in.<\/p>","protected":false},"excerpt":{"rendered":"<p>\u00d6l\u00e7\u00fc: 280x280x28mm<\/p>","protected":false},"featured_media":0,"comment_status":"open","ping_status":"closed","template":"","meta":{"_acf_changed":false,"content-type":"","_monsterinsights_skip_tracking":false,"_monsterinsights_sitenote_active":false,"_monsterinsights_sitenote_note":"","_monsterinsights_sitenote_category":0},"product_brand":[484],"product_cat":[547,257,87,88],"product_tag":[],"class_list":{"0":"post-12435","1":"product","2":"type-product","3":"status-publish","5":"product_brand-antcube","6":"product_cat-all-products","7":"product_cat-new-innovatve-products","8":"product_cat-nest-insets","9":"product_cat-digfix","11":"first","12":"instock","13":"taxable","14":"shipping-taxable","15":"purchasable","16":"product-type-simple"},"acf":[],"aioseo_notices":[],"jetpack_sharing_enabled":true,"_links":{"self":[{"href":"https:\/\/antcube.shop\/tr\/wp-json\/wp\/v2\/product\/12435","targetHints":{"allow":["GET"]}}],"collection":[{"href":"https:\/\/antcube.shop\/tr\/wp-json\/wp\/v2\/product"}],"about":[{"href":"https:\/\/antcube.shop\/tr\/wp-json\/wp\/v2\/types\/product"}],"replies":[{"embeddable":true,"href":"https:\/\/antcube.shop\/tr\/wp-json\/wp\/v2\/comments?post=12435"}],"wp:attachment":[{"href":"https:\/\/antcube.shop\/tr\/wp-json\/wp\/v2\/media?parent=12435"}],"wp:term":[{"taxonomy":"product_brand","embeddable":true,"href":"https:\/\/antcube.shop\/tr\/wp-json\/wp\/v2\/product_brand?post=12435"},{"taxonomy":"product_cat","embeddable":true,"href":"https:\/\/antcube.shop\/tr\/wp-json\/wp\/v2\/product_cat?post=12435"},{"taxonomy":"product_tag","embeddable":true,"href":"https:\/\/antcube.shop\/tr\/wp-json\/wp\/v2\/product_tag?post=12435"}],"curies":[{"name":"wp","href":"https:\/\/api.w.org\/{rel}","templated":true}]}}