{"id":12288,"date":"2025-09-02T09:53:21","date_gmt":"2025-09-02T07:53:21","guid":{"rendered":"https:\/\/antcube.shop\/en\/product\/antcube-nest-30x30-liegend\/"},"modified":"2026-02-26T10:38:03","modified_gmt":"2026-02-26T09:38:03","slug":"karinca-kupu-yuvasi-30x30-yalan","status":"publish","type":"product","link":"https:\/\/antcube.shop\/tr\/urun\/karinca-kupu-yuvasi-30x30-yalan\/","title":{"rendered":"ANTCUBE - Yuva 30\u00d730 - yalan"},"content":{"rendered":"<p><strong>Boyutlar:<\/strong><br \/>\nYuva: 290 x 290 x 28 mm<br \/>\nCam kapak: 290 x 290 x 4 mm<\/p>\n<p><strong>Malzeme:<\/strong><br \/>\nFloat cam, plastik<\/p>\n<p><strong>Renk:<\/strong><br \/>\nKristal berrakl\u0131\u011f\u0131nda<\/p>\n<p><strong>\u0130\u00e7indekiler:<\/strong><br \/>\n1x ANTCUBE - Nest 30\u00d730 - iki ba\u011flant\u0131 soketli yatay L 20\/16<br \/>\n27 mm delikli 1x cam kapak<\/p>\n<p><strong>Ba\u011flant\u0131: <\/strong>2x 14\/16\/18\/20 x 20mm soket<\/p>\n<p>14\/10 hortum 14 mm sokete s\u0131k\u0131ca yerle\u015ftirilir<br \/>\n20\/16 hortum ilk 16 mm'lik ad\u0131ma s\u0131k\u0131ca yerle\u015ftirilir<br \/>\n22\/18 hortum ikinci 20 mm'lik ad\u0131ma s\u0131k\u0131ca yerle\u015ftirilir<\/p>\n<p><strong>A\u00e7\u0131klama: <\/strong>Yatay yuvam\u0131zda hortumlar\u0131n veya t\u00fcplerin tak\u0131labilece\u011fi iki ba\u011flant\u0131 soketi vard\u0131r. Alternatif olarak, bunlar uygun plastik veya \u00f6rg\u00fc kapaklarla g\u00fcvenli bir \u015fekilde kapat\u0131labilir.<\/p>\n<p>\u00c7e\u015fitli Camponotus t\u00fcrleri gibi daha b\u00fcy\u00fck kar\u0131nca t\u00fcrleri i\u00e7in, ayr\u0131 olarak temin edilebilen mantar yuvalar\u0131m\u0131zdan biriyle birle\u015ftirmenizi \u00f6neririz. Bununla birlikte, yuva alt tabaka ile de doldurulabilir.<\/p>\n<p>Kapak \u00e7\u0131kar\u0131labilir ve kau\u00e7uk kenar\u0131 sayesinde kar\u0131nca \u00e7iftli\u011fine s\u0131k\u0131ca oturur. Ortada, yuvan\u0131n i\u00e7ini nemlendirmek i\u00e7in kullan\u0131lan 27 mm'lik bir delik vard\u0131r. \u0130stenen neme ba\u011fl\u0131 olarak, bu a\u00e7\u0131kl\u0131k bir a\u011f ek par\u00e7as\u0131 veya bir formikaryum tapas\u0131 ile kapat\u0131labilir.<\/p>\n<p>Yuvay\u0131 koyula\u015ft\u0131ran ve tutulan t\u00fcre ba\u011fl\u0131 olarak koloninin geli\u015fimi \u00fczerinde olumlu bir etkiye sahip olabilen k\u0131rm\u0131z\u0131 kapak bir se\u00e7enek olarak mevcuttur.<\/p>\n<p><strong>\u00dcretim bilgileri<\/strong><br \/>\nCam, DIN 1249'a uygun olarak +\/- 1 mm toleransla kesilmi\u015ftir. Son derece k\u00fc\u00e7\u00fck kar\u0131nca t\u00fcrleri i\u00e7in ek kopma korumas\u0131 gereklidir.<\/p>\n<p><strong>Ba\u011flant\u0131 soketleri hakk\u0131nda not<\/strong><br \/>\nHortumlar\u0131 takarken veya \u00e7\u0131kar\u0131rken l\u00fctfen a\u015fa\u011f\u0131dakilere dikkat edin:<br \/>\nHortumun ba\u011flant\u0131 soketine tak\u0131lmas\u0131 \u00e7ok zorsa, soket bir damla kopma koruma ya\u011f\u0131 veya tozuyla hafif\u00e7e ovulmal\u0131d\u0131r. Daha sonra hortum, konekt\u00f6re yukar\u0131 veya a\u015fa\u011f\u0131 do\u011fru bas\u0131n\u00e7 uygulamadan d\u00f6nd\u00fcr\u00fclerek veya vidalanarak konekt\u00f6re itilmelidir. Ayn\u0131 durum hortumlar\u0131 konekt\u00f6rden \u00e7\u0131kar\u0131rken de ge\u00e7erlidir. L\u00fctfen onlar\u0131 basit\u00e7e \u00e7ekip \u00e7\u0131karmay\u0131n!<\/p>","protected":false},"excerpt":{"rendered":"<p>Ba\u011flant\u0131: 2x 14\/16\/18\/20 mm soket<br \/>\nBoyut: L<\/p>","protected":false},"featured_media":12293,"comment_status":"open","ping_status":"closed","template":"","meta":{"_acf_changed":false,"content-type":"","_monsterinsights_skip_tracking":false,"_monsterinsights_sitenote_active":false,"_monsterinsights_sitenote_note":"","_monsterinsights_sitenote_category":0},"product_brand":[484],"product_cat":[257,80,83,86],"product_tag":[],"class_list":{"0":"post-12288","1":"product","2":"type-product","3":"status-publish","4":"has-post-thumbnail","6":"product_brand-antcube","7":"product_cat-new-innovatve-products","8":"product_cat-antfarms","9":"product_cat-antfarms-l","10":"product_cat-formicariums","12":"first","13":"instock","14":"taxable","15":"shipping-taxable","16":"purchasable","17":"product-type-simple"},"acf":[],"aioseo_notices":[],"jetpack_sharing_enabled":true,"_links":{"self":[{"href":"https:\/\/antcube.shop\/tr\/wp-json\/wp\/v2\/product\/12288","targetHints":{"allow":["GET"]}}],"collection":[{"href":"https:\/\/antcube.shop\/tr\/wp-json\/wp\/v2\/product"}],"about":[{"href":"https:\/\/antcube.shop\/tr\/wp-json\/wp\/v2\/types\/product"}],"replies":[{"embeddable":true,"href":"https:\/\/antcube.shop\/tr\/wp-json\/wp\/v2\/comments?post=12288"}],"wp:featuredmedia":[{"embeddable":true,"href":"https:\/\/antcube.shop\/tr\/wp-json\/wp\/v2\/media\/12293"}],"wp:attachment":[{"href":"https:\/\/antcube.shop\/tr\/wp-json\/wp\/v2\/media?parent=12288"}],"wp:term":[{"taxonomy":"product_brand","embeddable":true,"href":"https:\/\/antcube.shop\/tr\/wp-json\/wp\/v2\/product_brand?post=12288"},{"taxonomy":"product_cat","embeddable":true,"href":"https:\/\/antcube.shop\/tr\/wp-json\/wp\/v2\/product_cat?post=12288"},{"taxonomy":"product_tag","embeddable":true,"href":"https:\/\/antcube.shop\/tr\/wp-json\/wp\/v2\/product_tag?post=12288"}],"curies":[{"name":"wp","href":"https:\/\/api.w.org\/{rel}","templated":true}]}}