{"id":12285,"date":"2025-09-02T09:52:58","date_gmt":"2025-09-02T07:52:58","guid":{"rendered":"https:\/\/antcube.shop\/en\/product\/antcube-korknest-20x20-liegend\/"},"modified":"2026-04-01T13:28:21","modified_gmt":"2026-04-01T11:28:21","slug":"antcube-corknest-20x20-yalan","status":"publish","type":"product","link":"https:\/\/antcube.shop\/tr\/urun\/antcube-corknest-20x20-yalan\/","title":{"rendered":"ANTCUBE - Corknest 20\u00d720 - yalan s\u00f6yl\u00fcyor"},"content":{"rendered":"<p><strong>Boyutlar:<\/strong> 180x180x28mm<\/p>\n<p><strong>Malzeme: <\/strong>Mantar (ince)<\/p>\n<p><strong>Uygulama:<\/strong><br \/>\nSadece ANTCUBE - Nest 20\u00d720 - yatay \u00fcr\u00fcn\u00fcm\u00fcze uyar<\/p>\n<p><strong>A\u00e7\u0131klama:\u00a0<\/strong><br \/>\n\u00d6nceden in\u015fa edilmi\u015f t\u00fcnellere ve odac\u0131klara sahip bu mantar yuva, \u00f6zellikle (\u00f6l\u00fc) ah\u015fapta yuva yapan \u00e7ok say\u0131da kar\u0131nca t\u00fcr\u00fc i\u00e7in uygundur. Yuva giri\u015fi olarak kullan\u0131lan iki deli\u011fi vard\u0131r.<\/p>\n<p>Mantar do\u011fal, kimyasal olarak n\u00f6tr bir malzemedir. Yap\u0131s\u0131 s\u0131v\u0131lara kar\u015f\u0131 ge\u00e7irimsizdir, kimyasal olarak reaksiyona girmez ve bu nedenle uzun s\u00fcre bozulmadan kal\u0131r. Bununla birlikte, s\u00fcrekli y\u00fcksek nem i\u00e7eri\u011fi \u00e7\u00fcr\u00fcmeyi te\u015fvik edebilir ve yuvan\u0131n \u00f6mr\u00fcn\u00fc k\u0131saltabilir. Genel olarak mantar \u00e7\u00fcr\u00fcmeye, mantar ve k\u00fcf istilas\u0131na kar\u015f\u0131 \u00e7ok dayan\u0131kl\u0131d\u0131r. \u00d6zel y\u00fczeyi ve yap\u0131s\u0131 mantarlar i\u00e7in \u00e7ok az uygun \u00fcreme alan\u0131 sunar. Bununla birlikte, yiyecek art\u0131klar\u0131, d\u0131\u015fk\u0131 veya di\u011fer organik maddeler k\u00fcf olu\u015fumunu te\u015fvik edebilir.<\/p>\n<p>Bu nedenle daha kuru b\u00f6lgelerden gelen kar\u0131nca t\u00fcrlerinin mantar yuvalarda tutulmas\u0131n\u0131 tavsiye ediyoruz. Ancak, daha nemli habitatlardan gelen t\u00fcrler de bu yuvalarda bar\u0131nd\u0131r\u0131labilir; \u00e7o\u011fu i\u00e7in \u00e7\u00fcr\u00fcme bir sorun te\u015fkil etmez. Camponotus herculeanus veya Formica fusca gibi Kuzey Avrupa'da bulunan bir\u00e7ok kar\u0131nca t\u00fcr\u00fc, \u00e7\u00fcr\u00fcm\u00fc\u015f veya k\u0131smen \u00e7\u00fcr\u00fcm\u00fc\u015f ah\u015faba bile do\u011fal olarak adapte olmu\u015ftur.<\/p>","protected":false},"excerpt":{"rendered":"<p>Boyut: 180x180x28mm<\/p>","protected":false},"featured_media":12290,"comment_status":"open","ping_status":"closed","template":"","meta":{"_acf_changed":false,"content-type":"","_monsterinsights_skip_tracking":false,"_monsterinsights_sitenote_active":false,"_monsterinsights_sitenote_note":"","_monsterinsights_sitenote_category":0},"product_brand":[484],"product_cat":[257,87,89],"product_tag":[],"class_list":{"0":"post-12285","1":"product","2":"type-product","3":"status-publish","4":"has-post-thumbnail","6":"product_brand-antcube","7":"product_cat-new-innovatve-products","8":"product_cat-nest-insets","9":"product_cat-cork","11":"first","12":"instock","13":"taxable","14":"shipping-taxable","15":"purchasable","16":"product-type-simple"},"acf":[],"aioseo_notices":[],"jetpack_sharing_enabled":true,"_links":{"self":[{"href":"https:\/\/antcube.shop\/tr\/wp-json\/wp\/v2\/product\/12285","targetHints":{"allow":["GET"]}}],"collection":[{"href":"https:\/\/antcube.shop\/tr\/wp-json\/wp\/v2\/product"}],"about":[{"href":"https:\/\/antcube.shop\/tr\/wp-json\/wp\/v2\/types\/product"}],"replies":[{"embeddable":true,"href":"https:\/\/antcube.shop\/tr\/wp-json\/wp\/v2\/comments?post=12285"}],"wp:featuredmedia":[{"embeddable":true,"href":"https:\/\/antcube.shop\/tr\/wp-json\/wp\/v2\/media\/12290"}],"wp:attachment":[{"href":"https:\/\/antcube.shop\/tr\/wp-json\/wp\/v2\/media?parent=12285"}],"wp:term":[{"taxonomy":"product_brand","embeddable":true,"href":"https:\/\/antcube.shop\/tr\/wp-json\/wp\/v2\/product_brand?post=12285"},{"taxonomy":"product_cat","embeddable":true,"href":"https:\/\/antcube.shop\/tr\/wp-json\/wp\/v2\/product_cat?post=12285"},{"taxonomy":"product_tag","embeddable":true,"href":"https:\/\/antcube.shop\/tr\/wp-json\/wp\/v2\/product_tag?post=12285"}],"curies":[{"name":"wp","href":"https:\/\/api.w.org\/{rel}","templated":true}]}}