{"id":11857,"date":"2025-06-20T14:40:22","date_gmt":"2025-06-20T12:40:22","guid":{"rendered":"https:\/\/antcube.shop\/en\/product\/bundle-offer-tetraponera-rufonigra\/"},"modified":"2026-04-14T19:51:12","modified_gmt":"2026-04-14T17:51:12","slug":"paket-teklif-tetraponera-rufonigra","status":"publish","type":"product","link":"https:\/\/antcube.shop\/tr\/urun\/paket-teklif-tetraponera-rufonigra\/","title":{"rendered":"Paket Teklif - Tetraponera rufonigra"},"content":{"rendered":"<p><strong><span data-text-color=\"secondary\">Tetraponera rufonigra kar\u0131nca kolonisi (krali\u00e7e + 5-10 i\u015f\u00e7i + yavru), mantar ba\u015flang\u0131\u00e7 seti, 2 adet formikaryum pedi, 10 ml bal \u00f6z\u00fc kar\u0131\u015f\u0131m\u0131 yedek paketi ve \u00f6zel beyazlat\u0131lm\u0131\u015f c\u0131rc\u0131r b\u00f6cekleri (nemli protein) i\u00e7eren bir kavanoz i\u00e7eren paket teklifi.<\/span><\/strong><\/p>\n<p><span data-text-color=\"alert\"><strong>Sadece stoklar t\u00fckenene kadar.<\/strong><\/span><\/p>\n<p><strong>Bir Tetraponera rufonigra Kar\u0131nca Kolonisi i\u00e7in \u0130htiyac\u0131n\u0131z Olan Her \u015eey<\/strong><br \/>\nBu paket, bir Tetraponera rufonigra kolonisini ba\u015far\u0131l\u0131 bir \u015fekilde ba\u015flatmak ve erken geli\u015fimi s\u0131ras\u0131nda bak\u0131m\u0131n\u0131 yapmak i\u00e7in gerekli t\u00fcm malzemeleri sa\u011flar. Yeni ba\u015flayanlara uygundur ve koloniniz b\u00fcy\u00fcd\u00fck\u00e7e kolayca geni\u015fletilebilir.<\/p>\n<p><strong>Kar\u0131nca T\u00fcrleri: Tetraponera rufonigra<\/strong><br \/>\nTetraponera rufonigra, \u00e7arp\u0131c\u0131 k\u0131rm\u0131z\u0131ms\u0131 ve siyah renkleriyle bilinen ince, a\u011fa\u00e7ta ya\u015fayan bir kar\u0131nca t\u00fcr\u00fcd\u00fcr. G\u00fcney ve G\u00fcneydo\u011fu Asya'ya \u00f6zg\u00fc olan bu t\u00fcr, tipik olarak \u00f6l\u00fc dallarda veya i\u00e7i bo\u015f bitki saplar\u0131nda yuva yapar ve s\u0131cak, nemli tropikal ortamlara adapte olmu\u015ftur. Yerde yuva yapan baz\u0131 t\u00fcrler kadar yayg\u0131n olmasa da, daha aktif ve g\u00f6rsel olarak ilgin\u00e7 bir koloni arayan bak\u0131c\u0131lar i\u00e7in m\u00fckemmel bir se\u00e7imdir. <span data-text-color=\"alert\"><strong>Not: Bu t\u00fcr\u00fcn bir i\u011fnesi vard\u0131r ve daha y\u00fcksek derecede savunma davran\u0131\u015f\u0131 g\u00f6sterir, bu nedenle kullan\u0131m dikkatli yap\u0131lmal\u0131d\u0131r.<\/strong><\/span><\/p>\n<p><strong>Tetraponera rufonigra i\u00e7in besin<\/strong><br \/>\nBu kar\u0131ncalar hem \u015feker hem de protein a\u00e7\u0131s\u0131ndan zengin bir diyete ihtiya\u00e7 duyarlar. Karbonhidratlar i\u00e7in bal \u00f6z\u00fc kar\u0131\u015f\u0131m\u0131 veya bal \u00e7\u00f6zeltisi, protein i\u00e7in k\u00fc\u00e7\u00fck b\u00f6cekler (canl\u0131 veya \u00f6l\u00fc) sunun. \u00d6zellikle meyve sinekleri, un kurtlar\u0131 veya beyazlat\u0131lm\u0131\u015f c\u0131rc\u0131r b\u00f6cekleri gibi yumu\u015fak g\u00f6vdeli avlardan faydalan\u0131rlar. Ara s\u0131ra muz veya elma gibi meyveler de sunulabilir. Her zaman taze su bulundu\u011fundan emin olun.<\/p>\n<p><strong>Tetraponera rufonigra i\u00e7in formikaryum<\/strong><br \/>\nTetraponera rufonigra do\u011fada ah\u015fap veya i\u00e7i bo\u015f g\u00f6vdelerdeki dar oyuklara yuva yapar. Tutsak bak\u0131m\u0131 i\u00e7in, do\u011fal yuva ortamlar\u0131n\u0131 iyi bir \u015fekilde taklit eden mantar veya bambu yuva ekleri i\u00e7eren Ba\u015flang\u0131\u00e7 Seti L'yi \u00f6neriyoruz. Dikey veya yar\u0131 dikey yuva se\u00e7enekleri, a\u011fa\u00e7s\u0131 ya\u015fam tarzlar\u0131n\u0131 sim\u00fcle etmek i\u00e7in idealdir. Formikaryumun yeterli havaland\u0131rmaya sahip oldu\u011fundan ve \u00f6zellikle yuvalama alan\u0131nda orta ila y\u00fcksek nemi korudu\u011fundan emin olun.<\/p>\n<p><strong>\u0130\u00e7indekiler:<\/strong><br \/>\n1x Tetraponera rufonigra (krali\u00e7e + 5-10 i\u015f\u00e7i + yavru)<br \/>\n1x Kriket Re\u00e7eli 25g<br \/>\n1x Honeydew Mix (HT) - dolum paketi 10ml<br \/>\n1x Formikaryum taban\u0131 - 20x20cm<br \/>\n1x Formikaryum taban\u0131 - 20x6cm<\/p>\n<p>1x ANTCUBE - Arena 20x20x10 - d\u00fcz<br \/>\n1x kar\u0131nca arenas\u0131 \u00e7er\u00e7evesi 20\u00d720<br \/>\n1x kar\u0131nca arenas\u0131 \u00f6rt\u00fcs\u00fc 20\u00d720<br \/>\nArena kapa\u011f\u0131 i\u00e7in 4x sabitleme noktas\u0131<br \/>\n1x ANTCUBE - Kar\u0131nca \u00e7iftli\u011fi - M - 20\u00d720 - dik<\/p>\n<p>1x ANTCUBE - mantar yuva 20\u00d720 - dik<br \/>\n1x 0,5m hortum \u015feffaf 20\/16 mm<br \/>\n1x ANTCUBE - K\u0131rm\u0131z\u0131 folyo 20\u00d720 - filtre<br \/>\n1x yap\u0131\u015fkan klips - \u015feffaf 2 adet.<br \/>\n1x substrat - kum-kil bej - 1000g<\/p>\n<p>2x Grid insert acrylic &#8211; 50 mm with sealing ring<br \/>\n1x Grid insert acrylic &#8211; 27 mm with sealing ring<br \/>\n1x Izgara kapa\u011f\u0131 - 16mm - paslanmaz \u00e7elik<\/p>\n<p>1x tank hortum ba\u011flant\u0131s\u0131 27-14,16,20 mm - \u015feffaf<br \/>\n1x Foil thermometer &#8211; farm<br \/>\n1x Foil thermometer Display<br \/>\n1x drinking clear 5ml &#8211; sponge<br \/>\n1x Feeding dish white rectangle &#8211; 3 compartments<br \/>\n1x Drinking trough 2ml &#8211; 360 Degrees<br \/>\n1x Kar\u0131nca koruma ya\u011f\u0131 10ml<br \/>\n1x C\u0131mb\u0131z yay \u00e7eli\u011fi - geni\u015f - yumu\u015fak<br \/>\n1x C\u0131mb\u0131z plastik \u015feffaf<br \/>\n1x plastik pipet 3ml<br \/>\n1x el b\u00fcy\u00fcteci - 2x - 30mm<br \/>\n1x k\u00f6p\u00fck silecek 150x18x2,5mm<\/p>\n<p><strong>A\u00e7\u0131klama Ba\u015flang\u0131\u00e7 seti:<\/strong><br \/>\nPrefabrik koridor ve odac\u0131klara sahip bu mantar ba\u015flang\u0131\u00e7 seti, \u00f6zellikle (\u00f6l\u00fc) ah\u015fapta yuva yapan t\u00fcrler olmak \u00fczere \u00e7e\u015fitli kar\u0131nca t\u00fcrleri i\u00e7in uygundur.<\/p>\n<p>\"ANTCUBE - Cork Nest\" tamamen \u015feffaf \u00e7iftli\u011fe yerle\u015ftirilebilir. Alternatif olarak, \u00e7iftli\u011fi doldurmak veya mantar yuvas\u0131n\u0131n baz\u0131 odac\u0131klar\u0131n\u0131 kapatmak i\u00e7in \"Kum-kil bej\" alt tabakas\u0131n\u0131 da kullanabilirsiniz. Gerekti\u011finde kapaktaki 50 mm'lik deliklerden ek mod\u00fcller ba\u011flanabilir, \u00f6rne\u011fin ayr\u0131 olarak temin edilebilen sisleyiciler, fanlar veya \u0131\u015f\u0131klar. Alternatif olarak, a\u00e7\u0131kl\u0131klar\u0131 kapatmak i\u00e7in uygun \u0131zgara ekleri ve formikaryum tapalar\u0131 teslimat kapsam\u0131na dahildir. \u0130stenirse, \u00e7\u0131kar\u0131labilir \u00e7er\u00e7eve \u00fcste yerle\u015ftirilerek ve kenara kar\u0131nca ka\u00e7\u0131\u015f koruma ya\u011f\u0131 uygulanarak formikaryum a\u00e7\u0131k olarak da \u00e7al\u0131\u015ft\u0131r\u0131labilir.<\/p>\n<p><strong>\u00d6nemli:<\/strong> L\u00fctfen kullanmadan \u00f6nce alt tabakay\u0131 nemlendirin, b\u00f6ylece kar\u0131\u015f\u0131m kar\u0131nca \u00e7iftli\u011finde yap\u0131\u015fabilir ve sa\u011flam bir tutu\u015f geli\u015ftirebilir. Ayr\u0131ca, alt tabaka \u00e7ok kuru ve tozluysa, kar\u0131ncalar\u0131n solunum yollar\u0131 t\u0131kanabilir ve en k\u00f6t\u00fc durumda hayvanlar bo\u011fulabilir.<\/p>\n<p><strong>\u00d6neri: <\/strong>Hayvanlar\u0131n arenaya yuva yapamamalar\u0131 ve bunun yerine bu ama\u00e7la sa\u011flanan \u00e7iftli\u011fi kullanmalar\u0131 i\u00e7in 2 mm y\u00fcksekli\u011finde bir alt tabaka tabakas\u0131 \u00f6neriyoruz.<\/p>\n<p><strong>Cam \u00fcretimi \u00fczerine notlar<\/strong><br \/>\nCam, DIN 1249'a g\u00f6re +\/- 1 mm toleransla \u00f6l\u00e7\u00fcye g\u00f6re kesilir. \u00c7ok k\u00fc\u00e7\u00fck kar\u0131nca t\u00fcrleri i\u00e7in ek kopma korumas\u0131 gereklidir.<\/p>\n<p><strong>\u00c7iftlik hakk\u0131nda notlar<\/strong><br \/>\nYuva sadece kuru bir formikaryumda kullan\u0131lmal\u0131d\u0131r. Yuva s\u00fcrekli nemli tutulursa, malzeme k\u00fcflenebilir.<\/p>\n<p><strong>Hortumlar\u0131 takarken veya \u00e7\u0131kar\u0131rken l\u00fctfen a\u015fa\u011f\u0131dakilere dikkat edin:<\/strong><br \/>\nHortumun ba\u011flant\u0131 soketine oturtulmas\u0131 \u00e7ok zorsa, soket bir damla patlak koruma ya\u011f\u0131 veya tozuyla hafif\u00e7e ovulmal\u0131d\u0131r. Daha sonra hortum, yukar\u0131 ve a\u015fa\u011f\u0131 hareketlerle soketi zorlamadan b\u00fckme veya vidalama hareketleri kullan\u0131larak sokete itilmelidir. Ayn\u0131 durum hortumlar\u0131 \u00e7iftlik ba\u011flant\u0131 soketinden \u00e7\u0131kar\u0131rken de ge\u00e7erlidir. L\u00fctfen basit\u00e7e \u00e7ekip \u00e7\u0131karmay\u0131n!<\/p>\n<p><strong>Talimatlar:<\/strong><br \/>\n&#8211; <a href=\"https:\/\/www.antstore.net\/shop\/images\/info\/en\/Instructions%20for%20use%20-%20Starter%20Set%20Cork.pdf\" data-cke-saved-href=\"https:\/\/www.antstore.net\/shop\/images\/info\/en\/Instructions%20for%20use%20-%20Starter%20Set%20Cork.pdf\">TR Kullan\u0131m Talimatlar\u0131 - Ba\u015flang\u0131\u00e7 Seti Mantar\u0131 (PDF 3.79 MB)<\/a><br \/>\n&#8211; <a href=\"https:\/\/www.antstore.net\/shop\/images\/info\/es\/Manual%20de%20instrucciones%20-%20Set%20de%20inicio%20de%20corcho.pdf\" data-cke-saved-href=\"https:\/\/www.antstore.net\/shop\/images\/info\/es\/Manual%20de%20instrucciones%20-%20Set%20de%20inicio%20de%20corcho.pdf\">ES Manual de instrucciones - Set de inicio de corcho (PDF 3,79 MB)<\/a><br \/>\n&#8211; <a href=\"https:\/\/www.antstore.net\/shop\/images\/info\/fr\/Manuel%20d'instruction%20-%20Kit%20de%20d%C3%A9marrage%20en%20li%C3%A8ge.pdf\" data-cke-saved-href=\"https:\/\/www.antstore.net\/shop\/images\/info\/fr\/Manuel%20d'instruction%20-%20Kit%20de%20d%C3%A9marrage%20en%20li%C3%A8ge.pdf\">FR Manuel d'instruction - Kit de d\u00e9marrage en li\u00e8ge (PDF 3,79 MB)<\/a><\/p>\n<p><strong>Kriket Re\u00e7eli \u00dczerine Notlar:<\/strong><br \/>\nC\u0131rc\u0131r B\u00f6ce\u011fi Re\u00e7elimiz, canl\u0131 b\u00f6cek beslemek zorunda kalmadan kar\u0131ncalar\u0131n\u0131za taze korunmu\u015f proteinli g\u0131da sa\u011flaman\u0131n kolay bir yoludur. \u0130\u00e7erdi\u011fi c\u0131rc\u0131r b\u00f6cekleri (Acheta domesticus) besin de\u011ferlerinin, tat ve aroman\u0131n korunmas\u0131n\u0131 sa\u011flamak i\u00e7in nazik\u00e7e pi\u015firilmi\u015ftir. Ayr\u0131ca b\u00f6ceklerin kitinli kabu\u011fu da bu \u015fekilde yumu\u015fat\u0131larak daha kolay sindirilmesi sa\u011flanm\u0131\u015ft\u0131r. Kolajen proteinlerinin ba\u011flar\u0131 k\u0131r\u0131larak kar\u0131ncalar\u0131n bunlardan daha iyi faydalanmas\u0131 sa\u011flan\u0131r. Konserve Acheta domesticus canl\u0131 c\u0131rc\u0131r b\u00f6ce\u011fi ile ayn\u0131 besin de\u011ferine sahiptir, ancak sindirimi daha kolayd\u0131r.<\/p>\n<p>Cricket Jam, canl\u0131 yiyecek gerektiren kar\u0131nca t\u00fcrlerini avlamak i\u00e7in uygun de\u011fildir (\u00f6rne\u011fin Harpegnathos veya Odontomachus gibi ponerinler (b\u00fcy\u00fck kar\u0131ncalar))<\/p>\n<p><strong>Daha fazla avantaj:<\/strong><br \/>\nAkar i\u00e7ermeme garantisi<br \/>\nPorsiyonlanabilir ve su ile seyreltilebilir<br \/>\nSterilize edilmi\u015f ve vakumlu paketlenmi\u015f<br \/>\nKatk\u0131 maddesi olmadan<br \/>\nOrganik at\u0131klarla beslenen, s\u00fcrd\u00fcr\u00fclebilir, tamamen organik yeti\u015ftiricilikten elde edilen c\u0131rc\u0131r b\u00f6cekleri<\/p>\n<p><strong>Not:<\/strong><br \/>\nA\u00e7\u0131ld\u0131ktan sonra yakla\u015f\u0131k d\u00f6rt g\u00fcn buzdolab\u0131nda saklanabilir. Dondurulursa daha uzun raf \u00f6mr\u00fc.<br \/>\nDikkat: \u00d6nce porsiyonlay\u0131n, sonra dondurun.<\/p>\n<p><strong>Honeydew hakk\u0131nda not:<\/strong><br \/>\n\u0130\u00e7erik 10 ml<br \/>\nBu, laboratuvar\u0131m\u0131zda kapsaml\u0131 testlerden sonra rafine etti\u011fimiz ve kar\u0131ncalar taraf\u0131ndan \u00e7ok iyi kabul edilen bir g\u0131da haline getirdi\u011fimiz do\u011fal bir \u00fcr\u00fcnd\u00fcr. Bunun nedeni, i\u015flenmemi\u015f bal \u00f6z\u00fcn\u00fcn konsantre orijinal haliyle kar\u0131ncalar ve metabolizmalar\u0131 taraf\u0131ndan iyi kabul edilmemesidir.<br \/>\nBal \u00f6z\u00fcm\u00fcz Bulgaristan'\u0131n kirlenmemi\u015f vah\u015fi da\u011f ormanlar\u0131ndan toplanm\u0131\u015ft\u0131r. Bal \u00f6z\u00fc sadece yaz aylar\u0131nda yakla\u015f\u0131k iki ay gibi \u00e7ok s\u0131n\u0131rl\u0131 bir s\u00fcre i\u00e7in \u00fcretilir. Bu nedenle \u00e7ok nadir bulunur. Ormanlar\u0131n kendine \u00f6zg\u00fc toprak \u00f6zellikleri ve iklim nedeniyle, temel besinler a\u011fa\u00e7lar\u0131n yapraklar\u0131nda depolan\u0131r ve bunlar yaprak bitleri taraf\u0131ndan emilir. Bu bal \u00f6z\u00fc kar\u0131\u015f\u0131m\u0131n\u0131 kar\u0131ncalar i\u00e7in bu kadar cazip k\u0131lan da budur.<\/p>\n<p><strong>Uygulama:<\/strong><br \/>\nG\u0131da miktar\u0131 yakla\u015f\u0131k 3 g\u00fcn i\u00e7inde t\u00fcketilmelidir.<\/p>\n<p><strong>A\u00e7\u0131klama:<\/strong><br \/>\nBal \u00f6z\u00fc, \u00e7i\u00e7ek bal\u0131ndan farkl\u0131 olarak yaprak bitleri gibi bitkileri emen b\u00f6ceklerin salg\u0131lar\u0131ndan elde edilir. Bal \u00f6z\u00fc, kar\u0131ncalar, ar\u0131lar ve bombus ar\u0131lar\u0131 gibi bir\u00e7ok b\u00f6cek i\u00e7in pop\u00fcler bir besin kayna\u011f\u0131d\u0131r. Ar\u0131lar ve yaban ar\u0131lar\u0131 \u00e7e\u015fitli a\u011fa\u00e7lar\u0131n yapraklar\u0131ndan ya da i\u011fnelerinden bal \u00f6z\u00fcn\u00fc yalarlar. Lasius niger gibi kar\u0131ncalar yaprak bitlerini tam anlam\u0131yla tutar. Hatta onlar\u0131 y\u0131rt\u0131c\u0131lara kar\u015f\u0131 savunur ve taze filizlere ta\u015f\u0131rlar.<\/p>\n<p>Bal \u00f6z\u00fc, biraz farkl\u0131 bile\u015fenleri nedeniyle kar\u0131ncalar aras\u0131nda \u00f6zellikle pop\u00fclerdir. Bal \u00f6z\u00fcndeki ana \u015fekerler sakaroz ve fruktozdur, ancak daha az miktarda maltoz, trehaloz, melezitoz, rafinoz ve di\u011fer oligosakkaritler de bulunur. \u015eeker ve suya ek olarak, bal \u00f6z\u00fc ayr\u0131ca temel amino asitler, mineraller, eser elementler, adenozinler, fosfatlar ve vitaminler gibi di\u011fer bile\u015fenleri de i\u00e7erir.<\/p>\n<p><strong>Kullan:<\/strong><br \/>\nBal yiyen kar\u0131nca t\u00fcrleri (Meliphagidae) i\u00e7in<br \/>\nBu bir ek yemdir<br \/>\nHayvanlara tedarik edildi\u011fi \u015fekilde sunulabilir. \u015eeker konsantrasyonu nem nedeniyle azald\u0131\u011f\u0131ndan ve bir fermantasyon s\u00fcreci ba\u015flad\u0131\u011f\u0131ndan, mama her 3 g\u00fcnde bir de\u011fi\u015ftirilmelidir. Tekrar kullanmadan \u00f6nce besleme kab\u0131n\u0131\/t\u00fcp\u00fcn\u00fc iyice temizleyin.<br \/>\nPaket a\u00e7\u0131ld\u0131ktan sonra son kullanma tarihine kadar s\u0131k\u0131ca kapal\u0131 tutulmal\u0131d\u0131r.<\/p>\n<p><strong>Beslenme bilgileri 100 g ba\u015f\u0131na:<\/strong><br \/>\nyakla\u015f\u0131k 2,7 % ya\u011f<br \/>\nbunun yakla\u015f\u0131k 0,45 %'si doymu\u015ftur.<br \/>\nyakla\u015f\u0131k 95 % karbonhidrat<br \/>\nbunun yakla\u015f\u0131k 'i \u015feker<br \/>\nyakla\u015f\u0131k 2.85% protein<br \/>\nMineraller (potasyum, kalsiyum, bak\u0131r, demir, sodyum, magnezyum, fosfor, \u00e7inko ve di\u011fer eser elementler) Amino asitler (prolin, l\u00f6sin, fenilalanin, alanin, histidin, izol\u00f6sin, glutamik asit, arginin, aspartik asit vb.) Organik asitler Enzimler (fermentler) Aromalar \u0130nhibinler (antibakteriyel maddeler) \u00c7i\u00e7ekler Polen<\/p>\n<p><strong>Depolama:<\/strong><br \/>\nYemin kalitesinden emin olmak i\u00e7in yem karanl\u0131k ve kuru bir yerde saklanmal\u0131d\u0131r.<\/p>\n<p><strong>Not:<\/strong><br \/>\nBal yiyen kar\u0131ncalar i\u00e7in ek yem.<br \/>\nBile\u015fim, analitik bile\u015fenler, son kullanma tarihi ve parti numaras\u0131 i\u00e7in l\u00fctfen prospekt\u00fcse bak\u0131n\u0131z.<\/p>\n<p>Bilgi hatt\u0131 +49 30 439703870<\/p>\n<p><strong>Sorumlu veterinerlik ve g\u0131da m\u00fcfetti\u015fli\u011fi:<\/strong><br \/>\nSteglitz Veterinerlik Ofisi<br \/>\nK\u00f6nigin-Luise-Str. 92<br \/>\n14195 Berlin<\/p>","protected":false},"excerpt":{"rendered":"<p>Set 33 par\u00e7adan olu\u015fmaktad\u0131r<br \/>\nBoyut: L<\/p>","protected":false},"featured_media":11858,"comment_status":"open","ping_status":"closed","template":"","meta":{"_acf_changed":false,"content-type":"","_monsterinsights_skip_tracking":false,"_monsterinsights_sitenote_active":false,"_monsterinsights_sitenote_note":"","_monsterinsights_sitenote_category":0},"product_brand":[484],"product_cat":[355,73],"product_tag":[],"class_list":{"0":"post-11857","1":"product","2":"type-product","3":"status-publish","4":"has-post-thumbnail","6":"product_brand-antcube","7":"product_cat-bundle-offers","8":"product_cat-starter-sets","10":"first","11":"instock","12":"taxable","13":"shipping-taxable","14":"purchasable","15":"product-type-simple"},"acf":[],"aioseo_notices":[],"jetpack_sharing_enabled":true,"_links":{"self":[{"href":"https:\/\/antcube.shop\/tr\/wp-json\/wp\/v2\/product\/11857","targetHints":{"allow":["GET"]}}],"collection":[{"href":"https:\/\/antcube.shop\/tr\/wp-json\/wp\/v2\/product"}],"about":[{"href":"https:\/\/antcube.shop\/tr\/wp-json\/wp\/v2\/types\/product"}],"replies":[{"embeddable":true,"href":"https:\/\/antcube.shop\/tr\/wp-json\/wp\/v2\/comments?post=11857"}],"wp:featuredmedia":[{"embeddable":true,"href":"https:\/\/antcube.shop\/tr\/wp-json\/wp\/v2\/media\/11858"}],"wp:attachment":[{"href":"https:\/\/antcube.shop\/tr\/wp-json\/wp\/v2\/media?parent=11857"}],"wp:term":[{"taxonomy":"product_brand","embeddable":true,"href":"https:\/\/antcube.shop\/tr\/wp-json\/wp\/v2\/product_brand?post=11857"},{"taxonomy":"product_cat","embeddable":true,"href":"https:\/\/antcube.shop\/tr\/wp-json\/wp\/v2\/product_cat?post=11857"},{"taxonomy":"product_tag","embeddable":true,"href":"https:\/\/antcube.shop\/tr\/wp-json\/wp\/v2\/product_tag?post=11857"}],"curies":[{"name":"wp","href":"https:\/\/api.w.org\/{rel}","templated":true}]}}