{"id":11505,"date":"2025-04-25T15:17:18","date_gmt":"2025-04-25T13:17:18","guid":{"rendered":"https:\/\/antcube.shop\/en\/product\/poster-die-rote-waldameise-formica-rufa-lebensweise-100x70\/"},"modified":"2026-01-12T12:41:40","modified_gmt":"2026-01-12T11:41:40","slug":"poster-kirmizi-tahta-karinca-formica-rufa-yasam-bicimi-100x70","status":"publish","type":"product","link":"https:\/\/antcube.shop\/tr\/urun\/poster-kirmizi-tahta-karinca-formica-rufa-yasam-bicimi-100x70\/","title":{"rendered":"Poster - K\u0131rm\u0131z\u0131 a\u011fa\u00e7 kar\u0131ncas\u0131 - Formica rufa ya\u015fam bi\u00e7imi - 100\u00d770"},"content":{"rendered":"<p>K\u0131rm\u0131z\u0131 a\u011fa\u00e7 kar\u0131ncas\u0131 - Formica rufa ya\u015fam bi\u00e7imi - Kar\u0131nca Poster ve okullar \/ anaokullar\u0131 i\u00e7in \u00f6\u011fretim yard\u0131m\u0131.<\/p>\n<p><strong>A\u00e7\u0131klama Almanca, \u0130ngilizce, \u0130spanyolca ve Frans\u0131zca dillerinde mevcuttur<\/strong><\/p>\n<p><strong>Boyutlar:<\/strong> 100\u00d770 cm<\/p>\n<p><strong>Malzeme:<\/strong> Lateks ka\u011f\u0131t<br \/>\nBu ka\u011f\u0131t su ge\u00e7irmez, silinebilir, dayan\u0131kl\u0131d\u0131r, \u00e7evreye zararl\u0131 solventler i\u00e7ermedi\u011finden \u00e7evre dostudur ve parlak bir bask\u0131 kalitesi \u00fcretir.<\/p>\n<p><strong>A\u00e7\u0131klama:<\/strong> Bu poster, kuzey ve orta Avrupa'n\u0131n t\u00fcmsek in\u015fa eden k\u0131rm\u0131z\u0131 a\u011fa\u00e7 kar\u0131ncas\u0131 Formica rufa'n\u0131n ya\u015fam bi\u00e7imi ve yuva yap\u0131m\u0131 hakk\u0131nda genel bir bak\u0131\u015f sunmaktad\u0131r. Bu t\u00fcr koruma alt\u0131nda olan bir t\u00fcrd\u00fcr.<\/p>\n<p><strong>\u00d6nemli - ek bilgi:<\/strong> <a href=\"https:\/\/www.ants.de\/link\/1001\">\u0130\u015fte<\/a> posterde her bir sahnenin ayr\u0131nt\u0131l\u0131 bir a\u00e7\u0131klamas\u0131n\u0131 bulacaks\u0131n\u0131z. Bunlar posterle birlikte verilmemi\u015ftir, ancak a\u015fa\u011f\u0131daki ba\u011flant\u0131dan ayr\u0131 olarak eri\u015filebilir ve yazd\u0131r\u0131labilir. https:\/\/www.ants.de\/link\/1001<\/p>","protected":false},"excerpt":{"rendered":"<p>K\u0131rm\u0131z\u0131 a\u011fa\u00e7 kar\u0131ncas\u0131 - Formica rufa ya\u015fam bi\u00e7imi - Kar\u0131nca Poster ve okullar \/ anaokullar\u0131 i\u00e7in \u00f6\u011fretim yard\u0131m\u0131. A\u00e7\u0131klama Almanca, \u0130ngilizce, \u0130spanyolca ve Frans\u0131zca olarak mevcuttur Boyutlar: 70x50 cm Malzeme: Lateks ka\u011f\u0131t Bu ka\u011f\u0131t su ge\u00e7irmez, silinebilir, dayan\u0131kl\u0131d\u0131r, \u00e7evreye zararl\u0131 \u00e7\u00f6z\u00fcc\u00fcler i\u00e7ermedi\u011fi i\u00e7in \u00e7evre dostudur ve parlak bir bask\u0131 kalitesi \u00fcretir. A\u00e7\u0131klama","protected":false},"featured_media":11399,"comment_status":"open","ping_status":"closed","template":"","meta":{"_acf_changed":false,"content-type":"","_monsterinsights_skip_tracking":false,"_monsterinsights_sitenote_active":false,"_monsterinsights_sitenote_note":"","_monsterinsights_sitenote_category":0},"product_brand":[484],"product_cat":[500],"product_tag":[],"class_list":{"0":"post-11505","1":"product","2":"type-product","3":"status-publish","4":"has-post-thumbnail","6":"product_brand-antcube","7":"product_cat-ant-posters-and-teaching-aids","9":"first","10":"instock","11":"taxable","12":"shipping-taxable","13":"purchasable","14":"product-type-simple"},"acf":[],"aioseo_notices":[],"jetpack_sharing_enabled":true,"_links":{"self":[{"href":"https:\/\/antcube.shop\/tr\/wp-json\/wp\/v2\/product\/11505","targetHints":{"allow":["GET"]}}],"collection":[{"href":"https:\/\/antcube.shop\/tr\/wp-json\/wp\/v2\/product"}],"about":[{"href":"https:\/\/antcube.shop\/tr\/wp-json\/wp\/v2\/types\/product"}],"replies":[{"embeddable":true,"href":"https:\/\/antcube.shop\/tr\/wp-json\/wp\/v2\/comments?post=11505"}],"wp:featuredmedia":[{"embeddable":true,"href":"https:\/\/antcube.shop\/tr\/wp-json\/wp\/v2\/media\/11399"}],"wp:attachment":[{"href":"https:\/\/antcube.shop\/tr\/wp-json\/wp\/v2\/media?parent=11505"}],"wp:term":[{"taxonomy":"product_brand","embeddable":true,"href":"https:\/\/antcube.shop\/tr\/wp-json\/wp\/v2\/product_brand?post=11505"},{"taxonomy":"product_cat","embeddable":true,"href":"https:\/\/antcube.shop\/tr\/wp-json\/wp\/v2\/product_cat?post=11505"},{"taxonomy":"product_tag","embeddable":true,"href":"https:\/\/antcube.shop\/tr\/wp-json\/wp\/v2\/product_tag?post=11505"}],"curies":[{"name":"wp","href":"https:\/\/api.w.org\/{rel}","templated":true}]}}