{"id":11413,"date":"2025-04-11T16:43:25","date_gmt":"2025-04-11T14:43:25","guid":{"rendered":"https:\/\/antcube.shop\/en\/product\/light-strip-pro-40cm\/"},"modified":"2026-03-27T13:58:51","modified_gmt":"2026-03-27T12:58:51","slug":"isik-seridi-pro-40cm","status":"publish","type":"product","link":"https:\/\/antcube.shop\/tr\/urun\/isik-seridi-pro-40cm\/","title":{"rendered":"I\u015f\u0131k \u015eeridi Pro 40cm"},"content":{"rendered":"<p><strong>\u0130\u00e7erik:<\/strong><br \/>\n1x I\u015f\u0131k \u015eeridi LED Pro<br \/>\nVida dahil tavan montaj\u0131 i\u00e7in 1x braket<br \/>\n1x anahtarl\u0131 elektrik fi\u015fi<\/p>\n<p><strong>Teknik veriler:<\/strong><br \/>\nBoyutlar: 400x124x42 mm<br \/>\nAyd\u0131nlatma: LED<br \/>\nG\u00fc\u00e7 t\u00fcketimi: 16 W<br \/>\nI\u015f\u0131k ak\u0131s\u0131: 2200 lm (140 lm\/W)<br \/>\nI\u015f\u0131k rengi: 6000K<br \/>\nHizmet \u00f6mr\u00fc: ~ 25.000 saat<br \/>\nKablo uzunlu\u011fu: 145 cm<\/p>\n<p><strong>Malzeme:<\/strong> plastik<\/p>\n<p><strong>Renk:<\/strong> siyah<\/p>\n<p><strong>A\u00e7\u0131klama:<\/strong><br \/>\n60x30x60 \u00f6l\u00e7\u00fclerindeki formikaryumlar, vivaryumlar ve teraryumlar i\u00e7in LED ayd\u0131nlatma.<br \/>\nIP65'e kadar su s\u0131\u00e7ramas\u0131na kar\u015f\u0131 korumal\u0131 olan I\u015f\u0131k \u015eeritleri tropikal teraryumlar i\u00e7in m\u00fckemmeldir. D\u00fc\u015f\u00fck \u0131s\u0131 geli\u015fimi nedeniyle, I\u015f\u0131k \u015eeridi lambalar\u0131 daha d\u00fc\u015f\u00fck \u0131s\u0131 gereksinimi olan t\u00fcrler i\u00e7in de \u00e7ok uygundur.<\/p>","protected":false},"excerpt":{"rendered":"<p><span style=\"font-weight: 400;\">G\u00fc\u00e7 t\u00fcketimi: 16 W<\/span><\/p>","protected":false},"featured_media":11368,"comment_status":"open","ping_status":"closed","template":"","meta":{"_acf_changed":false,"content-type":"","_monsterinsights_skip_tracking":false,"_monsterinsights_sitenote_active":false,"_monsterinsights_sitenote_note":"","_monsterinsights_sitenote_category":0},"product_brand":[],"product_cat":[359,257,119],"product_tag":[],"class_list":{"0":"post-11413","1":"product","2":"type-product","3":"status-publish","4":"has-post-thumbnail","6":"product_cat-light-heat-humidity","7":"product_cat-new-innovatve-products","8":"product_cat-formicarium-components","10":"first","11":"instock","12":"taxable","13":"shipping-taxable","14":"purchasable","15":"product-type-simple"},"acf":[],"aioseo_notices":[],"jetpack_sharing_enabled":true,"_links":{"self":[{"href":"https:\/\/antcube.shop\/tr\/wp-json\/wp\/v2\/product\/11413","targetHints":{"allow":["GET"]}}],"collection":[{"href":"https:\/\/antcube.shop\/tr\/wp-json\/wp\/v2\/product"}],"about":[{"href":"https:\/\/antcube.shop\/tr\/wp-json\/wp\/v2\/types\/product"}],"replies":[{"embeddable":true,"href":"https:\/\/antcube.shop\/tr\/wp-json\/wp\/v2\/comments?post=11413"}],"wp:featuredmedia":[{"embeddable":true,"href":"https:\/\/antcube.shop\/tr\/wp-json\/wp\/v2\/media\/11368"}],"wp:attachment":[{"href":"https:\/\/antcube.shop\/tr\/wp-json\/wp\/v2\/media?parent=11413"}],"wp:term":[{"taxonomy":"product_brand","embeddable":true,"href":"https:\/\/antcube.shop\/tr\/wp-json\/wp\/v2\/product_brand?post=11413"},{"taxonomy":"product_cat","embeddable":true,"href":"https:\/\/antcube.shop\/tr\/wp-json\/wp\/v2\/product_cat?post=11413"},{"taxonomy":"product_tag","embeddable":true,"href":"https:\/\/antcube.shop\/tr\/wp-json\/wp\/v2\/product_tag?post=11413"}],"curies":[{"name":"wp","href":"https:\/\/api.w.org\/{rel}","templated":true}]}}