{"id":11411,"date":"2025-04-11T16:41:28","date_gmt":"2025-04-11T14:41:28","guid":{"rendered":"https:\/\/antcube.shop\/en\/product\/light-strip-20-erweiterung\/"},"modified":"2026-03-16T10:38:25","modified_gmt":"2026-03-16T09:38:25","slug":"isik-seridi-20-uzatma","status":"publish","type":"product","link":"https:\/\/antcube.shop\/tr\/urun\/isik-seridi-20-uzatma\/","title":{"rendered":"I\u015f\u0131k \u015eeridi 20 uzatma"},"content":{"rendered":"<p><strong>\u0130\u00e7erik:<\/strong><br \/>\n1x I\u015f\u0131k \u015eeridi LED mini 14cm<br \/>\nVida dahil tavan montaj\u0131 i\u00e7in 1x braket<br \/>\n1x ba\u011flant\u0131 kablosu<br \/>\n1x ba\u011flant\u0131 fi\u015fi<\/p>\n<p><strong>Teknik veriler:<\/strong><br \/>\nBoyutlar: 140x60x9mm<br \/>\nAyd\u0131nlatma: LED<br \/>\nG\u00fc\u00e7 t\u00fcketimi: 2W<br \/>\nI\u015f\u0131k ak\u0131s\u0131: 210 lm (105 lm\/W)<br \/>\nI\u015f\u0131k rengi: 3000K \/ 4000K \/ 6500K<br \/>\nHizmet \u00f6mr\u00fc: ~ 25.000 saat<br \/>\nKablo uzunlu\u011fu: 30cm<br \/>\nK\u0131s\u0131labilir<\/p>\n<p><strong>Malzeme:<\/strong> Plastik<\/p>\n<p><strong>Renk:<\/strong> beyaz<\/p>\n<p><strong>A\u00e7\u0131klama:<\/strong><br \/>\nT\u00fcm kar\u0131nca t\u00fcrleri i\u00e7in idealdir. Formikaryumun iyi ayd\u0131nlat\u0131lmas\u0131 ile g\u00fcn \u0131\u015f\u0131\u011f\u0131na benzer spektrum. \u0130stenmeyen \u0131s\u0131 emisyonu yoktur, son derece enerji tasarrufu sa\u011flar.<br \/>\nBu LED lamba, 20x20x20, 20x20x10 ve 20x10x10 boyutlar\u0131ndaki formicaria ve vivaria i\u00e7in uygundur. Basit\u00e7e kapa\u011f\u0131n \u00fczerine yerle\u015ftirilebilir. Parlakl\u0131k 10 kademede k\u0131s\u0131labilir ve \"so\u011fuk beyaz \"dan \"do\u011fal \"a ve \"s\u0131cak\" \u0131\u015f\u0131\u011fa kadar 3 farkl\u0131 \u0131\u015f\u0131k rengi ayarlanabilir. Geni\u015fli\u011fi 40 cm olan formikarya i\u00e7in iki lamba birbirine tak\u0131labilir. Y\u00fckseklik 30 cm'den fazla oldu\u011funda, tabana sadece az bir \u0131\u015f\u0131k ula\u015f\u0131r.<\/p>\n<p><strong>\u00d6nemli:<\/strong> G\u00fc\u00e7 kayna\u011f\u0131 olmadan! Sadece I\u015f\u0131k \u015eeridi 20 (1005742) veya 30 (1005742) ile birlikte \u00e7al\u0131\u015f\u0131r.<br \/>\n\u00d6rne\u011fin, 6 lamba 20 (12 watt'a kadar) bir g\u00fc\u00e7 kayna\u011f\u0131 \u00fcnitesine seri olarak ba\u011flanabilir.<\/p>","protected":false},"excerpt":{"rendered":"<p><span style=\"font-weight: 400;\">G\u00fc\u00e7 t\u00fcketimi: 2W<\/span><\/p>","protected":false},"featured_media":11377,"comment_status":"open","ping_status":"closed","template":"","meta":{"_acf_changed":false,"content-type":"","_monsterinsights_skip_tracking":false,"_monsterinsights_sitenote_active":false,"_monsterinsights_sitenote_note":"","_monsterinsights_sitenote_category":0},"product_brand":[],"product_cat":[359,257,119],"product_tag":[],"class_list":{"0":"post-11411","1":"product","2":"type-product","3":"status-publish","4":"has-post-thumbnail","6":"product_cat-light-heat-humidity","7":"product_cat-new-innovatve-products","8":"product_cat-formicarium-components","10":"first","11":"instock","12":"taxable","13":"shipping-taxable","14":"purchasable","15":"product-type-simple"},"acf":[],"aioseo_notices":[],"jetpack_sharing_enabled":true,"_links":{"self":[{"href":"https:\/\/antcube.shop\/tr\/wp-json\/wp\/v2\/product\/11411","targetHints":{"allow":["GET"]}}],"collection":[{"href":"https:\/\/antcube.shop\/tr\/wp-json\/wp\/v2\/product"}],"about":[{"href":"https:\/\/antcube.shop\/tr\/wp-json\/wp\/v2\/types\/product"}],"replies":[{"embeddable":true,"href":"https:\/\/antcube.shop\/tr\/wp-json\/wp\/v2\/comments?post=11411"}],"wp:featuredmedia":[{"embeddable":true,"href":"https:\/\/antcube.shop\/tr\/wp-json\/wp\/v2\/media\/11377"}],"wp:attachment":[{"href":"https:\/\/antcube.shop\/tr\/wp-json\/wp\/v2\/media?parent=11411"}],"wp:term":[{"taxonomy":"product_brand","embeddable":true,"href":"https:\/\/antcube.shop\/tr\/wp-json\/wp\/v2\/product_brand?post=11411"},{"taxonomy":"product_cat","embeddable":true,"href":"https:\/\/antcube.shop\/tr\/wp-json\/wp\/v2\/product_cat?post=11411"},{"taxonomy":"product_tag","embeddable":true,"href":"https:\/\/antcube.shop\/tr\/wp-json\/wp\/v2\/product_tag?post=11411"}],"curies":[{"name":"wp","href":"https:\/\/api.w.org\/{rel}","templated":true}]}}