{"id":11410,"date":"2025-04-11T16:40:32","date_gmt":"2025-04-11T14:40:32","guid":{"rendered":"https:\/\/antcube.shop\/en\/product\/light-strip-30\/"},"modified":"2026-02-26T10:38:57","modified_gmt":"2026-02-26T09:38:57","slug":"isik-seridi-30","status":"publish","type":"product","link":"https:\/\/antcube.shop\/tr\/urun\/isik-seridi-30\/","title":{"rendered":"I\u015f\u0131k \u015eeridi 30"},"content":{"rendered":"<p><strong>\u0130\u00e7indekiler:<\/strong><br \/>\n1x I\u015f\u0131k \u015eeridi LED mini 28cm<br \/>\nVida dahil tavan montaj\u0131 i\u00e7in 1x braket<br \/>\n1x anahtarl\u0131 elektrik fi\u015fi<\/p>\n<p><strong>Teknik veriler:<\/strong><br \/>\nBoyutlar: 280x60x9mm<br \/>\nAyd\u0131nlatma: LED<br \/>\nG\u00fc\u00e7 t\u00fcketimi: 4W<br \/>\nI\u015f\u0131k ak\u0131s\u0131: 490 lm (123 lm\/W)<br \/>\nI\u015f\u0131k rengi: 3000K \/ 4000K \/ 6500K<br \/>\nHizmet \u00f6mr\u00fc: ~ 25.000 saat<br \/>\nKablo uzunlu\u011fu: 156 cm<br \/>\nK\u0131s\u0131labilir<\/p>\n<p><strong>Malzeme:<\/strong> Plastik<\/p>\n<p><strong>Renk:<\/strong> beyaz<\/p>\n<p><strong>A\u00e7\u0131klama:<\/strong><br \/>\nT\u00fcm kar\u0131nca t\u00fcrleri i\u00e7in idealdir. Formikaryumun iyi ayd\u0131nlat\u0131lmas\u0131 ile g\u00fcn \u0131\u015f\u0131\u011f\u0131na benzer spektrum. \u0130stenmeyen \u0131s\u0131 emisyonu yoktur, son derece enerji tasarrufu sa\u011flar.<br \/>\nBu LED lamba, 20x20x20, 20x20x10 ve 20x10x10 boyutlar\u0131ndaki formicaria ve vivaria i\u00e7in uygundur. Basit\u00e7e kapa\u011f\u0131n \u00fczerine yerle\u015ftirilebilir. Parlakl\u0131k 10 seviyede k\u0131s\u0131labilir ve \"so\u011fuk beyaz \"dan \"do\u011fal \"a ve \"s\u0131cak\" \u0131\u015f\u0131\u011fa kadar 3 farkl\u0131 \u0131\u015f\u0131k rengi ayarlanabilir. Formikarya i\u00e7in 40 cm geni\u015fli\u011finde bir uzatma sipari\u015f edilebilir. Bu, makalenin ilerleyen k\u0131s\u0131mlar\u0131nda yer almaktad\u0131r. 30cm'den daha y\u00fcksek bir y\u00fckseklikten a\u015fa\u011f\u0131ya sadece biraz \u0131\u015f\u0131k ula\u015f\u0131r.<\/p>","protected":false},"excerpt":{"rendered":"<p><span style=\"font-weight: 400;\">G\u00fc\u00e7 t\u00fcketimi: 4W<\/span><\/p>","protected":false},"featured_media":11376,"comment_status":"open","ping_status":"closed","template":"","meta":{"_acf_changed":false,"content-type":"","_monsterinsights_skip_tracking":false,"_monsterinsights_sitenote_active":false,"_monsterinsights_sitenote_note":"","_monsterinsights_sitenote_category":0},"product_brand":[],"product_cat":[359,257,119],"product_tag":[],"class_list":{"0":"post-11410","1":"product","2":"type-product","3":"status-publish","4":"has-post-thumbnail","6":"product_cat-light-heat-humidity","7":"product_cat-new-innovatve-products","8":"product_cat-formicarium-components","10":"first","11":"outofstock","12":"taxable","13":"shipping-taxable","14":"purchasable","15":"product-type-simple"},"acf":[],"aioseo_notices":[],"jetpack_sharing_enabled":true,"_links":{"self":[{"href":"https:\/\/antcube.shop\/tr\/wp-json\/wp\/v2\/product\/11410","targetHints":{"allow":["GET"]}}],"collection":[{"href":"https:\/\/antcube.shop\/tr\/wp-json\/wp\/v2\/product"}],"about":[{"href":"https:\/\/antcube.shop\/tr\/wp-json\/wp\/v2\/types\/product"}],"replies":[{"embeddable":true,"href":"https:\/\/antcube.shop\/tr\/wp-json\/wp\/v2\/comments?post=11410"}],"wp:featuredmedia":[{"embeddable":true,"href":"https:\/\/antcube.shop\/tr\/wp-json\/wp\/v2\/media\/11376"}],"wp:attachment":[{"href":"https:\/\/antcube.shop\/tr\/wp-json\/wp\/v2\/media?parent=11410"}],"wp:term":[{"taxonomy":"product_brand","embeddable":true,"href":"https:\/\/antcube.shop\/tr\/wp-json\/wp\/v2\/product_brand?post=11410"},{"taxonomy":"product_cat","embeddable":true,"href":"https:\/\/antcube.shop\/tr\/wp-json\/wp\/v2\/product_cat?post=11410"},{"taxonomy":"product_tag","embeddable":true,"href":"https:\/\/antcube.shop\/tr\/wp-json\/wp\/v2\/product_tag?post=11410"}],"curies":[{"name":"wp","href":"https:\/\/api.w.org\/{rel}","templated":true}]}}