{"id":11407,"date":"2025-04-11T16:38:16","date_gmt":"2025-04-11T14:38:16","guid":{"rendered":"https:\/\/antcube.shop\/en\/product\/terracube-60x30x60-terrarium-mit-schiebetur\/"},"modified":"2026-04-02T12:12:14","modified_gmt":"2026-04-02T10:12:14","slug":"terracube-60x30x60-surgulu-kapili-teraryum","status":"publish","type":"product","link":"https:\/\/antcube.shop\/tr\/urun\/terracube-60x30x60-surgulu-kapili-teraryum\/","title":{"rendered":"TERRACUBE 60x30x60 S\u00fcrg\u00fcl\u00fc kap\u0131l\u0131 teraryum"},"content":{"rendered":"<p><strong>TERRACUBE Teraryum 60x30x60, s\u00fcrg\u00fcl\u00fc kap\u0131l\u0131 ve 2x 50mm a\u00e7\u0131kl\u0131kl\u0131.<\/strong><\/p>\n<p><strong>Boyutlar:<\/strong> 600 x 300 x 600 mm; 4mm cam kal\u0131nl\u0131\u011f\u0131<br \/>\n<strong>Malzeme:<\/strong> d\u00fcz cam<br \/>\n<strong>Ba\u011flant\u0131:<\/strong> 2x 50 mm delik (2x yanda)<\/p>\n<p><strong>\u00d6n a\u00e7\u0131kl\u0131k (s\u00fcrg\u00fcl\u00fc kap\u0131):<\/strong> 300\u00d7300 mm<br \/>\n\u00c7ubuk y\u00fcksekli\u011fi: 12,5 cm<br \/>\n\u00c7ubuk geni\u015fli\u011fi: 4 cm<\/p>\n<p><strong>A\u00e7\u0131klama:<\/strong><br \/>\n<strong>TERRACUBE - Ak\u0131ll\u0131 detaylara sahip, tamamen \u015feffaf, mod\u00fcler teraryum sistemi<\/strong><br \/>\nTERRACUBE teraryumlar\u0131 maksimum \u015feffafl\u0131k (360\u00b0) ve zarif, net bir tasar\u0131m sunar. T\u00fcm kenarlar hassas bir \u015fekilde yap\u0131\u015ft\u0131r\u0131lm\u0131\u015ft\u0131r, b\u00f6ylece rahats\u0131z edici silikon diki\u015fleri g\u00f6r\u00fcnmez. Kullan\u0131lan silikon da tamamen \u015feffaft\u0131r - i\u00e7 mekan\u0131n her y\u00f6nden bulan\u0131k olmayan bir g\u00f6r\u00fcn\u00fcm\u00fc i\u00e7in.<\/p>\n<p><strong>Geli\u015fmi\u015f havaland\u0131rma ve teknik eri\u015fim noktalar\u0131<\/strong><br \/>\n<strong>\u0130ki yan delik (her biri \u00d8 50 mm) esnek kullan\u0131m se\u00e7enekleri sunar:<\/strong><br \/>\nBunlar ek havaland\u0131rma i\u00e7in kullan\u0131labilece\u011fi gibi termo\/higrometreler, sisleyiciler, \u0131s\u0131tma ta\u015flar\u0131 ve \u00e7ok daha fazlas\u0131 gibi teknolojilere eri\u015fim i\u00e7in de kullan\u0131labilir.<\/p>\n<p>Kapak ayr\u0131 olarak sat\u0131l\u0131r ve farkl\u0131 versiyonlar\u0131 mevcuttur - ya\u015fam alan\u0131na ba\u011fl\u0131 olarak farkl\u0131 havaland\u0131rma alanlar\u0131 ve ek havaland\u0131rma i\u00e7in delikler veya ya\u011fmur sistemleri veya fanlar gibi teknik aksesuarlar.<\/p>\n<p><strong>G\u00fcvenli \u0131zgara - k\u00fc\u00e7\u00fck hayvanlar i\u00e7in de uygundur<\/strong><br \/>\n\u00c7ubuk \u00fczerindeki ince \u00f6rg\u00fcl\u00fc paslanmaz \u00e7elik havaland\u0131rma \u0131zgaras\u0131 o kadar s\u0131k\u0131d\u0131r ki meyve sinekleri (Drosophila) veya kar\u0131ncalar gibi k\u00fc\u00e7\u00fck t\u00fcrler bile ka\u00e7amaz. Sa\u011flam bir delikli al\u00fcminyum plaka taraf\u0131ndan desteklenmektedir. Bu, konsepti korozyonsuz (az bak\u0131m gerektiren ve dayan\u0131kl\u0131) ve daha b\u00fcy\u00fck s\u00fcr\u00fcngenlerin mekanik etkilerine kar\u015f\u0131 bile stabil hale getirir.<\/p>\n<p><strong>S\u00fcrg\u00fcl\u00fc kap\u0131 - pratik ve neredeyse g\u00f6r\u00fcnmez<\/strong><br \/>\nPratik s\u00fcrg\u00fcl\u00fc kap\u0131, ayn\u0131 \u015fekilde tamamen \u015feffaf bir braket \u00fczerinde \u015feffaf bir kolla donat\u0131lm\u0131\u015ft\u0131r. Bu da oda\u011f\u0131n her zaman sevgiyle tasarlanm\u0131\u015f i\u00e7 mekanda veya i\u00e7eride tutulan hayvanlarda kalmas\u0131 anlam\u0131na gelir.<\/p>\n<p><strong>Mod\u00fcler sistem - teraryumlar\u0131 birbirine ba\u011flay\u0131n<\/strong><br \/>\nYandaki delikler ve e\u015fle\u015fen \u015feffaf akrilik konekt\u00f6rler veya t\u00fcpler sayesinde birka\u00e7 TERRACUBE teraryum birbirine ba\u011flanabilir.<br \/>\n\u00d6rne\u011fin, bir kar\u0131nca kolonisi s\u00fcr\u00fcngenler i\u00e7in bir besin kayna\u011f\u0131 olarak kom\u015fu bir tankta tutulabilir - s\u00fcr\u00fcngen t\u00fcpten ge\u00e7emezse g\u00fcvenli bir geri \u00e7ekilme ile. \u00d6rne\u011fin kurba\u011falar veya semenderler i\u00e7in t\u00fcm sistemler de bu \u015fekilde esnek bir \u015fekilde geni\u015fletilebilir.<\/p>\n<p><strong>Not:<\/strong> Cam, DIN 1249'a uygun olarak +\/- 1 mm toleransla kesilir. \u00c7ok k\u00fc\u00e7\u00fck kar\u0131nca t\u00fcrleri i\u00e7in ek ka\u00e7\u0131\u015f korumas\u0131 gereklidir.<\/p>","protected":false},"excerpt":{"rendered":"<p>TERRACUBE Teraryum 60x30x60, s\u00fcrg\u00fcl\u00fc kap\u0131l\u0131 ve 2x 50mm a\u00e7\u0131kl\u0131kl\u0131. Boyutlar: 600 x 300 x 600 mm; 4mm cam kal\u0131nl\u0131\u011f\u0131 Malzeme: d\u00fcz cam Ba\u011flant\u0131: 2x 50 mm delik (2x yanda) \u00d6n a\u00e7\u0131kl\u0131k (s\u00fcrg\u00fcl\u00fc kap\u0131): 300x300 mm \u00c7ubuk y\u00fcksekli\u011fi: 12,5 cm \u00c7ubuk geni\u015fli\u011fi: 4 cm A\u00e7\u0131klama: TERRACUBE - Tamamen \u015feffaf, mod\u00fcler teraryum sistemi","protected":false},"featured_media":11397,"comment_status":"open","ping_status":"closed","template":"","meta":{"_acf_changed":false,"content-type":"","_monsterinsights_skip_tracking":false,"_monsterinsights_sitenote_active":false,"_monsterinsights_sitenote_note":"","_monsterinsights_sitenote_category":0},"product_brand":[499],"product_cat":[257],"product_tag":[],"class_list":{"0":"post-11407","1":"product","2":"type-product","3":"status-publish","4":"has-post-thumbnail","6":"product_brand-terracube","7":"product_cat-new-innovatve-products","8":"product_shipping_class-forwarding-on-pallet","10":"first","11":"instock","12":"taxable","13":"shipping-taxable","14":"purchasable","15":"product-type-simple"},"acf":[],"aioseo_notices":[],"jetpack_sharing_enabled":true,"_links":{"self":[{"href":"https:\/\/antcube.shop\/tr\/wp-json\/wp\/v2\/product\/11407","targetHints":{"allow":["GET"]}}],"collection":[{"href":"https:\/\/antcube.shop\/tr\/wp-json\/wp\/v2\/product"}],"about":[{"href":"https:\/\/antcube.shop\/tr\/wp-json\/wp\/v2\/types\/product"}],"replies":[{"embeddable":true,"href":"https:\/\/antcube.shop\/tr\/wp-json\/wp\/v2\/comments?post=11407"}],"wp:featuredmedia":[{"embeddable":true,"href":"https:\/\/antcube.shop\/tr\/wp-json\/wp\/v2\/media\/11397"}],"wp:attachment":[{"href":"https:\/\/antcube.shop\/tr\/wp-json\/wp\/v2\/media?parent=11407"}],"wp:term":[{"taxonomy":"product_brand","embeddable":true,"href":"https:\/\/antcube.shop\/tr\/wp-json\/wp\/v2\/product_brand?post=11407"},{"taxonomy":"product_cat","embeddable":true,"href":"https:\/\/antcube.shop\/tr\/wp-json\/wp\/v2\/product_cat?post=11407"},{"taxonomy":"product_tag","embeddable":true,"href":"https:\/\/antcube.shop\/tr\/wp-json\/wp\/v2\/product_tag?post=11407"}],"curies":[{"name":"wp","href":"https:\/\/api.w.org\/{rel}","templated":true}]}}