{"id":11405,"date":"2025-04-11T16:36:21","date_gmt":"2025-04-11T14:36:21","guid":{"rendered":"https:\/\/antcube.shop\/en\/product\/nestkugel-ps-10-cm-klar\/"},"modified":"2026-04-02T12:12:14","modified_gmt":"2026-04-02T10:12:14","slug":"yuva-topu-ps-10cm-seffaf","status":"publish","type":"product","link":"https:\/\/antcube.shop\/tr\/urun\/yuva-topu-ps-10cm-seffaf\/","title":{"rendered":"Yuva topu PS 10cm \u015feffaf"},"content":{"rendered":"<p><strong>Boyutlar:<\/strong> 10cm \u00e7ap<\/p>\n<p><strong>Renk:<\/strong> kahverengi \/ bej<\/p>\n<p><strong>Malzeme:<\/strong> Asma bitkisi<\/p>\n<p><strong>A\u00e7\u0131klama:<\/strong> Oyuk, dokumac\u0131 kar\u0131ncalar i\u00e7in ideal saklanma ve yuvalanma yerleri sa\u011flar.<\/p>\n<p><strong>Not:<\/strong> Bu do\u011fal bir \u00fcr\u00fcn oldu\u011fundan, resim tedarik edilen \u00fcr\u00fcnden farkl\u0131 olabilir<\/p>","protected":false},"excerpt":{"rendered":"<p>Boyut: 10 x 10 x 10 cm<\/p>","protected":false},"featured_media":11420,"comment_status":"open","ping_status":"closed","template":"","meta":{"_acf_changed":false,"content-type":"","_monsterinsights_skip_tracking":false,"_monsterinsights_sitenote_active":false,"_monsterinsights_sitenote_note":"","_monsterinsights_sitenote_category":0},"product_brand":[485],"product_cat":[257,119,239],"product_tag":[],"class_list":{"0":"post-11405","1":"product","2":"type-product","3":"status-publish","4":"has-post-thumbnail","6":"product_brand-antstore","7":"product_cat-new-innovatve-products","8":"product_cat-formicarium-components","9":"product_cat-useful-additions","11":"first","12":"instock","13":"taxable","14":"shipping-taxable","15":"purchasable","16":"product-type-simple"},"acf":[],"aioseo_notices":[],"jetpack_sharing_enabled":true,"_links":{"self":[{"href":"https:\/\/antcube.shop\/tr\/wp-json\/wp\/v2\/product\/11405","targetHints":{"allow":["GET"]}}],"collection":[{"href":"https:\/\/antcube.shop\/tr\/wp-json\/wp\/v2\/product"}],"about":[{"href":"https:\/\/antcube.shop\/tr\/wp-json\/wp\/v2\/types\/product"}],"replies":[{"embeddable":true,"href":"https:\/\/antcube.shop\/tr\/wp-json\/wp\/v2\/comments?post=11405"}],"wp:featuredmedia":[{"embeddable":true,"href":"https:\/\/antcube.shop\/tr\/wp-json\/wp\/v2\/media\/11420"}],"wp:attachment":[{"href":"https:\/\/antcube.shop\/tr\/wp-json\/wp\/v2\/media?parent=11405"}],"wp:term":[{"taxonomy":"product_brand","embeddable":true,"href":"https:\/\/antcube.shop\/tr\/wp-json\/wp\/v2\/product_brand?post=11405"},{"taxonomy":"product_cat","embeddable":true,"href":"https:\/\/antcube.shop\/tr\/wp-json\/wp\/v2\/product_cat?post=11405"},{"taxonomy":"product_tag","embeddable":true,"href":"https:\/\/antcube.shop\/tr\/wp-json\/wp\/v2\/product_tag?post=11405"}],"curies":[{"name":"wp","href":"https:\/\/api.w.org\/{rel}","templated":true}]}}