{"id":11137,"date":"2025-03-06T15:59:48","date_gmt":"2025-03-06T14:59:48","guid":{"rendered":"https:\/\/antcube.shop\/en\/product\/antcube-arena-60x30x60-mit-schiebetur\/"},"modified":"2026-01-12T12:41:14","modified_gmt":"2026-01-12T11:41:14","slug":"antcube-arena-60x30x60-surgulu-kapili","status":"publish","type":"product","link":"https:\/\/antcube.shop\/tr\/urun\/antcube-arena-60x30x60-surgulu-kapili\/","title":{"rendered":"ANTCUBE Arena 60x30x60 s\u00fcrg\u00fcl\u00fc kap\u0131l\u0131"},"content":{"rendered":"<p><strong>ANTCUBE Arena 60x30x60, s\u00fcrg\u00fcl\u00fc kap\u0131l\u0131 ve 4x 50mm a\u00e7\u0131kl\u0131kl\u0131.<\/strong><\/p>\n<p><strong>Boyutlar:<\/strong> 600 x 300 x 600 mm; 4mm cam kal\u0131nl\u0131\u011f\u0131<br \/>\n<strong>Malzeme:<\/strong> d\u00fcz cam<br \/>\n<strong>Ba\u011flant\u0131:<\/strong> 4x 50 mm delik (2x yanda ve 2x \u00f6nde)<\/p>\n<p><strong>\u00d6n a\u00e7\u0131kl\u0131k (s\u00fcrg\u00fcl\u00fc kap\u0131):<\/strong> 300\u00d7300 mm<\/p>\n<p><strong>A\u00e7\u0131klama:<\/strong> S\u00fcrg\u00fcl\u00fc kap\u0131l\u0131 60x30x60 ANTCUBE arenam\u0131z, tam formikaryada bile rahat\u00e7a \u00e7al\u0131\u015fabilmek i\u00e7in geli\u015ftirilmi\u015ftir. Ayr\u0131ca 60x30x30 ebad\u0131ndaki s\u00fcrg\u00fcl\u00fc kap\u0131l\u0131 arenam\u0131z\u0131n bir uzant\u0131s\u0131 olarak da uygundur. Aradaki fark, ek havaland\u0131rma olu\u015fturmak veya yanlarda yer yoksa, \u00f6n ba\u011flant\u0131lar arac\u0131l\u0131\u011f\u0131yla akrilik t\u00fcplerle ek arenalar ba\u011flamak i\u00e7in \u00f6n taraftaki yeni deliklerdir. \u00d6zellikle dokumac\u0131 kar\u0131ncalar (Polyrhachis ve Oecophylla) i\u00e7in bir formikaryum olarak kullan\u0131\u015fl\u0131d\u0131r, \u00e7\u00fcnk\u00fc yukar\u0131 do\u011fru in\u015fa etmeyi severler ve bir konak bitkiye ihtiya\u00e7 duyarlar. Tetraponera gibi a\u011fa\u00e7ta ya\u015fayan t\u00fcrler de t\u0131rmanma f\u0131rsatlar\u0131na sahip olmaktan mutluluk duyarlar. Bazen, \u00f6rne\u011fin formikaryumun dibindeki hayvanlar\u0131n at\u0131klar\u0131n\u0131 \u00e7\u0131karmak zor olabilir. Bu \u00f6zel olarak uyarlanm\u0131\u015f tankta bu bir sorun de\u011fildir. S\u00fcrg\u00fcl\u00fc kap\u0131, bitki kal\u0131nt\u0131lar\u0131 ve di\u011fer at\u0131klar kolayca at\u0131labildi\u011fi i\u00e7in Acromyrmex veya Atta yaprak kesen kar\u0131ncalar\u0131n besleme tanklar\u0131 i\u00e7in de \u00e7ok pratiktir. \u00dcst a\u00e7\u0131kl\u0131k i\u00e7in 60\u00d730 k\u0131r\u0131lma koruma \u00e7er\u00e7evesi ve daha geni\u015f havaland\u0131rma alan\u0131 olan veya olmayan 60\u00d730 arena kapa\u011f\u0131 da ayr\u0131ca mevcuttur.<\/p>\n<p><strong>Not:<\/strong> Cam, DIN 1249'a uygun olarak +\/- 1 mm toleransla kesilir. \u00c7ok k\u00fc\u00e7\u00fck kar\u0131nca t\u00fcrleri i\u00e7in ek ka\u00e7\u0131\u015f korumas\u0131 gereklidir.<\/p>","protected":false},"excerpt":{"rendered":"<p>Ba\u011flant\u0131: 4x delik 50 mm<\/p>","protected":false},"featured_media":11138,"comment_status":"open","ping_status":"closed","template":"","meta":{"_acf_changed":false,"content-type":"","_monsterinsights_skip_tracking":false,"_monsterinsights_sitenote_active":false,"_monsterinsights_sitenote_note":"","_monsterinsights_sitenote_category":0},"product_brand":[484],"product_cat":[257,85,86],"product_tag":[],"class_list":{"0":"post-11137","1":"product","2":"type-product","3":"status-publish","4":"has-post-thumbnail","6":"product_brand-antcube","7":"product_cat-new-innovatve-products","8":"product_cat-ant-arenas","9":"product_cat-formicariums","10":"product_shipping_class-forwarding-on-pallet","12":"first","13":"instock","14":"taxable","15":"shipping-taxable","16":"purchasable","17":"product-type-simple"},"acf":[],"aioseo_notices":[],"jetpack_sharing_enabled":true,"_links":{"self":[{"href":"https:\/\/antcube.shop\/tr\/wp-json\/wp\/v2\/product\/11137","targetHints":{"allow":["GET"]}}],"collection":[{"href":"https:\/\/antcube.shop\/tr\/wp-json\/wp\/v2\/product"}],"about":[{"href":"https:\/\/antcube.shop\/tr\/wp-json\/wp\/v2\/types\/product"}],"replies":[{"embeddable":true,"href":"https:\/\/antcube.shop\/tr\/wp-json\/wp\/v2\/comments?post=11137"}],"wp:featuredmedia":[{"embeddable":true,"href":"https:\/\/antcube.shop\/tr\/wp-json\/wp\/v2\/media\/11138"}],"wp:attachment":[{"href":"https:\/\/antcube.shop\/tr\/wp-json\/wp\/v2\/media?parent=11137"}],"wp:term":[{"taxonomy":"product_brand","embeddable":true,"href":"https:\/\/antcube.shop\/tr\/wp-json\/wp\/v2\/product_brand?post=11137"},{"taxonomy":"product_cat","embeddable":true,"href":"https:\/\/antcube.shop\/tr\/wp-json\/wp\/v2\/product_cat?post=11137"},{"taxonomy":"product_tag","embeddable":true,"href":"https:\/\/antcube.shop\/tr\/wp-json\/wp\/v2\/product_tag?post=11137"}],"curies":[{"name":"wp","href":"https:\/\/api.w.org\/{rel}","templated":true}]}}