{"id":10988,"date":"2025-01-29T13:27:22","date_gmt":"2025-01-29T12:27:22","guid":{"rendered":"https:\/\/antcube.shop\/en\/product\/bundle-offer-pheidole-pallidula\/"},"modified":"2026-04-06T12:17:12","modified_gmt":"2026-04-06T10:17:12","slug":"paket-teklifi-pheidole-pallidula","status":"publish","type":"product","link":"https:\/\/antcube.shop\/tr\/urun\/paket-teklifi-pheidole-pallidula\/","title":{"rendered":"Paket Teklif - Crematogaster scutellaris"},"content":{"rendered":"<p id=\"docs-internal-guid-f360e18f-7fff-1fa7-2486-66b6ea8170c9\" dir=\"ltr\"><span data-text-color=\"secondary\"><strong>Bir kar\u0131nca kolonisi Crematogaster scutellaris (5-10 i\u015f\u00e7i + kulu\u00e7ka ile krali\u00e7e), bir ba\u015flang\u0131\u00e7 seti Digfix S, 2x formicarium pedleri ve bir \u00e7\u00f6l foto\u011fraf arka plan\u0131 i\u00e7eren paket teklifi.<\/strong><\/span><\/p>\n<p dir=\"ltr\"><span data-text-color=\"alert\"><strong>Sadece stoklar t\u00fckenene kadar.<\/strong><\/span><\/p>\n<h2 dir=\"ltr\"><strong>Bir Crematogaster scutellaris kar\u0131nca kolonisi i\u00e7in ihtiyac\u0131n\u0131z olan her \u015fey<\/strong><\/h2>\n<p dir=\"ltr\">Bu paket, bir Crematogaster scutellaris kolonisini ilk birka\u00e7 ay boyunca ba\u015far\u0131l\u0131 bir \u015fekilde desteklemek i\u00e7in ihtiyac\u0131n\u0131z olan her \u015feyi i\u00e7erir. Yeni ba\u015flayanlar i\u00e7in idealdir ve kolayca geni\u015fletilebilir.<\/p>\n<h3 dir=\"ltr\"><strong>Kar\u0131nca t\u00fcrleri Crematogaster scutellaris<\/strong><\/h3>\n<p>Crematogaster scutellaris hem bitkisel hem de hayvansal g\u0131da t\u00fcketen, a\u011f\u0131rl\u0131kl\u0131 olarak omnivor bir kar\u0131nca t\u00fcr\u00fcd\u00fcr. Akdeniz b\u00f6lgesinde yayg\u0131nd\u0131r ve Orta Avrupa'n\u0131n g\u00fcney kesimlerinde de bulunur. Bu t\u00fcr i\u00e7in tipik olan, tehlike durumunda kald\u0131rd\u0131\u011f\u0131 armut \u015feklindeki karakteristik kar\u0131n b\u00f6lgesidir - d\u00fc\u015fmanlar\u0131 cayd\u0131rmak i\u00e7in \u00e7arp\u0131c\u0131 bir davran\u0131\u015f.<\/p>\n<p>Koloniler genellikle bir krali\u00e7eden olu\u015fur (tek e\u015fli), ancak birka\u00e7 krali\u00e7e de bar\u0131nd\u0131rabilir. \u0130\u015f\u00e7iler aktif ve merakl\u0131 davran\u0131\u015flar sergiler ve yuvalar\u0131n\u0131 \u015fiddetle savunurlar. Crematogaster scutellaris \u00f6zellikle \u00f6l\u00fc odun veya a\u011fa\u00e7 kovuklar\u0131na yuva yapabilmesiyle bilinir.<\/p>\n<h3 dir=\"ltr\"><strong>Crematogaster scutellaris i\u00e7in yuva<\/strong><\/h3>\n<p dir=\"ltr\">Bu t\u00fcr kuru \u00f6l\u00fc ah\u015fap veya \u00e7atlak ve yar\u0131klara yuva yapmay\u0131 tercih etti\u011finden, bu set bir Digfix yuva par\u00e7as\u0131 i\u00e7erir. Bu, yuvan\u0131n i\u00e7inin iyi bir \u015fekilde g\u00f6r\u00fclmesini sa\u011flar ve do\u011fal ko\u015fullar\u0131 sim\u00fcle eder. Alternatif olarak, do\u011fal ya\u015fam alanlar\u0131na \u00e7ok yak\u0131n olan mantar veya ah\u015fap yuvalarda da tutulabilirler.<\/p>\n<h3 dir=\"ltr\"><strong>Crematogaster scutellaris i\u00e7in besin<\/strong><\/h3>\n<p dir=\"ltr\">Crematogaster scutellaris, bal veya \u015feker \u00e7\u00f6zeltileri gibi tatl\u0131 s\u0131v\u0131lar\u0131 \u00f6zellikle tercih eden bir omnivordur. Ayr\u0131ca, \u00f6zellikle yavrular\u0131n\u0131 yeti\u015ftirmek i\u00e7in k\u00fc\u00e7\u00fck b\u00f6cekler gibi protein a\u00e7\u0131s\u0131ndan zengin yiyeceklere de ihtiya\u00e7 duyar. Vah\u015fi do\u011fada a\u011fa\u00e7 \u00f6zsuyu ve k\u00fc\u00e7\u00fck eklembacakl\u0131larla da beslenir.<\/p>\n<h3 dir=\"ltr\"><strong>Crematogaster scutellaris i\u00e7in iklim ko\u015fullar\u0131<\/strong><\/h3>\n<p dir=\"ltr\">Nem oran\u0131:<br \/>\nArena: 30 - 50%<br \/>\nYuva alan\u0131: 50 - 60%<br \/>\nS\u0131cakl\u0131k:<br \/>\nArena: 24 - 30\u00b0C<br \/>\nYuva alan\u0131: 22 - 28\u00b0C<\/p>\n<p dir=\"ltr\">Crematogaster scutellaris hem yeni ba\u015flayanlar hem de deneyimli kar\u0131nca bak\u0131c\u0131lar\u0131 i\u00e7in idealdir. Aktif davran\u0131\u015f\u0131, \u00e7arp\u0131c\u0131 v\u00fccut \u015fekli ve rengi ile yuva yap\u0131m y\u00f6ntemi sayesinde bir kar\u0131nca kolonisinin ya\u015fam\u0131na dair heyecan verici bilgiler sunar.<\/p>\n<p dir=\"ltr\"><strong>\u0130\u00e7indekiler:<\/strong><br \/>\n1x kar\u0131nca kolonisi Crematogaster scutellaris (krali\u00e7e + 5-10 i\u015f\u00e7i + yavru)<br \/>\n1x \u015feker-bal \u00e7\u00f6zeltisi (SH) - 10 ml'lik dolum paketi<br \/>\n1x b\u00fct\u00fcn beyazlat\u0131lm\u0131\u015f c\u0131rc\u0131r b\u00f6ce\u011fi 10g<br \/>\n1x formikaryum pedi - 20x20cm<br \/>\n1x Formicarium ped- 20x6cm<br \/>\n1x \u00c7\u00f6l foto\u011fraf arka plan\u0131 20\u00d710<br \/>\n1x ANTCUBE - Arena 20x20x10 - d\u00fcz<br \/>\n1x Arena \u00e7er\u00e7eve 20\u00d720<br \/>\n1x Arena \u00f6rt\u00fcs\u00fc 20\u00d720<br \/>\n4x Arena kapa\u011f\u0131 i\u00e7in sabitleme noktas\u0131<br \/>\n1x ANTCUBE - kar\u0131nca \u00e7iftli\u011fi - S - 20\u00d720 - ayakta<br \/>\n1x ANTCUBE - Digfix plaka 20\u00d720 - S<br \/>\n1x 0,5 m \u015feffaf t\u00fcp 10\/06 mm<br \/>\nANTCUBE - K\u0131rm\u0131z\u0131 film 20\u00d720 - Filtre<br \/>\n1x yap\u0131\u015fkan klips - \u015feffaf - 2 adet.<br \/>\n1x substrat - kum-kil bej - 200g<br \/>\n1x a\u011f ek par\u00e7as\u0131 - 50mm - paslanmaz \u00e7elik<br \/>\n50 mm delik i\u00e7in 1x formikarya tapas\u0131<br \/>\n27 mm delik i\u00e7in 1x formikarya tapas\u0131<br \/>\n6mm soket i\u00e7in 1x formikarya kapa\u011f\u0131<br \/>\n1x havza konekt\u00f6r\u00fc B-27 ve S-10-16 mm M25 - set<br \/>\n1x 2ml besleyici - 360\u00b0<br \/>\n1x \u015feffaf suluk 20ml - s\u00fcnger<br \/>\n1x \u015feffaf mama kab\u0131 1\u00d720 - s\u00fcnger<br \/>\n1x mini termo-higrometre analog - as\u0131l\u0131 ekran<br \/>\n1x kar\u0131nca ka\u00e7\u0131\u015f koruma tozu 10ml<br \/>\n1x c\u0131mb\u0131z yay \u00e7eli\u011fi - geni\u015f - yumu\u015fak<br \/>\n1x c\u0131mb\u0131z plastik \u015feffaf<br \/>\n1x plastik pipet 3ml<br \/>\n1x el b\u00fcy\u00fcteci - 2x - 30mm<br \/>\n1x k\u00f6p\u00fck silecek 150x18x2.5mm<\/p>\n<p dir=\"ltr\"><strong>A\u00e7\u0131klama:<\/strong><br \/>\nDigfix Ba\u015flang\u0131\u00e7 Seti \u00e7e\u015fitli kar\u0131nca t\u00fcrleri i\u00e7in, \u00f6zellikle de kum ve (\u00f6l\u00fc) ah\u015fapta yuva yapanlar i\u00e7in uygundur. Kuru veya hafif nemli tutulabilir.<br \/>\n\u015eeffaf \u00e7iftlik ANTCUBE Digfix plakas\u0131 ile birlikte kullan\u0131labilir. Kar\u0131ncalar malzemenin i\u00e7ine kendi t\u00fcnellerini ve odalar\u0131n\u0131 kazarlar. Gerekirse, ayr\u0131 olarak temin edilebilen sisleyiciler, fanlar veya \u0131\u015f\u0131klar gibi di\u011fer mod\u00fcller kapaktaki 50 mm'lik deliklerden ba\u011flanabilir. Alternatif olarak, a\u00e7\u0131kl\u0131klar\u0131 kapatmak i\u00e7in uygun formikarya tapalar\u0131 dahildir. \u0130sterseniz, \u00e7\u0131kar\u0131labilir \u00e7er\u00e7eveyi zemine yerle\u015ftirerek ve kenar\u0131na kar\u0131nca ka\u00e7\u0131\u015f koruma ya\u011f\u0131 s\u00fcrerek formikaryumu a\u00e7\u0131k olarak da \u00e7al\u0131\u015ft\u0131rabilirsiniz. 'Sulama kab\u0131 2ml - 360 derece' bal\/\u015feker \u00e7\u00f6zeltisi i\u00e7in, 'sulama kab\u0131 temiz 20ml - s\u00fcnger' ise su i\u00e7in tasarlanm\u0131\u015ft\u0131r. 'Mini Thermo-Hygrometer' \u00e7er\u00e7eveye veya kapa\u011fa tak\u0131labilir ve iklim de\u011ferlerini g\u00f6sterir.<\/p>\n<p dir=\"ltr\"><span data-text-color=\"alert\"><strong>\u00d6nemli:<\/strong><\/span> L\u00fctfen kullanmadan \u00f6nce zemini nemlendirin, b\u00f6ylece kar\u0131\u015f\u0131m ba\u011flanabilir ve kar\u0131nca \u00e7iftli\u011finde sa\u011flam bir tutu\u015f geli\u015ftirebilir. Ayr\u0131ca, \u00e7ok kuru ve tozlu bir zemin kar\u0131ncalar\u0131n solunum yollar\u0131n\u0131n t\u0131kanmas\u0131na ve en k\u00f6t\u00fc durumda bo\u011fulmalar\u0131na neden olabilir.<\/p>\n<p dir=\"ltr\"><strong>\u00d6neri:<\/strong> Hayvanlar\u0131n kendilerini arenaya kazamamalar\u0131 ve bunun yerine bu ama\u00e7la sa\u011flanan \u00e7iftli\u011fi kullanmalar\u0131 i\u00e7in 2 mm y\u00fcksekli\u011finde bir alt tabaka tabakas\u0131 \u00f6neriyoruz. Ayr\u0131ca hayvanlar\u0131n kazmas\u0131n\u0131 kolayla\u015ft\u0131rmak i\u00e7in \u00e7iftlikteki yuvalama malzemesini (kum\/kil, Digfix, vb.) tek bir yerden hafif\u00e7e delmenizi \u00f6neririz.<br \/>\n<strong>Not:<\/strong> Yuva kuru veya nemli bir formikaryumda kullan\u0131labilir. Yuva s\u00fcrekli \u0131slak (\u00e7ok \u0131slak) tutulursa, yiyecek kal\u0131nt\u0131lar\u0131 k\u00fcf olu\u015fumuna neden olabilir.<br \/>\n<strong>Digfix hakk\u0131nda not:<\/strong> Do\u011fal renk ye\u015fil-gri-kahverengi ve toprak-kahverengi aras\u0131nda de\u011fi\u015febilir. Rengin kalite \u00fczerinde hi\u00e7bir etkisi yoktur.<\/p>\n<p dir=\"ltr\"><strong>\u00dcretim hakk\u0131nda notlar<\/strong><br \/>\nCam DIN 1249'a g\u00f6re +\/- 1 mm toleransla kesilmi\u015ftir. \u00c7ok k\u00fc\u00e7\u00fck kar\u0131nca t\u00fcrleri i\u00e7in ek kopma korumas\u0131 gereklidir.<\/p>\n<p dir=\"ltr\"><strong>\u00c7iftlik hakk\u0131nda notlar<\/strong><br \/>\nBorular\u0131 ba\u011flarken veya ay\u0131r\u0131rken a\u015fa\u011f\u0131dakilere dikkat edilmelidir:<br \/>\nT\u00fcp\u00fcn konekt\u00f6re tak\u0131lmas\u0131 zorsa, konekt\u00f6re bir damla ka\u00e7may\u0131 \u00f6nleyici ya\u011f veya toz s\u00fcr\u00fclmelidir. Daha sonra t\u00fcp, konekt\u00f6re yukar\u0131 ve a\u015fa\u011f\u0131 bas\u0131n\u00e7 uygulamadan b\u00fck\u00fclerek veya vidalanarak konekt\u00f6r\u00fcn \u00fczerine itilmelidir. Ayn\u0131 durum t\u00fcpleri \u00e7iftlik konekt\u00f6r\u00fcnden \u00e7\u0131kar\u0131rken de ge\u00e7erlidir. L\u00fctfen onlar\u0131 \u00f6ylece \u00e7ekip \u00e7\u0131karmay\u0131n!<\/p>\n<p dir=\"ltr\"><strong>Kriket Re\u00e7eli \u00dczerine Notlar:<\/strong><br \/>\nC\u0131rc\u0131r B\u00f6ce\u011fi Re\u00e7elimiz, canl\u0131 b\u00f6cek beslemek zorunda kalmadan kar\u0131ncalar\u0131n\u0131za taze korunmu\u015f proteinli g\u0131da sa\u011flaman\u0131n kolay bir yoludur. C\u0131rc\u0131r b\u00f6cekleri (Acheta domesticus) besin de\u011feri, tat ve aroman\u0131n korunmas\u0131n\u0131 sa\u011flamak i\u00e7in nazik\u00e7e pi\u015firilir. Ayr\u0131ca b\u00f6ceklerin kitinli d\u0131\u015f iskeleti bu \u015fekilde yumu\u015fat\u0131larak daha kolay sindirilmesi sa\u011flan\u0131r. Kolajen protein bile\u015fikleri, kar\u0131ncalar\u0131n bunlar\u0131 daha iyi kullanabilmesi i\u00e7in ayr\u0131l\u0131r. Tenekeden \u00e7\u0131kan Acheta domesticus, canl\u0131 c\u0131rc\u0131r b\u00f6cekleriyle ayn\u0131 besin de\u011ferine sahiptir, ancak sindirimi daha kolayd\u0131r.<br \/>\nCricket Jam, canl\u0131 yiyecek gerektiren kar\u0131nca t\u00fcrlerini avlamak i\u00e7in uygun de\u011fildir (\u00f6rne\u011fin Harpegnathos veya Odontomachus gibi ponerinler (b\u00fcy\u00fck kar\u0131ncalar))<\/p>\n<p dir=\"ltr\"><strong>Daha fazla avantaj:<\/strong><br \/>\nAkar i\u00e7ermeme garantisi<br \/>\nPorsiyonlanabilir ve su ile seyreltilebilir<br \/>\nSterilize edilmi\u015f ve vakumlu paketlenmi\u015f<br \/>\nKatk\u0131 maddesi olmadan<br \/>\nOrganik at\u0131klarla beslenen, s\u00fcrd\u00fcr\u00fclebilir, tamamen organik yeti\u015ftiricilikten elde edilen c\u0131rc\u0131r b\u00f6cekleri<\/p>\n<p dir=\"ltr\"><strong>Not:<\/strong><br \/>\nA\u00e7\u0131ld\u0131ktan sonra buzdolab\u0131nda yakla\u015f\u0131k d\u00f6rt g\u00fcn saklanabilir. Donduruldu\u011funda daha uzun raf \u00f6mr\u00fc.<\/p>\n<p dir=\"ltr\"><strong>Dikkat<\/strong>: \u00d6nce porsiyonlay\u0131n, sonra dondurun.<\/p>\n<p dir=\"ltr\"><strong>\u015eeker-bal \u00e7\u00f6zeltisi (ZH) hakk\u0131nda notlar - 10 ml'lik dolum paketi<\/strong><br \/>\n\u0130\u00e7indekiler 10 ml<\/p>\n<p dir=\"ltr\"><strong>A\u00e7\u0131klama:<\/strong> Bu, \u00e7e\u015fitli karbonhidratlardan (bal ve \u015feker gibi) olu\u015fan bir \u00fcr\u00fcnd\u00fcr.<\/p>\n<p dir=\"ltr\"><strong>Uygulama:<\/strong> Mama t\u00fcp\u00fc b\u00fct\u00fcn olarak formikaryuma yerle\u015ftirilebilir veya alternatif olarak, koloninin ihtiya\u00e7lar\u0131na\/b\u00fcy\u00fckl\u00fc\u011f\u00fcne ba\u011fl\u0131 olarak, daha k\u00fc\u00e7\u00fck miktarlar bir mama kab\u0131na yerle\u015ftirilebilir. Yiyecekler yakla\u015f\u0131k 3 g\u00fcn i\u00e7inde t\u00fcketilmelidir, aksi takdirde k\u00fcflenme riski vard\u0131r. Ayn\u0131 nedenle, yeniden doldurmadan \u00f6nce mama kab\u0131n\u0131 temizleyin.<\/p>\n<p dir=\"ltr\"><strong>Kullan:<\/strong><br \/>\n\u015eeker-bal \u00e7\u00f6zeltisi = \u015feker\/bal yiyen kar\u0131nca t\u00fcrleri i\u00e7in<br \/>\nBu bir ek g\u0131dad\u0131r<br \/>\nHayvanlara tedarik edildi\u011fi \u015fekilde sunulabilir. Nem nedeniyle \u015feker konsantrasyonu azald\u0131\u011f\u0131ndan ve bir fermantasyon s\u00fcreci ba\u015flad\u0131\u011f\u0131ndan, mama her 3 g\u00fcnde bir de\u011fi\u015ftirilmelidir. Tekrar kullanmadan \u00f6nce besleme kab\u0131n\u0131\/t\u00fcp\u00fcn\u00fc iyice temizleyin.<br \/>\nPaket a\u00e7\u0131ld\u0131ktan sonra s\u0131k\u0131ca kapal\u0131 tutulmal\u0131 (kuru bir yerde saklan\u0131yorsa) ve verilen tarihe kadar kullan\u0131lmal\u0131d\u0131r (son kullanma tarihi).<\/p>\n<p dir=\"ltr\"><strong>\u0130\u00e7indekiler:<\/strong><br \/>\nFruktoz 27 ila 44%,<br \/>\nglikoz 22'den 41%'ye,<br \/>\n5%'ye kadar s\u00fckroz,<br \/>\nmaltoz 4 ila 14%,<br \/>\ndi\u011fer kompleks \u015fekerler 1 ila 14%.<br \/>\nYa\u011f: 0g<br \/>\nKarbonhidratlar: 92g<br \/>\nProtein: 0g<br \/>\nTuz: 0g<\/p>\n<p dir=\"ltr\"><strong>Depolama:<\/strong> Yemin kalitesini sa\u011flamak i\u00e7in karanl\u0131k ve kuru bir yerde saklanmal\u0131d\u0131r.<\/p>\n<p dir=\"ltr\"><strong>Not:<\/strong><br \/>\nBile\u015fim, analitik bile\u015fenler, son kullanma tarihi ve parti numaras\u0131 i\u00e7in l\u00fctfen prospekt\u00fcse bak\u0131n\u0131z.<br \/>\nBilgi Hatt\u0131 +49 30 439703870<\/p>\n<p dir=\"ltr\"><strong>Yetkili veterinerlik ve g\u0131da denetim makam\u0131:<\/strong><br \/>\nVeterinerlik Ofisi Steglitz<br \/>\nK\u00f6nigin-Luise-Str. 92<br \/>\n14195 Berlin<\/p>","protected":false},"excerpt":{"rendered":"<p>Set 34 par\u00e7adan olu\u015fmaktad\u0131r<\/p>","protected":false},"featured_media":10983,"comment_status":"open","ping_status":"closed","template":"","meta":{"_acf_changed":false,"content-type":"","_monsterinsights_skip_tracking":false,"_monsterinsights_sitenote_active":false,"_monsterinsights_sitenote_note":"","_monsterinsights_sitenote_category":0},"product_brand":[484],"product_cat":[355,73],"product_tag":[],"class_list":{"0":"post-10988","1":"product","2":"type-product","3":"status-publish","4":"has-post-thumbnail","6":"product_brand-antcube","7":"product_cat-bundle-offers","8":"product_cat-starter-sets","10":"first","11":"instock","12":"taxable","13":"shipping-taxable","14":"purchasable","15":"product-type-simple"},"acf":[],"aioseo_notices":[],"jetpack_sharing_enabled":true,"_links":{"self":[{"href":"https:\/\/antcube.shop\/tr\/wp-json\/wp\/v2\/product\/10988","targetHints":{"allow":["GET"]}}],"collection":[{"href":"https:\/\/antcube.shop\/tr\/wp-json\/wp\/v2\/product"}],"about":[{"href":"https:\/\/antcube.shop\/tr\/wp-json\/wp\/v2\/types\/product"}],"replies":[{"embeddable":true,"href":"https:\/\/antcube.shop\/tr\/wp-json\/wp\/v2\/comments?post=10988"}],"wp:featuredmedia":[{"embeddable":true,"href":"https:\/\/antcube.shop\/tr\/wp-json\/wp\/v2\/media\/10983"}],"wp:attachment":[{"href":"https:\/\/antcube.shop\/tr\/wp-json\/wp\/v2\/media?parent=10988"}],"wp:term":[{"taxonomy":"product_brand","embeddable":true,"href":"https:\/\/antcube.shop\/tr\/wp-json\/wp\/v2\/product_brand?post=10988"},{"taxonomy":"product_cat","embeddable":true,"href":"https:\/\/antcube.shop\/tr\/wp-json\/wp\/v2\/product_cat?post=10988"},{"taxonomy":"product_tag","embeddable":true,"href":"https:\/\/antcube.shop\/tr\/wp-json\/wp\/v2\/product_tag?post=10988"}],"curies":[{"name":"wp","href":"https:\/\/api.w.org\/{rel}","templated":true}]}}