{"id":721,"date":"2021-08-17T11:04:38","date_gmt":"2021-08-17T09:04:38","guid":{"rendered":"https:\/\/antcube.shop\/?page_id=721"},"modified":"2023-12-15T12:45:13","modified_gmt":"2023-12-15T11:45:13","slug":"karinca-bulucu","status":"publish","type":"page","link":"https:\/\/antcube.shop\/tr\/karinca-bulucu\/","title":{"rendered":"Kar\u0131nca t\u00fcr\u00fcn\u00fcz\u00fc bulun"},"content":{"rendered":"<div id=\"gap-650359976\" class=\"gap-element clearfix\" style=\"display:block; height:auto;\">\n\t\t\n<style>\n#gap-650359976 {\n  padding-top: 195px;\n}\n@media (min-width:550px) {\n  #gap-650359976 {\n    padding-top: 201px;\n  }\n}\n@media (min-width:850px) {\n  #gap-650359976 {\n    padding-top: 175px;\n  }\n}\n<\/style>\n\t<\/div>\n\t\n\n\t<div id=\"text-2430514966\" class=\"text\">\n\t\t\n\n<h1>ANTCUBE Kar\u0131nca Bulucu<\/h1>\n<h1>Saklaman\u0131z i\u00e7in m\u00fckemmel Kar\u0131nca Krali\u00e7esini veya Kolonisini bulun<\/h1>\n<p>\u0130ster yeni ba\u015fl\u0131yor olun, ister biraz deneyiminiz olsun ya da kar\u0131nca beslemede zaten uzman olun, sizin i\u00e7in m\u00fckemmel kar\u0131nca t\u00fcr\u00fcn\u00fc bulman\u0131za yard\u0131mc\u0131 olmak i\u00e7in \"Kar\u0131nca Bulucumuzu\" tasarlad\u0131k.<\/p>\n\t\t\n<style>\n#text-2430514966 {\n  text-align: center;\n}\n<\/style>\n\t<\/div>\n\t\n\t<div id=\"gap-1168830785\" class=\"gap-element clearfix\" style=\"display:block; height:auto;\">\n\t\t\n<style>\n#gap-1168830785 {\n  padding-top: 30px;\n}\n<\/style>\n\t<\/div>\n\t\n\n\t<div id=\"text-3553037809\" class=\"text\">\n\t\t\n\n<p><strong>Soru: Kar\u0131nca beslemek konusunda ne kadar deneyimlisiniz?<\/strong><\/p>\n\t\t\n<style>\n#text-3553037809 {\n  font-size: 1.8rem;\n  text-align: center;\n}\n<\/style>\n\t<\/div>\n\t\n\t<div id=\"gap-707069539\" class=\"gap-element clearfix\" style=\"display:block; height:auto;\">\n\t\t\n<style>\n#gap-707069539 {\n  padding-top: 15px;\n}\n@media (min-width:550px) {\n  #gap-707069539 {\n    padding-top: 50px;\n  }\n}\n<\/style>\n\t<\/div>\n\t\n\n<div class=\"row row-solid\"  id=\"row-1177915159\">\n\n\n\t<div id=\"col-2138227394\" class=\"col medium-4 small-12 large-4\"  >\n\t\t\t\t<div class=\"col-inner\"  >\n\t\t\t\n\t\t\t\n\n\n  <div class=\"banner has-hover\" id=\"banner-1745156907\">\n          <div class=\"banner-inner fill\">\n        <div class=\"banner-bg fill\" >\n            <img loading=\"lazy\" decoding=\"async\" width=\"350\" height=\"350\" src=\"https:\/\/i0.wp.com\/antcube.shop\/wp-content\/uploads\/2021\/09\/green.jpg?fit=350%2C350&amp;ssl=1\" class=\"bg attachment-large size-large\" alt=\"\" \/>                                    \n                    <\/div>\n\t\t\n        <div class=\"banner-layers container\">\n            <a class=\"fill\" href=\"https:\/\/antcube.shop\/ant-finder\/beginner\/\"><div class=\"fill banner-link\"><\/div><\/a>            \n\n   <div id=\"text-box-1020760225\" class=\"text-box banner-layer x50 md-x50 lg-x50 y10 md-y10 lg-y10 res-text\">\n                                <div class=\"text-box-content text dark\">\n              \n              <div class=\"text-inner text-center\">\n                  \n\n\t<div id=\"text-2776586716\" class=\"text\">\n\t\t\n\n<h3 class=\"uppercase\"><strong>Ba\u015flang\u0131\u00e7<\/strong><\/h3>\n\t\t\n<style>\n#text-2776586716 {\n  font-size: 1.05rem;\n  color: rgb(0,0,0);\n}\n#text-2776586716 > * {\n  color: rgb(0,0,0);\n}\n<\/style>\n\t<\/div>\n\t\n\n              <\/div>\n           <\/div>\n                            \n<style>\n#text-box-1020760225 {\n  width: 76%;\n}\n#text-box-1020760225 .text-box-content {\n  font-size: 100%;\n}\n<\/style>\n    <\/div>\n \n\n        <\/div>\n      <\/div>\n\n            \n<style>\n#banner-1745156907 {\n  padding-top: 75%;\n}\n#banner-1745156907 .banner-bg img {\n  object-position: 50% 100%;\n}\n<\/style>\n  <\/div>\n\n\n\n\t\t<\/div>\n\t\t\t\t\t<\/div>\n\n\t\n\n\t<div id=\"col-660171196\" class=\"col medium-4 small-12 large-4\"  >\n\t\t\t\t<div class=\"col-inner\"  >\n\t\t\t\n\t\t\t\n\n\n  <div class=\"banner has-hover\" id=\"banner-342853014\">\n          <div class=\"banner-inner fill\">\n        <div class=\"banner-bg fill\" >\n            <img loading=\"lazy\" decoding=\"async\" width=\"350\" height=\"350\" src=\"https:\/\/i0.wp.com\/antcube.shop\/wp-content\/uploads\/2021\/09\/yellow.jpg?fit=350%2C350&amp;ssl=1\" class=\"bg attachment-large size-large\" alt=\"\" \/>                        <div class=\"overlay\"><\/div>            \n                    <\/div>\n\t\t\n        <div class=\"banner-layers container\">\n            <a class=\"fill\" href=\"https:\/\/antcube.shop\/ant-finder\/intermediate\/\"><div class=\"fill banner-link\"><\/div><\/a>            \n\n   <div id=\"text-box-907071998\" class=\"text-box banner-layer x50 md-x50 lg-x50 y10 md-y10 lg-y10 res-text\">\n                                <div class=\"text-box-content text dark\">\n              \n              <div class=\"text-inner text-center\">\n                  \n\n\t<div id=\"text-3518990473\" class=\"text\">\n\t\t\n\n<h3 class=\"uppercase\"><strong>Orta seviye<\/strong><\/h3>\n\t\t\n<style>\n#text-3518990473 {\n  font-size: 1.05rem;\n  color: rgb(0, 0, 0);\n}\n#text-3518990473 > * {\n  color: rgb(0, 0, 0);\n}\n<\/style>\n\t<\/div>\n\t\n\n              <\/div>\n           <\/div>\n                            \n<style>\n#text-box-907071998 {\n  width: 100%;\n}\n#text-box-907071998 .text-box-content {\n  font-size: 100%;\n}\n<\/style>\n    <\/div>\n \n\n        <\/div>\n      <\/div>\n\n            \n<style>\n#banner-342853014 {\n  padding-top: 75%;\n}\n#banner-342853014 .overlay {\n  background-color: rgba(0, 0, 0, 0);\n}\n#banner-342853014 .banner-bg img {\n  object-position: 50% 100%;\n}\n<\/style>\n  <\/div>\n\n\n\n\t\t<\/div>\n\t\t\t\t\t<\/div>\n\n\t\n\n\t<div id=\"col-1332330476\" class=\"col medium-4 small-12 large-4\"  >\n\t\t\t\t<div class=\"col-inner\"  >\n\t\t\t\n\t\t\t\n\n\n  <div class=\"banner has-hover\" id=\"banner-1129831090\">\n          <div class=\"banner-inner fill\">\n        <div class=\"banner-bg fill\" >\n            <img loading=\"lazy\" decoding=\"async\" width=\"350\" height=\"350\" src=\"https:\/\/i0.wp.com\/antcube.shop\/wp-content\/uploads\/2021\/09\/red.jpg?fit=350%2C350&amp;ssl=1\" class=\"bg attachment-large size-large\" alt=\"\" \/>                                    \n                    <\/div>\n\t\t\n        <div class=\"banner-layers container\">\n            <a class=\"fill\" href=\"https:\/\/antcube.shop\/ant-finder\/expert\/\"><div class=\"fill banner-link\"><\/div><\/a>            \n\n   <div id=\"text-box-1619198882\" class=\"text-box banner-layer x50 md-x50 lg-x50 y10 md-y10 lg-y10 res-text\">\n                                <div class=\"text-box-content text dark\">\n              \n              <div class=\"text-inner text-center\">\n                  \n\n\t<div id=\"text-1185627970\" class=\"text\">\n\t\t\n\n<h3 class=\"uppercase\"><strong>Uzman<\/strong><\/h3>\n\t\t\n<style>\n#text-1185627970 {\n  font-size: 1.05rem;\n  color: rgb(0,0,0);\n}\n#text-1185627970 > * {\n  color: rgb(0,0,0);\n}\n<\/style>\n\t<\/div>\n\t\n\n              <\/div>\n           <\/div>\n                            \n<style>\n#text-box-1619198882 {\n  width: 72%;\n}\n#text-box-1619198882 .text-box-content {\n  font-size: 100%;\n}\n<\/style>\n    <\/div>\n \n\n        <\/div>\n      <\/div>\n\n            \n<style>\n#banner-1129831090 {\n  padding-top: 75%;\n}\n#banner-1129831090 .banner-bg img {\n  object-position: 50% 100%;\n}\n<\/style>\n  <\/div>\n\n\n\n\t\t<\/div>\n\t\t\t\t\t<\/div>\n\n\t\n\n<\/div>","protected":false},"excerpt":{"rendered":"","protected":false},"author":1,"featured_media":0,"parent":0,"menu_order":0,"comment_status":"closed","ping_status":"closed","template":"","meta":{"_acf_changed":false,"content-type":"","_monsterinsights_skip_tracking":false,"_monsterinsights_sitenote_active":false,"_monsterinsights_sitenote_note":"","_monsterinsights_sitenote_category":0,"footnotes":""},"class_list":["post-721","page","type-page","status-publish","hentry"],"acf":[],"aioseo_notices":[],"jetpack_sharing_enabled":true,"_links":{"self":[{"href":"https:\/\/antcube.shop\/tr\/wp-json\/wp\/v2\/pages\/721","targetHints":{"allow":["GET"]}}],"collection":[{"href":"https:\/\/antcube.shop\/tr\/wp-json\/wp\/v2\/pages"}],"about":[{"href":"https:\/\/antcube.shop\/tr\/wp-json\/wp\/v2\/types\/page"}],"author":[{"embeddable":true,"href":"https:\/\/antcube.shop\/tr\/wp-json\/wp\/v2\/users\/1"}],"replies":[{"embeddable":true,"href":"https:\/\/antcube.shop\/tr\/wp-json\/wp\/v2\/comments?post=721"}],"version-history":[{"count":10,"href":"https:\/\/antcube.shop\/tr\/wp-json\/wp\/v2\/pages\/721\/revisions"}],"predecessor-version":[{"id":6865,"href":"https:\/\/antcube.shop\/tr\/wp-json\/wp\/v2\/pages\/721\/revisions\/6865"}],"wp:attachment":[{"href":"https:\/\/antcube.shop\/tr\/wp-json\/wp\/v2\/media?parent=721"}],"curies":[{"name":"wp","href":"https:\/\/api.w.org\/{rel}","templated":true}]}}