{"id":702,"date":"2021-08-17T10:58:14","date_gmt":"2021-08-17T08:58:14","guid":{"rendered":"https:\/\/antcube.shop\/?page_id=702"},"modified":"2024-09-09T17:06:06","modified_gmt":"2024-09-09T15:06:06","slug":"kralice-karincalari-yakalamak","status":"publish","type":"page","link":"https:\/\/antcube.shop\/tr\/kralice-karincalari-yakalamak\/","title":{"rendered":"Krali\u00e7e Kar\u0131ncalar\u0131 Yakalamak"},"content":{"rendered":"<div id=\"gap-1375399504\" class=\"gap-element clearfix\" style=\"display:block; height:auto;\">\n\t\t\n<style>\n#gap-1375399504 {\n  padding-top: 177px;\n}\n@media (min-width:550px) {\n  #gap-1375399504 {\n    padding-top: 178px;\n  }\n}\n@media (min-width:850px) {\n  #gap-1375399504 {\n    padding-top: 75px;\n  }\n}\n<\/style>\n\t<\/div>\n\t\n\n\n  <div class=\"banner has-hover\" id=\"banner-527921339\">\n          <div class=\"banner-inner fill\">\n        <div class=\"banner-bg fill\" >\n            <img loading=\"lazy\" decoding=\"async\" width=\"1020\" height=\"571\" src=\"https:\/\/i0.wp.com\/antcube.shop\/wp-content\/uploads\/2021\/09\/Screenshot-2021-09-16-150304.png?fit=1020%2C571&amp;ssl=1\" class=\"bg attachment-large size-large\" alt=\"Test t\u00fcp\u00fc ve yayl\u0131 \u00e7elik c\u0131mb\u0131z ile krali\u00e7e kar\u0131nca nas\u0131l yakalan\u0131r\" \/>                        <div class=\"overlay\"><\/div>            \n                    <\/div>\n\t\t\n        <div class=\"banner-layers container\">\n            <div class=\"fill banner-link\"><\/div>            \n\n   <div id=\"text-box-223335999\" class=\"text-box banner-layer x50 md-x50 lg-x50 y50 md-y50 lg-y50 res-text\">\n                                <div class=\"text-box-content text dark text-shadow-3\">\n              \n              <div class=\"text-inner text-center\">\n                  \n\n<h3 class=\"uppercase\"><strong>kendi\u0307 krali\u0307\u00e7e karincanizi nasil yakalayabi\u0307li\u0307rsi\u0307ni\u0307z?<\/strong><\/h3>\n\n              <\/div>\n           <\/div>\n                            \n<style>\n#text-box-223335999 {\n  width: 60%;\n}\n#text-box-223335999 .text-box-content {\n  font-size: 100%;\n}\n<\/style>\n    <\/div>\n \n\n        <\/div>\n      <\/div>\n\n            \n<style>\n#banner-527921339 {\n  padding-top: 400px;\n}\n#banner-527921339 .overlay {\n  background-color: rgba(0, 0, 0, 0.17);\n}\n#banner-527921339 .banner-bg img {\n  object-position: 56% 82%;\n}\n@media (min-width:550px) {\n  #banner-527921339 {\n    padding-top: 500px;\n  }\n}\n<\/style>\n  <\/div>\n\n\n\t<div id=\"gap-1012700670\" class=\"gap-element clearfix\" style=\"display:block; height:auto;\">\n\t\t\n<style>\n#gap-1012700670 {\n  padding-top: 30px;\n}\n<\/style>\n\t<\/div>\n\t\n\n<div class=\"row\"  id=\"row-1071939211\">\n\n\n\t<div id=\"col-1032257956\" class=\"col medium-6 small-12 large-6\"  >\n\t\t\t\t<div class=\"col-inner\"  >\n\t\t\t\n\t\t\t\n\n<h3>Kendi krali\u00e7e kar\u0131ncan\u0131z\u0131 yakalay\u0131n<\/h3>\n<p>Kendi krali\u00e7e kar\u0131ncan\u0131z\u0131 yakalamak istiyorsan\u0131z, ya \u015fans\u0131n\u0131z ya da biraz haz\u0131rl\u0131k ve ara\u015ft\u0131rma yapman\u0131z gerekir.\u00a0<\/p>\n<p>Kar\u0131ncalar genellikle y\u0131lda bir kez \u00e7iftle\u015fme u\u00e7u\u015fu yaparlar. Sadece bu zamanda koloni, \u00fcreme hayvanlar\u0131 olarak adland\u0131r\u0131lan gen\u00e7 krali\u00e7eler ve erkek ar\u0131lar (erkek kar\u0131ncalar) olu\u015fturur. U\u00e7abilen tek kar\u0131ncalar bunlard\u0131r. Krali\u00e7eler bir ya da daha fazla erkekle \u00e7iftle\u015ftikten sonra kanatlar\u0131n\u0131 d\u00f6kerler. Erkekler, \u00e7iftle\u015fip \u00e7iftle\u015fmediklerine bak\u0131lmaks\u0131z\u0131n k\u0131sa bir s\u00fcre sonra (en fazla birka\u00e7 g\u00fcn) \u00f6l\u00fcrler. <br \/>Gen\u00e7 krali\u00e7eler \u00e7iftle\u015fme u\u00e7u\u015flar\u0131n\u0131 tamamlad\u0131ktan sonra kolonilerini kurmak i\u00e7in uygun bir yer ararlar. Kanatlar\u0131n\u0131 d\u00f6kerler ve yuvalar\u0131n\u0131 kazmaya ba\u015flarlar. Bu onlar\u0131 toplamak i\u00e7in m\u00fckemmel bir and\u0131r. Art\u0131k kanatlar\u0131 kalmad\u0131\u011f\u0131nda \u00e7iftle\u015ftiklerinden emin olabilirsiniz.<\/p>\n<p>Onlar\u0131 toplaman\u0131n en iyi yolu yayl\u0131 \u00e7elik c\u0131mb\u0131z kullanmakt\u0131r. Bunlarla hayvanlar\u0131 incitmeden yakalayabilirsiniz.<\/p>\n<p>Onlar\u0131 bir test t\u00fcp\u00fcne veya havaland\u0131rma delikleri olan k\u00fc\u00e7\u00fck bir kutuya yerle\u015ftirin. Baz\u0131 t\u00fcrler ayr\u0131 ayr\u0131 ta\u015f\u0131nmal\u0131d\u0131r, di\u011ferleri ise kendi aralar\u0131nda daha az agresif olduklar\u0131 i\u00e7in bir kapta k\u0131sa bir s\u00fcre birlikte tutulabilir. Farkl\u0131 t\u00fcrler her zaman ayr\u0131 tutulmal\u0131d\u0131r.<\/p>\n<p>Krali\u00e7e kar\u0131ncalar\u0131n\u0131z\u0131 ne zaman ve nerede bulabilece\u011finizi \u00f6\u011frenmek i\u00e7in art\u0131k internette bir\u00e7ok \"\u00e7iftle\u015fme u\u00e7u\u015f \u00e7izelgesi\" bulunmaktad\u0131r. Bu sayfan\u0131n ilerleyen k\u0131s\u0131mlar\u0131nda iki \u00f6rne\u011fe link verdik.<\/p>\n<p>L\u00fctfen koruma alt\u0131ndaki veya nesli t\u00fckenmekte olan bir t\u00fcr\u00fc toplamad\u0131\u011f\u0131n\u0131zdan emin olun, d\u00fcnyan\u0131n t\u00fcm \u00fclkelerinde \u00e7ok sa\u011fl\u0131kl\u0131 pop\u00fclasyonlara sahip fazlas\u0131yla t\u00fcr var.<\/p>\n<p><strong>Almanca evlilik u\u00e7u\u015f \u00e7izelgesi:<\/strong><\/p>\n<p><a href=\"https:\/\/www.ameisenforum.de\/schwarmflug.php\">Ameisenforum.de<\/a><\/p>\n<p><strong>\u0130ngilizce evlilik u\u00e7u\u015f \u00e7izelgesi:<\/strong><\/p>\n<p><a href=\"https:\/\/antflights.com\/stats\/flights\">Antflights.com<\/a><\/p>\n\n\t\t<\/div>\n\t\t\t\t\t<\/div>\n\n\t\n\n\t<div id=\"col-1571448844\" class=\"col medium-6 small-12 large-6\"  >\n\t\t\t\t<div class=\"col-inner\"  >\n\t\t\t\n\t\t\t\n\n\t<div class=\"img has-hover x md-x lg-x y md-y lg-y\" id=\"image_1452312857\">\n\t\t<a class=\"image-lightbox lightbox-gallery\" title=\"\" href=\"https:\/\/i0.wp.com\/antcube.shop\/wp-content\/uploads\/2021\/07\/Lasius-niger.jpg?ssl=1\">\t\t\t\t\t\t<div class=\"img-inner dark\" >\n\t\t\t<img data-recalc-dims=\"1\" loading=\"lazy\" decoding=\"async\" width=\"1000\" height=\"1000\" src=\"https:\/\/i0.wp.com\/antcube.shop\/wp-content\/uploads\/2021\/07\/Lasius-niger.jpg?resize=1000%2C1000&#038;ssl=1\" class=\"attachment-original size-original\" alt=\"Beyaz zemin \u00fczerinde Lasius niger krali\u00e7e kar\u0131nca makrosu\" srcset=\"https:\/\/i0.wp.com\/antcube.shop\/wp-content\/uploads\/2021\/07\/Lasius-niger.jpg?w=1000&amp;ssl=1 1000w, https:\/\/i0.wp.com\/antcube.shop\/wp-content\/uploads\/2021\/07\/Lasius-niger.jpg?resize=247%2C247&amp;ssl=1 247w, https:\/\/i0.wp.com\/antcube.shop\/wp-content\/uploads\/2021\/07\/Lasius-niger.jpg?resize=100%2C100&amp;ssl=1 100w, https:\/\/i0.wp.com\/antcube.shop\/wp-content\/uploads\/2021\/07\/Lasius-niger.jpg?resize=510%2C510&amp;ssl=1 510w, https:\/\/i0.wp.com\/antcube.shop\/wp-content\/uploads\/2021\/07\/Lasius-niger.jpg?resize=400%2C400&amp;ssl=1 400w, https:\/\/i0.wp.com\/antcube.shop\/wp-content\/uploads\/2021\/07\/Lasius-niger.jpg?resize=800%2C800&amp;ssl=1 800w, https:\/\/i0.wp.com\/antcube.shop\/wp-content\/uploads\/2021\/07\/Lasius-niger.jpg?resize=280%2C280&amp;ssl=1 280w, https:\/\/i0.wp.com\/antcube.shop\/wp-content\/uploads\/2021\/07\/Lasius-niger.jpg?resize=768%2C768&amp;ssl=1 768w\" sizes=\"auto, (max-width: 1000px) 100vw, 1000px\" \/>\t\t\t\t\t\t\n\t\t\t\t\t<\/div>\n\t\t\t\t\t\t<\/a>\t\t\n<style>\n#image_1452312857 {\n  width: 100%;\n}\n<\/style>\n\t<\/div>\n\t\n\n\t<div id=\"text-725336712\" class=\"text\">\n\t\t\n\n<p>Lasius niger krali\u00e7e<\/p>\n\t\t\n<style>\n#text-725336712 {\n  text-align: center;\n}\n<\/style>\n\t<\/div>\n\t\n\n\t\t<\/div>\n\t\t\t\t\t<\/div>\n\n\t\n\n<\/div>","protected":false},"excerpt":{"rendered":"","protected":false},"author":1,"featured_media":0,"parent":0,"menu_order":0,"comment_status":"closed","ping_status":"closed","template":"","meta":{"_acf_changed":false,"content-type":"","_monsterinsights_skip_tracking":false,"_monsterinsights_sitenote_active":false,"_monsterinsights_sitenote_note":"","_monsterinsights_sitenote_category":0,"footnotes":""},"class_list":["post-702","page","type-page","status-publish","hentry"],"acf":[],"aioseo_notices":[],"jetpack_sharing_enabled":true,"_links":{"self":[{"href":"https:\/\/antcube.shop\/tr\/wp-json\/wp\/v2\/pages\/702","targetHints":{"allow":["GET"]}}],"collection":[{"href":"https:\/\/antcube.shop\/tr\/wp-json\/wp\/v2\/pages"}],"about":[{"href":"https:\/\/antcube.shop\/tr\/wp-json\/wp\/v2\/types\/page"}],"author":[{"embeddable":true,"href":"https:\/\/antcube.shop\/tr\/wp-json\/wp\/v2\/users\/1"}],"replies":[{"embeddable":true,"href":"https:\/\/antcube.shop\/tr\/wp-json\/wp\/v2\/comments?post=702"}],"version-history":[{"count":10,"href":"https:\/\/antcube.shop\/tr\/wp-json\/wp\/v2\/pages\/702\/revisions"}],"predecessor-version":[{"id":9149,"href":"https:\/\/antcube.shop\/tr\/wp-json\/wp\/v2\/pages\/702\/revisions\/9149"}],"wp:attachment":[{"href":"https:\/\/antcube.shop\/tr\/wp-json\/wp\/v2\/media?parent=702"}],"curies":[{"name":"wp","href":"https:\/\/api.w.org\/{rel}","templated":true}]}}