{"id":700,"date":"2021-08-17T10:57:40","date_gmt":"2021-08-17T08:57:40","guid":{"rendered":"https:\/\/antcube.shop\/?page_id=700"},"modified":"2026-02-09T11:09:28","modified_gmt":"2026-02-09T10:09:28","slug":"karinca-tutma","status":"publish","type":"page","link":"https:\/\/antcube.shop\/tr\/karinca-tutma\/","title":{"rendered":"Kar\u0131nca bak\u0131m\u0131 hakk\u0131nda"},"content":{"rendered":"<div id=\"page-header-1359030259\" class=\"page-header-wrapper\">\n  <div class=\"page-title dark featured-title\">\n\n        <div class=\"page-title-bg\">\n      <div class=\"title-bg fill bg-fill\"\n        data-parallax-container=\".page-title\"\n        data-parallax-background\n data-parallax=\"-\">\n      <\/div>\n      <div class=\"title-overlay fill\"><\/div>\n    <\/div>\n    \n    <div class=\"page-title-inner container align-center flex-row medium-flex-wrap\" >\n              <div class=\"title-wrapper flex-col text-left medium-text-center\">\n          <h1 class=\"entry-title mb-0\">\n            Kar\u0131nca bak\u0131m\u0131 hakk\u0131nda          <\/h1>\n        <\/div>\n                    <div class=\"title-content flex-col flex-right text-right medium-text-center\">\n        <div class=\"title-share pt-half pb-half\"><div class=\"social-icons share-icons share-row relative icon-style-outline\" ><a href=\"whatsapp:\/\/send?text=About%20ant%20keeping - https:\/\/antcube.shop\/tr\/karinca-tutma\/\" data-action=\"share\/whatsapp\/share\" class=\"icon button circle is-outline tooltip whatsapp show-for-medium\" title=\"WhatsApp&#039; ta payla\u015f\" aria-label=\"WhatsApp&#039; ta payla\u015f\"><i class=\"icon-whatsapp\" aria-hidden=\"true\"><\/i><\/a><a href=\"https:\/\/www.facebook.com\/sharer.php?u=https:\/\/antcube.shop\/tr\/karinca-tutma\/\" data-label=\"Facebook\" onclick=\"window.open(this.href,this.title,'width=500,height=500,top=300px,left=300px'); return false;\" target=\"_blank\" class=\"icon button circle is-outline tooltip facebook\" title=\"Facebook&#039;ta payla\u015f\" aria-label=\"Facebook&#039;ta payla\u015f\" rel=\"noopener nofollow\"><i class=\"icon-facebook\" aria-hidden=\"true\"><\/i><\/a><a href=\"https:\/\/twitter.com\/share?url=https:\/\/antcube.shop\/tr\/karinca-tutma\/\" onclick=\"window.open(this.href,this.title,'width=500,height=500,top=300px,left=300px'); return false;\" target=\"_blank\" class=\"icon button circle is-outline tooltip twitter\" title=\"Twitter&#039;da payla\u015f\" aria-label=\"Twitter&#039;da payla\u015f\" rel=\"noopener nofollow\"><i class=\"icon-twitter\" aria-hidden=\"true\"><\/i><\/a><a href=\"mailto:?subject=About%20ant%20keeping&body=Buna%20bir%20g%C3%B6z%20at%3A%20https%3A%2F%2Fantcube.shop%2Ftr%2Fkarinca-tutma%2F\" class=\"icon button circle is-outline tooltip email\" title=\"Arkada\u015f\u0131na e-posta ile g\u00f6nder\" aria-label=\"Arkada\u015f\u0131na e-posta ile g\u00f6nder\" rel=\"nofollow\"><i class=\"icon-envelop\" aria-hidden=\"true\"><\/i><\/a><a href=\"https:\/\/pinterest.com\/pin\/create\/button?url=https:\/\/antcube.shop\/tr\/karinca-tutma\/&media&description=About%20ant%20keeping\" onclick=\"window.open(this.href,this.title,'width=500,height=500,top=300px,left=300px'); return false;\" target=\"_blank\" class=\"icon button circle is-outline tooltip pinterest\" title=\"Pinterest&#039; te pinle\" aria-label=\"Pinterest&#039; te pinle\" rel=\"noopener nofollow\"><i class=\"icon-pinterest\" aria-hidden=\"true\"><\/i><\/a><\/div><\/div>      <\/div>\n    <\/div>\n\n     \n<style>\n#page-header-1359030259 .page-title-inner {\n  min-height: 500px;\n}\n#page-header-1359030259 {\n  margin-bottom: 0px;\n}\n#page-header-1359030259 .title-bg {\n  background-image: url(https:\/\/antcube.shop\/wp-content\/uploads\/2021\/08\/ant-5094995_1920.jpg);\n  background-position: 65% 56%;\n}\n#page-header-1359030259 .title-overlay {\n  background-color: rgba(255, 255, 255, 0);\n}\n@media (min-width:550px) {\n  #page-header-1359030259 .page-title-inner {\n    min-height: 500px;\n  }\n}\n<\/style>\n  <\/div>\n    <\/div>\n  \n\n\t<div id=\"gap-1719535231\" class=\"gap-element clearfix\" style=\"display:block; height:auto;\">\n\t\t\n<style>\n#gap-1719535231 {\n  padding-top: 15px;\n}\n<\/style>\n\t<\/div>\n\t\n\n<div class=\"row\"  id=\"row-28248743\">\n\n\n\t<div id=\"col-1077966143\" class=\"col medium-6 small-12 large-6\"  >\n\t\t\t\t<div class=\"col-inner\"  >\n\t\t\t\n\t\t\t\n\n<h3>Kar\u0131nca tutmak nedir?<\/h3>\n<p>Kar\u0131nca bak\u0131c\u0131l\u0131\u011f\u0131, kar\u0131ncalar\u0131n ve kar\u0131nca kolonilerinin bak\u0131m\u0131 ve g\u00f6zlemlenmesidir. Kar\u0131nca beslemek son y\u0131llarda \u00e7ok pop\u00fcler bir hobi haline gelmi\u015ftir. Bilinen ilk formikaryum (kar\u0131ncalar i\u00e7in teraryum) 1900'lerde Paris'teki D\u00fcnya Fuar\u0131'nda g\u00f6sterilmi\u015f olsa da, ilk formikaryumlar 1956'da \"Milton Amca'n\u0131n Kar\u0131nca \u00c7iftli\u011fi \"ne kadar serbest\u00e7e sat\u0131n al\u0131namam\u0131\u015ft\u0131.<\/p>\n<p>Birka\u00e7 y\u0131ld\u0131r, \u00e7o\u011fu plastikten yap\u0131lm\u0131\u015f olan bir\u00e7ok farkl\u0131 formikaryum tedarik\u00e7isi bulunmaktad\u0131r. Normalde bir formikaryum, hayvanlar i\u00e7in yuvalama alan\u0131 olarak kullan\u0131lan bir \u00e7iftlik ile hayvanlar\u0131n beslenmesi ve egzersiz alan\u0131 olarak kullan\u0131lan bir arenadan olu\u015fur.<\/p>\n\n\t\t<\/div>\n\t\t\t\t\t<\/div>\n\n\t\n\n\t<div id=\"col-627856579\" class=\"col medium-6 small-12 large-6\"  >\n\t\t\t\t<div class=\"col-inner\"  >\n\t\t\t\n\t\t\t\n\n\t<div class=\"img has-hover x md-x lg-x y md-y lg-y\" id=\"image_1614662576\">\n\t\t<a class=\"image-lightbox lightbox-gallery\" title=\"\" href=\"https:\/\/i0.wp.com\/antcube.shop\/wp-content\/uploads\/2021\/07\/Meranoplus-Bicolor-scaled.jpg?fit=900%2C600&#038;ssl=1\">\t\t\t\t\t\t<div class=\"img-inner image-zoom-long dark\" >\n\t\t\t<img data-recalc-dims=\"1\" loading=\"lazy\" decoding=\"async\" width=\"1020\" height=\"680\" src=\"https:\/\/i0.wp.com\/antcube.shop\/wp-content\/uploads\/2021\/07\/Meranoplus-Bicolor-scaled.jpg?resize=1020%2C680&#038;ssl=1\" class=\"attachment-original size-original\" alt=\"E\u011frelti yapra\u011f\u0131 \u00fczerinde Meranoplus bicolor kar\u0131nca t\u00fcr\u00fc makro ANTSTORE ANTCUBE\" srcset=\"https:\/\/i0.wp.com\/antcube.shop\/wp-content\/uploads\/2021\/07\/Meranoplus-Bicolor-scaled.jpg?w=2560&amp;ssl=1 2560w, https:\/\/i0.wp.com\/antcube.shop\/wp-content\/uploads\/2021\/07\/Meranoplus-Bicolor-scaled.jpg?resize=510%2C340&amp;ssl=1 510w, https:\/\/i0.wp.com\/antcube.shop\/wp-content\/uploads\/2021\/07\/Meranoplus-Bicolor-scaled.jpg?resize=600%2C400&amp;ssl=1 600w, https:\/\/i0.wp.com\/antcube.shop\/wp-content\/uploads\/2021\/07\/Meranoplus-Bicolor-scaled.jpg?resize=1200%2C800&amp;ssl=1 1200w, https:\/\/i0.wp.com\/antcube.shop\/wp-content\/uploads\/2021\/07\/Meranoplus-Bicolor-scaled.jpg?resize=768%2C512&amp;ssl=1 768w, https:\/\/i0.wp.com\/antcube.shop\/wp-content\/uploads\/2021\/07\/Meranoplus-Bicolor-scaled.jpg?resize=1536%2C1024&amp;ssl=1 1536w, https:\/\/i0.wp.com\/antcube.shop\/wp-content\/uploads\/2021\/07\/Meranoplus-Bicolor-scaled.jpg?resize=2048%2C1365&amp;ssl=1 2048w\" sizes=\"auto, (max-width: 1020px) 100vw, 1020px\" \/>\t\t\t\t\t\t\n\t\t\t\t\t<\/div>\n\t\t\t\t\t\t<\/a>\t\t\n<style>\n#image_1614662576 {\n  width: 100%;\n}\n<\/style>\n\t<\/div>\n\t\n\n\t<div id=\"text-923998515\" class=\"text\">\n\t\t\n\n<p>Meranoplus bicolor<\/p>\n\t\t\n<style>\n#text-923998515 {\n  text-align: center;\n}\n<\/style>\n\t<\/div>\n\t\n\n\t\t<\/div>\n\t\t\t\t\t<\/div>\n\n\t\n\n<\/div>\n<div class=\"row\"  id=\"row-1756450058\">\n\n\n\t<div id=\"col-279359648\" class=\"col medium-6 small-12 large-6\"  >\n\t\t\t\t<div class=\"col-inner\"  >\n\t\t\t\n\t\t\t\n\n<h3>Kar\u0131nca beslemenin ard\u0131nda ne var?<\/h3>\n<p>Kar\u0131ncalar inan\u0131lmaz derecede b\u00fcy\u00fcleyicidir. Tek bir krali\u00e7enin y\u0131llar boyunca ilk i\u015f\u00e7ilerini yeti\u015ftirmesini ve ard\u0131ndan m\u00fckemmel bir i\u015fbirli\u011fi ve kaynak kullan\u0131m\u0131yla kolonisinin y\u0131llar i\u00e7inde binlerce \u00fcyeye ula\u015fmas\u0131n\u0131 izlemek e\u015fsiz bir deneyimdir. Son derece sosyal hayvanlard\u0131r ve baz\u0131 t\u00fcrler i\u015f\u00e7iler, askerler, \u00e7ift\u00e7iler ve hatta hem\u015fireler gibi farkl\u0131 kastlar olu\u015fturur. Ve tahmin edin ne oldu, hepsi di\u015fi.<\/p>\n<p>Kar\u0131ncalar \u00e7evremiz i\u00e7in inan\u0131lmaz derecede \u00f6nemlidir. Sadece d\u00fcnyadaki ya\u015fanabilir her ekosistemde bulunmakla kalmazlar, ayn\u0131 zamanda di\u011fer t\u00fcm t\u00fcrlerden daha uzmanla\u015fm\u0131\u015f ve \u00e7ok y\u00f6nl\u00fcd\u00fcrler. Kar\u0131ncalar ya\u015fam bi\u00e7imleri bak\u0131m\u0131ndan da bize benzerler. \u0130\u015f b\u00f6l\u00fcm\u00fc, dar bir alanda b\u00fcy\u00fck koloniler halinde birlikte ya\u015fama ve t\u00fcm ekosistemlerde besin zincirinin farkl\u0131 seviyelerini kullanma onlar\u0131 t\u0131pk\u0131 biz insanlar gibi \u00e7ok ba\u015far\u0131l\u0131 k\u0131l\u0131yor. Tek fark, biz insanlar kadar verimli de\u011filiz ve kar\u0131ncalar 130 milyon y\u0131ldan fazla bir s\u00fcredir var olurken, insanlar sadece 300.000 y\u0131ld\u0131r var.<\/p>\n<p>\u00a0<\/p>\n<p>Hangi kar\u0131nca t\u00fcr\u00fcn\u00fc beslemek istedi\u011finize karar vermenize yard\u0131mc\u0131 olmas\u0131 i\u00e7in <a href=\"https:\/\/antcube.shop\/ant-finder\/\">&#8220;<strong>Kar\u0131nca Bulucu<\/strong>&#8220;<\/a><\/p>\n\n\t\t<\/div>\n\t\t\t\t\t<\/div>\n\n\t\n\n\t<div id=\"col-1623786469\" class=\"col medium-6 small-12 large-6\"  >\n\t\t\t\t<div class=\"col-inner\"  >\n\t\t\t\n\t\t\t\n\n\t<div class=\"img has-hover x md-x lg-x y md-y lg-y\" id=\"image_1040479431\">\n\t\t<a class=\"image-lightbox lightbox-gallery\" title=\"\" href=\"https:\/\/i0.wp.com\/antcube.shop\/wp-content\/uploads\/2021\/07\/Camponotus-micans-Startbild.jpg?fit=800%2C600&#038;ssl=1\">\t\t\t\t\t\t<div class=\"img-inner image-zoom-long dark\" >\n\t\t\t<img data-recalc-dims=\"1\" loading=\"lazy\" decoding=\"async\" width=\"1020\" height=\"765\" src=\"https:\/\/i0.wp.com\/antcube.shop\/wp-content\/uploads\/2021\/07\/Camponotus-micans-Startbild.jpg?resize=1020%2C765&#038;ssl=1\" class=\"attachment-original size-original\" alt=\"Camponotus micans krali\u00e7e kar\u0131nca, yavrular\u0131 ve i\u015f\u00e7ileri ile beyaz zemin \u00fczerinde makro\" srcset=\"https:\/\/i0.wp.com\/antcube.shop\/wp-content\/uploads\/2021\/07\/Camponotus-micans-Startbild.jpg?w=2048&amp;ssl=1 2048w, https:\/\/i0.wp.com\/antcube.shop\/wp-content\/uploads\/2021\/07\/Camponotus-micans-Startbild.jpg?resize=510%2C383&amp;ssl=1 510w, https:\/\/i0.wp.com\/antcube.shop\/wp-content\/uploads\/2021\/07\/Camponotus-micans-Startbild.jpg?resize=533%2C400&amp;ssl=1 533w, https:\/\/i0.wp.com\/antcube.shop\/wp-content\/uploads\/2021\/07\/Camponotus-micans-Startbild.jpg?resize=1067%2C800&amp;ssl=1 1067w, https:\/\/i0.wp.com\/antcube.shop\/wp-content\/uploads\/2021\/07\/Camponotus-micans-Startbild.jpg?resize=768%2C576&amp;ssl=1 768w, https:\/\/i0.wp.com\/antcube.shop\/wp-content\/uploads\/2021\/07\/Camponotus-micans-Startbild.jpg?resize=1536%2C1152&amp;ssl=1 1536w\" sizes=\"auto, (max-width: 1020px) 100vw, 1020px\" \/>\t\t\t\t\t\t\n\t\t\t\t\t<\/div>\n\t\t\t\t\t\t<\/a>\t\t\n<style>\n#image_1040479431 {\n  width: 100%;\n}\n<\/style>\n\t<\/div>\n\t\n\n\t<div id=\"text-1000287560\" class=\"text\">\n\t\t\n\n<p>Camponotus micans<\/p>\n\t\t\n<style>\n#text-1000287560 {\n  text-align: center;\n}\n<\/style>\n\t<\/div>\n\t\n\n\t\t<\/div>\n\t\t\t\t\t<\/div>\n\n\t\n\n<\/div>\n<div class=\"row\"  id=\"row-1861648937\">\n\n\n\t<div id=\"col-1573943618\" class=\"col medium-6 small-12 large-6\"  >\n\t\t\t\t<div class=\"col-inner\"  >\n\t\t\t\n\t\t\t\n\n<h3>Ne t\u00fcr bir Formikaryuma ihtiyac\u0131m var?<\/h3>\n<p>Kar\u0131ncalar neredeyse t\u00fcm farkl\u0131 ekosistemlerde bulunduklar\u0131ndan, bak\u0131m ihtiya\u00e7lar\u0131 da farkl\u0131d\u0131r. \u015eehirlerimizde, ormanlarda, \u00e7\u00f6llerde, da\u011flarda, tropikal b\u00f6lgelerde ve hatta mangrovlarda ve subarktik b\u00f6lgelerde kar\u0131ncalar vard\u0131r.<\/p>\n<p>Ya\u015fad\u0131klar\u0131 habitatlar farkl\u0131 oldu\u011fu gibi, yuva t\u00fcrleri de farkl\u0131d\u0131r. En yayg\u0131n yuva \u015fekli yer yuvas\u0131d\u0131r. Di\u011fer t\u00fcrler, \u00f6rne\u011fin \u00f6l\u00fc odunlarda, a\u011fa\u00e7lardaki oyuklarda ve ta\u015flar\u0131n aras\u0131nda, t\u00fcmsek yuvalarda veya kar\u0131nca bitkileri olarak adland\u0131r\u0131lan yerlerde ya\u015farlar. Daha az yayg\u0131n olan di\u011fer yuva t\u00fcrleri ise toplay\u0131c\u0131 kar\u0131ncalar\u0131n bivak yuvalar\u0131, dokumac\u0131 kar\u0131ncalar\u0131n ipek yuvalar\u0131 veya Lasisus fuliginosus'un karton yuvalar\u0131d\u0131r.<\/p>\n<p>Kar\u0131ncalar\u0131 ba\u015far\u0131l\u0131 bir \u015fekilde beslemek i\u00e7in do\u011fal ko\u015fullar\u0131 m\u00fcmk\u00fcn oldu\u011funca yak\u0131ndan taklit etmek gerekti\u011fi kan\u0131tlanm\u0131\u015ft\u0131r. Bu nedenle, uzun s\u00fcredir farkl\u0131 malzemeler ve yuva ve arena alanlar\u0131n\u0131n kombinasyonlar\u0131n\u0131 deniyoruz ve piyasada bulunan t\u00fcm kar\u0131nca t\u00fcrleri i\u00e7in bir ba\u015flang\u0131\u00e7 seti geli\u015ftirdik.<\/p>\n<p>\u00a0<\/p>\n<p>Beslemek istedi\u011finiz kar\u0131nca t\u00fcr\u00fcne en uygun Ba\u015flang\u0131\u00e7 Setini bulmak i\u00e7in \u00f6rne\u011fin \"<strong><a href=\"https:\/\/antcube.shop\/formicarium-finder\/\">Ba\u015flang\u0131\u00e7 Seti Bulucu<\/a><\/strong>&#8221;\u00a0<\/p>\n\n\t\t<\/div>\n\t\t\t\t\t<\/div>\n\n\t\n\n\t<div id=\"col-537275374\" class=\"col medium-6 small-12 large-6\"  >\n\t\t\t\t<div class=\"col-inner\"  >\n\t\t\t\n\t\t\t\n\n\t<div class=\"img has-hover x md-x lg-x y md-y lg-y\" id=\"image_1454608441\">\n\t\t\t\t\t\t<div data-animate=\"fadeInUp\">\t\t<div class=\"img-inner image-zoom-long dark\" >\n\t\t\t<img data-recalc-dims=\"1\" loading=\"lazy\" decoding=\"async\" width=\"1020\" height=\"1020\" src=\"https:\/\/i0.wp.com\/antcube.shop\/wp-content\/uploads\/2021\/07\/Starter-Set-Combi.jpg?resize=1020%2C1020&#038;ssl=1\" class=\"attachment-original size-original\" alt=\"ANTCUBE Ba\u015flang\u0131\u00e7 Seti Combi, Kar\u0131nca beslemeye d\u00fc\u015f\u00fck fiyatl\u0131 bir ba\u015flang\u0131\u00e7. Bu Set, kar\u0131nca kolonisi i\u00e7in entegre yuva alan\u0131na sahip bir Arena i\u00e7erir\" srcset=\"https:\/\/i0.wp.com\/antcube.shop\/wp-content\/uploads\/2021\/07\/Starter-Set-Combi.jpg?w=2000&amp;ssl=1 2000w, https:\/\/i0.wp.com\/antcube.shop\/wp-content\/uploads\/2021\/07\/Starter-Set-Combi.jpg?resize=247%2C247&amp;ssl=1 247w, https:\/\/i0.wp.com\/antcube.shop\/wp-content\/uploads\/2021\/07\/Starter-Set-Combi.jpg?resize=100%2C100&amp;ssl=1 100w, https:\/\/i0.wp.com\/antcube.shop\/wp-content\/uploads\/2021\/07\/Starter-Set-Combi.jpg?resize=510%2C510&amp;ssl=1 510w, https:\/\/i0.wp.com\/antcube.shop\/wp-content\/uploads\/2021\/07\/Starter-Set-Combi.jpg?resize=400%2C400&amp;ssl=1 400w, https:\/\/i0.wp.com\/antcube.shop\/wp-content\/uploads\/2021\/07\/Starter-Set-Combi.jpg?resize=800%2C800&amp;ssl=1 800w, https:\/\/i0.wp.com\/antcube.shop\/wp-content\/uploads\/2021\/07\/Starter-Set-Combi.jpg?resize=280%2C280&amp;ssl=1 280w, https:\/\/i0.wp.com\/antcube.shop\/wp-content\/uploads\/2021\/07\/Starter-Set-Combi.jpg?resize=768%2C768&amp;ssl=1 768w, https:\/\/i0.wp.com\/antcube.shop\/wp-content\/uploads\/2021\/07\/Starter-Set-Combi.jpg?resize=1536%2C1536&amp;ssl=1 1536w\" sizes=\"auto, (max-width: 1020px) 100vw, 1020px\" \/>\t\t\t\t\t\t\n\t\t\t\t\t<\/div>\n\t\t<\/div>\t\t\t\t\t\t\n<style>\n#image_1454608441 {\n  width: 100%;\n}\n<\/style>\n\t<\/div>\n\t\n\n\n\t\t<\/div>\n\t\t\t\t\t<\/div>\n\n\t\n\n<\/div>","protected":false},"excerpt":{"rendered":"","protected":false},"author":1,"featured_media":0,"parent":0,"menu_order":0,"comment_status":"closed","ping_status":"closed","template":"","meta":{"_acf_changed":false,"content-type":"","_monsterinsights_skip_tracking":false,"_monsterinsights_sitenote_active":false,"_monsterinsights_sitenote_note":"","_monsterinsights_sitenote_category":0,"footnotes":""},"class_list":["post-700","page","type-page","status-publish","hentry"],"acf":[],"aioseo_notices":[],"jetpack_sharing_enabled":true,"_links":{"self":[{"href":"https:\/\/antcube.shop\/tr\/wp-json\/wp\/v2\/pages\/700","targetHints":{"allow":["GET"]}}],"collection":[{"href":"https:\/\/antcube.shop\/tr\/wp-json\/wp\/v2\/pages"}],"about":[{"href":"https:\/\/antcube.shop\/tr\/wp-json\/wp\/v2\/types\/page"}],"author":[{"embeddable":true,"href":"https:\/\/antcube.shop\/tr\/wp-json\/wp\/v2\/users\/1"}],"replies":[{"embeddable":true,"href":"https:\/\/antcube.shop\/tr\/wp-json\/wp\/v2\/comments?post=700"}],"version-history":[{"count":10,"href":"https:\/\/antcube.shop\/tr\/wp-json\/wp\/v2\/pages\/700\/revisions"}],"predecessor-version":[{"id":7096,"href":"https:\/\/antcube.shop\/tr\/wp-json\/wp\/v2\/pages\/700\/revisions\/7096"}],"wp:attachment":[{"href":"https:\/\/antcube.shop\/tr\/wp-json\/wp\/v2\/media?parent=700"}],"curies":[{"name":"wp","href":"https:\/\/api.w.org\/{rel}","templated":true}]}}