{"id":645,"date":"2021-07-30T13:36:43","date_gmt":"2021-07-30T11:36:43","guid":{"rendered":"https:\/\/antcube.shop\/?page_id=645"},"modified":"2024-11-29T15:29:21","modified_gmt":"2024-11-29T14:29:21","slug":"erisim-duzenlemesi","status":"publish","type":"page","link":"https:\/\/antcube.shop\/tr\/erisim-duzenlemesi\/","title":{"rendered":"REACH Y\u00f6netmeli\u011fi"},"content":{"rendered":"<div id=\"gap-1594755504\" class=\"gap-element clearfix\" style=\"display:block; height:auto;\">\n\t\t\n<style>\n#gap-1594755504 {\n  padding-top: 198px;\n}\n@media (min-width:850px) {\n  #gap-1594755504 {\n    padding-top: 190px;\n  }\n}\n<\/style>\n\t<\/div>\n\t\n\n<div class=\"row\"  id=\"row-2024242733\">\n\n\n\t<div id=\"col-1367218887\" class=\"col small-12 large-12\"  >\n\t\t\t\t<div class=\"col-inner\"  >\n\t\t\t\n\t\t\t\n\n<h3><b>\u00dcr\u00fcnlerimizin REACH uygunlu\u011fu<\/b><\/h3>\n<ol>\n<li><b> REACH y\u00f6netmeli\u011fine g\u00f6re \u00fcr\u00fcnlerimizin durumu <\/b><b><br \/><\/b><span style=\"font-weight: 400;\">ANTSTORE \u00fcr\u00fcnleri \u015fu \u015fekilde tan\u0131mlan\u0131r <\/span><b>Makaleler <\/b><span style=\"font-weight: 400;\">REACH y\u00f6netmeli\u011fine g\u00f6re.<\/span><\/li>\n<\/ol>\n<ul>\n<li style=\"font-weight: 400;\" aria-level=\"1\"><span style=\"font-weight: 400;\">\u0130\u015flevleri \u00f6ncelikle a\u015fa\u011f\u0131dakiler taraf\u0131ndan belirlenir <\/span><b>\u015fekilleri, bi\u00e7imleri ve y\u00fczeyleri<\/b><span style=\"font-weight: 400;\">kimyasal bile\u015fimlerine g\u00f6re de\u011fil.<\/span><\/li>\n<li style=\"font-weight: 400;\" aria-level=\"1\"><b>Kay\u0131t yapt\u0131rma zorunlulu\u011fu yoktur <\/b><span style=\"font-weight: 400;\">REACH T\u00fcz\u00fc\u011f\u00fc kapsam\u0131nda bu \u00fcr\u00fcnler.<\/span><\/li>\n<\/ul>\n<ol start=\"2\">\n<li><b> SVHC maddeleri (\u00e7ok y\u00fcksek \u00f6nem arz eden maddeler)<\/b><\/li>\n<\/ol>\n<ul>\n<li style=\"font-weight: 400;\" aria-level=\"1\"><span style=\"font-weight: 400;\">\u00dcr\u00fcnlerimiz <\/span><b>herhangi bir madde i\u00e7ermez <\/b><span style=\"font-weight: 400;\">olarak tan\u0131mlanan k\u00fctlece y\u00fczde 0,1'den daha fazla i\u00e7eri\u011fe sahip <\/span><b>SVHC <\/b><span style=\"font-weight: 400;\">REACH T\u00fcz\u00fc\u011f\u00fcn\u00fcn 57. Maddesine g\u00f6re (Y\u00fcksek \u00d6nem Arz Eden Maddeler) ve T\u00fcz\u00fc\u011f\u00fcn Ek XIV'\u00fcnde listelenmi\u015ftir (\"aday liste\" olarak adland\u0131r\u0131l\u0131r).<\/span><\/li>\n<\/ul>\n<p><b>3 Alt kullan\u0131c\u0131 olarak rol <\/b><b><br \/><\/b><span style=\"font-weight: 400;\">REACH t\u00fcz\u00fc\u011f\u00fcne g\u00f6re, \u015firketimiz bir <\/span><b>a\u015fa\u011f\u0131 ak\u0131\u015f kullan\u0131c\u0131s\u0131<\/b><span style=\"font-weight: 400;\">.<\/span><\/p>\n<ul>\n<li style=\"font-weight: 400;\" aria-level=\"1\"><span style=\"font-weight: 400;\">\u00dcretim s\u00fcrecinde kullan\u0131lan t\u00fcm maddeler ve m\u00fcstahzarlar i\u00e7in (\u00f6rn. yap\u0131\u015ft\u0131r\u0131c\u0131lar, boyalar, ya\u011flay\u0131c\u0131lar):<\/span>\n<ul>\n<li style=\"font-weight: 400;\" aria-level=\"2\"><span style=\"font-weight: 400;\">Tedarik\u00e7ilerimizden kullan\u0131m amac\u0131na ve (mevcut) kullan\u0131ma ili\u015fkin teyit ve beyanlar ald\u0131k m\u0131? <\/span><b>\u00d6N KAYIT<\/b><span style=\"font-weight: 400;\">?<\/span><\/li>\n<li style=\"font-weight: 400;\" aria-level=\"2\"><span style=\"font-weight: 400;\">REACH uyumlulu\u011funu sa\u011flamak i\u00e7in tedarik\u00e7ilerimizle yak\u0131n temas halindeyiz.<\/span><\/li>\n<\/ul>\n<\/li>\n<li style=\"font-weight: 400;\" aria-level=\"1\"><span style=\"font-weight: 400;\">\u015eirketimizin kendi (\u00f6n) kayd\u0131n\u0131 gerektirecek herhangi bir madde veya preparat kullanm\u0131yoruz.<\/span><\/li>\n<\/ul>\n<p><span style=\"font-weight: 400;\">\u00dcr\u00fcnlerimizin REACH uygunlu\u011fu hakk\u0131nda ba\u015fka sorular\u0131n\u0131z varsa, l\u00fctfen bizimle ileti\u015fime ge\u00e7mekten \u00e7ekinmeyin.<\/span><\/p>\n<p>\u00a0<\/p>\n<p>\u00a0<\/p>\n<p><a href=\"https:\/\/www.antstore.net\/shop\/images\/documents\/ant%20escape%20protection%20lacquer%20EN.pdf\" target=\"_blank\" rel=\"noopener\"><span style=\"font-family: verdana,arial,helvetica,sans-serif;\"><img data-recalc-dims=\"1\" decoding=\"async\" src=\"https:\/\/i0.wp.com\/www.antstore.net\/shop\/images\/pdf_logo.gif?w=1020&#038;ssl=1\" alt=\"\" border=\"0\" \/>\u00a0Kar\u0131nca ka\u00e7\u0131\u015f\u0131na kar\u015f\u0131 koruyucu cila i\u00e7in Malzeme G\u00fcvenlik Bilgi Formu<\/span><\/a>\u00a0(\u0130ngilizce) , (PDF 0,2 MB)<br \/><span style=\"color: #666666; font-family: arial,helvetica,sans-serif; font-size: xx-small;\">(i\u00e7erik: g\u00fcvenlik talimatlar\u0131)<\/span><\/p>\n<p><a href=\"https:\/\/www.antstore.net\/shop\/images\/documents\/ant_escape_protection_oil_en.pdf\" target=\"_blank\" rel=\"noopener\"><span style=\"font-family: verdana,arial,helvetica,sans-serif;\"><img data-recalc-dims=\"1\" decoding=\"async\" src=\"https:\/\/i0.wp.com\/www.antstore.net\/shop\/images\/pdf_logo.gif?w=1020&#038;ssl=1\" alt=\"\" border=\"0\" \/>\u00a0Kar\u0131nca ka\u00e7\u0131\u015f\u0131na kar\u015f\u0131 koruma ya\u011f\u0131 i\u00e7in Malzeme G\u00fcvenlik Bilgi Formu<\/span><\/a>\u00a0(\u0130ngilizce) , (PDF 0,1 MB)<br \/><span style=\"color: #666666; font-family: arial,helvetica,sans-serif; font-size: xx-small;\">(i\u00e7erik: g\u00fcvenlik talimatlar\u0131)<\/span>\u00a0<\/p>\n\n\t\t<\/div>\n\t\t\t\t\t<\/div>\n\n\t\n\n<\/div>","protected":false},"excerpt":{"rendered":"","protected":false},"author":1,"featured_media":0,"parent":0,"menu_order":0,"comment_status":"closed","ping_status":"closed","template":"","meta":{"_acf_changed":false,"content-type":"","_monsterinsights_skip_tracking":false,"_monsterinsights_sitenote_active":false,"_monsterinsights_sitenote_note":"","_monsterinsights_sitenote_category":0,"footnotes":""},"class_list":["post-645","page","type-page","status-publish","hentry"],"acf":[],"aioseo_notices":[],"jetpack_sharing_enabled":true,"_links":{"self":[{"href":"https:\/\/antcube.shop\/tr\/wp-json\/wp\/v2\/pages\/645","targetHints":{"allow":["GET"]}}],"collection":[{"href":"https:\/\/antcube.shop\/tr\/wp-json\/wp\/v2\/pages"}],"about":[{"href":"https:\/\/antcube.shop\/tr\/wp-json\/wp\/v2\/types\/page"}],"author":[{"embeddable":true,"href":"https:\/\/antcube.shop\/tr\/wp-json\/wp\/v2\/users\/1"}],"replies":[{"embeddable":true,"href":"https:\/\/antcube.shop\/tr\/wp-json\/wp\/v2\/comments?post=645"}],"version-history":[{"count":10,"href":"https:\/\/antcube.shop\/tr\/wp-json\/wp\/v2\/pages\/645\/revisions"}],"predecessor-version":[{"id":10640,"href":"https:\/\/antcube.shop\/tr\/wp-json\/wp\/v2\/pages\/645\/revisions\/10640"}],"wp:attachment":[{"href":"https:\/\/antcube.shop\/tr\/wp-json\/wp\/v2\/media?parent=645"}],"curies":[{"name":"wp","href":"https:\/\/api.w.org\/{rel}","templated":true}]}}