{"id":643,"date":"2021-07-30T13:36:12","date_gmt":"2021-07-30T11:36:12","guid":{"rendered":"https:\/\/antcube.shop\/?page_id=643"},"modified":"2024-11-29T15:31:27","modified_gmt":"2024-11-29T14:31:27","slug":"elektri%cc%87kli%cc%87-ci%cc%87hazlar-yasasi","status":"publish","type":"page","link":"https:\/\/antcube.shop\/tr\/elektri%cc%87kli%cc%87-ci%cc%87hazlar-yasasi\/","title":{"rendered":"Elektrikli Cihazlar Yasas\u0131"},"content":{"rendered":"<div id=\"gap-1026154033\" class=\"gap-element clearfix\" style=\"display:block; height:auto;\">\n\t\t\n<style>\n#gap-1026154033 {\n  padding-top: 190px;\n}\n<\/style>\n\t<\/div>\n\t\n\n<div class=\"row\"  id=\"row-1373563768\">\n\n\n\t<div id=\"col-350871756\" class=\"col small-12 large-12\"  >\n\t\t\t\t<div class=\"col-inner\"  >\n\t\t\t\n\t\t\t\n\n\t<div id=\"text-2171185903\" class=\"text\">\n\t\t\n\n<h3><b>Alman Elektrikli ve Elektronik Ekipman Yasas\u0131 (ElektroG) uyar\u0131nca bilgiler<\/b><\/h3>\n<p><span style=\"font-weight: 400;\">WEEE kay\u0131t numaram\u0131z: <\/span><b>DE 54590387<\/b><\/p>\n<p><b>1 Giri\u015f <\/b><b><br \/><\/b><span style=\"font-weight: 400;\">ElektroG a\u015fa\u011f\u0131dakileri d\u00fczenler <\/span><b>piyasaya s\u00fcrme<\/b><span style=\"font-weight: 400;\">, <\/span><b>geri alma <\/b><span style=\"font-weight: 400;\">ve <\/span><b>\u00e7evreye duyarl\u0131 bertaraf <\/b><span style=\"font-weight: 400;\">elektrikli ve elektronik ekipman. Ama\u00e7, \u00e7evrenin korunmas\u0131n\u0131 te\u015fvik etmek ve de\u011ferli hammaddelerin geri d\u00f6n\u00fc\u015f\u00fcm\u00fcn\u00fc sa\u011flamakt\u0131r.<\/span><\/p>\n<ol start=\"2\">\n<li><b> t\u00fcketi\u0307ci\u0307ler i\u0307\u00e7i\u0307n yasal y\u00fck\u00fcml\u00fcl\u00fckler<\/b><\/li>\n<\/ol>\n<ul>\n<li style=\"font-weight: 400;\" aria-level=\"1\"><b>Art\u0131k at\u0131kta bertaraf yasa\u011f\u0131<\/b><span style=\"font-weight: 400;\">: Eski elektrikli aletler art\u0131k \u00e7\u00f6plere at\u0131lmamal\u0131d\u0131r.<\/span><\/li>\n<li style=\"font-weight: 400;\" aria-level=\"1\"><b>Geri d\u00f6nme y\u00fck\u00fcml\u00fcl\u00fc\u011f\u00fc<\/b><span style=\"font-weight: 400;\">: T\u00fcketiciler yasal olarak kullan\u0131lm\u0131\u015f elektrikli ve elektronik ekipman at\u0131klar\u0131n\u0131 belediye toplama merkezlerine (\u00d6RE - kamu at\u0131k imha yetkilileri) veya uygun geri alma sistemlerine atmakla y\u00fck\u00fcml\u00fcd\u00fcr.<\/span><\/li>\n<li style=\"font-weight: 400;\" aria-level=\"1\"><b>Kirleticiler ve geri d\u00f6n\u00fc\u015f\u00fcm<\/b><span style=\"font-weight: 400;\">:<\/span>\n<ul>\n<li style=\"font-weight: 400;\" aria-level=\"2\"><span style=\"font-weight: 400;\">Eski elektrikli aletler, uygun \u015fekilde saklanmad\u0131klar\u0131 veya at\u0131lmad\u0131klar\u0131 takdirde \u00e7evreye ve sa\u011fl\u0131\u011fa zarar verebilecek zararl\u0131 maddeler i\u00e7erebilir.<\/span><\/li>\n<li style=\"font-weight: 400;\" aria-level=\"2\"><span style=\"font-weight: 400;\">Ayn\u0131 zamanda, geri d\u00f6n\u00fc\u015ft\u00fcr\u00fclebilen demir, plastik, g\u00fcm\u00fc\u015f veya cam gibi de\u011ferli hammaddeler i\u00e7erirler.<\/span><\/li>\n<\/ul>\n<\/li>\n<\/ul>\n<p><b>3 Hangi cihazlar etkileniyor? <\/b><b><br \/><\/b><span style=\"font-weight: 400;\">ElektroG, elektrik veya elektromanyetik alanlarla \u00e7al\u0131\u015fan \u00e7o\u011fu elektrikli ve elektronik cihaz i\u00e7in ge\u00e7erlidir. Bunlar, di\u011ferlerinin yan\u0131 s\u0131ra \u015funlar\u0131 i\u00e7erir:<\/span><\/p>\n<ul>\n<li style=\"font-weight: 400;\" aria-level=\"1\"><span style=\"font-weight: 400;\">\u0130klim bilgisayar\u0131<\/span><\/li>\n<li style=\"font-weight: 400;\" aria-level=\"1\"><span style=\"font-weight: 400;\">Is\u0131tma matlar\u0131 ve kablolar\u0131<\/span><\/li>\n<li style=\"font-weight: 400;\" aria-level=\"1\"><span style=\"font-weight: 400;\">Dijital termometre ve higrometre<\/span><\/li>\n<li style=\"font-weight: 400;\" aria-level=\"1\"><span style=\"font-weight: 400;\">Nemlendiriciler (sisleyiciler)<\/span><\/li>\n<li style=\"font-weight: 400;\" aria-level=\"1\"><span style=\"font-weight: 400;\">Fan<\/span><\/li>\n<\/ul>\n<p><span style=\"font-weight: 400;\">\u0130lgili kategorilerin tam bir listesi mevcut yasal direktifte yer almaktad\u0131r.<\/span><\/p>\n<p><b>4 Etkilenen cihazlar\u0131n etiketlenmesi <\/b><b><br \/><\/b><span style=\"font-weight: 400;\">ElektroG kapsam\u0131na giren \u00fcr\u00fcnler bir ElektroG sembol\u00fc ile i\u015faretlenir. <\/span><b>\u00e7arp\u0131 i\u015faretli \u00e7\u00f6p kutusu<\/b><span style=\"font-weight: 400;\">. Bu, cihaz\u0131n art\u0131k at\u0131klarla birlikte bertaraf edilmemesi gerekti\u011fini, toplama merkezleri veya geri alma sistemleri arac\u0131l\u0131\u011f\u0131yla bertaraf edilmesi gerekti\u011fini g\u00f6sterir.<\/span><\/p>\n<p><b>5 ANTSTORE'un ElektroG kapsam\u0131ndaki y\u00fck\u00fcml\u00fcl\u00fckleri <\/b><b><br \/><\/b><span style=\"font-weight: 400;\">ANTSTORE, ElektroG kapsam\u0131ndaki t\u00fcm y\u00fck\u00fcml\u00fcl\u00fcklerini yerine getirerek \u00e7evreye zarar vermeden bertaraf edilmesini sa\u011flam\u0131\u015ft\u0131r:<\/span><\/p>\n<ul>\n<li style=\"font-weight: 400;\" aria-level=\"1\"><b>EAR ile Kay\u0131t<\/b><span style=\"font-weight: 400;\">:<\/span>\n<ul>\n<li style=\"font-weight: 400;\" aria-level=\"2\"><span style=\"font-weight: 400;\">ANTSTORE, EAR (At\u0131k Elektrikli ve Elektronik Ekipman Kayd\u0131) kurulu\u015funa kay\u0131tl\u0131d\u0131r.<\/span><\/li>\n<li style=\"font-weight: 400;\" aria-level=\"2\"><span style=\"font-weight: 400;\">WEEE kay\u0131t numaram\u0131z: <\/span><b>DE <\/b><span style=\"font-weight: 400;\">54590387.<\/span><\/li>\n<\/ul>\n<\/li>\n<li style=\"font-weight: 400;\" aria-level=\"1\"><b>Tedarik\u00e7ilerin kontrol edilmesi<\/b><span style=\"font-weight: 400;\">:<\/span>\n<ul>\n<li style=\"font-weight: 400;\" aria-level=\"2\"><span style=\"font-weight: 400;\">T\u00fcm tedarik\u00e7iler kay\u0131t y\u00fck\u00fcml\u00fcl\u00fcklerine uygunluk a\u00e7\u0131s\u0131ndan s\u00fcrekli olarak kontrol edilmi\u015ftir ve edilmektedir.<\/span><\/li>\n<\/ul>\n<\/li>\n<li style=\"font-weight: 400;\" aria-level=\"1\"><b>Etiketleme y\u00fck\u00fcml\u00fcl\u00fc\u011f\u00fc<\/b><span style=\"font-weight: 400;\">:<\/span>\n<ul>\n<li style=\"font-weight: 400;\" aria-level=\"2\"><span style=\"font-weight: 400;\">AB'de \u00fcretilen ve ithal edilen t\u00fcm \u00fcr\u00fcnler uygun \u015fekilde etiketlenir.<\/span><\/li>\n<\/ul>\n<\/li>\n<\/ul>\n<ol start=\"6\">\n<li><b> ANTSTORE dal\u0131nda d\u00f6n\u00fc\u015f se\u00e7enekleri <\/b><b><br \/><\/b><span style=\"font-weight: 400;\">ANTSTORE, belediye toplama noktalar\u0131na ek olarak m\u00fc\u015fterilerine <\/span><b>g\u00f6n\u00fcll\u00fc geri\u0307 d\u00f6n\u00fc\u015f <\/b><span style=\"font-weight: 400;\">eski aletlerden:<\/span><\/li>\n<\/ol>\n<ul>\n<li style=\"font-weight: 400;\" aria-level=\"1\"><span style=\"font-weight: 400;\">M\u00fc\u015fteriler eski cihazlar\u0131n\u0131 iade edebilir <\/span><b>\u00fccretsiz <\/b><span style=\"font-weight: 400;\">ma\u011fazam\u0131zda al\u0131\u015fveri\u015f yaparken.<\/span><\/li>\n<li style=\"font-weight: 400;\" aria-level=\"1\"><span style=\"font-weight: 400;\">Bu \u015fekilde, eski elektrikli aletlerin uygun ve \u00e7evre dostu bir \u015fekilde imha edilmesini destekliyoruz.<\/span><\/li>\n<\/ul>\n<p><b>T\u00fcketiciler i\u00e7in \u00f6zet<\/b><\/p>\n<ul>\n<li style=\"font-weight: 400;\" aria-level=\"1\"><span style=\"font-weight: 400;\">Belediye toplama merkezlerini (\u00d6RE) veya ma\u011fazadaki geri alma sistemlerimizi kullan\u0131n.<\/span><\/li>\n<li style=\"font-weight: 400;\" aria-level=\"1\"><span style=\"font-weight: 400;\">Eski elektrikli aletleri asla \u00e7\u00f6p kutusuna atmay\u0131n.<\/span><\/li>\n<li style=\"font-weight: 400;\" aria-level=\"1\"><span style=\"font-weight: 400;\">At\u0131klar\u0131 uygun \u015fekilde bertaraf ederek \u00e7evrenin ve kaynaklar\u0131n korunmas\u0131na yard\u0131mc\u0131 olun.<\/span><\/li>\n<\/ul>\n<p><span style=\"font-weight: 400;\">Geri alma ve imha hizmetlerimiz hakk\u0131nda ba\u015fka sorular\u0131n\u0131z varsa, l\u00fctfen bizimle ileti\u015fime ge\u00e7mekten \u00e7ekinmeyin.<\/span><\/p>\n<p><b>Daha fazla bilgi i\u00e7in:<\/b><\/p>\n<p><a href=\"https:\/\/www.stiftung-ear.de\/de\/home\"><span style=\"font-weight: 400;\">www.stiftung-ear.de<\/span><\/a><\/p>\n<p><a href=\"https:\/\/www.bmuv.de\/themen\/kreislaufwirtschaft\/abfallarten-und-abfallstroeme\/uebersicht-abfallarten-und-abfallstroeme\"><span style=\"font-weight: 400;\">www.bmu.de<\/span><\/a><\/p>\n\n\t\t\n<style>\n#text-2171185903 {\n  text-align: left;\n}\n<\/style>\n\t<\/div>\n\t\n\n\t\t<\/div>\n\t\t\t\t\t<\/div>\n\n\t\n\n<\/div>","protected":false},"excerpt":{"rendered":"","protected":false},"author":1,"featured_media":0,"parent":0,"menu_order":0,"comment_status":"closed","ping_status":"closed","template":"","meta":{"_acf_changed":false,"content-type":"","_monsterinsights_skip_tracking":false,"_monsterinsights_sitenote_active":false,"_monsterinsights_sitenote_note":"","_monsterinsights_sitenote_category":0,"footnotes":""},"class_list":["post-643","page","type-page","status-publish","hentry"],"acf":[],"aioseo_notices":[],"jetpack_sharing_enabled":true,"_links":{"self":[{"href":"https:\/\/antcube.shop\/tr\/wp-json\/wp\/v2\/pages\/643","targetHints":{"allow":["GET"]}}],"collection":[{"href":"https:\/\/antcube.shop\/tr\/wp-json\/wp\/v2\/pages"}],"about":[{"href":"https:\/\/antcube.shop\/tr\/wp-json\/wp\/v2\/types\/page"}],"author":[{"embeddable":true,"href":"https:\/\/antcube.shop\/tr\/wp-json\/wp\/v2\/users\/1"}],"replies":[{"embeddable":true,"href":"https:\/\/antcube.shop\/tr\/wp-json\/wp\/v2\/comments?post=643"}],"version-history":[{"count":6,"href":"https:\/\/antcube.shop\/tr\/wp-json\/wp\/v2\/pages\/643\/revisions"}],"predecessor-version":[{"id":10641,"href":"https:\/\/antcube.shop\/tr\/wp-json\/wp\/v2\/pages\/643\/revisions\/10641"}],"wp:attachment":[{"href":"https:\/\/antcube.shop\/tr\/wp-json\/wp\/v2\/media?parent=643"}],"curies":[{"name":"wp","href":"https:\/\/api.w.org\/{rel}","templated":true}]}}