{"id":641,"date":"2021-07-30T13:35:42","date_gmt":"2021-07-30T11:35:42","guid":{"rendered":"https:\/\/antcube.shop\/?page_id=641"},"modified":"2024-11-29T15:44:57","modified_gmt":"2024-11-29T14:44:57","slug":"aku-hukuku","status":"publish","type":"page","link":"https:\/\/antcube.shop\/tr\/aku-hukuku\/","title":{"rendered":"Pil yasas\u0131"},"content":{"rendered":"<div id=\"gap-510820590\" class=\"gap-element clearfix\" style=\"display:block; height:auto;\">\n\t\t\n<style>\n#gap-510820590 {\n  padding-top: 190px;\n}\n<\/style>\n\t<\/div>\n\t\n\n<div class=\"row\"  id=\"row-1365839815\">\n\n\n\t<div id=\"col-932579758\" class=\"col small-12 large-12\"  >\n\t\t\t\t<div class=\"col-inner\"  >\n\t\t\t\n\t\t\t\n\n<h3><b>Batarya Yasas\u0131 (BattG) \u00dczerine Notlar<\/b><\/h3>\n<ol>\n<li><b> cihazlardaki piller ve \u015farj edilebilir bataryalar <\/b><b><br \/><\/b><span style=\"font-weight: 400;\">\u00dcr\u00fcnlerimizin bir\u00e7o\u011fu, \u00f6rne\u011fin uzaktan kumandalar\u0131 \u00e7al\u0131\u015ft\u0131rmak i\u00e7in veya cihazlara kal\u0131c\u0131 olarak monte edilmi\u015f bile\u015fenler olarak kullan\u0131lan piller veya \u015farj edilebilir piller i\u00e7erir. Bu pillerin veya \u015farj edilebilir pillerin sat\u0131\u015f\u0131yla ba\u011flant\u0131l\u0131 olarak a\u015fa\u011f\u0131dakilere dikkatinizi \u00e7ekmek isteriz:<\/span><\/li>\n<li><b> yasal iade y\u00fck\u00fcml\u00fcl\u00fc\u011f\u00fc<\/b><\/li>\n<\/ol>\n<ul>\n<li style=\"font-weight: 400;\" aria-level=\"1\"><b>Kullan\u0131lm\u0131\u015f pillerin imhas\u0131<\/b><span style=\"font-weight: 400;\"><br \/><\/span><span style=\"font-weight: 400;\"> Pil Yasas\u0131 uyar\u0131nca, kullan\u0131lm\u0131\u015f piller belediyenin toplama merkezinde, \u00f6zel kullan\u0131lm\u0131\u015f pil konteynerlerinde veya yerel bir perakendecide \u00fccretsiz olarak imha edilmelidir.<\/span><\/li>\n<li style=\"font-weight: 400;\" aria-level=\"1\"><b>Evsel at\u0131klara atma yasa\u011f\u0131<\/b><span style=\"font-weight: 400;\"><br \/><\/span><span style=\"font-weight: 400;\">Pillerin evsel at\u0131klara at\u0131lmas\u0131 kesinlikle yasakt\u0131r.<\/span><\/li>\n<\/ul>\n<ol start=\"3\">\n<li><b> ANTSTORE'da iade se\u00e7enekleri <\/b><b><br \/><\/b><span style=\"font-weight: 400;\">Bir belediye toplama noktas\u0131n\u0131 veya yerel perakendecinizi kullanmak istemiyorsan\u0131z, taraf\u0131m\u0131zdan sa\u011flanan pilleri iade etmek i\u00e7in size a\u015fa\u011f\u0131daki se\u00e7enekleri sunuyoruz:<\/span><\/li>\n<\/ol>\n<ul>\n<li style=\"font-weight: 400;\" aria-level=\"1\"><b>Sahada \u00fccretsiz iade<\/b><span style=\"font-weight: 400;\"><br \/><\/span><span style=\"font-weight: 400;\">Pilleri do\u011frudan ma\u011fazam\u0131za iade edebilirsiniz.<\/span><\/li>\n<li style=\"font-weight: 400;\" aria-level=\"1\"><b>Posta ile iade<\/b><span style=\"font-weight: 400;\"><br \/><\/span><span style=\"font-weight: 400;\">Pilleri \u015fu adrese g\u00f6nderin:<\/span><span style=\"font-weight: 400;\"><br \/><\/span><b>ANTSTORE<\/b><b><br \/><\/b><b>Selerweg 41<\/b><b><br \/><\/b><b>D-12169 Berlin<\/b><\/li>\n<\/ul>\n<ol start=\"4\">\n<li><b> zararl\u0131 maddeler i\u00e7eren pillerin etiketlenmesi <\/b><b><br \/><\/b><span style=\"font-weight: 400;\">Zararl\u0131 maddeler i\u00e7eren piller, zararl\u0131 madde sembol\u00fc ile i\u015faretlenmi\u015ftir. <\/span><b>\u00e7arp\u0131 i\u015faretli \u00e7\u00f6p kutusu<\/b><span style=\"font-weight: 400;\">. Bu sembol\u00fcn alt\u0131nda, i\u00e7erdi\u011fi zararl\u0131 maddeler i\u00e7in kimyasal k\u0131saltmalar bulacaks\u0131n\u0131z:<\/span><\/li>\n<\/ol>\n<ul>\n<li style=\"font-weight: 400;\" aria-level=\"1\"><b>Pb <\/b><span style=\"font-weight: 400;\">= ak\u00fc kur\u015fun i\u00e7erir<\/span><\/li>\n<li style=\"font-weight: 400;\" aria-level=\"1\"><b>Cd <\/b><span style=\"font-weight: 400;\">= pil kadmiyum i\u00e7erir<\/span><\/li>\n<li style=\"font-weight: 400;\" aria-level=\"1\"><b>Hg <\/b><span style=\"font-weight: 400;\">= pil c\u0131va i\u00e7erir<\/span><\/li>\n<\/ul>\n<ol start=\"5\">\n<li><b> daha fazla bi\u0307lgi\u0307<\/b><\/li>\n<\/ol>\n<ul>\n<li style=\"font-weight: 400;\" aria-level=\"1\"><span style=\"font-weight: 400;\">Detayl\u0131 bilgi bulabilirsiniz:<\/span>\n<ul>\n<li style=\"font-weight: 400;\" aria-level=\"2\"><span style=\"font-weight: 400;\">Mal teslimat\u0131n\u0131za e\u015flik eden belgelerde.<\/span><\/li>\n<li style=\"font-weight: 400;\" aria-level=\"2\"><span style=\"font-weight: 400;\">\u0130lgili cihaz \u00fcreticisinin kullan\u0131m k\u0131lavuzunda.<\/span><\/li>\n<\/ul>\n<\/li>\n<li style=\"font-weight: 400;\" aria-level=\"1\"><span style=\"font-weight: 400;\">Pil Yasas\u0131 hakk\u0131nda daha fazla bilgi edinebilirsiniz:<\/span>\n<ul>\n<li style=\"font-weight: 400;\" aria-level=\"2\"><span style=\"font-weight: 400;\">Federal \u00c7evre, Do\u011fa Koruma ve N\u00fckleer G\u00fcvenlik Bakanl\u0131\u011f\u0131'nda <\/span><a href=\"http:\/\/www.bmu.de\/abfallwirtschaft\"><span style=\"font-weight: 400;\">(<\/span><span style=\"font-weight: 400;\">www.bmu.de)<\/span><\/a><\/li>\n<li style=\"font-weight: 400;\" aria-level=\"2\"><span style=\"font-weight: 400;\">Federal \u00c7evre Ajans\u0131'nda <\/span><a href=\"http:\/\/www.uba.de\"><span style=\"font-weight: 400;\">(<\/span><span style=\"font-weight: 400;\">www.uba.de)<\/span><\/a><\/li>\n<\/ul>\n<\/li>\n<\/ul>\n<p><b>\u00d6zet<\/b><\/p>\n<ul>\n<li style=\"font-weight: 400;\" aria-level=\"1\"><span style=\"font-weight: 400;\">Piller evsel at\u0131klara dahil edilmemelidir.<\/span><\/li>\n<li style=\"font-weight: 400;\" aria-level=\"1\"><span style=\"font-weight: 400;\">Belediye toplama noktalar\u0131n\u0131, kullan\u0131lm\u0131\u015f pil konteynerlerini veya ANTSTORE'daki iade se\u00e7eneklerini kullan\u0131n.<\/span><\/li>\n<li style=\"font-weight: 400;\" aria-level=\"1\"><span style=\"font-weight: 400;\">\u00dczeri \u00e7izilmi\u015f \u00e7\u00f6p kutusu sembol\u00fcne ve kirletici madde etiketlerine dikkat edin.<\/span><\/li>\n<\/ul>\n<p><span style=\"font-weight: 400;\">Pilleri do\u011fru \u015fekilde imha ederek \u00e7evrenin korunmas\u0131na aktif olarak katk\u0131da bulundu\u011funuz i\u00e7in te\u015fekk\u00fcr ederiz!<\/span><\/p>\n<h3><br \/><br \/><br \/><br \/><br \/><br \/><\/h3>\n\n\t\t<\/div>\n\t\t\t\t\t<\/div>\n\n\t\n\n<\/div>","protected":false},"excerpt":{"rendered":"","protected":false},"author":1,"featured_media":0,"parent":0,"menu_order":0,"comment_status":"closed","ping_status":"closed","template":"","meta":{"_acf_changed":false,"content-type":"","_monsterinsights_skip_tracking":false,"_monsterinsights_sitenote_active":false,"_monsterinsights_sitenote_note":"","_monsterinsights_sitenote_category":0,"footnotes":""},"class_list":["post-641","page","type-page","status-publish","hentry"],"acf":[],"aioseo_notices":[],"jetpack_sharing_enabled":true,"_links":{"self":[{"href":"https:\/\/antcube.shop\/tr\/wp-json\/wp\/v2\/pages\/641","targetHints":{"allow":["GET"]}}],"collection":[{"href":"https:\/\/antcube.shop\/tr\/wp-json\/wp\/v2\/pages"}],"about":[{"href":"https:\/\/antcube.shop\/tr\/wp-json\/wp\/v2\/types\/page"}],"author":[{"embeddable":true,"href":"https:\/\/antcube.shop\/tr\/wp-json\/wp\/v2\/users\/1"}],"replies":[{"embeddable":true,"href":"https:\/\/antcube.shop\/tr\/wp-json\/wp\/v2\/comments?post=641"}],"version-history":[{"count":3,"href":"https:\/\/antcube.shop\/tr\/wp-json\/wp\/v2\/pages\/641\/revisions"}],"predecessor-version":[{"id":10643,"href":"https:\/\/antcube.shop\/tr\/wp-json\/wp\/v2\/pages\/641\/revisions\/10643"}],"wp:attachment":[{"href":"https:\/\/antcube.shop\/tr\/wp-json\/wp\/v2\/media?parent=641"}],"curies":[{"name":"wp","href":"https:\/\/api.w.org\/{rel}","templated":true}]}}