{"id":639,"date":"2021-07-30T13:35:18","date_gmt":"2021-07-30T11:35:18","guid":{"rendered":"https:\/\/antcube.shop\/?page_id=639"},"modified":"2025-10-16T12:04:23","modified_gmt":"2025-10-16T10:04:23","slug":"odeme-yontemleri","status":"publish","type":"page","link":"https:\/\/antcube.shop\/tr\/odeme-yontemleri\/","title":{"rendered":"\u00d6deme y\u00f6ntemleri"},"content":{"rendered":"<div id=\"gap-1033559157\" class=\"gap-element clearfix\" style=\"display:block; height:auto;\">\n\t\t\n<style>\n#gap-1033559157 {\n  padding-top: 202px;\n}\n@media (min-width:850px) {\n  #gap-1033559157 {\n    padding-top: 172px;\n  }\n}\n<\/style>\n\t<\/div>\n\t\n\n<div class=\"row\"  id=\"row-1573212191\">\n\n\n\t<div id=\"col-1410064891\" class=\"col small-12 large-12\"  >\n\t\t\t\t<div class=\"col-inner\"  >\n\t\t\t\n\t\t\t\n\n<h1>\u00d6deme T\u00fcrleri<\/h1>\n<h3><strong>1. \u00d6deme T\u00fcrleri<\/strong><\/h3>\n<h3><strong>- \u00d6n \u00d6deme<\/strong><\/h3>\n<p><img data-recalc-dims=\"1\" loading=\"lazy\" decoding=\"async\" class=\"\" src=\"https:\/\/i0.wp.com\/www.antstore.net\/shop\/images\/icons\/vorkasse.jpg?resize=301%2C97&#038;ssl=1\" alt=\"\" width=\"301\" height=\"97\" \/><\/p>\n<h3><strong>- Sofort\u00fcberweisung \/ Klarna<\/strong><\/h3>\n<p><img data-recalc-dims=\"1\" loading=\"lazy\" decoding=\"async\" class=\"\" src=\"https:\/\/i0.wp.com\/www.antstore.net\/shop\/images\/icons\/sofort.jpg?resize=309%2C99&#038;ssl=1\" alt=\"\" width=\"309\" height=\"99\" \/><\/p>\n<h3><strong>- PayPal<\/strong><\/h3>\n<p><img data-recalc-dims=\"1\" loading=\"lazy\" decoding=\"async\" class=\"\" src=\"https:\/\/i0.wp.com\/www.antstore.net\/shop\/images\/icons\/paypal.jpg?resize=294%2C95&#038;ssl=1\" alt=\"\" width=\"294\" height=\"95\" \/><\/p>\n<p><strong>&#8211;\u00a0<\/strong>- \u0130ste\u011fe ba\u011fl\u0131 kredi kart\u0131 (Visa veya Mastercard) ve otomatik \u00f6deme (bir PayPal hizmeti)<\/p>\n<p><img data-recalc-dims=\"1\" loading=\"lazy\" decoding=\"async\" class=\"\" src=\"https:\/\/i0.wp.com\/www.antstore.net\/shop\/images\/icons\/visa-master.JPG?resize=270%2C87&#038;ssl=1\" alt=\"\" width=\"270\" height=\"87\" \/><\/p>\n<p>- Kredi kart\u0131 (Visa, MasterCard) ve otomatik \u00f6deme (PayPal Hizmeti)<\/p>\n<h3><strong>2. \u0130lgili \u00f6deme y\u00f6ntemi i\u00e7in \u00fccretler:<\/strong><\/h3>\n<p>AB i\u00e7inde sunulan \u00f6deme y\u00f6ntemleri i\u00e7in herhangi bir \u00f6deme \u00fccreti al\u0131nmamaktad\u0131r.<\/p>\n<h3><strong>3. Para Birimi<\/strong><\/h3>\n<p>Sipari\u015fler yaln\u0131zca Euro (standart para birimi) cinsinden verilebilir ve \u00f6demeler yap\u0131labilir. Muhtemelen g\u00f6r\u00fcnt\u00fclenen di\u011fer t\u00fcm para birimleri yaln\u0131zca kabaca bir genel bak\u0131\u015f sa\u011flar.<br \/>D\u00f6viz kuru verilerinin g\u00fcncelli\u011fi konusunda herhangi bir garanti vermiyoruz!<\/p>\n<h3><strong>4. Fiyatlar ve vergiler<\/strong><\/h3>\n<p>Almanya: T\u00fcm fiyatlara g\u00fcncel KDV dahildir.<br \/>Avrupa Birli\u011fi (Almanya hari\u00e7). T\u00fcm fiyatlara KDV kimli\u011fi olan ticari m\u00fc\u015fteriler i\u00e7in ge\u00e7erli KDV dahildir. net (KDV'siz) fiyatlar tahsil edilecektir.<\/p>\n\n\t\t<\/div>\n\t\t\t\t\t<\/div>\n\n\t\n\n<\/div>","protected":false},"excerpt":{"rendered":"","protected":false},"author":1,"featured_media":0,"parent":0,"menu_order":0,"comment_status":"closed","ping_status":"closed","template":"","meta":{"_acf_changed":false,"content-type":"","_monsterinsights_skip_tracking":false,"_monsterinsights_sitenote_active":false,"_monsterinsights_sitenote_note":"","_monsterinsights_sitenote_category":0,"footnotes":""},"class_list":["post-639","page","type-page","status-publish","hentry"],"acf":[],"aioseo_notices":[],"jetpack_sharing_enabled":true,"_links":{"self":[{"href":"https:\/\/antcube.shop\/tr\/wp-json\/wp\/v2\/pages\/639","targetHints":{"allow":["GET"]}}],"collection":[{"href":"https:\/\/antcube.shop\/tr\/wp-json\/wp\/v2\/pages"}],"about":[{"href":"https:\/\/antcube.shop\/tr\/wp-json\/wp\/v2\/types\/page"}],"author":[{"embeddable":true,"href":"https:\/\/antcube.shop\/tr\/wp-json\/wp\/v2\/users\/1"}],"replies":[{"embeddable":true,"href":"https:\/\/antcube.shop\/tr\/wp-json\/wp\/v2\/comments?post=639"}],"version-history":[{"count":9,"href":"https:\/\/antcube.shop\/tr\/wp-json\/wp\/v2\/pages\/639\/revisions"}],"predecessor-version":[{"id":6880,"href":"https:\/\/antcube.shop\/tr\/wp-json\/wp\/v2\/pages\/639\/revisions\/6880"}],"wp:attachment":[{"href":"https:\/\/antcube.shop\/tr\/wp-json\/wp\/v2\/media?parent=639"}],"curies":[{"name":"wp","href":"https:\/\/api.w.org\/{rel}","templated":true}]}}