{"id":628,"date":"2021-07-30T13:29:33","date_gmt":"2021-07-30T11:29:33","guid":{"rendered":"https:\/\/antcube.shop\/?page_id=628"},"modified":"2025-11-17T11:20:38","modified_gmt":"2025-11-17T10:20:38","slug":"bayi","status":"publish","type":"page","link":"https:\/\/antcube.shop\/tr\/bayi\/","title":{"rendered":"Bayi Olun"},"content":{"rendered":"<div id=\"gap-1501095588\" class=\"gap-element clearfix\" style=\"display:block; height:auto;\">\n\t\t\n<style>\n#gap-1501095588 {\n  padding-top: 181px;\n}\n@media (min-width:550px) {\n  #gap-1501095588 {\n    padding-top: 185px;\n  }\n}\n@media (min-width:850px) {\n  #gap-1501095588 {\n    padding-top: 137px;\n  }\n}\n<\/style>\n\t<\/div>\n\t\n\n\n  <div class=\"banner has-hover\" id=\"banner-873357245\">\n          <div class=\"banner-inner fill\">\n        <div class=\"banner-bg fill\" >\n            <img loading=\"lazy\" decoding=\"async\" width=\"900\" height=\"600\" src=\"https:\/\/i0.wp.com\/antcube.shop\/wp-content\/uploads\/2021\/09\/pexels-thirdman-5684382-scaled.jpg?fit=900%2C600&amp;ssl=1\" class=\"bg attachment-large size-large\" alt=\"\" \/>                        <div class=\"overlay\"><\/div>            \n                    <\/div>\n\t\t\n        <div class=\"banner-layers container\">\n            <div class=\"fill banner-link\"><\/div>            \n\n   <div id=\"text-box-372838098\" class=\"text-box banner-layer x0 md-x50 lg-x50 y50 md-y85 lg-y35 res-text\">\n                                <div class=\"text-box-content text dark text-shadow-3\">\n              \n              <div class=\"text-inner text-center\">\n                  \n\n\t<div id=\"text-2729742467\" class=\"text\">\n\t\t\n\n<h1><strong>Bayiler ar\u0131yoruz!<\/strong><\/h1>\n<p>ANTCUBE \u00fcr\u00fcnlerimizi d\u00fcnyan\u0131n d\u00f6rt bir yan\u0131ndaki Kar\u0131nca bak\u0131c\u0131lar\u0131na satmak i\u00e7in Bayiler ve Ortaklar ar\u0131yoruz. Bize kat\u0131lmak ve d\u00fcnya \u00e7ap\u0131nda bir kar\u0131nca ve do\u011fa severler toplulu\u011fu olu\u015fturmaya kat\u0131lmak istiyorsan\u0131z<\/p>\n\t\t\n<style>\n#text-2729742467 {\n  font-size: 0.75rem;\n  line-height: 1;\n  text-align: center;\n}\n@media (min-width:550px) {\n  #text-2729742467 {\n    font-size: 0.95rem;\n  }\n}\n@media (min-width:850px) {\n  #text-2729742467 {\n    font-size: 1.25rem;\n  }\n}\n<\/style>\n\t<\/div>\n\t\n\t<div id=\"text-2081782483\" class=\"text\">\n\t\t\n\n<p>Bize \u015fu adresten ula\u015f\u0131n\u00a0<\/p>\n\t\t\n<style>\n#text-2081782483 {\n  font-size: 1.05rem;\n  line-height: 0.75;\n}\n@media (min-width:550px) {\n  #text-2081782483 {\n    font-size: 2.25rem;\n  }\n}\n<\/style>\n\t<\/div>\n\t\n\t<div id=\"text-1063307604\" class=\"text\">\n\t\t\n\n<p>sales@antcube.de<\/p>\n\t\t\n<style>\n#text-1063307604 {\n  font-size: 0.75rem;\n  line-height: 0.75;\n}\n@media (min-width:550px) {\n  #text-1063307604 {\n    font-size: 2.25rem;\n  }\n}\n<\/style>\n\t<\/div>\n\t\n\n              <\/div>\n           <\/div>\n                            \n<style>\n#text-box-372838098 {\n  width: 100%;\n}\n#text-box-372838098 .text-box-content {\n  font-size: 100%;\n}\n@media (min-width:550px) {\n  #text-box-372838098 {\n    width: 87%;\n  }\n}\n<\/style>\n    <\/div>\n \n\n        <\/div>\n      <\/div>\n\n              <div class=\"height-fix is-invisible\"><img loading=\"lazy\" decoding=\"async\" width=\"900\" height=\"600\" src=\"https:\/\/i0.wp.com\/antcube.shop\/wp-content\/uploads\/2021\/09\/pexels-thirdman-5684382-scaled.jpg?fit=900%2C600&amp;ssl=1\" class=\"attachment-large size-large\" alt=\"\" srcset=\"https:\/\/i0.wp.com\/antcube.shop\/wp-content\/uploads\/2021\/09\/pexels-thirdman-5684382-scaled.jpg?w=2560&amp;ssl=1 2560w, https:\/\/i0.wp.com\/antcube.shop\/wp-content\/uploads\/2021\/09\/pexels-thirdman-5684382-scaled.jpg?resize=510%2C340&amp;ssl=1 510w, https:\/\/i0.wp.com\/antcube.shop\/wp-content\/uploads\/2021\/09\/pexels-thirdman-5684382-scaled.jpg?resize=600%2C400&amp;ssl=1 600w, https:\/\/i0.wp.com\/antcube.shop\/wp-content\/uploads\/2021\/09\/pexels-thirdman-5684382-scaled.jpg?resize=1200%2C800&amp;ssl=1 1200w, https:\/\/i0.wp.com\/antcube.shop\/wp-content\/uploads\/2021\/09\/pexels-thirdman-5684382-scaled.jpg?resize=768%2C512&amp;ssl=1 768w, https:\/\/i0.wp.com\/antcube.shop\/wp-content\/uploads\/2021\/09\/pexels-thirdman-5684382-scaled.jpg?resize=1536%2C1024&amp;ssl=1 1536w, https:\/\/i0.wp.com\/antcube.shop\/wp-content\/uploads\/2021\/09\/pexels-thirdman-5684382-scaled.jpg?resize=2048%2C1365&amp;ssl=1 2048w\" sizes=\"auto, (max-width: 900px) 100vw, 900px\" \/><\/div>\n            \n<style>\n#banner-873357245 .overlay {\n  background-color: rgba(0, 0, 0, 0.174);\n}\n#banner-873357245 .banner-bg img {\n  object-position: 50% 45%;\n}\n<\/style>\n  <\/div>\n\n\n\t<div id=\"gap-1082040523\" class=\"gap-element clearfix\" style=\"display:block; height:auto;\">\n\t\t\n<style>\n#gap-1082040523 {\n  padding-top: 30px;\n}\n<\/style>\n\t<\/div>\n\t\n\n<div class=\"row\"  id=\"row-1692181452\">\n\n\n\t<div id=\"col-920105808\" class=\"col small-12 large-12\"  >\n\t\t\t\t<div class=\"col-inner\"  >\n\t\t\t\n\t\t\t\n\n<div class=\"wp-block-cover alignfull has-nv-site-bg-background-color has-background-dim\">\n<div class=\"wp-block-cover__inner-container\">\n<h2 class=\"has-text-align-center has-neve-text-color-color has-text-color\">\u00dcr\u00fcnlerimizi satmakla ilgileniyor musunuz?<\/h2>\n<\/div>\n<\/div>\n<h2 class=\"has-text-align-center has-medium-font-size\">Hedefimiz<\/h2>\n<p class=\"has-text-align-center\">ANTCUBE \u00fcr\u00fcnlerimizi d\u00fcnyan\u0131n d\u00f6rt bir yan\u0131ndaki Kar\u0131nca bak\u0131c\u0131lar\u0131na satmak i\u00e7in Bayiler ve Ortaklar ar\u0131yoruz. Kar\u0131nca beslemeyi daha pop\u00fcler ve profesyonel hale getirmek i\u00e7in d\u00fckkan sahipleri ve hobicilerden olu\u015fan uluslararas\u0131 bir topluluk olu\u015fturmak istiyoruz. Halihaz\u0131rda bir d\u00fckkan\u0131n\u0131z varsa veya yeni bir i\u015f f\u0131rsat\u0131 ar\u0131yorsan\u0131z bizimle ileti\u015fime ge\u00e7mekten \u00e7ekinmeyin.<\/p>\n<h2 class=\"has-text-align-center has-medium-font-size\">Kar\u0131nca beslemek b\u00fcy\u00fcyen bir i\u015ftir<\/h2>\n<p class=\"has-text-align-center\">Kar\u0131nca beslemek son birka\u00e7 y\u0131lda \u00e7ok pop\u00fcler hale geldi. D\u00fcnyan\u0131n d\u00f6rt bir yan\u0131ndan tutkulu kar\u0131nca severlerden olu\u015fan bir toplulu\u011fun b\u00fcy\u00fcmesine tan\u0131k oluyoruz. Ayr\u0131ca \u015firketlerden, hayvanat bah\u00e7elerinden, m\u00fczelerden, \u00fcniversitelerden, bilimsel kurumlardan vb. giderek daha fazla talep al\u0131yoruz.<\/p>\n<h2 class=\"has-text-align-center has-medium-font-size\" style=\"font-size: 23.04px;\">\u00a0<\/h2>\n<p><img data-recalc-dims=\"1\" loading=\"lazy\" decoding=\"async\" class=\"size-medium wp-image-3944 aligncenter\" src=\"https:\/\/i0.wp.com\/antcube.shop\/wp-content\/uploads\/2021\/11\/Palette-Beispiel-mit-Export-600x400.jpg?resize=600%2C400&#038;ssl=1\" alt=\"\" width=\"600\" height=\"400\" srcset=\"https:\/\/i0.wp.com\/antcube.shop\/wp-content\/uploads\/2021\/11\/Palette-Beispiel-mit-Export-scaled.jpg?resize=600%2C400&amp;ssl=1 600w, https:\/\/i0.wp.com\/antcube.shop\/wp-content\/uploads\/2021\/11\/Palette-Beispiel-mit-Export-scaled.jpg?resize=1200%2C800&amp;ssl=1 1200w, https:\/\/i0.wp.com\/antcube.shop\/wp-content\/uploads\/2021\/11\/Palette-Beispiel-mit-Export-scaled.jpg?resize=768%2C512&amp;ssl=1 768w, https:\/\/i0.wp.com\/antcube.shop\/wp-content\/uploads\/2021\/11\/Palette-Beispiel-mit-Export-scaled.jpg?resize=1536%2C1024&amp;ssl=1 1536w, https:\/\/i0.wp.com\/antcube.shop\/wp-content\/uploads\/2021\/11\/Palette-Beispiel-mit-Export-scaled.jpg?resize=2048%2C1365&amp;ssl=1 2048w, https:\/\/i0.wp.com\/antcube.shop\/wp-content\/uploads\/2021\/11\/Palette-Beispiel-mit-Export-scaled.jpg?resize=18%2C12&amp;ssl=1 18w, https:\/\/i0.wp.com\/antcube.shop\/wp-content\/uploads\/2021\/11\/Palette-Beispiel-mit-Export-scaled.jpg?resize=510%2C340&amp;ssl=1 510w\" sizes=\"auto, (max-width: 600px) 100vw, 600px\" \/><\/p>\n<h2 class=\"has-text-align-center has-medium-font-size\">Neden ANTCUBE?<\/h2>\n<p class=\"has-text-align-center\">D\u00fcnyan\u0131n en b\u00fcy\u00fck ve en uzun s\u00fcredir var olan kar\u0131nca ma\u011fazalar\u0131ndan biriyiz. Kar\u0131nca beslemek ve formikaryumlar in\u015fa etmek konusundaki 20 y\u0131l\u0131 a\u015fk\u0131n deneyimimiz bizi bug\u00fcnk\u00fc halimize getirdi. Kalite, dayan\u0131kl\u0131l\u0131k ve s\u00fcrd\u00fcr\u00fclebilirli\u011fin giderek daha \u00f6nemli hale geldi\u011fine inan\u0131yoruz. Bu nedenle, formikaryumlar\u0131m\u0131z i\u00e7in malzeme olarak cama odaklan\u0131yoruz. Akrilik ve plasti\u011fin aksine cam \u00e7ok daha k\u00fc\u00e7\u00fck bir ekolojik ayak izi b\u0131rak\u0131yor. Ayr\u0131ca tamamen geri d\u00f6n\u00fc\u015ft\u00fcr\u00fclebilir ambalajlar \u00fczerinde \u00e7al\u0131\u015f\u0131yoruz.<\/p>\n<p class=\"has-text-align-center\">Cam, kar\u0131nca beslemeye uygun herhangi bir s\u0131cakl\u0131k veya nemde bozulmama avantaj\u0131na da sahiptir. Cam paneller \u00e7ok \u00e7abuk \u00e7izilmez, deforme olmaz ve renkleri solmaz. Temizli\u011fi ve kullan\u0131m\u0131 kolayd\u0131r, g\u00f6r\u00fcn\u00fcm\u00fc \u00e7ok do\u011fal ve \u015f\u0131kt\u0131r. Ka\u00e7\u0131\u015f korumam\u0131z, \u00f6zellikle k\u00fc\u00e7\u00fck kar\u0131nca t\u00fcrlerinde bile \u00e7ok etkilidir ve adaptasyon ve geni\u015fleme i\u00e7in sonsuz olanaklar vard\u0131r.<\/p>\n<h2 class=\"has-text-align-center has-medium-font-size\">Neden kar\u0131nca besliyorsunuz?<\/h2>\n<p class=\"has-text-align-center\">T\u00fcrlerine ba\u011fl\u0131 olarak kar\u0131ncalar\u0131 beslemek \u00e7ok kolayd\u0131r. \u00c7ok az alana ihtiya\u00e7 duyars\u0131n\u0131z ve onlar\u0131 hemen hemen her \u015feyle besleyebilirsiniz. Kar\u0131ncalar neredeyse hi\u00e7 kokuya neden olmaz, \u00e7ok temiz hayvanlard\u0131r, g\u00fcr\u00fclt\u00fc yapmazlar ve koloni ve formikaryum sat\u0131n al\u0131nd\u0131ktan sonra neredeyse hi\u00e7 masraf \u00e7\u0131karmazlar. Ayr\u0131ca, asla veterinere gitmek zorunda kalmazlar.<\/p>\n<p class=\"has-text-align-center\">Kar\u0131ncalar inan\u0131lmaz derecede b\u00fcy\u00fcleyicidir. Tek bir krali\u00e7enin y\u0131llar boyunca ilk i\u015f\u00e7ilerini yeti\u015ftirmesini ve ard\u0131ndan m\u00fckemmel bir i\u015fbirli\u011fi ve kaynak kullan\u0131m\u0131yla kolonisinin y\u0131llar i\u00e7inde binlerce \u00fcyeye ula\u015fmas\u0131n\u0131 izlemek e\u015fsiz bir deneyimdir. Son derece sosyal hayvanlard\u0131r ve baz\u0131 t\u00fcrler i\u015f\u00e7iler, askerler, \u00e7ift\u00e7iler ve hatta hem\u015fireler gibi farkl\u0131 kastlar olu\u015fturur ve tahmin edin ne olur, hepsi di\u015fidir. Kar\u0131ncalar \u00e7evremiz i\u00e7in de inan\u0131lmaz derecede \u00f6nemlidir. Sadece d\u00fcnyadaki ya\u015fanabilir her ekosistemde bulunmakla kalmazlar, ayn\u0131 zamanda di\u011fer t\u00fcm t\u00fcrlerden daha uzmanla\u015fm\u0131\u015f ve \u00e7ok y\u00f6nl\u00fcd\u00fcrler. Kar\u0131ncalar ya\u015fam bi\u00e7imleri a\u00e7\u0131s\u0131ndan da bize benzerler. \u0130\u015f b\u00f6l\u00fcm\u00fc, dar bir alanda b\u00fcy\u00fck koloniler halinde birlikte ya\u015famalar\u0131 ve t\u00fcm ekosistemlerde besin zincirinin farkl\u0131 seviyelerini kullanmalar\u0131 onlar\u0131 t\u0131pk\u0131 biz insanlar gibi \u00e7ok ba\u015far\u0131l\u0131 k\u0131l\u0131yor. Tek fark, biz insanlar kadar verimli de\u011filiz ve kar\u0131ncalar 130 milyon y\u0131ldan fazla bir s\u00fcredir var olurken, insanlar sadece 300.000 y\u0131ld\u0131r var.<\/p>\n\n\t\t<\/div>\n\t\t\t\t\t<\/div>\n\n\t\n\n<\/div>\n<div class=\"row\"  id=\"row-1415272989\">\n\n\n\t<div id=\"col-1285679837\" class=\"col medium-6 large-6\"  >\n\t\t\t\t<div class=\"col-inner\" style=\"background-color:#61ca9f;\" >\n\t\t\t\n\t\t\t\n\n<div class=\"container section-title-container\" ><h3 class=\"section-title section-title-normal\"><b aria-hidden=\"true\"><\/b><span class=\"section-title-main\" ><i class=\"icon-envelop\" aria-hidden=\"true\"><\/i>Bize ula\u015f\u0131n<\/span><b aria-hidden=\"true\"><\/b><\/h3><\/div>\n\n\t<div id=\"text-2735860580\" class=\"text\">\n\t\t\n\n<\/p>\n<ul>\n<li><strong>E-Posta<\/strong>: sales@antcube.de<\/li>\n<li><strong>Telefon<\/strong>: +49 30 439703870<\/li>\n<\/ul>\n<p><strong>\u00c7al\u0131\u015fma saatleri <\/strong>(UTC\/GMT +1):<\/p>\n<ul>\n<li>Sal\u0131 - Cuma 10:00 - 18:00 aras\u0131<\/li>\n<\/ul>\n\n\t\t\n<style>\n#text-2735860580 {\n  font-size: 0.75rem;\n}\n@media (min-width:550px) {\n  #text-2735860580 {\n    font-size: 1.5rem;\n  }\n}\n<\/style>\n\t<\/div>\n\t\n\t<div id=\"gap-1576723646\" class=\"gap-element clearfix\" style=\"display:block; height:auto;\">\n\t\t\n<style>\n#gap-1576723646 {\n  padding-top: 60px;\n}\n<\/style>\n\t<\/div>\n\t\n\n\t<div class=\"img has-hover x md-x lg-x y md-y lg-y\" id=\"image_770568885\">\n\t\t\t\t\t\t\t\t<div class=\"img-inner dark\" >\n\t\t\t<img data-recalc-dims=\"1\" loading=\"lazy\" decoding=\"async\" width=\"900\" height=\"900\" src=\"https:\/\/i0.wp.com\/antcube.shop\/wp-content\/uploads\/2021\/09\/Firmeneingang.jpg?resize=900%2C900&#038;ssl=1\" class=\"attachment-original size-original\" alt=\"ANTSTORE giri\u015fi\" srcset=\"https:\/\/i0.wp.com\/antcube.shop\/wp-content\/uploads\/2021\/09\/Firmeneingang.jpg?w=900&amp;ssl=1 900w, https:\/\/i0.wp.com\/antcube.shop\/wp-content\/uploads\/2021\/09\/Firmeneingang.jpg?resize=247%2C247&amp;ssl=1 247w, https:\/\/i0.wp.com\/antcube.shop\/wp-content\/uploads\/2021\/09\/Firmeneingang.jpg?resize=100%2C100&amp;ssl=1 100w, https:\/\/i0.wp.com\/antcube.shop\/wp-content\/uploads\/2021\/09\/Firmeneingang.jpg?resize=510%2C510&amp;ssl=1 510w, https:\/\/i0.wp.com\/antcube.shop\/wp-content\/uploads\/2021\/09\/Firmeneingang.jpg?resize=400%2C400&amp;ssl=1 400w, https:\/\/i0.wp.com\/antcube.shop\/wp-content\/uploads\/2021\/09\/Firmeneingang.jpg?resize=800%2C800&amp;ssl=1 800w, https:\/\/i0.wp.com\/antcube.shop\/wp-content\/uploads\/2021\/09\/Firmeneingang.jpg?resize=280%2C280&amp;ssl=1 280w, https:\/\/i0.wp.com\/antcube.shop\/wp-content\/uploads\/2021\/09\/Firmeneingang.jpg?resize=768%2C768&amp;ssl=1 768w\" sizes=\"auto, (max-width: 900px) 100vw, 900px\" \/>\t\t\t\t\t\t\n\t\t\t\t\t<\/div>\n\t\t\t\t\t\t\t\t\n<style>\n#image_770568885 {\n  width: 100%;\n}\n<\/style>\n\t<\/div>\n\t\n\n\n\t\t<\/div>\n\t\t\t\t\t<\/div>\n\n\t\n\n\t<div id=\"col-834147200\" class=\"col medium-6 large-6\"  >\n\t\t\t\t<div class=\"col-inner\"  >\n\t\t\t\n\t\t\t\n\n<div class=\"container section-title-container\" ><h3 class=\"section-title section-title-normal\"><b aria-hidden=\"true\"><\/b><span class=\"section-title-main\" >Ma\u011fazam\u0131z\u0131 ziyaret edin<\/span><b aria-hidden=\"true\"><\/b><\/h3><\/div>\n\n\t<div id=\"text-3053368765\" class=\"text\">\n\t\t\n\n<p><strong>Adres:<\/strong><\/p>\n<ul>\n<li>Sokak: Selerweg 41<\/li>\n<li>Posta Kodu: D - 12169<\/li>\n<li>\u015eehir: Berlin<\/li>\n<li>\u00dclke Almanya<\/li>\n<li>B\u00f6lge: Steglitz-Zehlendorf<\/li>\n<\/ul>\n<p><strong>\u00c7al\u0131\u015fma saatleri<\/strong> (UTC\/GMT +1)<\/p>\n<ul>\n<li>Sal\u0131 - Cuma 13:00 - 18:00<\/li>\n<\/ul>\n<p><strong>COVID-19 NOTU:<\/strong> Perakende ma\u011fazam\u0131z <strong>Mart 2020'den beri kapal\u0131<\/strong> veya hen\u00fcz ziyaret\u00e7iler i\u00e7in eri\u015filebilir de\u011fil. Bununla birlikte, \u00fcr\u00fcnlerimizi \u00e7evrimi\u00e7i olarak sipari\u015f edebilir ve \u00f6deme yapabilir ve ard\u0131ndan her \u015feyi \u00f6n kap\u0131m\u0131zdan alabilir veya \u00fcr\u00fcnleri evinize paket servisi ile g\u00f6nderebiliriz. Destek ekibimiz e-posta veya telefon yoluyla talepleriniz i\u00e7in hala haz\u0131r! Sizi g\u00fcncel tutaca\u011f\u0131z.<\/p>\n<p><iframe loading=\"lazy\" style=\"border: 0;\" src=\"https:\/\/www.google.com\/maps\/embed?pb=!1m18!1m12!1m3!1d2431.3708399886823!2d13.335121715997175!3d52.454311048847416!2m3!1f0!2f0!3f0!3m2!1i1024!2i768!4f13.1!3m3!1m2!1s0x47a85a9242e5bc07%3A0xc44ee1d5a0728440!2sANTSTORE!5e0!3m2!1sde!2sde!4v1632470583913!5m2!1sde!2sde\" width=\"600\" height=\"450\" allowfullscreen=\"allowfullscreen\"><\/iframe><\/p>\n\t\t\n<style>\n#text-3053368765 {\n  font-size: 0.75rem;\n}\n<\/style>\n\t<\/div>\n\t\n\n\t\t<\/div>\n\t\t\t\t\t<\/div>\n\n\t\n\n<\/div>","protected":false},"excerpt":{"rendered":"","protected":false},"author":1,"featured_media":0,"parent":0,"menu_order":0,"comment_status":"closed","ping_status":"closed","template":"","meta":{"_acf_changed":false,"content-type":"","_monsterinsights_skip_tracking":false,"_monsterinsights_sitenote_active":false,"_monsterinsights_sitenote_note":"","_monsterinsights_sitenote_category":0,"footnotes":""},"class_list":["post-628","page","type-page","status-publish","hentry"],"acf":[],"aioseo_notices":[],"jetpack_sharing_enabled":true,"_links":{"self":[{"href":"https:\/\/antcube.shop\/tr\/wp-json\/wp\/v2\/pages\/628","targetHints":{"allow":["GET"]}}],"collection":[{"href":"https:\/\/antcube.shop\/tr\/wp-json\/wp\/v2\/pages"}],"about":[{"href":"https:\/\/antcube.shop\/tr\/wp-json\/wp\/v2\/types\/page"}],"author":[{"embeddable":true,"href":"https:\/\/antcube.shop\/tr\/wp-json\/wp\/v2\/users\/1"}],"replies":[{"embeddable":true,"href":"https:\/\/antcube.shop\/tr\/wp-json\/wp\/v2\/comments?post=628"}],"version-history":[{"count":10,"href":"https:\/\/antcube.shop\/tr\/wp-json\/wp\/v2\/pages\/628\/revisions"}],"predecessor-version":[{"id":12738,"href":"https:\/\/antcube.shop\/tr\/wp-json\/wp\/v2\/pages\/628\/revisions\/12738"}],"wp:attachment":[{"href":"https:\/\/antcube.shop\/tr\/wp-json\/wp\/v2\/media?parent=628"}],"curies":[{"name":"wp","href":"https:\/\/api.w.org\/{rel}","templated":true}]}}