{"id":616,"date":"2021-07-30T13:10:43","date_gmt":"2021-07-30T11:10:43","guid":{"rendered":"https:\/\/antcube.shop\/?page_id=616"},"modified":"2023-12-15T13:09:49","modified_gmt":"2023-12-15T12:09:49","slug":"indir","status":"publish","type":"page","link":"https:\/\/antcube.shop\/tr\/indir\/","title":{"rendered":"\u0130ndir"},"content":{"rendered":"<div id=\"gap-506212552\" class=\"gap-element clearfix\" style=\"display:block; height:auto;\">\n\t\t\n<style>\n#gap-506212552 {\n  padding-top: 196px;\n}\n@media (min-width:850px) {\n  #gap-506212552 {\n    padding-top: 171px;\n  }\n}\n<\/style>\n\t<\/div>\n\t\n\n<div class=\"row\"  id=\"row-408163135\">\n\n\n\t<div id=\"col-1468013769\" class=\"col small-12 large-12\"  >\n\t\t\t\t<div class=\"col-inner\"  >\n\t\t\t\n\t\t\t\n\n<h1 style=\"text-align: center;\">\u0130ndir<\/h1>\n<p style=\"text-align: center;\">Burada \u00fccretsiz indirilebilir i\u00e7eri\u011fimize genel bir bak\u0131\u015f bulabilirsiniz.<\/p>\n<h3 class=\"accordion_title\">Ba\u015flang\u0131\u00e7 Setlerimiz i\u00e7in Kullan\u0131m K\u0131lavuzlar\u0131<\/h3><div class=\"accordion\">\n\n\t<div id=\"accordion-550149777\" class=\"accordion-item\">\n\t\t<a id=\"accordion-550149777-label\" class=\"accordion-title plain\" href=\"#accordion-item-german-user-manuals\" aria-expanded=\"false\" aria-controls=\"accordion-550149777-content\">\n\t\t\t<button class=\"toggle\" aria-label=\"A\u00e7\/Kapat\"><i class=\"icon-angle-down\" aria-hidden=\"true\"><\/i><\/button>\n\t\t\t<span>Almanca Kullan\u0131m K\u0131lavuzlar\u0131<\/span>\n\t\t<\/a>\n\t\t<div id=\"accordion-550149777-content\" class=\"accordion-inner\" aria-labelledby=\"accordion-550149777-label\">\n\t\t\t\n\n<p><a href=\"https:\/\/antcube.shop\/wp-content\/uploads\/2021\/10\/Gebrauchsanweisung-Starter-Set-Combi-1.pdf\">Gebrauchsanweisung Ba\u015flang\u0131\u00e7 Seti Combi<\/a><\/p>\n<p><a href=\"https:\/\/antcube.shop\/wp-content\/uploads\/2021\/10\/Gebrauchsanweisung-Starter-Set-Digfix-1.pdf\">Gebrauchsanweisung Ba\u015flang\u0131\u00e7 Seti Digfix<\/a><\/p>\n<p><a href=\"https:\/\/antcube.shop\/wp-content\/uploads\/2021\/10\/Gebrauchsanweisung-Starter-Set-Gips.pdf\">Gebrauchsanweisung Ba\u015flang\u0131\u00e7 Seti Gips<\/a><\/p>\n<p><a href=\"https:\/\/antcube.shop\/wp-content\/uploads\/2021\/10\/Gebrauchsanweisung-Starter-Set-Habitat-1.pdf\">Gebrauchsanweisung Ba\u015flang\u0131\u00e7 Seti Habitat<\/a><\/p>\n<p><a href=\"https:\/\/antcube.shop\/wp-content\/uploads\/2021\/10\/Gebrauchsanweisung-Starter-Set-Kork.pdf\">Gebrauchsanweisung Ba\u015flang\u0131\u00e7 Seti Kork<\/a><\/p>\n<p><a href=\"https:\/\/antcube.shop\/wp-content\/uploads\/2021\/10\/Gebrauchsanweisung-Starter-Set-Ernteameisen.pdf\">Gebrauchsanweisung Ba\u015flang\u0131\u00e7 Seti Ernteameisen<\/a><\/p>\n\n\t\t<\/div>\n\t<\/div>\n\t\n\t<div id=\"accordion-3947727770\" class=\"accordion-item\">\n\t\t<a id=\"accordion-3947727770-label\" class=\"accordion-title plain\" href=\"#accordion-item-english-user-manuals\" aria-expanded=\"false\" aria-controls=\"accordion-3947727770-content\">\n\t\t\t<button class=\"toggle\" aria-label=\"A\u00e7\/Kapat\"><i class=\"icon-angle-down\" aria-hidden=\"true\"><\/i><\/button>\n\t\t\t<span>\u0130ngilizce Kullan\u0131m K\u0131lavuzlar\u0131<\/span>\n\t\t<\/a>\n\t\t<div id=\"accordion-3947727770-content\" class=\"accordion-inner\" aria-labelledby=\"accordion-3947727770-label\">\n\t\t\t\n\n<p><a href=\"https:\/\/antcube.shop\/wp-content\/uploads\/2021\/10\/User-manual-Starter-Set-Combi.docx1_.pdf\">Kullan\u0131m k\u0131lavuzu - Ba\u015flang\u0131\u00e7 Seti Combi<\/a><\/p>\n<p><a href=\"https:\/\/antcube.shop\/wp-content\/uploads\/2021\/10\/User-manual-Starter-Set-Digfix-.docx1_.pdf\">Kullan\u0131m k\u0131lavuzu - Ba\u015flang\u0131\u00e7 Seti Digfix<\/a><\/p>\n<p><a href=\"https:\/\/antcube.shop\/wp-content\/uploads\/2021\/10\/User-manual-Starter-Set-Plaster.docx1_.pdf\">Kullan\u0131m k\u0131lavuzu - Ba\u015flang\u0131\u00e7 Seti Al\u00e7\u0131\/S\u0131va<\/a><\/p>\n<p><a href=\"https:\/\/antcube.shop\/wp-content\/uploads\/2021\/10\/User-manual-Starter-Set-Habitat.docx1_.pdf\">Kullan\u0131m k\u0131lavuzu - Ba\u015flang\u0131\u00e7 Seti Habitat<\/a><\/p>\n<p><a href=\"https:\/\/antcube.shop\/wp-content\/uploads\/2021\/10\/User-manual-Starter-Set-Cork-.docx1_.pdf\">Kullan\u0131m k\u0131lavuzu - Ba\u015flang\u0131\u00e7 Seti Mantar\u0131<\/a><\/p>\n<p><a href=\"https:\/\/antcube.shop\/wp-content\/uploads\/2021\/10\/User-manual-Starter-Set-for-Harvester-Ants.docx1_.pdf\">Kullan\u0131m k\u0131lavuzu - Bi\u00e7erd\u00f6ver Kar\u0131ncalar\u0131 i\u00e7in Ba\u015flang\u0131\u00e7 Seti<\/a><\/p>\n\n\t\t<\/div>\n\t<\/div>\n\t\n\t<div id=\"accordion-2141926531\" class=\"accordion-item\">\n\t\t<a id=\"accordion-2141926531-label\" class=\"accordion-title plain\" href=\"#accordion-item-spanish-user-manuals\" aria-expanded=\"false\" aria-controls=\"accordion-2141926531-content\">\n\t\t\t<button class=\"toggle\" aria-label=\"A\u00e7\/Kapat\"><i class=\"icon-angle-down\" aria-hidden=\"true\"><\/i><\/button>\n\t\t\t<span>\u0130spanyolca Kullan\u0131m K\u0131lavuzlar\u0131<\/span>\n\t\t<\/a>\n\t\t<div id=\"accordion-2141926531-content\" class=\"accordion-inner\" aria-labelledby=\"accordion-2141926531-label\">\n\t\t\t\n\n<p><a href=\"https:\/\/antcube.shop\/wp-content\/uploads\/2021\/10\/Manual-de-instrucciones-Set-de-inicio-Combi.docx1_.pdf\">Kullan\u0131m k\u0131lavuzu - Set de inicio Combi<\/a><\/p>\n<p><a href=\"https:\/\/antcube.shop\/wp-content\/uploads\/2021\/10\/Manual-de-instrucciones-Set-de-inicio-Digfix.docx1_.pdf\">Kullan\u0131m k\u0131lavuzu - Set de inicio Digfix<\/a><\/p>\n<p><a href=\"https:\/\/antcube.shop\/wp-content\/uploads\/2021\/10\/Manual-de-instrucciones-Set-de-inicio-de-yeso-.docx1_.pdf\">Kullan\u0131m k\u0131lavuzu - Set de inicio de yeso<\/a><\/p>\n<p><a href=\"https:\/\/antcube.shop\/wp-content\/uploads\/2021\/10\/Manual-de-instrucciones-Set-de-inicio-Habitat.docx1_.pdf\">Kullan\u0131m k\u0131lavuzu - Set de inicio H\u00e1bitat<\/a><\/p>\n<p><a href=\"https:\/\/antcube.shop\/wp-content\/uploads\/2021\/10\/Manual-de-instrucciones-Set-de-inicio-de-corcho-.docx1_.pdf\">Kullan\u0131m k\u0131lavuzu - Set de inicio de corcho<\/a><\/p>\n<p><a href=\"https:\/\/antcube.shop\/wp-content\/uploads\/2021\/10\/Manual-de-instrucciones-Set-de-inicio-para-las-hormigas-de-la-cosecha-_-messor.docx1_.pdf\">Kullan\u0131m k\u0131lavuzu - Set de inicio para las hormigas de la cosecha - messor<\/a><\/p>\n\n\t\t<\/div>\n\t<\/div>\n\t\n\t<div id=\"accordion-862968576\" class=\"accordion-item\">\n\t\t<a id=\"accordion-862968576-label\" class=\"accordion-title plain\" href=\"#accordion-item-french-user-manuals\" aria-expanded=\"false\" aria-controls=\"accordion-862968576-content\">\n\t\t\t<button class=\"toggle\" aria-label=\"A\u00e7\/Kapat\"><i class=\"icon-angle-down\" aria-hidden=\"true\"><\/i><\/button>\n\t\t\t<span>Frans\u0131zca Kullan\u0131m K\u0131lavuzlar\u0131<\/span>\n\t\t<\/a>\n\t\t<div id=\"accordion-862968576-content\" class=\"accordion-inner\" aria-labelledby=\"accordion-862968576-label\">\n\t\t\t\n\n<p><a href=\"https:\/\/antcube.shop\/wp-content\/uploads\/2021\/10\/Manuel-dinstruction-Kit-de-demarrage-Combi.docx1_.pdf\">Kullan\u0131m k\u0131lavuzu - Kombi kurulum kiti<\/a><\/p>\n<p><a href=\"https:\/\/antcube.shop\/wp-content\/uploads\/2021\/10\/Manuel-dinstruction-Kit-de-demarrage-Digfix.docx1_.pdf\">Kullan\u0131m k\u0131lavuzu - Kit de d\u00e9marrage Digfix<\/a><\/p>\n<p><a href=\"https:\/\/antcube.shop\/wp-content\/uploads\/2021\/10\/Manuel-dinstruction-Set-de-demarrage-platre.docx1_.pdf\">Kullan\u0131m k\u0131lavuzu - Set de d\u00e9marrage pl\u00e2tre<\/a><\/p>\n<p><a href=\"https:\/\/antcube.shop\/wp-content\/uploads\/2021\/10\/Manuel-dinstruction-Kit-de-demarrage-Habitat.docx1_.pdf\">Kullan\u0131m k\u0131lavuzu - Habitat kurulum kiti<\/a><\/p>\n<p><a href=\"https:\/\/antcube.shop\/wp-content\/uploads\/2021\/10\/Manuel-dinstruction-Kit-de-demarrage-en-liege.docx1_.pdf\">Kullan\u0131m k\u0131lavuzu - Kit de d\u00e9marrage en li\u00e8ge<\/a><\/p>\n<p><a href=\"https:\/\/antcube.shop\/wp-content\/uploads\/2021\/10\/Manuel-dinstruction-Kit-de-demarrage-pour-les-fourmis-moissonneuses_-Messor.docx2_.pdf\">Manuel talimat - Fourmis moissonneuses i\u00e7in tamir seti_ Messor<\/a><\/p>\n\n\t\t<\/div>\n\t<\/div>\n\t\n\n<\/div>\n\n\t\t<\/div>\n\t\t\t\t\t<\/div>\n\n\t\n\n<\/div>","protected":false},"excerpt":{"rendered":"","protected":false},"author":1,"featured_media":0,"parent":0,"menu_order":0,"comment_status":"closed","ping_status":"closed","template":"","meta":{"_acf_changed":false,"content-type":"","_monsterinsights_skip_tracking":false,"_monsterinsights_sitenote_active":false,"_monsterinsights_sitenote_note":"","_monsterinsights_sitenote_category":0,"footnotes":""},"class_list":["post-616","page","type-page","status-publish","hentry"],"acf":[],"aioseo_notices":[],"jetpack_sharing_enabled":true,"_links":{"self":[{"href":"https:\/\/antcube.shop\/tr\/wp-json\/wp\/v2\/pages\/616","targetHints":{"allow":["GET"]}}],"collection":[{"href":"https:\/\/antcube.shop\/tr\/wp-json\/wp\/v2\/pages"}],"about":[{"href":"https:\/\/antcube.shop\/tr\/wp-json\/wp\/v2\/types\/page"}],"author":[{"embeddable":true,"href":"https:\/\/antcube.shop\/tr\/wp-json\/wp\/v2\/users\/1"}],"replies":[{"embeddable":true,"href":"https:\/\/antcube.shop\/tr\/wp-json\/wp\/v2\/comments?post=616"}],"version-history":[{"count":10,"href":"https:\/\/antcube.shop\/tr\/wp-json\/wp\/v2\/pages\/616\/revisions"}],"predecessor-version":[{"id":6886,"href":"https:\/\/antcube.shop\/tr\/wp-json\/wp\/v2\/pages\/616\/revisions\/6886"}],"wp:attachment":[{"href":"https:\/\/antcube.shop\/tr\/wp-json\/wp\/v2\/media?parent=616"}],"curies":[{"name":"wp","href":"https:\/\/api.w.org\/{rel}","templated":true}]}}