{"id":2479,"date":"2021-09-30T10:43:05","date_gmt":"2021-09-30T08:43:05","guid":{"rendered":"https:\/\/antcube.shop\/?page_id=2479"},"modified":"2023-12-14T13:31:40","modified_gmt":"2023-12-14T12:31:40","slug":"adim-4","status":"publish","type":"page","link":"https:\/\/antcube.shop\/tr\/karinca-bulucu\/orta\/adim-4\/","title":{"rendered":"Ad\u0131m 4"},"content":{"rendered":"<div id=\"gap-376212631\" class=\"gap-element clearfix\" style=\"display:block; height:auto;\">\n\t\t\n<style>\n#gap-376212631 {\n  padding-top: 200px;\n}\n@media (min-width:850px) {\n  #gap-376212631 {\n    padding-top: 175px;\n  }\n}\n<\/style>\n\t<\/div>\n\t\n\n<div class=\"row\"  id=\"row-1498445877\">\n\n\n\t<div id=\"col-1766340984\" class=\"col small-12 large-12\"  >\n\t\t\t\t<div class=\"col-inner\"  >\n\t\t\t\n\t\t\t\n\n\t<div id=\"text-3529474392\" class=\"text\">\n\t\t\n\n<h3>Deneyimli kar\u0131nca bak\u0131c\u0131lar\u0131 i\u00e7in kar\u0131ncalar<\/h3>\n<p>Kar\u0131ncalar \u00e7ok farkl\u0131 iklim ko\u015fullar\u0131na sahip \u00e7ok farkl\u0131 habitatlarda ya\u015fad\u0131klar\u0131ndan, do\u011fru s\u0131cakl\u0131k ve nemi sa\u011flayabildi\u011finizden emin olman\u0131z gerekir.<\/p>\n<p>Do\u011fru nemi sa\u011flamak i\u00e7in kar\u0131nca \u00e7iftli\u011finizi \u00f6rne\u011fin bir sprey \u015fi\u015fesiyle nemlendirmeniz yeterlidir. Do\u011fru s\u0131cakl\u0131\u011f\u0131 korumak s\u00f6z konusu oldu\u011funda ise i\u015fler biraz daha karma\u015f\u0131k bir hal al\u0131r. Ya bir \u0131s\u0131 lambas\u0131na, bir \u0131s\u0131tma mat\u0131na veya kablosuna ihtiyac\u0131n\u0131z vard\u0131r ya da kar\u0131ncalar\u0131n\u0131z\u0131 tuttu\u011funuz oday\u0131 do\u011fru s\u0131cakl\u0131\u011fa kadar \u0131s\u0131tman\u0131z gerekir.<\/p>\n<p>Bununla birlikte, oda s\u0131cakl\u0131\u011f\u0131nda tutabilece\u011finiz bir\u00e7ok t\u00fcr vard\u0131r. \u00d6nerilen s\u0131cakl\u0131\u011f\u0131n 1-3 C\u00b0 alt\u0131nda olsa bile genellikle sorun yaratmaz.\u00a0<\/p>\n\t\t\n<style>\n#text-3529474392 {\n  text-align: center;\n}\n<\/style>\n\t<\/div>\n\t\n\n\t\t<\/div>\n\t\t\t\t\t<\/div>\n\n\t\n\n<\/div>\n\t<div id=\"text-291853874\" class=\"text\">\n\t\t\n\n<p><strong>Soru: Oda s\u0131cakl\u0131\u011f\u0131nda tutabilece\u011finiz bir kar\u0131nca t\u00fcr\u00fc m\u00fc ar\u0131yorsunuz?<\/strong><\/p>\n\t\t\n<style>\n#text-291853874 {\n  font-size: 1.8rem;\n  text-align: center;\n}\n<\/style>\n\t<\/div>\n\t\n<div class=\"row\"  id=\"row-1540507686\">\n\n\n\t<div id=\"col-306081383\" class=\"col medium-6 small-12 large-6\"  >\n\t\t\t\t<div class=\"col-inner\"  >\n\t\t\t\n\t\t\t\n\n<a href=\"https:\/\/antcube.shop\/ant-finder\/intermediate\/step-4\/step-7\/\" class=\"button secondary expand\" >\n\t\t<span>Evet, onlar\u0131 oda s\u0131cakl\u0131\u011f\u0131nda tutmak istiyorum<\/span>\n\t<\/a>\n\n\n\n\t\t<\/div>\n\t\t\t\t\t<\/div>\n\n\t\n\n\t<div id=\"col-1109107616\" class=\"col medium-6 small-12 large-6\"  >\n\t\t\t\t<div class=\"col-inner\"  >\n\t\t\t\n\t\t\t\n\n<a href=\"https:\/\/antcube.shop\/ant-finder\/intermediate\/step-4\/step-8\/\" class=\"button secondary expand\" >\n\t\t<span>Hay\u0131r, gerekli s\u0131cakl\u0131\u011f\u0131 sa\u011flayaca\u011f\u0131m<\/span>\n\t<\/a>\n\n\n\n\t\t<\/div>\n\t\t\t\t\t<\/div>\n\n\t\n\n<\/div>","protected":false},"excerpt":{"rendered":"","protected":false},"author":1,"featured_media":0,"parent":2468,"menu_order":0,"comment_status":"closed","ping_status":"closed","template":"","meta":{"_acf_changed":false,"content-type":"","_monsterinsights_skip_tracking":false,"_monsterinsights_sitenote_active":false,"_monsterinsights_sitenote_note":"","_monsterinsights_sitenote_category":0,"footnotes":""},"class_list":["post-2479","page","type-page","status-publish","hentry"],"acf":[],"aioseo_notices":[],"jetpack_sharing_enabled":true,"_links":{"self":[{"href":"https:\/\/antcube.shop\/tr\/wp-json\/wp\/v2\/pages\/2479","targetHints":{"allow":["GET"]}}],"collection":[{"href":"https:\/\/antcube.shop\/tr\/wp-json\/wp\/v2\/pages"}],"about":[{"href":"https:\/\/antcube.shop\/tr\/wp-json\/wp\/v2\/types\/page"}],"author":[{"embeddable":true,"href":"https:\/\/antcube.shop\/tr\/wp-json\/wp\/v2\/users\/1"}],"replies":[{"embeddable":true,"href":"https:\/\/antcube.shop\/tr\/wp-json\/wp\/v2\/comments?post=2479"}],"version-history":[{"count":10,"href":"https:\/\/antcube.shop\/tr\/wp-json\/wp\/v2\/pages\/2479\/revisions"}],"predecessor-version":[{"id":6793,"href":"https:\/\/antcube.shop\/tr\/wp-json\/wp\/v2\/pages\/2479\/revisions\/6793"}],"up":[{"embeddable":true,"href":"https:\/\/antcube.shop\/tr\/wp-json\/wp\/v2\/pages\/2468"}],"wp:attachment":[{"href":"https:\/\/antcube.shop\/tr\/wp-json\/wp\/v2\/media?parent=2479"}],"curies":[{"name":"wp","href":"https:\/\/api.w.org\/{rel}","templated":true}]}}