{"id":2468,"date":"2021-09-30T10:04:30","date_gmt":"2021-09-30T08:04:30","guid":{"rendered":"https:\/\/antcube.shop\/?page_id=2468"},"modified":"2023-12-15T12:50:52","modified_gmt":"2023-12-15T11:50:52","slug":"orta","status":"publish","type":"page","link":"https:\/\/antcube.shop\/tr\/karinca-bulucu\/orta\/","title":{"rendered":"orta"},"content":{"rendered":"<div id=\"gap-109347718\" class=\"gap-element clearfix\" style=\"display:block; height:auto;\">\n\t\t\n<style>\n#gap-109347718 {\n  padding-top: 200px;\n}\n@media (min-width:850px) {\n  #gap-109347718 {\n    padding-top: 175px;\n  }\n}\n<\/style>\n\t<\/div>\n\t\n\n<div class=\"row\"  id=\"row-1131212304\">\n\n\n\t<div id=\"col-207773617\" class=\"col small-12 large-12\"  >\n\t\t\t\t<div class=\"col-inner\"  >\n\t\t\t\n\t\t\t\n\n\t<div id=\"text-2710085840\" class=\"text\">\n\t\t\n\n<h3>Deneyimli kar\u0131nca bak\u0131c\u0131lar\u0131 i\u00e7in kar\u0131ncalar<\/h3>\n<p>So\u011fuk b\u00f6lgelerdeki bir\u00e7ok kar\u0131nca t\u00fcr\u00fcn\u00fcn k\u0131\u015f uykusuna yatmas\u0131 gerekir. Bu, t\u00fcr\u00fcn k\u00f6kenine ba\u011fl\u0131 olarak de\u011fi\u015fir. Do\u011fada k\u0131\u015f uykusuna yatan kar\u0131ncalar evinizde de ayn\u0131 \u015feyi yapmal\u0131d\u0131r. Hayvanlara do\u011fal molalar\u0131n\u0131 vermezseniz, koloni b\u00fcy\u00fcmesi yava\u015flayabilir veya krali\u00e7e \u00e7ok erken \u00f6lebilir.\u00a0<\/p>\n<p>Baz\u0131 kar\u0131ncalar sadece \u00fc\u00e7 ay k\u0131\u015f uykusuna yatarken, di\u011ferleri d\u00f6rt ila be\u015f ayl\u0131k bir s\u00fcreye ihtiya\u00e7 duyar (genellikle Kas\u0131m ve Mart aylar\u0131 aras\u0131nda). Ayr\u0131ca baz\u0131 t\u00fcrlerin k\u0131\u015f uykusu i\u00e7in ihtiya\u00e7 duydu\u011fu s\u0131cakl\u0131k da farkl\u0131l\u0131k g\u00f6sterir. \u00d6rne\u011fin, Kuzey Avrupa t\u00fcrleri 5\u00b0C ile 8\u00b0C aras\u0131ndaki s\u0131cakl\u0131klara ihtiya\u00e7 duyarken, G\u00fcney Avrupa t\u00fcrleri 15\u00b0C civar\u0131ndaki s\u0131cakl\u0131klara ihtiya\u00e7 duyar. Kuzey Avrupa t\u00fcrleri k\u0131\u015f uykusu s\u0131ras\u0131nda faaliyetlerini tamamen durdururken, g\u00fcney Avrupa t\u00fcrleri hala biraz aktiftir.<\/p>\n\t\t\n<style>\n#text-2710085840 {\n  text-align: center;\n}\n<\/style>\n\t<\/div>\n\t\n\n\t\t<\/div>\n\t\t\t\t\t<\/div>\n\n\t\n\n<\/div>\n\t<div id=\"text-3575250661\" class=\"text\">\n\t\t\n\n<p><strong>Soru: K\u0131\u015f uykusuna yatan ya da yatmayan bir kar\u0131nca t\u00fcr\u00fc m\u00fc ar\u0131yorsunuz?<\/strong><\/p>\n\t\t\n<style>\n#text-3575250661 {\n  font-size: 1.8rem;\n  text-align: center;\n}\n<\/style>\n\t<\/div>\n\t\n<div class=\"row\" style=\"max-width:650px\" id=\"row-1224882356\">\n\n\n\t<div id=\"col-1985445804\" class=\"col medium-6 small-12 large-6\"  >\n\t\t\t\t<div class=\"col-inner\"  >\n\t\t\t\n\t\t\t\n\n<a href=\"https:\/\/antcube.shop\/ant-finder\/intermediate\/step-3\/\" class=\"button secondary expand\" >\n\t\t<span>K\u0131\u015f uykusuna ihtiya\u00e7 duyan kar\u0131ncalar<\/span>\n\t<\/a>\n\n\n\n\t\t<\/div>\n\t\t\t\t\t<\/div>\n\n\t\n\n\t<div id=\"col-624194808\" class=\"col medium-6 small-12 large-6\"  >\n\t\t\t\t<div class=\"col-inner\"  >\n\t\t\t\n\t\t\t\n\n<a href=\"https:\/\/antcube.shop\/ant-finder\/intermediate\/step-4\/\" class=\"button secondary expand\" >\n\t\t<span>k\u0131\u015f uykusu yok<\/span>\n\t<\/a>\n\n\n\n\t\t<\/div>\n\t\t\t\t\t<\/div>\n\n\t\n\n<\/div>","protected":false},"excerpt":{"rendered":"","protected":false},"author":1,"featured_media":0,"parent":721,"menu_order":0,"comment_status":"closed","ping_status":"closed","template":"","meta":{"_acf_changed":false,"content-type":"","_monsterinsights_skip_tracking":false,"_monsterinsights_sitenote_active":false,"_monsterinsights_sitenote_note":"","_monsterinsights_sitenote_category":0,"footnotes":""},"class_list":["post-2468","page","type-page","status-publish","hentry"],"acf":[],"aioseo_notices":[],"jetpack_sharing_enabled":true,"_links":{"self":[{"href":"https:\/\/antcube.shop\/tr\/wp-json\/wp\/v2\/pages\/2468","targetHints":{"allow":["GET"]}}],"collection":[{"href":"https:\/\/antcube.shop\/tr\/wp-json\/wp\/v2\/pages"}],"about":[{"href":"https:\/\/antcube.shop\/tr\/wp-json\/wp\/v2\/types\/page"}],"author":[{"embeddable":true,"href":"https:\/\/antcube.shop\/tr\/wp-json\/wp\/v2\/users\/1"}],"replies":[{"embeddable":true,"href":"https:\/\/antcube.shop\/tr\/wp-json\/wp\/v2\/comments?post=2468"}],"version-history":[{"count":10,"href":"https:\/\/antcube.shop\/tr\/wp-json\/wp\/v2\/pages\/2468\/revisions"}],"predecessor-version":[{"id":6870,"href":"https:\/\/antcube.shop\/tr\/wp-json\/wp\/v2\/pages\/2468\/revisions\/6870"}],"up":[{"embeddable":true,"href":"https:\/\/antcube.shop\/tr\/wp-json\/wp\/v2\/pages\/721"}],"wp:attachment":[{"href":"https:\/\/antcube.shop\/tr\/wp-json\/wp\/v2\/media?parent=2468"}],"curies":[{"name":"wp","href":"https:\/\/api.w.org\/{rel}","templated":true}]}}