{"id":1331,"date":"2021-09-10T10:39:13","date_gmt":"2021-09-10T08:39:13","guid":{"rendered":"https:\/\/antcube.shop\/?page_id=1331"},"modified":"2023-12-15T12:23:13","modified_gmt":"2023-12-15T11:23:13","slug":"toprak-yuva","status":"publish","type":"page","link":"https:\/\/antcube.shop\/tr\/formicarium-finder\/yuva-tipi\/toprak-yuva\/","title":{"rendered":"Toprak yuvas\u0131"},"content":{"rendered":"<div id=\"gap-1790514180\" class=\"gap-element clearfix\" style=\"display:block; height:auto;\">\n\t\t\n<style>\n#gap-1790514180 {\n  padding-top: 197px;\n}\n@media (min-width:550px) {\n  #gap-1790514180 {\n    padding-top: 200px;\n  }\n}\n@media (min-width:850px) {\n  #gap-1790514180 {\n    padding-top: 171px;\n  }\n}\n<\/style>\n\t<\/div>\n\t\n\n<div class=\"row\"  id=\"row-485644851\">\n\n\n\t<div id=\"col-1834562477\" class=\"col small-12 large-12\"  >\n\t\t\t\t<div class=\"col-inner\"  >\n\t\t\t\n\t\t\t\n\n\t<div id=\"text-2444493259\" class=\"text\">\n\t\t\n\n<p><strong>Soru: <\/strong><strong>\u0130stedi\u011finiz kar\u0131nca t\u00fcr\u00fc nereden geliyor veya hangi Habitat\u0131 tercih ediyor?<\/strong><\/p>\n\t\t\n<style>\n#text-2444493259 {\n  font-size: 1.45rem;\n  text-align: center;\n}\n@media (min-width:550px) {\n  #text-2444493259 {\n    font-size: 1.95rem;\n  }\n}\n<\/style>\n\t<\/div>\n\t\n\t<div id=\"text-959137003\" class=\"text\">\n\t\t\n\n<p style=\"text-align: center;\"><strong>\"Formikaryum Bulucumuzun\" bu ad\u0131m\u0131nda, kar\u0131nca t\u00fcr\u00fcn\u00fcz\u00fcn hangi Habitattan veya do\u011fal ortamdan geldi\u011fine karar vermeniz gerekecektir. <\/strong>Emin de\u011filseniz, istedi\u011finiz kar\u0131nca t\u00fcr\u00fcn\u00fcn ilgili \u00dcr\u00fcn A\u00e7\u0131klamas\u0131n\u0131 kontrol etmeniz yeterlidir. Bilgileri orada bulacaks\u0131n\u0131z.<\/p>\n\t\t\n<style>\n#text-959137003 {\n  text-align: center;\n}\n<\/style>\n\t<\/div>\n\t\n\n\t\t<\/div>\n\t\t\t\t\t<\/div>\n\n\t\n\n<\/div>\n<div class=\"row\"  id=\"row-2141007585\">\n\n\n\t<div id=\"col-162428167\" class=\"col medium-3 small-6 large-3\"  >\n\t\t\t\t<div class=\"col-inner\"  >\n\t\t\t\n\t\t\t\n\n\n  <div class=\"banner has-hover\" id=\"banner-1573770119\">\n          <div class=\"banner-inner fill\">\n        <div class=\"banner-bg fill\" >\n            <img loading=\"lazy\" decoding=\"async\" width=\"906\" height=\"600\" src=\"https:\/\/i0.wp.com\/antcube.shop\/wp-content\/uploads\/2021\/08\/walter-sturn-HOCCH6oPVmw-unsplash-scaled.jpg?fit=906%2C600&amp;ssl=1\" class=\"bg attachment-large size-large\" alt=\"\" \/>                        <div class=\"overlay\"><\/div>            \n                    <\/div>\n\t\t\n        <div class=\"banner-layers container\">\n            <a class=\"fill\" href=\"https:\/\/antcube.shop\/formicarium-finder\/nest-type\/soil-nest\/habitat-meadow\/\"><div class=\"fill banner-link\"><\/div><\/a>            \n\n   <div id=\"text-box-1305407282\" class=\"text-box banner-layer x50 md-x50 lg-x50 y5 md-y5 lg-y20 res-text\">\n                                <div class=\"text-box-content text dark text-shadow-5\">\n              \n              <div class=\"text-inner text-center\">\n                  \n\n\t<div id=\"text-140586198\" class=\"text\">\n\t\t\n\n<h3 class=\"uppercase\"><strong>\u00c7ay\u0131r<\/strong><\/h3>\n\t\t\n<style>\n#text-140586198 {\n  font-size: 0.75rem;\n}\n@media (min-width:550px) {\n  #text-140586198 {\n    font-size: 0.75rem;\n  }\n}\n@media (min-width:850px) {\n  #text-140586198 {\n    font-size: 1.1rem;\n  }\n}\n<\/style>\n\t<\/div>\n\t\n\n              <\/div>\n           <\/div>\n                            \n<style>\n#text-box-1305407282 {\n  width: 100%;\n}\n#text-box-1305407282 .text-box-content {\n  font-size: 100%;\n}\n@media (min-width:550px) {\n  #text-box-1305407282 {\n    width: 100%;\n  }\n}\n@media (min-width:850px) {\n  #text-box-1305407282 {\n    width: 60%;\n  }\n}\n<\/style>\n    <\/div>\n \n\n        <\/div>\n      <\/div>\n\n            \n<style>\n#banner-1573770119 {\n  padding-top: 99.99%;\n}\n#banner-1573770119 .overlay {\n  background-color: rgba(0, 0, 0, 0);\n}\n<\/style>\n  <\/div>\n\n\n\n\t\t<\/div>\n\t\t\t\t\t<\/div>\n\n\t\n\n\t<div id=\"col-1790888891\" class=\"col medium-3 small-6 large-3\"  >\n\t\t\t\t<div class=\"col-inner\"  >\n\t\t\t\n\t\t\t\n\n\n  <div class=\"banner has-hover\" id=\"banner-697037061\">\n          <div class=\"banner-inner fill\">\n        <div class=\"banner-bg fill\" >\n            <img loading=\"lazy\" decoding=\"async\" width=\"401\" height=\"600\" src=\"https:\/\/i0.wp.com\/antcube.shop\/wp-content\/uploads\/2021\/08\/daniel-sessler-78kaMQmUUq4-unsplash-scaled.jpg?fit=401%2C600&amp;ssl=1\" class=\"bg attachment-large size-large\" alt=\"\" \/>                        <div class=\"overlay\"><\/div>            \n                    <\/div>\n\t\t\n        <div class=\"banner-layers container\">\n            <a class=\"fill\" href=\"https:\/\/antcube.shop\/formicarium-finder\/nest-type\/soil-nest\/habitat-forest\/\"><div class=\"fill banner-link\"><\/div><\/a>            \n\n   <div id=\"text-box-323331528\" class=\"text-box banner-layer x50 md-x50 lg-x50 y5 md-y5 lg-y20 res-text\">\n                                <div class=\"text-box-content text dark text-shadow-5\">\n              \n              <div class=\"text-inner text-center\">\n                  \n\n\t<div id=\"text-884217680\" class=\"text\">\n\t\t\n\n<h3 class=\"uppercase\"><strong>Orman<\/strong><\/h3>\n\t\t\n<style>\n#text-884217680 {\n  font-size: 0.75rem;\n}\n@media (min-width:550px) {\n  #text-884217680 {\n    font-size: 0.75rem;\n  }\n}\n@media (min-width:850px) {\n  #text-884217680 {\n    font-size: 1.1rem;\n  }\n}\n<\/style>\n\t<\/div>\n\t\n\n              <\/div>\n           <\/div>\n                            \n<style>\n#text-box-323331528 {\n  width: 100%;\n}\n#text-box-323331528 .text-box-content {\n  font-size: 100%;\n}\n@media (min-width:550px) {\n  #text-box-323331528 {\n    width: 100%;\n  }\n}\n@media (min-width:850px) {\n  #text-box-323331528 {\n    width: 60%;\n  }\n}\n<\/style>\n    <\/div>\n \n\n        <\/div>\n      <\/div>\n\n            \n<style>\n#banner-697037061 {\n  padding-top: 99.99%;\n}\n#banner-697037061 .overlay {\n  background-color: rgba(0, 0, 0, 0);\n}\n#banner-697037061 .banner-bg img {\n  object-position: 25% 69%;\n}\n<\/style>\n  <\/div>\n\n\n\n\t\t<\/div>\n\t\t\t\t\t<\/div>\n\n\t\n\n\t<div id=\"col-614402693\" class=\"col medium-3 small-6 large-3\"  >\n\t\t\t\t<div class=\"col-inner\"  >\n\t\t\t\n\t\t\t\n\n\n  <div class=\"banner has-hover\" id=\"banner-1484533631\">\n          <div class=\"banner-inner fill\">\n        <div class=\"banner-bg fill\" >\n            <img loading=\"lazy\" decoding=\"async\" width=\"400\" height=\"600\" src=\"https:\/\/i0.wp.com\/antcube.shop\/wp-content\/uploads\/2021\/08\/huper-by-joshua-earle-mErSbLOqSJk-unsplash-scaled.jpg?fit=400%2C600&amp;ssl=1\" class=\"bg attachment-large size-large\" alt=\"\" \/>                        <div class=\"overlay\"><\/div>            \n                    <\/div>\n\t\t\n        <div class=\"banner-layers container\">\n            <a class=\"fill\" href=\"https:\/\/antcube.shop\/formicarium-finder\/nest-type\/soil-nest\/habitat-desert\/\"><div class=\"fill banner-link\"><\/div><\/a>            \n\n   <div id=\"text-box-897142089\" class=\"text-box banner-layer x0 md-x50 lg-x50 y0 md-y5 lg-y10 res-text\">\n                                <div class=\"text-box-content text dark text-shadow-5\">\n              \n              <div class=\"text-inner text-center\">\n                  \n\n\t<div id=\"text-1603607190\" class=\"text\">\n\t\t\n\n<h3 class=\"uppercase\"><strong>\u00c7\u00f6ller veya Bozk\u0131rlar<\/strong><\/h3>\n\t\t\n<style>\n#text-1603607190 {\n  font-size: 0.75rem;\n  text-align: center;\n}\n@media (min-width:550px) {\n  #text-1603607190 {\n    font-size: 0.75rem;\n  }\n}\n@media (min-width:850px) {\n  #text-1603607190 {\n    font-size: 1.1rem;\n  }\n}\n<\/style>\n\t<\/div>\n\t\n\n              <\/div>\n           <\/div>\n                            \n<style>\n#text-box-897142089 {\n  width: 100%;\n}\n#text-box-897142089 .text-box-content {\n  font-size: 100%;\n}\n@media (min-width:550px) {\n  #text-box-897142089 {\n    width: 100%;\n  }\n}\n@media (min-width:850px) {\n  #text-box-897142089 {\n    width: 60%;\n  }\n}\n<\/style>\n    <\/div>\n \n\n        <\/div>\n      <\/div>\n\n            \n<style>\n#banner-1484533631 {\n  padding-top: 99.99%;\n}\n#banner-1484533631 .overlay {\n  background-color: rgba(0, 0, 0, 0);\n}\n#banner-1484533631 .banner-bg img {\n  object-position: 51% 61%;\n}\n<\/style>\n  <\/div>\n\n\n\n\t\t<\/div>\n\t\t\t\t\t<\/div>\n\n\t\n\n\t<div id=\"col-531771869\" class=\"col medium-3 small-6 large-3\"  >\n\t\t\t\t<div class=\"col-inner\"  >\n\t\t\t\n\t\t\t\n\n\n  <div class=\"banner has-hover\" id=\"banner-575357574\">\n          <div class=\"banner-inner fill\">\n        <div class=\"banner-bg fill\" >\n            <img loading=\"lazy\" decoding=\"async\" width=\"402\" height=\"600\" src=\"https:\/\/i0.wp.com\/antcube.shop\/wp-content\/uploads\/2021\/08\/david-clode-SF4Gj1xvqk0-unsplash-scaled.jpg?fit=402%2C600&amp;ssl=1\" class=\"bg attachment-large size-large\" alt=\"\" \/>                        <div class=\"overlay\"><\/div>            \n                    <\/div>\n\t\t\n        <div class=\"banner-layers container\">\n            <a class=\"fill\" href=\"https:\/\/antcube.shop\/formicarium-finder\/nest-type\/soil-nest\/habitat-rainforest\/\"><div class=\"fill banner-link\"><\/div><\/a>            \n\n   <div id=\"text-box-394564752\" class=\"text-box banner-layer x0 md-x0 lg-x50 y5 md-y5 lg-y20 res-text\">\n                                <div class=\"text-box-content text dark text-shadow-5\">\n              \n              <div class=\"text-inner text-center\">\n                  \n\n\t<div id=\"text-2519919750\" class=\"text\">\n\t\t\n\n<h3 class=\"uppercase\"><strong>Ya\u011fmur Orman\u0131<\/strong><\/h3>\n\t\t\n<style>\n#text-2519919750 {\n  font-size: 0.75rem;\n  text-align: center;\n}\n@media (min-width:550px) {\n  #text-2519919750 {\n    font-size: 0.75rem;\n  }\n}\n@media (min-width:850px) {\n  #text-2519919750 {\n    font-size: 1.1rem;\n  }\n}\n<\/style>\n\t<\/div>\n\t\n\n              <\/div>\n           <\/div>\n                            \n<style>\n#text-box-394564752 {\n  width: 100%;\n}\n#text-box-394564752 .text-box-content {\n  font-size: 100%;\n}\n@media (min-width:550px) {\n  #text-box-394564752 {\n    width: 100%;\n  }\n}\n@media (min-width:850px) {\n  #text-box-394564752 {\n    width: 82%;\n  }\n}\n<\/style>\n    <\/div>\n \n\n        <\/div>\n      <\/div>\n\n            \n<style>\n#banner-575357574 {\n  padding-top: 99.99%;\n}\n#banner-575357574 .overlay {\n  background-color: rgba(0, 0, 0, 0);\n}\n#banner-575357574 .banner-bg img {\n  object-position: 65% 69%;\n}\n<\/style>\n  <\/div>\n\n\n\n\t\t<\/div>\n\t\t\t\t\t<\/div>\n\n\t\n\n<\/div>\n\t<div id=\"gap-1901255980\" class=\"gap-element clearfix\" style=\"display:block; height:auto;\">\n\t\t\n<style>\n#gap-1901255980 {\n  padding-top: 50px;\n}\n<\/style>\n\t<\/div>","protected":false},"excerpt":{"rendered":"","protected":false},"author":1,"featured_media":0,"parent":1264,"menu_order":0,"comment_status":"closed","ping_status":"closed","template":"","meta":{"_acf_changed":false,"content-type":"","_monsterinsights_skip_tracking":false,"_monsterinsights_sitenote_active":false,"_monsterinsights_sitenote_note":"","_monsterinsights_sitenote_category":0,"footnotes":""},"class_list":["post-1331","page","type-page","status-publish","hentry"],"acf":[],"aioseo_notices":[],"jetpack_sharing_enabled":true,"_links":{"self":[{"href":"https:\/\/antcube.shop\/tr\/wp-json\/wp\/v2\/pages\/1331","targetHints":{"allow":["GET"]}}],"collection":[{"href":"https:\/\/antcube.shop\/tr\/wp-json\/wp\/v2\/pages"}],"about":[{"href":"https:\/\/antcube.shop\/tr\/wp-json\/wp\/v2\/types\/page"}],"author":[{"embeddable":true,"href":"https:\/\/antcube.shop\/tr\/wp-json\/wp\/v2\/users\/1"}],"replies":[{"embeddable":true,"href":"https:\/\/antcube.shop\/tr\/wp-json\/wp\/v2\/comments?post=1331"}],"version-history":[{"count":10,"href":"https:\/\/antcube.shop\/tr\/wp-json\/wp\/v2\/pages\/1331\/revisions"}],"predecessor-version":[{"id":6850,"href":"https:\/\/antcube.shop\/tr\/wp-json\/wp\/v2\/pages\/1331\/revisions\/6850"}],"up":[{"embeddable":true,"href":"https:\/\/antcube.shop\/tr\/wp-json\/wp\/v2\/pages\/1264"}],"wp:attachment":[{"href":"https:\/\/antcube.shop\/tr\/wp-json\/wp\/v2\/media?parent=1331"}],"curies":[{"name":"wp","href":"https:\/\/api.w.org\/{rel}","templated":true}]}}