{"id":1258,"date":"2021-09-09T14:21:38","date_gmt":"2021-09-09T12:21:38","guid":{"rendered":"https:\/\/antcube.shop\/?page_id=1258"},"modified":"2023-12-14T14:17:28","modified_gmt":"2023-12-14T13:17:28","slug":"yaprak-kesici-formikaryum","status":"publish","type":"page","link":"https:\/\/antcube.shop\/tr\/formicarium-finder\/yaprak-kesici-formikaryum\/","title":{"rendered":"Yaprak kesen Formicarium"},"content":{"rendered":"<div id=\"gap-1273608988\" class=\"gap-element clearfix\" style=\"display:block; height:auto;\">\n\t\t\n<style>\n#gap-1273608988 {\n  padding-top: 200px;\n}\n@media (min-width:550px) {\n  #gap-1273608988 {\n    padding-top: 201px;\n  }\n}\n@media (min-width:850px) {\n  #gap-1273608988 {\n    padding-top: 75px;\n  }\n}\n<\/style>\n\t<\/div>\n\t\n\n\n  <div class=\"banner has-hover\" id=\"banner-332916928\">\n          <div class=\"banner-inner fill\">\n        <div class=\"banner-bg fill\" >\n            <img data-recalc-dims=\"1\" loading=\"lazy\" decoding=\"async\" width=\"1020\" height=\"680\" src=\"https:\/\/i0.wp.com\/antcube.shop\/wp-content\/uploads\/2021\/09\/Blattschneider-Sets-Gros-Klein-scaled.jpg?resize=1020%2C680&#038;ssl=1\" class=\"bg attachment-original size-original\" alt=\"ANTCUBE Yaprak kesici setleri k\u00fc\u00e7\u00fck ve b\u00fcy\u00fck kar\u015f\u0131la\u015ft\u0131rmas\u0131\" \/>                        <div class=\"overlay\"><\/div>            \n                    <\/div>\n\t\t\n        <div class=\"banner-layers container\">\n            <a class=\"fill\" href=\"https:\/\/antcube.shop\/de\/produkt\/antcube-starter-set-fur-blattschneiderarten-gros\/\"><div class=\"fill banner-link\"><\/div><\/a>            \n\n   <div id=\"text-box-1242227732\" class=\"text-box banner-layer x90 md-x90 lg-x85 y0 md-y5 lg-y15 res-text\">\n                                <div class=\"text-box-content text dark\">\n              \n              <div class=\"text-inner text-center\">\n                  \n\n\t<div id=\"text-554769881\" class=\"text\">\n\t\t\n\n<h3 class=\"uppercase\"><strong>Yaprak Kesen Kar\u0131ncalar i\u00e7in Ba\u015flang\u0131\u00e7 Setleri<\/strong><\/h3>\n<p>&nbsp;<\/p>\n\t\t\n<style>\n#text-554769881 {\n  text-align: center;\n  color: rgb(0,0,0);\n}\n#text-554769881 > * {\n  color: rgb(0,0,0);\n}\n<\/style>\n\t<\/div>\n\t\n\n              <\/div>\n           <\/div>\n                            \n<style>\n#text-box-1242227732 {\n  width: 60%;\n}\n#text-box-1242227732 .text-box-content {\n  font-size: 100%;\n}\n<\/style>\n    <\/div>\n \n\n        <\/div>\n      <\/div>\n\n            \n<style>\n#banner-332916928 {\n  padding-top: 50%;\n}\n#banner-332916928 .overlay {\n  background-color: rgba(0, 0, 0, 0);\n}\n@media (min-width:850px) {\n  #banner-332916928 {\n    padding-top: 900px;\n  }\n}\n<\/style>\n  <\/div>\n\n\n<div class=\"row\"  id=\"row-710627689\">\n\n\n\t<div id=\"col-2132391813\" class=\"col medium-6 small-12 large-6\"  >\n\t\t\t\t<div class=\"col-inner\"  >\n\t\t\t\n\t\t\t\n\n<h3>Yaprak Kesen Kar\u0131ncalar i\u00e7in Ba\u015flang\u0131\u00e7 Setlerimiz<\/h3>\n<p>Yaprak Kesen Kar\u0131ncalar\u0131 beslemek i\u00e7in her zaman en az 3 ayr\u0131 b\u00f6lmeden olu\u015fan bir Formikaryum kullanmal\u0131s\u0131n\u0131z. Do\u011fada yaprak kesen kar\u0131ncalar\u0131n yuvalar\u0131nda y\u00fczlerce k\u00fc\u00e7\u00fck odac\u0131k olabilir ve bu kar\u0131nca t\u00fcr\u00fcn\u00fc beslerken her zaman do\u011fal ya\u015fam bi\u00e7imlerini taklit etmeye \u00e7al\u0131\u015fmal\u0131s\u0131n\u0131z.<\/p>\n<p><strong>Birinci oda<\/strong> yiyecek i\u00e7in kullan\u0131l\u0131r. Kar\u0131ncalar burada taze yapraklar\u0131 ve suyu kesip toplayabilir. Bir kar\u0131nca kolonisinin d\u0131\u015f d\u00fcnyas\u0131n\u0131 taklit eder.<\/p>\n<p><strong>\u0130kinci oda<\/strong> yuva odas\u0131d\u0131r. Kar\u0131ncalar burada mantarlar\u0131n\u0131 b\u00fcy\u00fctebilir, krali\u00e7elerine ve yavrular\u0131na bakabilirler.<\/p>\n<p><strong>\u00dc\u00e7\u00fcnc\u00fc oda<\/strong> kar\u0131ncalar taraf\u0131ndan at\u0131klar\u0131n\u0131 atmak i\u00e7in kullan\u0131l\u0131r. Bu, koloninin sa\u011fl\u0131kl\u0131 kalmas\u0131 i\u00e7in gereklidir.<\/p>\n<p>\u00a0<\/p>\n<p>Yaprak kesen kar\u0131ncalar\u0131 3 odal\u0131 bir sistemde tutman\u0131n bir ba\u015fka yararl\u0131 y\u00f6n\u00fc de gerekli iklim de\u011ferlerini d\u00fczenlemeye yard\u0131mc\u0131 olmas\u0131d\u0131r. Yuvalama odas\u0131ndaki mantar\u0131n b\u00fcy\u00fcmesine yard\u0131mc\u0131 olmak i\u00e7in belirli miktarda s\u00fcrekli havaland\u0131rmaya ihtiyac\u0131 vard\u0131r. Ayn\u0131 zamanda y\u00fcksek neme de ihtiya\u00e7 duydu\u011fundan, tek bir formikaryumda veya sadece 2 b\u00f6lmede bu zor olacakt\u0131r, \u00e7\u00fcnk\u00fc ya nem kaybedilecek ya da havaland\u0131rma yeterli olmayacakt\u0131r. Bizim 3 odac\u0131kl\u0131 sistemimizde oldu\u011fu gibi, havaland\u0131rma at\u0131k ve besin odac\u0131\u011f\u0131ndan gelebilir ve mantar odac\u0131\u011f\u0131ndaki t\u00fcplerden ge\u00e7ebilir. Bu \u015fekilde nem olduk\u00e7a y\u00fcksek kalabilir ve havaland\u0131rma yine de m\u00fcmk\u00fcnd\u00fcr.\u00a0<\/p>\n<p>\u00a0<\/p>\n\n\t\t<\/div>\n\t\t\t\t\t<\/div>\n\n\t\n\n\t<div id=\"col-759698576\" class=\"col medium-6 small-12 large-6\"  >\n\t\t\t\t<div class=\"col-inner\"  >\n\t\t\t\n\t\t\t\n\n\t<div id=\"text-1522776251\" class=\"text\">\n\t\t\n\n<p><strong>G\u0131da Odas\u0131 - Mantar\/Yuvalama Odas\u0131 - At\u0131k Odas\u0131<\/strong><\/p>\n\n\t\t\n<style>\n#text-1522776251 {\n  font-size: 0.75rem;\n}\n@media (min-width:850px) {\n  #text-1522776251 {\n    font-size: 1.15rem;\n  }\n}\n<\/style>\n\t<\/div>\n\t\n\t<div class=\"img has-hover x md-x lg-x y md-y lg-y\" id=\"image_246729491\">\n\t\t\t\t\t\t\t\t<div class=\"img-inner image-cover dark\" style=\"padding-top:50%;\">\n\t\t\t<img data-recalc-dims=\"1\" loading=\"lazy\" decoding=\"async\" width=\"1020\" height=\"573\" src=\"https:\/\/i0.wp.com\/antcube.shop\/wp-content\/uploads\/2021\/09\/Blattschneider-Grafik-scaled.jpg?resize=1020%2C573&#038;ssl=1\" class=\"attachment-original size-original\" alt=\"Yaprak kesen kar\u0131ncalar\u0131n \u00fc\u00e7 odac\u0131k sistemi a\u00e7\u0131kland\u0131\" srcset=\"https:\/\/i0.wp.com\/antcube.shop\/wp-content\/uploads\/2021\/09\/Blattschneider-Grafik-scaled.jpg?w=2560&amp;ssl=1 2560w, https:\/\/i0.wp.com\/antcube.shop\/wp-content\/uploads\/2021\/09\/Blattschneider-Grafik-scaled.jpg?resize=510%2C286&amp;ssl=1 510w, https:\/\/i0.wp.com\/antcube.shop\/wp-content\/uploads\/2021\/09\/Blattschneider-Grafik-scaled.jpg?resize=713%2C400&amp;ssl=1 713w, https:\/\/i0.wp.com\/antcube.shop\/wp-content\/uploads\/2021\/09\/Blattschneider-Grafik-scaled.jpg?resize=1400%2C786&amp;ssl=1 1400w, https:\/\/i0.wp.com\/antcube.shop\/wp-content\/uploads\/2021\/09\/Blattschneider-Grafik-scaled.jpg?resize=768%2C431&amp;ssl=1 768w, https:\/\/i0.wp.com\/antcube.shop\/wp-content\/uploads\/2021\/09\/Blattschneider-Grafik-scaled.jpg?resize=1536%2C862&amp;ssl=1 1536w, https:\/\/i0.wp.com\/antcube.shop\/wp-content\/uploads\/2021\/09\/Blattschneider-Grafik-scaled.jpg?resize=2048%2C1150&amp;ssl=1 2048w\" sizes=\"auto, (max-width: 1020px) 100vw, 1020px\" \/>\t\t\t\t\t\t\n\t\t\t\t\t<\/div>\n\t\t\t\t\t\t\t\t\n<style>\n#image_246729491 {\n  width: 100%;\n}\n<\/style>\n\t<\/div>\n\t\n\n\n  <div class=\"banner has-hover bg-zoom-long\" id=\"banner-1273895393\">\n          <div class=\"banner-inner fill\">\n        <div class=\"banner-bg fill\" >\n            <img data-recalc-dims=\"1\" loading=\"lazy\" decoding=\"async\" width=\"720\" height=\"720\" src=\"https:\/\/i0.wp.com\/antcube.shop\/wp-content\/uploads\/2021\/07\/Starter-Set-fur-Blattschneiderarten.jpg?resize=720%2C720&#038;ssl=1\" class=\"bg attachment-original size-original\" alt=\"Yaprak kesen kar\u0131ncalar i\u00e7in mantar odas\u0131 ba\u015flang\u0131\u00e7 seti\" \/>                                    \n                    <\/div>\n\t\t\n        <div class=\"banner-layers container\">\n            <div class=\"fill banner-link\"><\/div>            \n\n   <div id=\"text-box-1013522102\" class=\"text-box banner-layer x50 md-x50 lg-x50 y50 md-y50 lg-y50 res-text\">\n                                <div class=\"text-box-content text dark\">\n              \n              <div class=\"text-inner text-center\">\n                  \n\n\n              <\/div>\n           <\/div>\n                            \n<style>\n#text-box-1013522102 {\n  width: 60%;\n}\n#text-box-1013522102 .text-box-content {\n  font-size: 100%;\n}\n@media (min-width:550px) {\n  #text-box-1013522102 {\n    width: 60%;\n  }\n}\n<\/style>\n    <\/div>\n \n\n        <\/div>\n      <\/div>\n\n            \n<style>\n#banner-1273895393 {\n  padding-top: 94.14%;\n}\n#banner-1273895393 .banner-bg img {\n  object-position: 51% 87%;\n}\n@media (min-width:550px) {\n  #banner-1273895393 {\n    padding-top: 96.14%;\n  }\n}\n@media (min-width:850px) {\n  #banner-1273895393 {\n    padding-top: 539px;\n  }\n}\n<\/style>\n  <\/div>\n\n\n\t<div id=\"text-172718760\" class=\"text\">\n\t\t\n\n<p>Yaprak kesen kar\u0131nca mantar\u0131 (Leucoagaricus gongylophorus)<\/p>\n\t\t\n<style>\n#text-172718760 {\n  text-align: center;\n}\n<\/style>\n\t<\/div>\n\t\n\n\t\t<\/div>\n\t\t\t\t\t<\/div>\n\n\t\n\n<\/div>\n\t<div id=\"gap-698545493\" class=\"gap-element clearfix\" style=\"display:block; height:auto;\">\n\t\t\n<style>\n#gap-698545493 {\n  padding-top: 30px;\n}\n<\/style>\n\t<\/div>\n\t\n\n<div class=\"row align-center\"  id=\"row-1380613766\">\n\n\n\t<div id=\"col-710118095\" class=\"col small-12 large-12\"  >\n\t\t\t\t<div class=\"col-inner\"  >\n\t\t\t\n\t\t\t\n\n            <div class=\"row\"><div class=\"large-12 col\">\n          <div style=\"background-color:#FFF;\" class=\"slider flipContainer slider-nav-circle slide box-shadow-2\"\n            data-flickity-options='{              \"cellAlign\": \"center\",              \"wrapAround\": true,              \"percentPosition\": true,              \"imagesLoaded\": true,              \"pageDots\": true,              \"contain\": true          }'>\n                        <div class=\"slide\" style=\"background-color:#FFF;\">  <div class=\"row row-collapse align-middle flip-slide\" style=\"width:100%\">\n        <div class=\"large-6 col flip-page-one\">\n        <div class=\"featured-product col-inner\">\n          <a href=\"https:\/\/antcube.shop\/tr\/urun\/antcube-starter-set-fur-blattschneiderarten-gros\/\">\n                <div class=\"product-image relative\">\n                   <div class=\"front-image\">\n                    <img loading=\"lazy\" decoding=\"async\" width=\"510\" height=\"340\" src=\"https:\/\/i0.wp.com\/antcube.shop\/wp-content\/uploads\/2024\/04\/SET_-gros-scaled.jpg?fit=510%2C340&amp;ssl=1\" class=\"attachment-woocommerce_single size-woocommerce_single wp-post-image\" alt=\"\" srcset=\"https:\/\/i0.wp.com\/antcube.shop\/wp-content\/uploads\/2024\/04\/SET_-gros-scaled.jpg?w=2560&amp;ssl=1 2560w, https:\/\/i0.wp.com\/antcube.shop\/wp-content\/uploads\/2024\/04\/SET_-gros-scaled.jpg?resize=600%2C400&amp;ssl=1 600w, https:\/\/i0.wp.com\/antcube.shop\/wp-content\/uploads\/2024\/04\/SET_-gros-scaled.jpg?resize=1200%2C800&amp;ssl=1 1200w, https:\/\/i0.wp.com\/antcube.shop\/wp-content\/uploads\/2024\/04\/SET_-gros-scaled.jpg?resize=768%2C512&amp;ssl=1 768w, https:\/\/i0.wp.com\/antcube.shop\/wp-content\/uploads\/2024\/04\/SET_-gros-scaled.jpg?resize=1536%2C1024&amp;ssl=1 1536w, https:\/\/i0.wp.com\/antcube.shop\/wp-content\/uploads\/2024\/04\/SET_-gros-scaled.jpg?resize=2048%2C1365&amp;ssl=1 2048w, https:\/\/i0.wp.com\/antcube.shop\/wp-content\/uploads\/2024\/04\/SET_-gros-scaled.jpg?resize=18%2C12&amp;ssl=1 18w, https:\/\/i0.wp.com\/antcube.shop\/wp-content\/uploads\/2024\/04\/SET_-gros-scaled.jpg?resize=510%2C340&amp;ssl=1 510w\" sizes=\"auto, (max-width: 510px) 100vw, 510px\" \/>                  <\/div>\n                  \n<div class=\"badge-container absolute left top z-1\">\n\n<\/div>\n                <\/div>\n          <\/a>\n        <\/div>\n        <\/div>\n       <div class=\"large-6 col flip-page-two\">\n        <div class=\"product-info col-inner inner-padding\">\n              <h1 class=\"entry-title\"><a href=\"https:\/\/antcube.shop\/tr\/urun\/antcube-starter-set-fur-blattschneiderarten-gros\/\">ANTCUBE - Yaprak Kesici kar\u0131ncalar i\u00e7in Ba\u015flang\u0131\u00e7 Seti - B\u00fcy\u00fck<\/a><\/h1>\n              <div class=\"is-divider medium\"><\/div>\n              <div class=\"price-wrapper\">\n\t<p class=\"price product-page-price\">\n  <span class=\"woocommerce-Price-amount amount\"><bdi>699,90&nbsp;<span class=\"woocommerce-Price-currencySymbol\">\u20ac<\/span><\/bdi><\/span><\/p>\n<\/div>\n<div class=\"product-short-description\">\n\t<p>The set consists of 47 parts and is suitable for all leaf cutter ant species.<br \/>\nBoyut: <span style=\"color: #ed1c24;\"><strong>XL<\/strong><\/span><\/p>\n<\/div>\n<div class=\"product_meta\">\n\n\t\n\n\t\n\t\t<span class=\"sku_wrapper\">Stok kodu: <span class=\"sku\">1005397<\/span><\/span>\n\n\t\n\t<span class=\"posted_in\">Kategoriler: <a href=\"https:\/\/antcube.shop\/tr\/urun-kategori\/baslangic-setleri\/\" rel=\"tag\">Ba\u015flang\u0131\u00e7 Setleri<\/a>, <a href=\"https:\/\/antcube.shop\/tr\/urun-kategori\/baslangic-setleri\/baslangic-setleri-karincalar\/\" rel=\"tag\">Yaprak Kesen Kar\u0131ncalar i\u00e7in Ba\u015flang\u0131\u00e7 Setleri<\/a><\/span>\n\t\n\t <span class=\"posted_in\">Marka: <a href=\"https:\/\/antcube.shop\/tr\/marka\/antcube\/\" rel=\"tag\">ANTCUBE<\/a><\/span>\n<\/div>\n              <a href=\"https:\/\/antcube.shop\/tr\/urun\/antcube-starter-set-fur-blattschneiderarten-gros\/\" class=\"button\">Devam\u0131n\u0131 oku<\/a>\n         <\/div>\n        <\/div>\n<\/div>\n<\/div>\n                        <div class=\"slide\" style=\"background-color:#FFF;\">  <div class=\"row row-collapse align-middle flip-slide\" style=\"width:100%\">\n        <div class=\"large-6 col flip-page-one\">\n        <div class=\"featured-product col-inner\">\n          <a href=\"https:\/\/antcube.shop\/tr\/urun\/antcube-starter-set-fur-blattschneiderarten-klein\/\">\n                <div class=\"product-image relative\">\n                   <div class=\"front-image\">\n                    <img loading=\"lazy\" decoding=\"async\" width=\"510\" height=\"510\" src=\"https:\/\/i0.wp.com\/antcube.shop\/wp-content\/uploads\/2024\/04\/Set-klein_Antstore.jpg?fit=510%2C510&amp;ssl=1\" class=\"attachment-woocommerce_single size-woocommerce_single wp-post-image\" alt=\"\" srcset=\"https:\/\/i0.wp.com\/antcube.shop\/wp-content\/uploads\/2024\/04\/Set-klein_Antstore.jpg?w=2160&amp;ssl=1 2160w, https:\/\/i0.wp.com\/antcube.shop\/wp-content\/uploads\/2024\/04\/Set-klein_Antstore.jpg?resize=400%2C400&amp;ssl=1 400w, https:\/\/i0.wp.com\/antcube.shop\/wp-content\/uploads\/2024\/04\/Set-klein_Antstore.jpg?resize=800%2C800&amp;ssl=1 800w, https:\/\/i0.wp.com\/antcube.shop\/wp-content\/uploads\/2024\/04\/Set-klein_Antstore.jpg?resize=280%2C280&amp;ssl=1 280w, https:\/\/i0.wp.com\/antcube.shop\/wp-content\/uploads\/2024\/04\/Set-klein_Antstore.jpg?resize=768%2C768&amp;ssl=1 768w, https:\/\/i0.wp.com\/antcube.shop\/wp-content\/uploads\/2024\/04\/Set-klein_Antstore.jpg?resize=1536%2C1536&amp;ssl=1 1536w, https:\/\/i0.wp.com\/antcube.shop\/wp-content\/uploads\/2024\/04\/Set-klein_Antstore.jpg?resize=2048%2C2048&amp;ssl=1 2048w, https:\/\/i0.wp.com\/antcube.shop\/wp-content\/uploads\/2024\/04\/Set-klein_Antstore.jpg?resize=12%2C12&amp;ssl=1 12w, https:\/\/i0.wp.com\/antcube.shop\/wp-content\/uploads\/2024\/04\/Set-klein_Antstore.jpg?resize=247%2C247&amp;ssl=1 247w, https:\/\/i0.wp.com\/antcube.shop\/wp-content\/uploads\/2024\/04\/Set-klein_Antstore.jpg?resize=510%2C510&amp;ssl=1 510w, https:\/\/i0.wp.com\/antcube.shop\/wp-content\/uploads\/2024\/04\/Set-klein_Antstore.jpg?resize=100%2C100&amp;ssl=1 100w\" sizes=\"auto, (max-width: 510px) 100vw, 510px\" \/>                  <\/div>\n                  \n<div class=\"badge-container absolute left top z-1\">\n\n<\/div>\n                <\/div>\n          <\/a>\n        <\/div>\n        <\/div>\n       <div class=\"large-6 col flip-page-two\">\n        <div class=\"product-info col-inner inner-padding\">\n              <h1 class=\"entry-title\"><a href=\"https:\/\/antcube.shop\/tr\/urun\/antcube-starter-set-fur-blattschneiderarten-klein\/\">ANTCUBE - Yaprak kesici kar\u0131ncalar i\u00e7in ba\u015flang\u0131\u00e7 seti - k\u00fc\u00e7\u00fck<\/a><\/h1>\n              <div class=\"is-divider medium\"><\/div>\n              <div class=\"price-wrapper\">\n\t<p class=\"price product-page-price\">\n  <span class=\"woocommerce-Price-amount amount\"><bdi>399,90&nbsp;<span class=\"woocommerce-Price-currencySymbol\">\u20ac<\/span><\/bdi><\/span><\/p>\n<\/div>\n<div class=\"product-short-description\">\n\t<p>Set 43 par\u00e7adan olu\u015fmaktad\u0131r<br \/>\nBoyut: <span style=\"color: #ed1c24;\"><strong>XL<\/strong><\/span><\/p>\n<\/div>\n<div class=\"product_meta\">\n\n\t\n\n\t\n\t\t<span class=\"sku_wrapper\">Stok kodu: <span class=\"sku\">1003646<\/span><\/span>\n\n\t\n\t<span class=\"posted_in\">Kategoriler: <a href=\"https:\/\/antcube.shop\/tr\/urun-kategori\/baslangic-setleri\/\" rel=\"tag\">Ba\u015flang\u0131\u00e7 Setleri<\/a>, <a href=\"https:\/\/antcube.shop\/tr\/urun-kategori\/baslangic-setleri\/baslangic-setleri-karincalar\/\" rel=\"tag\">Yaprak Kesen Kar\u0131ncalar i\u00e7in Ba\u015flang\u0131\u00e7 Setleri<\/a><\/span>\n\t\n\t\n<\/div>\n              <a href=\"https:\/\/antcube.shop\/tr\/urun\/antcube-starter-set-fur-blattschneiderarten-klein\/\" class=\"button\">Devam\u0131n\u0131 oku<\/a>\n         <\/div>\n        <\/div>\n<\/div>\n<\/div>\n                    <\/div>\n          <\/div><\/div>\n          \n\n\n\t\t<\/div>\n\t\t\t\t\t<\/div>\n\n\t\n\n<\/div>","protected":false},"excerpt":{"rendered":"","protected":false},"author":1,"featured_media":0,"parent":727,"menu_order":0,"comment_status":"closed","ping_status":"closed","template":"","meta":{"_acf_changed":false,"content-type":"","_monsterinsights_skip_tracking":false,"_monsterinsights_sitenote_active":false,"_monsterinsights_sitenote_note":"","_monsterinsights_sitenote_category":0,"footnotes":""},"class_list":["post-1258","page","type-page","status-publish","hentry"],"acf":[],"aioseo_notices":[],"jetpack_sharing_enabled":true,"_links":{"self":[{"href":"https:\/\/antcube.shop\/tr\/wp-json\/wp\/v2\/pages\/1258","targetHints":{"allow":["GET"]}}],"collection":[{"href":"https:\/\/antcube.shop\/tr\/wp-json\/wp\/v2\/pages"}],"about":[{"href":"https:\/\/antcube.shop\/tr\/wp-json\/wp\/v2\/types\/page"}],"author":[{"embeddable":true,"href":"https:\/\/antcube.shop\/tr\/wp-json\/wp\/v2\/users\/1"}],"replies":[{"embeddable":true,"href":"https:\/\/antcube.shop\/tr\/wp-json\/wp\/v2\/comments?post=1258"}],"version-history":[{"count":10,"href":"https:\/\/antcube.shop\/tr\/wp-json\/wp\/v2\/pages\/1258\/revisions"}],"predecessor-version":[{"id":6814,"href":"https:\/\/antcube.shop\/tr\/wp-json\/wp\/v2\/pages\/1258\/revisions\/6814"}],"up":[{"embeddable":true,"href":"https:\/\/antcube.shop\/tr\/wp-json\/wp\/v2\/pages\/727"}],"wp:attachment":[{"href":"https:\/\/antcube.shop\/tr\/wp-json\/wp\/v2\/media?parent=1258"}],"curies":[{"name":"wp","href":"https:\/\/api.w.org\/{rel}","templated":true}]}}