{"id":1135,"date":"2021-09-08T09:48:21","date_gmt":"2021-09-08T07:48:21","guid":{"rendered":"https:\/\/antcube.shop\/?page_id=1135"},"modified":"2024-10-24T14:32:46","modified_gmt":"2024-10-24T12:32:46","slug":"surdurulebi%cc%87li%cc%87rli%cc%87k","status":"publish","type":"page","link":"https:\/\/antcube.shop\/tr\/hakkimizda\/surdurulebi%cc%87li%cc%87rli%cc%87k\/","title":{"rendered":"S\u00fcrd\u00fcr\u00fclebilirlik"},"content":{"rendered":"<div id=\"gap-1641856052\" class=\"gap-element clearfix\" style=\"display:block; height:auto;\">\n\t\t\n<style>\n#gap-1641856052 {\n  padding-top: 181px;\n}\n@media (min-width:850px) {\n  #gap-1641856052 {\n    padding-top: 75px;\n  }\n}\n<\/style>\n\t<\/div>\n\t\n\n\n  <div class=\"banner has-hover\" id=\"banner-11833896\">\n          <div class=\"banner-inner fill\">\n        <div class=\"banner-bg fill\" >\n            <img data-recalc-dims=\"1\" loading=\"lazy\" decoding=\"async\" width=\"1020\" height=\"574\" src=\"https:\/\/i0.wp.com\/antcube.shop\/wp-content\/uploads\/2021\/08\/caspian-dahlstrom-xXbaTOP31M4-unsplash-scaled.jpg?resize=1020%2C574&#038;ssl=1\" class=\"bg attachment-original size-original\" alt=\"\" \/>                        <div class=\"overlay\"><\/div>            \n                    <\/div>\n\t\t\n        <div class=\"banner-layers container\">\n            <div class=\"fill banner-link\"><\/div>            \n\n   <div id=\"text-box-25746031\" class=\"text-box banner-layer x50 md-x50 lg-x50 y50 md-y50 lg-y50 res-text\">\n                                <div class=\"text-box-content text dark\">\n              \n              <div class=\"text-inner text-center\">\n                  \n\n<h3 class=\"uppercase\"><strong>S\u00fcrd\u00fcr\u00fclebilirlik<\/strong><\/h3>\n<p>\u00a0<\/p>\n\n              <\/div>\n           <\/div>\n                            \n<style>\n#text-box-25746031 {\n  width: 60%;\n}\n#text-box-25746031 .text-box-content {\n  font-size: 100%;\n}\n<\/style>\n    <\/div>\n \n\n        <\/div>\n      <\/div>\n\n            \n<style>\n#banner-11833896 {\n  padding-top: 60%;\n}\n#banner-11833896 .overlay {\n  background-color: rgba(0, 0, 0, 0);\n}\n#banner-11833896 .banner-bg img {\n  object-position: 51% 51%;\n}\n@media (min-width:550px) {\n  #banner-11833896 {\n    padding-top: 500px;\n  }\n}\n<\/style>\n  <\/div>\n\n\n\t<div id=\"gap-217460366\" class=\"gap-element clearfix\" style=\"display:block; height:auto;\">\n\t\t\n<style>\n#gap-217460366 {\n  padding-top: 40px;\n}\n<\/style>\n\t<\/div>\n\t\n\n<div class=\"row\"  id=\"row-146655102\">\n\n\n\t<div id=\"col-1879330087\" class=\"col medium-7 small-12 large-6\"  >\n\t\t\t\t<div class=\"col-inner\"  >\n\t\t\t\n\t\t\t\n\n\t<div id=\"text-168759408\" class=\"text\">\n\t\t\n\n<h2>Daha \u00e7evre dostu olmak i\u00e7in nas\u0131l \u00e7al\u0131\u015f\u0131yoruz<\/h2>\n<p align=\"CENTER\"><strong><span style=\"color: #ff0000;\">Hepimizin bu gezegen i\u00e7in bir sorumlulu\u011fu var!<\/span><\/strong><\/p>\n<p>Kurucumuz 20 y\u0131l \u00f6nce ANTSTORE'u kurdu\u011funda akl\u0131nda zaten bu vard\u0131. Akrilik d\u00fczenekler yerine kar\u0131nca tutmak i\u00e7in cam kullanarak do\u011fay\u0131 korumak.<\/p>\n<p>Anl\u0131yoruz ki, d\u00fcnyan\u0131n bize ihtiyac\u0131 yok, ama bizim bu harika gezegene ihtiyac\u0131m\u0131z var. Bu y\u00fczden do\u011fam\u0131z\u0131 korumak i\u00e7in birlikte \u00e7al\u0131\u015fal\u0131m, suyumuzdaki polietilen par\u00e7ac\u0131klar\u0131n\u0131n y\u00fczdesini daha fazla art\u0131rmamak i\u00e7in \u00e7evre dostu ve geri d\u00f6n\u00fc\u015ft\u00fcr\u00fclebilir ambalajlar\u0131n Ara\u015ft\u0131r\u0131lmas\u0131 ve Geli\u015ftirilmesi konusunda her t\u00fcrl\u00fc yard\u0131m i\u00e7in minnettar\u0131z.<\/p>\n<p>Bu nedenle 2022'den sonra sadece \u00e7evre dostu ambalajlar kullanmak i\u00e7in ilk ad\u0131mlar\u0131m\u0131z\u0131 at\u0131yoruz. Ambalajlar\u0131m\u0131z\u0131 de\u011fi\u015ftirmenin bir \u015firketin s\u00fcrd\u00fcr\u00fclebilir olmas\u0131 i\u00e7in sadece k\u00fc\u00e7\u00fck bir ad\u0131m oldu\u011funu biliyoruz, bu nedenle dijitalle\u015fme, nakliye rotalar\u0131n\u0131 optimize etme ve e\u011fitim konular\u0131nda da \u00e7al\u0131\u015f\u0131yoruz.<\/p>\n<p>\u00dcr\u00fcnlerimizi sat\u0131n alarak bize destek olabilirsiniz. Bu harika ye\u015fil gezegeni t\u00fcm farkl\u0131 ya\u015fam formlar\u0131yla birlikte koruma g\u00f6revimizi yerine getirmemize yard\u0131mc\u0131 olun. Sat\u0131n alma i\u015fleminizle, Ara\u015ft\u0131rma ve Geli\u015ftirme departman\u0131m\u0131z\u0131 hepimizin yarar\u0131na daha da s\u00fcrd\u00fcr\u00fclebilir \u00e7\u00f6z\u00fcmler \u00fcretmeye itiyorsunuz.<\/p>\n<p>Ayr\u0131ca ormanlar\u0131m\u0131z\u0131n yeniden b\u00fcy\u00fcmeye ba\u015flamas\u0131 i\u00e7in bir \"a\u011fa\u00e7 dikme vakf\u0131\" ile i\u015fbirli\u011fi yapmay\u0131 planl\u0131yoruz. Kar\u0131ncalar i\u00e7in de en \u00f6nemli ya\u015fam alanlar\u0131ndan baz\u0131lar\u0131d\u0131r! Sizi yak\u0131nda haberlerle bilgilendirece\u011fiz.<\/p>\n\t\t\n<style>\n#text-168759408 {\n  text-align: center;\n}\n<\/style>\n\t<\/div>\n\t\n\n\t\t<\/div>\n\t\t\t\t\t<\/div>\n\n\t\n\n\t<div id=\"col-1938898836\" class=\"col medium-5 small-12 large-6\"  >\n\t\t\t\t<div class=\"col-inner\"  >\n\t\t\t\n\t\t\t\n\n\t<div class=\"img has-hover x md-x lg-x y md-y lg-y\" id=\"image_2040247061\">\n\t\t\t\t\t\t\t\t<div class=\"img-inner dark\" >\n\t\t\t<img data-recalc-dims=\"1\" loading=\"lazy\" decoding=\"async\" width=\"1020\" height=\"681\" src=\"https:\/\/i0.wp.com\/antcube.shop\/wp-content\/uploads\/2021\/08\/mark-AddyORqTyCg-unsplash-scaled.jpg?resize=1020%2C681&#038;ssl=1\" class=\"attachment-original size-original\" alt=\"\" srcset=\"https:\/\/i0.wp.com\/antcube.shop\/wp-content\/uploads\/2021\/08\/mark-AddyORqTyCg-unsplash-scaled.jpg?w=2560&amp;ssl=1 2560w, https:\/\/i0.wp.com\/antcube.shop\/wp-content\/uploads\/2021\/08\/mark-AddyORqTyCg-unsplash-scaled.jpg?resize=510%2C341&amp;ssl=1 510w, https:\/\/i0.wp.com\/antcube.shop\/wp-content\/uploads\/2021\/08\/mark-AddyORqTyCg-unsplash-scaled.jpg?resize=599%2C400&amp;ssl=1 599w, https:\/\/i0.wp.com\/antcube.shop\/wp-content\/uploads\/2021\/08\/mark-AddyORqTyCg-unsplash-scaled.jpg?resize=1198%2C800&amp;ssl=1 1198w, https:\/\/i0.wp.com\/antcube.shop\/wp-content\/uploads\/2021\/08\/mark-AddyORqTyCg-unsplash-scaled.jpg?resize=768%2C513&amp;ssl=1 768w, https:\/\/i0.wp.com\/antcube.shop\/wp-content\/uploads\/2021\/08\/mark-AddyORqTyCg-unsplash-scaled.jpg?resize=1536%2C1026&amp;ssl=1 1536w, https:\/\/i0.wp.com\/antcube.shop\/wp-content\/uploads\/2021\/08\/mark-AddyORqTyCg-unsplash-scaled.jpg?resize=2048%2C1368&amp;ssl=1 2048w\" sizes=\"auto, (max-width: 1020px) 100vw, 1020px\" \/>\t\t\t\t\t\t\n\t\t\t\t\t<\/div>\n\t\t\t\t\t\t\t\t\n<style>\n#image_2040247061 {\n  width: 100%;\n}\n<\/style>\n\t<\/div>\n\t\n\n\n\t\t<\/div>\n\t\t\t\t\t<\/div>\n\n\t\n\n<\/div>","protected":false},"excerpt":{"rendered":"","protected":false},"author":1,"featured_media":0,"parent":104,"menu_order":0,"comment_status":"closed","ping_status":"closed","template":"","meta":{"_acf_changed":false,"content-type":"","_monsterinsights_skip_tracking":false,"_monsterinsights_sitenote_active":false,"_monsterinsights_sitenote_note":"","_monsterinsights_sitenote_category":0,"footnotes":""},"class_list":["post-1135","page","type-page","status-publish","hentry"],"acf":[],"aioseo_notices":[],"jetpack_sharing_enabled":true,"_links":{"self":[{"href":"https:\/\/antcube.shop\/tr\/wp-json\/wp\/v2\/pages\/1135","targetHints":{"allow":["GET"]}}],"collection":[{"href":"https:\/\/antcube.shop\/tr\/wp-json\/wp\/v2\/pages"}],"about":[{"href":"https:\/\/antcube.shop\/tr\/wp-json\/wp\/v2\/types\/page"}],"author":[{"embeddable":true,"href":"https:\/\/antcube.shop\/tr\/wp-json\/wp\/v2\/users\/1"}],"replies":[{"embeddable":true,"href":"https:\/\/antcube.shop\/tr\/wp-json\/wp\/v2\/comments?post=1135"}],"version-history":[{"count":10,"href":"https:\/\/antcube.shop\/tr\/wp-json\/wp\/v2\/pages\/1135\/revisions"}],"predecessor-version":[{"id":10349,"href":"https:\/\/antcube.shop\/tr\/wp-json\/wp\/v2\/pages\/1135\/revisions\/10349"}],"up":[{"embeddable":true,"href":"https:\/\/antcube.shop\/tr\/wp-json\/wp\/v2\/pages\/104"}],"wp:attachment":[{"href":"https:\/\/antcube.shop\/tr\/wp-json\/wp\/v2\/media?parent=1135"}],"curies":[{"name":"wp","href":"https:\/\/api.w.org\/{rel}","templated":true}]}}