{"id":102,"date":"2013-08-11T19:22:53","date_gmt":"2013-08-11T19:22:53","guid":{"rendered":"http:\/\/localhost:8888\/test\/?page_id=532"},"modified":"2025-02-17T15:02:29","modified_gmt":"2025-02-17T14:02:29","slug":"iletisim","status":"publish","type":"page","link":"https:\/\/antcube.shop\/tr\/iletisim\/","title":{"rendered":"\u0130leti\u015fim"},"content":{"rendered":"<div id=\"gap-807583919\" class=\"gap-element clearfix\" style=\"display:block; height:auto;\">\n\t\t\n<style>\n#gap-807583919 {\n  padding-top: 30px;\n}\n<\/style>\n\t<\/div>\n\t\n\n<div class=\"row\"  id=\"row-1751031913\">\n\n\n\t<div id=\"col-1138452657\" class=\"col medium-6 large-6\"  >\n\t\t\t\t<div class=\"col-inner\"  >\n\t\t\t\n\t\t\t\n\n<div class=\"container section-title-container\" ><h3 class=\"section-title section-title-normal\"><b aria-hidden=\"true\"><\/b><span class=\"section-title-main\" >S\u0131k\u00e7a Sorulan Sorular<\/span><b aria-hidden=\"true\"><\/b><\/h3><\/div>\n\n<p class=\"lead\">L\u00fctfen bizi okuyun <a href=\"https:\/\/antcube.shop\/faq-shop\/\">SSS<\/a> bize mesaj g\u00f6ndermeden \u00f6nce.<\/p>\n<div class=\"accordion\">\n\n\t<div id=\"accordion-2671023598\" class=\"accordion-item\">\n\t\t<a id=\"accordion-2671023598-label\" class=\"accordion-title plain\" href=\"#accordion-item-you-do-not-know-what-ant-species-to-keep-or-which-formicarium-you-should-use?\" aria-expanded=\"false\" aria-controls=\"accordion-2671023598-content\">\n\t\t\t<button class=\"toggle\" aria-label=\"A\u00e7\/Kapat\"><i class=\"icon-angle-down\" aria-hidden=\"true\"><\/i><\/button>\n\t\t\t<span>Hangi kar\u0131nca t\u00fcr\u00fcn\u00fc besleyece\u011finizi veya hangi Formikaryumu kullanman\u0131z gerekti\u011fini bilmiyor musunuz?<\/span>\n\t\t<\/a>\n\t\t<div id=\"accordion-2671023598-content\" class=\"accordion-inner\" aria-labelledby=\"accordion-2671023598-label\">\n\t\t\t\n\n<p>\"Kar\u0131nca Bulucu\" veya \"Formicarium Bulucu \"yu deneyin - \u00c7evrimi\u00e7i m\u00fc\u015fteri hizmetlerimiz<\/p>\n<p><a href=\"https:\/\/antcube.shop\/ant-finder\/\">Kar\u0131nca t\u00fcr\u00fcn\u00fcz\u00fc bulun<\/a><\/p>\n<p><a href=\"https:\/\/antcube.shop\/formicarium-finder\/\">Formikaryumunuzu bulun<\/a><\/p>\n\n\t\t<\/div>\n\t<\/div>\n\t\n\t<div id=\"accordion-3123443722\" class=\"accordion-item\">\n\t\t<a id=\"accordion-3123443722-label\" class=\"accordion-title plain\" href=\"#accordion-item-what-are-the-delivery-times-and-charges-for-orders-from-the-online-shop?\" aria-expanded=\"false\" aria-controls=\"accordion-3123443722-content\">\n\t\t\t<button class=\"toggle\" aria-label=\"A\u00e7\/Kapat\"><i class=\"icon-angle-down\" aria-hidden=\"true\"><\/i><\/button>\n\t\t\t<span>Online Ma\u011fazadan verilen sipari\u015flerin teslimat s\u00fcreleri ve \u00fccretleri nedir?<\/span>\n\t\t<\/a>\n\t\t<div id=\"accordion-3123443722-content\" class=\"accordion-inner\" aria-labelledby=\"accordion-3123443722-label\">\n\t\t\t\n\n<p>Tahmini teslimat s\u00fcreleri hakk\u0131nda bilgiye buradan ula\u015fabilirsiniz:<\/p>\n<p><a href=\"https:\/\/antcube.shop\/delivery-times\/\">Teslimat s\u00fcreleri<\/a><\/p>\n<p>Tahmini nakliye \u00fccretleri ve teslimat k\u0131s\u0131tlamalar\u0131 hakk\u0131nda bilgi edinmek istiyorsan\u0131z l\u00fctfen buraya bak\u0131n:<\/p>\n<p><a href=\"https:\/\/antcube.shop\/shipping-costs-delivery-restrictions\/\">Nakliye masraflar\u0131\/ teslimat k\u0131s\u0131tlamalar\u0131<\/a><\/p>\n\n\t\t<\/div>\n\t<\/div>\n\t\n\t<div id=\"accordion-3542351913\" class=\"accordion-item\">\n\t\t<a id=\"accordion-3542351913-label\" class=\"accordion-title plain\" href=\"#accordion-item-you-have-questions-about-returns-or-refunds?\" aria-expanded=\"false\" aria-controls=\"accordion-3542351913-content\">\n\t\t\t<button class=\"toggle\" aria-label=\"A\u00e7\/Kapat\"><i class=\"icon-angle-down\" aria-hidden=\"true\"><\/i><\/button>\n\t\t\t<span>\u0130ade veya geri \u00f6deme hakk\u0131nda sorular\u0131n\u0131z m\u0131 var?<\/span>\n\t\t<\/a>\n\t\t<div id=\"accordion-3542351913-content\" class=\"accordion-inner\" aria-labelledby=\"accordion-3542351913-label\">\n\t\t\t\n\n<p><a href=\"https:\/\/antcube.shop\/refund-policy\/\">Para iadesi politikas\u0131<\/a><\/p>\n<p><a href=\"https:\/\/antcube.shop\/terms-and-conditions\/\">\u015eartlar ve ko\u015fullar<\/a><\/p>\n\n\t\t<\/div>\n\t<\/div>\n\t\n\t<div id=\"accordion-3662124300\" class=\"accordion-item\">\n\t\t<a id=\"accordion-3662124300-label\" class=\"accordion-title plain\" href=\"#accordion-item-which-payment-methods-are-accepted-in-the-online-shop?\" aria-expanded=\"false\" aria-controls=\"accordion-3662124300-content\">\n\t\t\t<button class=\"toggle\" aria-label=\"A\u00e7\/Kapat\"><i class=\"icon-angle-down\" aria-hidden=\"true\"><\/i><\/button>\n\t\t\t<span>Online Ma\u011fazada hangi \u00f6deme y\u00f6ntemleri kabul edilmektedir?<\/span>\n\t\t<\/a>\n\t\t<div id=\"accordion-3662124300-content\" class=\"accordion-inner\" aria-labelledby=\"accordion-3662124300-label\">\n\t\t\t\n\n<p>Kabul edilen \u00f6deme y\u00f6ntemlerimize genel bir bak\u0131\u015f\u0131 burada bulabilirsiniz:<\/p>\n<p><a href=\"https:\/\/antcube.shop\/payment-methods\/\">\u00d6deme y\u00f6ntemleri<\/a><\/p>\n\n\t\t<\/div>\n\t<\/div>\n\t\n\t<div id=\"accordion-837051663\" class=\"accordion-item\">\n\t\t<a id=\"accordion-837051663-label\" class=\"accordion-title plain\" href=\"#accordion-item-you-are-looking-for-user-manuals-for-your-starter-set?\" aria-expanded=\"false\" aria-controls=\"accordion-837051663-content\">\n\t\t\t<button class=\"toggle\" aria-label=\"A\u00e7\/Kapat\"><i class=\"icon-angle-down\" aria-hidden=\"true\"><\/i><\/button>\n\t\t\t<span>Ba\u015flang\u0131\u00e7 setiniz i\u00e7in kullan\u0131m k\u0131lavuzlar\u0131 m\u0131 ar\u0131yorsunuz?<\/span>\n\t\t<\/a>\n\t\t<div id=\"accordion-837051663-content\" class=\"accordion-inner\" aria-labelledby=\"accordion-837051663-label\">\n\t\t\t\n\n<p>Yazd\u0131rmak veya indirmek i\u00e7in PDF kullan\u0131m k\u0131lavuzlar\u0131n\u0131 burada bulabilirsiniz:<\/p>\n<p><a href=\"https:\/\/antcube.shop\/download\/\">\u0130ndir<\/a><\/p>\n\n\t\t<\/div>\n\t<\/div>\n\t\n\t<div id=\"accordion-142959283\" class=\"accordion-item\">\n\t\t<a id=\"accordion-142959283-label\" class=\"accordion-title plain\" href=\"#accordion-item-you-need-more-information-about-certain-ant-species-or-ant-keeping-in-general?\" aria-expanded=\"false\" aria-controls=\"accordion-142959283-content\">\n\t\t\t<button class=\"toggle\" aria-label=\"A\u00e7\/Kapat\"><i class=\"icon-angle-down\" aria-hidden=\"true\"><\/i><\/button>\n\t\t\t<span>Belirli kar\u0131nca t\u00fcrleri veya genel olarak kar\u0131nca bak\u0131m\u0131 hakk\u0131nda daha fazla bilgiye mi ihtiyac\u0131n\u0131z var?<\/span>\n\t\t<\/a>\n\t\t<div id=\"accordion-142959283-content\" class=\"accordion-inner\" aria-labelledby=\"accordion-142959283-label\">\n\t\t\t\n\n<p>Kar\u0131ncalar ve kar\u0131nca bak\u0131m\u0131 hakk\u0131nda s\u0131k\u00e7a sorulan sorular\u0131 burada bulabilirsiniz:<\/p>\n<p><a href=\"https:\/\/antcube.shop\/faq-ants\/\">SSS kar\u0131ncalar<\/a><\/p>\n<p><a href=\"https:\/\/antcube.shop\/catching-queen-ants\/\">Krali\u00e7e kar\u0131nca nas\u0131l yakalan\u0131r?<\/a><\/p>\n<p><a href=\"https:\/\/antcube.shop\/ant-species\/\">Kar\u0131ncalar hakk\u0131nda daha fazla bilgi edinin<\/a><\/p>\n<p><a href=\"https:\/\/antcube.shop\/social-media\/\">YouTube Kanallar\u0131m\u0131z\u0131 kontrol edin, orada yararl\u0131 ipu\u00e7lar\u0131 ve bilgiler bulabilirsiniz.<\/a><\/p>\n\n\t\t<\/div>\n\t<\/div>\n\t\n\t<div id=\"accordion-3112937358\" class=\"accordion-item\">\n\t\t<a id=\"accordion-3112937358-label\" class=\"accordion-title plain\" href=\"#accordion-item-you-have-questions-about-our-products?\" aria-expanded=\"false\" aria-controls=\"accordion-3112937358-content\">\n\t\t\t<button class=\"toggle\" aria-label=\"A\u00e7\/Kapat\"><i class=\"icon-angle-down\" aria-hidden=\"true\"><\/i><\/button>\n\t\t\t<span>\u00dcr\u00fcnlerimiz hakk\u0131nda sorular\u0131n\u0131z m\u0131 var?<\/span>\n\t\t<\/a>\n\t\t<div id=\"accordion-3112937358-content\" class=\"accordion-inner\" aria-labelledby=\"accordion-3112937358-label\">\n\t\t\t\n\n<p>\u00dcr\u00fcnlerimiz hakk\u0131nda sorular\u0131n\u0131z varsa, l\u00fctfen \u00f6nce ma\u011fazam\u0131zdaki ilgili \u00fcr\u00fcn a\u00e7\u0131klamas\u0131na bak\u0131n.<\/p>\n<p>Aksi takdirde daha fazla bilgiyi burada bulabilirsiniz:<\/p>\n<p><a href=\"https:\/\/antcube.shop\/product-information\/\">\u00dcr\u00fcn bilgileri<\/a><\/p>\n\n\t\t<\/div>\n\t<\/div>\n\t\n\n<\/div>\n\t<div id=\"gap-2104539969\" class=\"gap-element clearfix\" style=\"display:block; height:auto;\">\n\t\t\n<style>\n#gap-2104539969 {\n  padding-top: 60px;\n}\n<\/style>\n\t<\/div>\n\t\n\n\t<div class=\"img has-hover x md-x lg-x y md-y lg-y\" id=\"image_1765936501\">\n\t\t\t\t\t\t\t\t<div class=\"img-inner dark\" >\n\t\t\t<img data-recalc-dims=\"1\" loading=\"lazy\" decoding=\"async\" width=\"900\" height=\"900\" src=\"https:\/\/i0.wp.com\/antcube.shop\/wp-content\/uploads\/2021\/09\/Firmeneingang.jpg?resize=900%2C900&#038;ssl=1\" class=\"attachment-original size-original\" alt=\"ANTSTORE giri\u015fi\" srcset=\"https:\/\/i0.wp.com\/antcube.shop\/wp-content\/uploads\/2021\/09\/Firmeneingang.jpg?w=900&amp;ssl=1 900w, https:\/\/i0.wp.com\/antcube.shop\/wp-content\/uploads\/2021\/09\/Firmeneingang.jpg?resize=247%2C247&amp;ssl=1 247w, https:\/\/i0.wp.com\/antcube.shop\/wp-content\/uploads\/2021\/09\/Firmeneingang.jpg?resize=100%2C100&amp;ssl=1 100w, https:\/\/i0.wp.com\/antcube.shop\/wp-content\/uploads\/2021\/09\/Firmeneingang.jpg?resize=510%2C510&amp;ssl=1 510w, https:\/\/i0.wp.com\/antcube.shop\/wp-content\/uploads\/2021\/09\/Firmeneingang.jpg?resize=400%2C400&amp;ssl=1 400w, https:\/\/i0.wp.com\/antcube.shop\/wp-content\/uploads\/2021\/09\/Firmeneingang.jpg?resize=800%2C800&amp;ssl=1 800w, https:\/\/i0.wp.com\/antcube.shop\/wp-content\/uploads\/2021\/09\/Firmeneingang.jpg?resize=280%2C280&amp;ssl=1 280w, https:\/\/i0.wp.com\/antcube.shop\/wp-content\/uploads\/2021\/09\/Firmeneingang.jpg?resize=768%2C768&amp;ssl=1 768w\" sizes=\"auto, (max-width: 900px) 100vw, 900px\" \/>\t\t\t\t\t\t\n\t\t\t\t\t<\/div>\n\t\t\t\t\t\t\t\t\n<style>\n#image_1765936501 {\n  width: 100%;\n}\n<\/style>\n\t<\/div>\n\t\n\n\n\t\t<\/div>\n\t\t\t\t\t<\/div>\n\n\t\n\n\t<div id=\"col-189648036\" class=\"col medium-6 large-6\"  >\n\t\t\t\t<div class=\"col-inner\"  >\n\t\t\t\n\t\t\t\n\n<div class=\"container section-title-container\" ><h3 class=\"section-title section-title-normal\"><b aria-hidden=\"true\"><\/b><span class=\"section-title-main\" >Bize ula\u015f\u0131n<\/span><b aria-hidden=\"true\"><\/b><\/h3><\/div>\n\n<ul>\n<li><strong>E-Posta<\/strong>: contact@antcube.de<\/li>\n<li><strong>Telefon<\/strong>: <a href=\"tel:+49 30 439703870\">+49 30 439703870<\/a><\/li>\n<\/ul>\n<p><strong>\u00c7al\u0131\u015fma saatleri <\/strong>(UTC\/GMT +1):<\/p>\n<ul>\n<li>Sal\u0131 - Cuma 10:00 - 12:00 ve 13:00 - 18:00 saatleri aras\u0131nda<\/li>\n<\/ul>\n<div class=\"container section-title-container\" ><h3 class=\"section-title section-title-normal\"><b aria-hidden=\"true\"><\/b><span class=\"section-title-main\" >Ma\u011fazam\u0131z\u0131 ziyaret edin<\/span><b aria-hidden=\"true\"><\/b><\/h3><\/div>\n\n<p><strong>Adres:<\/strong><\/p>\n<ul>\n<li>Sokak: Selerweg 41<\/li>\n<li>Posta Kodu: D - 12169<\/li>\n<li>\u015eehir: Berlin<\/li>\n<li>\u00dclke Almanya<\/li>\n<li>B\u00f6lge: Steglitz-Zehlendorf<\/li>\n<\/ul>\n<p><strong>\u00c7al\u0131\u015fma saatleri<\/strong> (UTC\/GMT +1)<\/p>\n<ul>\n<li>Sal\u0131 - Cuma 13:00 - 18:00<\/li>\n<\/ul>\n<p><iframe loading=\"lazy\" style=\"border: 0;\" src=\"https:\/\/www.google.com\/maps\/embed?pb=!1m18!1m12!1m3!1d2431.3708399886823!2d13.335121715997175!3d52.454311048847416!2m3!1f0!2f0!3f0!3m2!1i1024!2i768!4f13.1!3m3!1m2!1s0x47a85a9242e5bc07%3A0xc44ee1d5a0728440!2sANTSTORE!5e0!3m2!1sde!2sde!4v1632470583913!5m2!1sde!2sde\" width=\"600\" height=\"450\" allowfullscreen=\"allowfullscreen\"><\/iframe><\/p>\n\n\t\t<\/div>\n\t\t\t\t\t<\/div>\n\n\t\n\n<\/div>","protected":false},"excerpt":{"rendered":"","protected":false},"author":1,"featured_media":27,"parent":0,"menu_order":0,"comment_status":"closed","ping_status":"closed","template":"page-blank.php","meta":{"_acf_changed":false,"content-type":"","_monsterinsights_skip_tracking":false,"_monsterinsights_sitenote_active":false,"_monsterinsights_sitenote_note":"","_monsterinsights_sitenote_category":0,"footnotes":""},"class_list":["post-102","page","type-page","status-publish","has-post-thumbnail","hentry"],"acf":[],"aioseo_notices":[],"jetpack_sharing_enabled":true,"_links":{"self":[{"href":"https:\/\/antcube.shop\/tr\/wp-json\/wp\/v2\/pages\/102","targetHints":{"allow":["GET"]}}],"collection":[{"href":"https:\/\/antcube.shop\/tr\/wp-json\/wp\/v2\/pages"}],"about":[{"href":"https:\/\/antcube.shop\/tr\/wp-json\/wp\/v2\/types\/page"}],"author":[{"embeddable":true,"href":"https:\/\/antcube.shop\/tr\/wp-json\/wp\/v2\/users\/1"}],"replies":[{"embeddable":true,"href":"https:\/\/antcube.shop\/tr\/wp-json\/wp\/v2\/comments?post=102"}],"version-history":[{"count":10,"href":"https:\/\/antcube.shop\/tr\/wp-json\/wp\/v2\/pages\/102\/revisions"}],"predecessor-version":[{"id":11083,"href":"https:\/\/antcube.shop\/tr\/wp-json\/wp\/v2\/pages\/102\/revisions\/11083"}],"wp:featuredmedia":[{"embeddable":true,"href":"https:\/\/antcube.shop\/tr\/wp-json\/wp\/v2\/media\/27"}],"wp:attachment":[{"href":"https:\/\/antcube.shop\/tr\/wp-json\/wp\/v2\/media?parent=102"}],"curies":[{"name":"wp","href":"https:\/\/api.w.org\/{rel}","templated":true}]}}