{"id":9887,"date":"2024-10-08T15:19:57","date_gmt":"2024-10-08T13:19:57","guid":{"rendered":"https:\/\/antcube.shop\/en\/product\/ameisenarena-rahmen-60x30-5cm\/"},"modified":"2026-04-13T10:48:43","modified_gmt":"2026-04-13T08:48:43","slug":"myr-arena-ram-60x30-5cm","status":"publish","type":"product","link":"https:\/\/antcube.shop\/sv\/produkt\/myr-arena-ram-60x30-5cm\/","title":{"rendered":"Ant arena ram 60\u00d730 - 5cm"},"content":{"rendered":"<p><strong>M\u00e5tt (LxBxH):<\/strong> 60x30x0,4 cm<br \/>\n5 cm bred<\/p>\n<p><span data-text-color=\"alert\"><strong>OBS: Passar endast till v\u00e5ra glas+gallert\u00e4ckningar 60\u00d730!<\/strong><\/span><\/p>\n<p><strong>Material:<\/strong> Flytande glas<\/p>\n<p><strong>F\u00e4rg:<\/strong> kristallklar\/genomskinlig<\/p>\n<p><strong>Inneh\u00e5ll:<\/strong><br \/>\n1x ram f\u00f6r myrarena<\/p>\n<p><strong>Beskrivning:<\/strong><br \/>\nGlasram f\u00f6r myrstacken som flyktskydd<\/p>\n<p><strong>Anv\u00e4ndning:<\/strong><br \/>\nMyrstackramen \u00e4r en ram av glas som placeras ovanp\u00e5 en myrstack och f\u00f6rses med ett flyktskydd (olja, pulver eller f\u00e4rg) p\u00e5 undersidan f\u00f6r att hindra myror fr\u00e5n att bryta sig ut.<\/p>\n<p><strong>Observera:<\/strong><br \/>\nEftersom f\u00f6rem\u00e5let \u00e4r tillverkat av glas och d\u00e4rf\u00f6r \u00e4r \u00f6mt\u00e5ligt b\u00f6r det hanteras med stor f\u00f6rsiktighet. Glaset sk\u00e4rs till i storlek enligt DIN 1249 med en tolerans p\u00e5 +\/- 1 mm. Ytterligare brytskydd \u00e4r n\u00f6dv\u00e4ndigt f\u00f6r extremt sm\u00e5 myrarter.<\/p>","protected":false},"excerpt":{"rendered":"<p>M\u00e5tt (LxBxH): 60x30x0,4 cm 5cm bred OBSERVERA: Passar endast till v\u00e5ra glas+gallerd\u00e4ck 60x30! Material: Floatglas Floatglas F\u00e4rg: kristallklar \/ transparent Inneh\u00e5ll: 1x ram f\u00f6r myrarena Beskrivning: Glasram f\u00f6r myrarenan som flyktskydd Anv\u00e4ndning: Ramen f\u00f6r myrstackar \u00e4r en ram av glas som placeras ovanp\u00e5 en myrstack.","protected":false},"featured_media":10125,"comment_status":"open","ping_status":"closed","template":"","meta":{"_acf_changed":false,"content-type":"","_monsterinsights_skip_tracking":false,"_monsterinsights_sitenote_active":false,"_monsterinsights_sitenote_note":"","_monsterinsights_sitenote_category":0},"product_brand":[484],"product_cat":[91,93],"product_tag":[],"class_list":{"0":"post-9887","1":"product","2":"type-product","3":"status-publish","4":"has-post-thumbnail","6":"product_brand-antcube","7":"product_cat-formicarium-modules","8":"product_cat-arena-frame","10":"first","11":"instock","12":"taxable","13":"shipping-taxable","14":"purchasable","15":"product-type-simple"},"acf":[],"aioseo_notices":[],"jetpack_sharing_enabled":true,"_links":{"self":[{"href":"https:\/\/antcube.shop\/sv\/wp-json\/wp\/v2\/product\/9887","targetHints":{"allow":["GET"]}}],"collection":[{"href":"https:\/\/antcube.shop\/sv\/wp-json\/wp\/v2\/product"}],"about":[{"href":"https:\/\/antcube.shop\/sv\/wp-json\/wp\/v2\/types\/product"}],"replies":[{"embeddable":true,"href":"https:\/\/antcube.shop\/sv\/wp-json\/wp\/v2\/comments?post=9887"}],"wp:featuredmedia":[{"embeddable":true,"href":"https:\/\/antcube.shop\/sv\/wp-json\/wp\/v2\/media\/10125"}],"wp:attachment":[{"href":"https:\/\/antcube.shop\/sv\/wp-json\/wp\/v2\/media?parent=9887"}],"wp:term":[{"taxonomy":"product_brand","embeddable":true,"href":"https:\/\/antcube.shop\/sv\/wp-json\/wp\/v2\/product_brand?post=9887"},{"taxonomy":"product_cat","embeddable":true,"href":"https:\/\/antcube.shop\/sv\/wp-json\/wp\/v2\/product_cat?post=9887"},{"taxonomy":"product_tag","embeddable":true,"href":"https:\/\/antcube.shop\/sv\/wp-json\/wp\/v2\/product_tag?post=9887"}],"curies":[{"name":"wp","href":"https:\/\/api.w.org\/{rel}","templated":true}]}}