{"id":9885,"date":"2024-10-08T15:18:52","date_gmt":"2024-10-08T13:18:52","guid":{"rendered":"https:\/\/antcube.shop\/en\/product\/abdeckung-hybrid-30x30\/"},"modified":"2026-03-31T15:36:01","modified_gmt":"2026-03-31T13:36:01","slug":"hybridskydd-30x30","status":"publish","type":"product","link":"https:\/\/antcube.shop\/sv\/produkt\/hybridskydd-30x30\/","title":{"rendered":"Hybridskydd 30\u00d730"},"content":{"rendered":"<p>Myr- och Drosophila-s\u00e4kert glas + n\u00e4t\u00f6verdrag i rostfritt st\u00e5l. Inte ens de minsta arterna kan ta sig igenom det fina n\u00e4tet av rostfritt st\u00e5l och inte ens bladsk\u00e4rarmyror kan sk\u00e4ra sig igenom det.<\/p>\n<p><strong>M\u00e5tt (LxBxH):<\/strong> 30x30x0,4 cm<br \/>\n<strong>Anslutningar:<\/strong> 2x 50 mm h\u00e5l<br \/>\n11,7 x 17,5 cm ventilationsomr\u00e5de<\/p>\n<p><strong>Material:<\/strong> Floatglas, galler av rostfritt st\u00e5l<\/p>\n<p><strong>F\u00e4rg:<\/strong> kristallklar\/genomskinlig<\/p>\n<p><strong>Inneh\u00e5ll:<\/strong><br \/>\n1x omslag hybrid 30\u00d730<br \/>\n1x f\u00e4stpunkter \u00e0 4 st.<\/p>\n<p><strong>Beskrivning:<\/strong><br \/>\nGlasskydd f\u00f6r myrstacken som flyktskydd<\/p>\n<p><strong>Anv\u00e4ndning:<\/strong><br \/>\nMyrstackskyddet i glas placeras p\u00e5 en myrstack och anv\u00e4nds \u00e4ven f\u00f6r klimatreglering.<br \/>\nOlika moduler f\u00f6r klimatkontroll kan s\u00e4ttas in i 50 mm-\u00f6ppningarna, t.ex. ventilationsgaller, belysning eller befuktning.<br \/>\nF\u00f6r att f\u00f6rhindra att myror flyr genom \u00f6ppningarna b\u00f6r ett flyktskydd (olja, pulver eller lack) appliceras p\u00e5 undersidan runt h\u00e5len.<\/p>\n<p><strong>Observera:<\/strong><br \/>\nEftersom f\u00f6rem\u00e5let \u00e4r tillverkat av glas och d\u00e4rf\u00f6r \u00e4r \u00f6mt\u00e5ligt b\u00f6r det hanteras med stor f\u00f6rsiktighet.<\/p>","protected":false},"excerpt":{"rendered":"<p>Myr- och Drosophila-s\u00e4kert glas + n\u00e4t\u00f6verdrag i rostfritt st\u00e5l. Inte ens de minsta arterna kan ta sig igenom det fina n\u00e4tet av rostfritt st\u00e5l och inte ens bladsk\u00e4rarmyror kan sk\u00e4ra igenom det. M\u00e5tt (LxBxH): 60x30x0,4 cm Anslutningar: 3x 50mm h\u00e5l 11,7x 47,5 cm ventilationsyta Material: floatglas, rostfritt st\u00e5lgaller F\u00e4rg: kristallklar \/ transparent Inneh\u00e5ll:","protected":false},"featured_media":9890,"comment_status":"open","ping_status":"closed","template":"","meta":{"_acf_changed":false,"content-type":"","_monsterinsights_skip_tracking":false,"_monsterinsights_sitenote_active":false,"_monsterinsights_sitenote_note":"","_monsterinsights_sitenote_category":0},"product_brand":[484],"product_cat":[257,91,92],"product_tag":[],"class_list":{"0":"post-9885","1":"product","2":"type-product","3":"status-publish","4":"has-post-thumbnail","6":"product_brand-antcube","7":"product_cat-new-innovatve-products","8":"product_cat-formicarium-modules","9":"product_cat-arena-cover","11":"first","12":"instock","13":"taxable","14":"shipping-taxable","15":"purchasable","16":"product-type-simple"},"acf":[],"aioseo_notices":[],"jetpack_sharing_enabled":true,"_links":{"self":[{"href":"https:\/\/antcube.shop\/sv\/wp-json\/wp\/v2\/product\/9885","targetHints":{"allow":["GET"]}}],"collection":[{"href":"https:\/\/antcube.shop\/sv\/wp-json\/wp\/v2\/product"}],"about":[{"href":"https:\/\/antcube.shop\/sv\/wp-json\/wp\/v2\/types\/product"}],"replies":[{"embeddable":true,"href":"https:\/\/antcube.shop\/sv\/wp-json\/wp\/v2\/comments?post=9885"}],"wp:featuredmedia":[{"embeddable":true,"href":"https:\/\/antcube.shop\/sv\/wp-json\/wp\/v2\/media\/9890"}],"wp:attachment":[{"href":"https:\/\/antcube.shop\/sv\/wp-json\/wp\/v2\/media?parent=9885"}],"wp:term":[{"taxonomy":"product_brand","embeddable":true,"href":"https:\/\/antcube.shop\/sv\/wp-json\/wp\/v2\/product_brand?post=9885"},{"taxonomy":"product_cat","embeddable":true,"href":"https:\/\/antcube.shop\/sv\/wp-json\/wp\/v2\/product_cat?post=9885"},{"taxonomy":"product_tag","embeddable":true,"href":"https:\/\/antcube.shop\/sv\/wp-json\/wp\/v2\/product_tag?post=9885"}],"curies":[{"name":"wp","href":"https:\/\/api.w.org\/{rel}","templated":true}]}}