{"id":9883,"date":"2024-10-08T15:17:56","date_gmt":"2024-10-08T13:17:56","guid":{"rendered":"https:\/\/antcube.shop\/en\/product\/abdeckung-edelstahlgitter-30x30\/"},"modified":"2026-03-16T10:37:13","modified_gmt":"2026-03-16T09:37:13","slug":"gallerskydd-i-rostfritt-stal-30x30","status":"publish","type":"product","link":"https:\/\/antcube.shop\/sv\/produkt\/gallerskydd-i-rostfritt-stal-30x30\/","title":{"rendered":"Rostskydd i rostfritt st\u00e5l 30\u00d730"},"content":{"rendered":"<p>Myr- och Drosophila-s\u00e4kert glas + n\u00e4t\u00f6verdrag i rostfritt st\u00e5l. Inte ens de minsta arterna kan ta sig igenom det fina n\u00e4tet av rostfritt st\u00e5l och inte ens bladsk\u00e4rarmyror kan sk\u00e4ra sig igenom det.<\/p>\n<p><strong>M\u00e5tt (LxBxH):<\/strong> 30x30x0,4 cm<br \/>\n17,5\u00d717,5 cm ventilationsomr\u00e5de<\/p>\n<p><strong>Material:<\/strong> floatglas, galler av rostfritt st\u00e5l<\/p>\n<p><strong>F\u00e4rg:<\/strong> kristallklar\/genomskinlig<\/p>\n<p><strong>Inneh\u00e5ll:<\/strong><br \/>\n1x lock rostfritt st\u00e5lgaller 30\u00d730<br \/>\n1x f\u00e4stpunkter \u00e0 4 st.<\/p>\n<p><strong>Beskrivning:<\/strong><br \/>\nGlasskydd f\u00f6r myrstacken som flyktskydd<\/p>\n<p><strong>Anv\u00e4ndning:<\/strong><br \/>\nMyrstackskyddet placeras p\u00e5 en myrstack och anv\u00e4nds \u00e4ven f\u00f6r att reglera klimatet.<\/p>\n<p><strong>Observera:<\/strong><br \/>\nEftersom f\u00f6rem\u00e5let \u00e4r tillverkat av glas och d\u00e4rf\u00f6r \u00e4r \u00f6mt\u00e5ligt b\u00f6r det hanteras mycket f\u00f6rsiktigt.<\/p>","protected":false},"excerpt":{"rendered":"<p>Myr- och Drosophila-s\u00e4kert glas + n\u00e4t\u00f6verdrag i rostfritt st\u00e5l. Inte ens de minsta arterna kan ta sig igenom det fina n\u00e4tet av rostfritt st\u00e5l och inte ens bladsk\u00e4rarmyror kan sk\u00e4ra igenom det. M\u00e5tt (LxBxH): 60x30x0,4 cm 17,5x47,5 cm ventilationsomr\u00e5de Material: floatglas, rostfritt st\u00e5lgaller F\u00e4rg: kristallklar \/ transparent Inneh\u00e5ll: 1x lock rostfritt st\u00e5lgaller","protected":false},"featured_media":9889,"comment_status":"open","ping_status":"closed","template":"","meta":{"_acf_changed":false,"content-type":"","_monsterinsights_skip_tracking":false,"_monsterinsights_sitenote_active":false,"_monsterinsights_sitenote_note":"","_monsterinsights_sitenote_category":0},"product_brand":[484],"product_cat":[257,91,92],"product_tag":[],"class_list":{"0":"post-9883","1":"product","2":"type-product","3":"status-publish","4":"has-post-thumbnail","6":"product_brand-antcube","7":"product_cat-new-innovatve-products","8":"product_cat-formicarium-modules","9":"product_cat-arena-cover","11":"first","12":"instock","13":"taxable","14":"shipping-taxable","15":"purchasable","16":"product-type-simple"},"acf":[],"aioseo_notices":[],"jetpack_sharing_enabled":true,"_links":{"self":[{"href":"https:\/\/antcube.shop\/sv\/wp-json\/wp\/v2\/product\/9883","targetHints":{"allow":["GET"]}}],"collection":[{"href":"https:\/\/antcube.shop\/sv\/wp-json\/wp\/v2\/product"}],"about":[{"href":"https:\/\/antcube.shop\/sv\/wp-json\/wp\/v2\/types\/product"}],"replies":[{"embeddable":true,"href":"https:\/\/antcube.shop\/sv\/wp-json\/wp\/v2\/comments?post=9883"}],"wp:featuredmedia":[{"embeddable":true,"href":"https:\/\/antcube.shop\/sv\/wp-json\/wp\/v2\/media\/9889"}],"wp:attachment":[{"href":"https:\/\/antcube.shop\/sv\/wp-json\/wp\/v2\/media?parent=9883"}],"wp:term":[{"taxonomy":"product_brand","embeddable":true,"href":"https:\/\/antcube.shop\/sv\/wp-json\/wp\/v2\/product_brand?post=9883"},{"taxonomy":"product_cat","embeddable":true,"href":"https:\/\/antcube.shop\/sv\/wp-json\/wp\/v2\/product_cat?post=9883"},{"taxonomy":"product_tag","embeddable":true,"href":"https:\/\/antcube.shop\/sv\/wp-json\/wp\/v2\/product_tag?post=9883"}],"curies":[{"name":"wp","href":"https:\/\/api.w.org\/{rel}","templated":true}]}}