{"id":9880,"date":"2024-10-08T15:15:23","date_gmt":"2024-10-08T13:15:23","guid":{"rendered":"https:\/\/antcube.shop\/en\/product\/plantcube-vivarium-mini-nano-biologicum-tropical-domus\/"},"modified":"2026-04-03T21:16:10","modified_gmt":"2026-04-03T19:16:10","slug":"plantcube-vivarium-biom-bunt","status":"publish","type":"product","link":"https:\/\/antcube.shop\/sv\/produkt\/plantcube-vivarium-biom-bunt\/","title":{"rendered":"PLANTCUBE - Vivarium 20x20x20 Biom-paket"},"content":{"rendered":"<h1><strong>F\u00c5 EN BIT AV NATUREN TILL DITT HEM<\/strong><\/h1>\n<p><strong>Inneh\u00e5ll:<\/strong><br \/>\n1x PLANTCUBE Vivarium 20x20x20 Biom<br \/>\n1x lock 20\u00d720 (2x h\u00e5l 50mm)<br \/>\n1x dyna 20\u00d720<br \/>\n2x Grid insert acrylic &#8211; 50 mm with sealing ring<br \/>\n2x Grid insert acrylic &#8211; 27 mm with sealing ring<br \/>\n2x pluggar f\u00f6r 10 mm h\u00e5l<br \/>\n1x f\u00e4stkuddar f\u00f6r k\u00e5pa (4 st.)<\/p>\n<p>Glastankskub 20x20x20 cm med 2x 27 mm h\u00e5l p\u00e5 sidan och 2x 10 mm h\u00e5l p\u00e5 sidan<br \/>\n27 mm-h\u00e5let (mittpunkten) sitter p\u00e5 8,5 cm h\u00f6jd.<\/p>\n<p><strong>M\u00e5tt:<\/strong> 200 x 200 x 200 mm; 4 mm glastjocklek<\/p>\n<p><strong>Material:<\/strong> floatglas<\/p>\n<p><strong>\u00d6ppningar p\u00e5 sidan:<\/strong><br \/>\n2x h\u00e5l 27 mm<br \/>\n2x h\u00e5l 10 mm<\/p>\n<p>Med v\u00e5ra PLANTCUBE Vivarium kan du designa ditt eget levande konstverk f\u00f6r ditt vardagsrum. Du kan ocks\u00e5 h\u00e5lla sm\u00e5 djur i en PLANTCUBE s\u00e5 det finns ingen gr\u00e4ns f\u00f6r din kreativitet.<\/p>\n<h2><strong>Anpassa din PLANTCUBE efter dina egna eller dina v\u00e4xters och djurs behov:<\/strong><\/h2>\n<p>De tv\u00e5 10 mm-h\u00e5len p\u00e5 sidan, som \u00e4r placerade p\u00e5 2 cm h\u00f6jd (mitt) fr\u00e5n botten, \u00e4r till f\u00f6r att t\u00f6mma ut \u00f6verfl\u00f6digt vatten. Du kan t.ex. anv\u00e4nda v\u00e5r transparenta slang 10\/06 mm f\u00f6r att t\u00f6mma ut vattnet. De tv\u00e5 50 mm-h\u00e5len kan antingen st\u00e4ngas med de medf\u00f6ljande pluggarna eller fungera som extra ventilation n\u00e4r de \u00e4r utrustade med gallerinsatser. Du kan till och med ansluta tv\u00e5 uppst\u00e4llningar h\u00e4r via ett akrylr\u00f6r. Om du har djur i ditt vivarium kan de p\u00e5 s\u00e5 s\u00e4tt r\u00f6ra sig fritt fr\u00e5n en upps\u00e4ttning till en annan.<\/p>\n<p>Med v\u00e5ra l\u00e4mpliga ramar, gallerinsatser eller pluggar, lampor och luftkonditioneringsapparater kan Vivariums lock anpassas p\u00e5 ett flexibelt s\u00e4tt. V\u00e5ra lock kan f\u00f6rses med pluggar eller gallerinsatser via de tv\u00e5 50 mm h\u00e5len f\u00f6r att uppn\u00e5 \u00f6nskad luftfuktighet eller en starkare ventilation. Dessutom kan lamputtag, fl\u00e4ktar eller dimrid\u00e5er anslutas direkt till de 50 mm stora h\u00e5len.<\/p>\n<p>V\u00e5ra ramar beh\u00f6vs bara n\u00e4r man h\u00e5ller myror. De s\u00e4krar Vivarium ytterligare (n\u00e4r de \u00e4r belagda med ett rymningsskyddande medel) f\u00f6r att undvika att djuren rymmer och f\u00f6renklar framf\u00f6r allt underh\u00e5llet i det \u00f6ppna Vivarium. N\u00e4r man anv\u00e4nder en ram kan dessutom locket h\u00e5llas av om s\u00e5 \u00f6nskas.<\/p>\n<h2><strong>Hur f\u00f6rvandlar du din PLANTCUBE till ett bioaktivt ekosystem?<\/strong><\/h2>\n<h3><strong>Skapa ett dr\u00e4nerande lager:<\/strong><\/h3>\n<p>F\u00f6r att ge st\u00f6d \u00e5t dina v\u00e4xter b\u00f6r du f\u00f6rst bygga ett dr\u00e4neringslager i ditt Vivarium. Vi rekommenderar att du anv\u00e4nder 2-3 cm lergranulat (4-8 mm) eftersom de \u00e4r l\u00e4tta. Se till att tv\u00e4tta dem under rinnande vatten innan du l\u00e4gger i dem f\u00f6r att ta bort damm.<\/p>\n<p>Du kan placera en dr\u00e4neringsfleece ovanp\u00e5 lergranulatet f\u00f6r att separera dr\u00e4neringen fr\u00e5n underlaget.<\/p>\n<h3><strong>Vilka v\u00e4xter och vilken jord du ska anv\u00e4nda:<\/strong><\/h3>\n<p>Allt detta beror p\u00e5 vilken typ av \"ekosystem\" du vill skapa. Om du vill bygga ett \u00f6ken- eller snarare torrt Vivarium beh\u00f6ver du v\u00e4xter som trivs i det klimatet och anv\u00e4nda l\u00e4mplig jord som de gillar att v\u00e4xa i. F\u00f6r tropiska Vivarium \u00e4r det naturligtvis samma sak. F\u00f6rs\u00f6k att anv\u00e4nda v\u00e4xter fr\u00e5n liknande regioner och\/eller klimat s\u00e5 att de alla klarar sig bra i samma typ av jord och klimat. En bra v\u00e4xtbutik b\u00f6r alltid ha information om matchande klimat och jord f\u00f6r de v\u00e4xter som de s\u00e4ljer.<\/p>\n<p><strong>Viktigt:<\/strong> Om du vill h\u00e5lla v\u00e4xter och djur tillsammans b\u00f6r du aldrig anv\u00e4nda v\u00e4xter d\u00e4r du inte vet om de har kommit i kontakt med g\u00f6dselmedel eller bek\u00e4mpningsmedel. Anv\u00e4nd endast v\u00e4xter fr\u00e5n terrariebutiker eller liknande som garanterat \u00e4r helt fria fr\u00e5n bek\u00e4mpningsmedel och g\u00f6dningsmedel. Dessa kan annars leda till att dina djur d\u00f6r.<\/p>\n<h3><strong>Introducera en \"Clean up crew\" f\u00f6r att g\u00f6ra ditt Vivarium Bioactive<\/strong><\/h3>\n<p><strong>Vad \u00e4r bioaktivt?<\/strong> Vad \u00e4r bioaktivt? Det h\u00e4r \u00e4r det n\u00e4rmaste du kommer en sj\u00e4lvf\u00f6rs\u00f6rjande anl\u00e4ggning. Det handlar om att tills\u00e4tta l\u00e4mplig jordblandning och organiskt material f\u00f6r att mikrofloran ska kunna bildas, plus den n\u00f6dv\u00e4ndiga mikrofaunan f\u00f6r att skapa en n\u00e4ringscykel i ditt Vivarium.<\/p>\n<p><strong>V\u00e5rt tips:<\/strong> V\u00e5rt tips: L\u00e4gg alltid till sm\u00e5 djur som springsvansar och isopoder. Dessa \u00e4r inte bara en bra \"o\u00e4ndlig\" f\u00f6dok\u00e4lla i sig, om du vill ha andra djur i ditt Vivarium. De livn\u00e4r sig framf\u00f6r allt p\u00e5 m\u00f6gel som kan bildas p\u00e5 grund av h\u00f6g luftfuktighet och berikar jorden med n\u00e4rings\u00e4mnen, vilket i sin tur g\u00f6r att v\u00e4xterna kan v\u00e4xa friskt.<\/p>\n<p>Tills\u00e4tt lite tr\u00e4kol i din jord som hj\u00e4lper mikrober att kolonisera den. Mossa och korkbark eller vitr\u00f6tat tr\u00e4 ut\u00f6ver l\u00f6vf\u00f6rna ser inte bara naturligt ut i din anl\u00e4ggning, de ger ocks\u00e5 mat \u00e5t dina \"st\u00e4dare\", ger dem g\u00f6mst\u00e4llen och fortplantningsst\u00e4llen och \u00e4r l\u00e4tta att bryta ner till n\u00e4rings\u00e4mnen f\u00f6r dina v\u00e4xter.<\/p>\n<p><strong>I naturen handlar allt om balans<\/strong><br \/>\nDet \u00e4r dock inte tillr\u00e5dligt att anv\u00e4nda vissa arter av isopoder utan att tills\u00e4tta n\u00e5got som jagar dem, eftersom en isopodpopulation utan rovdjur som t.ex. myror g\u00e4rna g\u00e5r \u00f6verstyr och v\u00e4xterna i ditt Vivarium d\u00e5 snabbt blir en o\u00f6nskad f\u00f6dok\u00e4lla. I naturen handlar allt om balans.<\/p>\n<p><strong>Ytterligare information:<\/strong><br \/>\nGlaset sk\u00e4rs enligt DIN 1249 med en tolerans p\u00e5 +\/- 1 mm. F\u00f6r extremt sm\u00e5 myrarter \u00e4r det n\u00f6dv\u00e4ndigt med ett extra utbrytningsskydd.<\/p>\n<div class=\"row\"  id=\"row-1233534778\">\n\n\t<div id=\"col-1943610412\" class=\"col small-12 large-12\"  >\n\t\t\t\t<div class=\"col-inner\"  >\n\t\t\t\n\t\t\t\n\t<div id=\"text-793783142\" class=\"text\">\n\t\t\n<h2>Nedan hittar du n\u00e5gra butiker som vi kan rekommendera och ytterligare information om hur du skapar en unik och bioaktiv PLANTCUBE:<\/h2>\n\t\t\n<style>\n#text-793783142 {\n  font-size: 1rem;\n  text-align: center;\n}\n<\/style>\n\t<\/div>\n\t\n\t<div id=\"gap-1656753035\" class=\"gap-element clearfix\" style=\"display:block; height:auto;\">\n\t\t\n<style>\n#gap-1656753035 {\n  padding-top: 40px;\n}\n<\/style>\n\t<\/div>\n\t\n\t\t<\/div>\n\t\t\t\t\n<style>\n#col-1943610412 > .col-inner {\n  padding: 30px 0px 0px 0px;\n}\n<\/style>\n\t<\/div>\n\n\t\n\n\t<div id=\"col-2075869307\" class=\"col medium-6 small-12 large-6\"  >\n\t\t\t\t<div class=\"col-inner\"  >\n\t\t\t\n\t\t\t\n\n\t<section class=\"section\" id=\"section_220073524\">\n\t\t<div class=\"section-bg fill\" >\n\t\t\t<img data-recalc-dims=\"1\" loading=\"lazy\" decoding=\"async\" width=\"1020\" height=\"574\" src=\"https:\/\/i0.wp.com\/antcube.shop\/wp-content\/uploads\/2024\/10\/2560x1440_youtube-Banner-2.png?resize=1020%2C574&#038;ssl=1\" class=\"bg attachment- size-\" alt=\"\" \/>\t\t\t\t\t\t\n\t\t\t\n\n\t\t<\/div>\n\n\t\t\n\n\t\t<div class=\"section-content relative\">\n\t\t\t\n<div class=\"row align-center\"  id=\"row-618000938\">\n\n\t<div id=\"col-1619947175\" class=\"col medium-10 small-12 large-10\"  >\n\t\t\t\t<div class=\"col-inner text-center\"  >\n\t\t\t\n\t\t\t\n<h2 class=\"uppercase\">Steg-f\u00f6r-steg-guide p\u00e5 v\u00e5r blogg<\/h2>\n<a href=\"https:\/\/antcube.shop\/en\/2024\/10\/22\/how-to-create-your-bioactive-vivarium\/\" class=\"button primary\" >\n\t\t<span>BLOGG<\/span>\n\t<\/a>\n\n\t\t<\/div>\n\t\t\t\t\n<style>\n#col-1619947175 > .col-inner {\n  margin: -150px 0px 0px 0px;\n}\n@media (min-width:550px) {\n  #col-1619947175 > .col-inner {\n    margin: -200px 0px 0px 0px;\n  }\n}\n<\/style>\n\t<\/div>\n\n\t\n<\/div>\n\t\t<\/div>\n\n\t\t\n<style>\n#section_220073524 {\n  padding-top: 60px;\n  padding-bottom: 60px;\n  min-height: 300px;\n  background-color: rgb(255,255,255);\n}\n#section_220073524 .section-bg img {\n  object-position: 50% 0%;\n}\n<\/style>\n\t<\/section>\n\t\n\t\t<\/div>\n\t\t\t\t\t<\/div>\n\n\t\n\n\t<div id=\"col-830816316\" class=\"col medium-6 small-12 large-6\"  >\n\t\t\t\t<div class=\"col-inner\"  >\n\t\t\t\n\t\t\t\n\n\t<section class=\"section\" id=\"section_519486079\">\n\t\t<div class=\"section-bg fill\" >\n\t\t\t<img data-recalc-dims=\"1\" loading=\"lazy\" decoding=\"async\" width=\"1020\" height=\"680\" src=\"https:\/\/i0.wp.com\/antcube.shop\/wp-content\/uploads\/2024\/10\/Collage_FULL-HD_-2-scaled.jpg?resize=1020%2C680&#038;ssl=1\" class=\"bg attachment-original size-original\" alt=\"\" \/>\t\t\t\t\t\t\n\t\t\t\n\n\t\t<\/div>\n\n\t\t\n\n\t\t<div class=\"section-content relative\">\n\t\t\t\n<div class=\"row align-center\"  id=\"row-1207882913\">\n\n\t<div id=\"col-1753014144\" class=\"col medium-10 small-12 large-10\"  >\n\t\t\t\t<div class=\"col-inner text-center\"  >\n\t\t\t\n\t\t\t\n<h2 class=\"uppercase\">Ytterligare information OM plantcube<\/h2>\n<a href=\"https:\/\/antcube.shop\/en\/plantcube\/\" class=\"button primary\" >\n\t\t<span>v\u00e4xtkub<\/span>\n\t<\/a>\n\n\t\t<\/div>\n\t\t\t\t\n<style>\n#col-1753014144 > .col-inner {\n  margin: -150px 0px 0px 0px;\n}\n@media (min-width:550px) {\n  #col-1753014144 > .col-inner {\n    margin: -200px 0px 0px 0px;\n  }\n}\n<\/style>\n\t<\/div>\n\n\t\n<\/div>\n\t\t<\/div>\n\n\t\t\n<style>\n#section_519486079 {\n  padding-top: 60px;\n  padding-bottom: 60px;\n  min-height: 300px;\n}\n#section_519486079 .section-bg img {\n  object-position: 51% 0%;\n}\n<\/style>\n\t<\/section>\n\t\n\t\t<\/div>\n\t\t\t\t\t<\/div>\n\n\t\n<\/div>","protected":false},"excerpt":{"rendered":"<p>Detta paket best\u00e5r av 12 delar<\/p>","protected":false},"featured_media":9924,"comment_status":"open","ping_status":"closed","template":"","meta":{"_acf_changed":false,"content-type":"","_monsterinsights_skip_tracking":false,"_monsterinsights_sitenote_active":false,"_monsterinsights_sitenote_note":"","_monsterinsights_sitenote_category":0},"product_brand":[483],"product_cat":[257,341],"product_tag":[],"class_list":{"0":"post-9880","1":"product","2":"type-product","3":"status-publish","4":"has-post-thumbnail","6":"product_brand-plantcube","7":"product_cat-new-innovatve-products","8":"product_cat-vivariums","10":"first","11":"instock","12":"taxable","13":"shipping-taxable","14":"purchasable","15":"product-type-simple"},"acf":[],"aioseo_notices":[],"jetpack_sharing_enabled":true,"_links":{"self":[{"href":"https:\/\/antcube.shop\/sv\/wp-json\/wp\/v2\/product\/9880","targetHints":{"allow":["GET"]}}],"collection":[{"href":"https:\/\/antcube.shop\/sv\/wp-json\/wp\/v2\/product"}],"about":[{"href":"https:\/\/antcube.shop\/sv\/wp-json\/wp\/v2\/types\/product"}],"replies":[{"embeddable":true,"href":"https:\/\/antcube.shop\/sv\/wp-json\/wp\/v2\/comments?post=9880"}],"wp:featuredmedia":[{"embeddable":true,"href":"https:\/\/antcube.shop\/sv\/wp-json\/wp\/v2\/media\/9924"}],"wp:attachment":[{"href":"https:\/\/antcube.shop\/sv\/wp-json\/wp\/v2\/media?parent=9880"}],"wp:term":[{"taxonomy":"product_brand","embeddable":true,"href":"https:\/\/antcube.shop\/sv\/wp-json\/wp\/v2\/product_brand?post=9880"},{"taxonomy":"product_cat","embeddable":true,"href":"https:\/\/antcube.shop\/sv\/wp-json\/wp\/v2\/product_cat?post=9880"},{"taxonomy":"product_tag","embeddable":true,"href":"https:\/\/antcube.shop\/sv\/wp-json\/wp\/v2\/product_tag?post=9880"}],"curies":[{"name":"wp","href":"https:\/\/api.w.org\/{rel}","templated":true}]}}