{"id":9352,"date":"2024-09-17T16:29:08","date_gmt":"2024-09-17T14:29:08","guid":{"rendered":"https:\/\/antcube.shop\/en\/product\/tranke-cube-klein\/"},"modified":"2026-04-11T11:14:25","modified_gmt":"2026-04-11T09:14:25","slug":"dricksvattentrag-kub-liten","status":"publish","type":"product","link":"https:\/\/antcube.shop\/sv\/produkt\/dricksvattentrag-kub-liten\/","title":{"rendered":"Dryckestr\u00e5g Kub liten"},"content":{"rendered":"<p><strong>M\u00e5tt:<\/strong> 23x15x18 mm, 2ml<\/p>\n<p><strong>F\u00e4rg:<\/strong> kristallklart<\/p>\n<p><strong>Material:<\/strong> PMMA<\/p>\n<p><strong>Beskrivning:<\/strong> Detta g\u00f6r att myrorna kan f\u00f6rse sig med tillr\u00e4ckligt med fukt i sitt formicarium. Vattnets ytsp\u00e4nning f\u00f6rhindrar att drickaren l\u00e4cker.<\/p>\n<p><strong>F\u00f6rsiktighets\u00e5tg\u00e4rder:<\/strong><br \/>\nN\u00e4r det g\u00e4ller sm\u00e5 myrarter b\u00f6r en svamp, ett galler eller fin sand placeras framf\u00f6r utg\u00e5ngen till drickan f\u00f6r s\u00e4kerhets skull. Annars kan enskilda arbetare komma in i drickan. En 24 mm stor svamp passar perfekt.<\/p>","protected":false},"excerpt":{"rendered":"<p><strong>M\u00e5tt:<\/strong> 23x15x18 mm, 2ml<\/p>","protected":false},"featured_media":9443,"comment_status":"open","ping_status":"closed","template":"","meta":{"_acf_changed":false,"content-type":"","_monsterinsights_skip_tracking":false,"_monsterinsights_sitenote_active":false,"_monsterinsights_sitenote_note":"","_monsterinsights_sitenote_category":0},"product_brand":[],"product_cat":[115,117],"product_tag":[],"class_list":{"0":"post-9352","1":"product","2":"type-product","3":"status-publish","4":"has-post-thumbnail","6":"product_cat-food-and-feeding","7":"product_cat-drinkers-for-ants","9":"first","10":"instock","11":"taxable","12":"shipping-taxable","13":"purchasable","14":"product-type-simple"},"acf":[],"aioseo_notices":[],"jetpack_sharing_enabled":true,"_links":{"self":[{"href":"https:\/\/antcube.shop\/sv\/wp-json\/wp\/v2\/product\/9352","targetHints":{"allow":["GET"]}}],"collection":[{"href":"https:\/\/antcube.shop\/sv\/wp-json\/wp\/v2\/product"}],"about":[{"href":"https:\/\/antcube.shop\/sv\/wp-json\/wp\/v2\/types\/product"}],"replies":[{"embeddable":true,"href":"https:\/\/antcube.shop\/sv\/wp-json\/wp\/v2\/comments?post=9352"}],"wp:featuredmedia":[{"embeddable":true,"href":"https:\/\/antcube.shop\/sv\/wp-json\/wp\/v2\/media\/9443"}],"wp:attachment":[{"href":"https:\/\/antcube.shop\/sv\/wp-json\/wp\/v2\/media?parent=9352"}],"wp:term":[{"taxonomy":"product_brand","embeddable":true,"href":"https:\/\/antcube.shop\/sv\/wp-json\/wp\/v2\/product_brand?post=9352"},{"taxonomy":"product_cat","embeddable":true,"href":"https:\/\/antcube.shop\/sv\/wp-json\/wp\/v2\/product_cat?post=9352"},{"taxonomy":"product_tag","embeddable":true,"href":"https:\/\/antcube.shop\/sv\/wp-json\/wp\/v2\/product_tag?post=9352"}],"curies":[{"name":"wp","href":"https:\/\/api.w.org\/{rel}","templated":true}]}}