{"id":9349,"date":"2024-09-17T16:27:32","date_gmt":"2024-09-17T14:27:32","guid":{"rendered":"https:\/\/antcube.shop\/en\/product\/antcube-popcorn-nest-60x30-l\/"},"modified":"2026-03-02T09:48:53","modified_gmt":"2026-03-02T08:48:53","slug":"antcube-popcornnaste-60x30-l","status":"publish","type":"product","link":"https:\/\/antcube.shop\/sv\/produkt\/antcube-popcornnaste-60x30-l\/","title":{"rendered":"ANTCUBE - Popcornn\u00e4ste 60\u00d730 - L"},"content":{"rendered":"<p><strong>M\u00e5tt:<\/strong> 583x237x19 mm<\/p>\n<p><strong>Material:<\/strong> Popcorn pressade med sackaros och protein<\/p>\n<p><strong>Passar endast i<\/strong> v\u00e5r storlek L myrfarmer<\/p>\n<p><strong>Beskrivning:<\/strong> Detta popcornbo med prefabricerade g\u00e5ngar och kammare \u00e4r perfekt som kornbod f\u00f6r t.ex. Messormyror, men \u00e4ven f\u00f6r andra myrarter som samlar korn. Det har ett h\u00e5l f\u00f6r \u00e5tkomst till boet. Popcornboet absorberar fukt och kan krympa som ett resultat, s\u00e5<strong> ska den alltid f\u00f6rvaras torrt.<\/strong> Messor barbarus accepterar v\u00e5rt ANTCUBE popcornbo mycket bra som ett spannm\u00e5lsmagasin. Med tiden b\u00f6rjar myrorna expandera popcornboet och \u00e4ta sig igenom bomaterialet.<\/p>\n<p>Popcornboet b\u00f6r endast anv\u00e4ndas f\u00f6r myrarter som kr\u00e4ver mycket lite eller ingen fukt i boomr\u00e5det.<\/p>","protected":false},"excerpt":{"rendered":"<p><strong>Storlek: L<\/strong><\/p>","protected":false},"featured_media":9449,"comment_status":"open","ping_status":"closed","template":"","meta":{"_acf_changed":false,"content-type":"","_monsterinsights_skip_tracking":false,"_monsterinsights_sitenote_active":false,"_monsterinsights_sitenote_note":"","_monsterinsights_sitenote_category":0},"product_brand":[484],"product_cat":[257,344,87],"product_tag":[],"class_list":{"0":"post-9349","1":"product","2":"type-product","3":"status-publish","4":"has-post-thumbnail","6":"product_brand-antcube","7":"product_cat-new-innovatve-products","8":"product_cat-popcorn","9":"product_cat-nest-insets","11":"first","12":"instock","13":"taxable","14":"shipping-taxable","15":"purchasable","16":"product-type-simple"},"acf":[],"aioseo_notices":[],"jetpack_sharing_enabled":true,"_links":{"self":[{"href":"https:\/\/antcube.shop\/sv\/wp-json\/wp\/v2\/product\/9349","targetHints":{"allow":["GET"]}}],"collection":[{"href":"https:\/\/antcube.shop\/sv\/wp-json\/wp\/v2\/product"}],"about":[{"href":"https:\/\/antcube.shop\/sv\/wp-json\/wp\/v2\/types\/product"}],"replies":[{"embeddable":true,"href":"https:\/\/antcube.shop\/sv\/wp-json\/wp\/v2\/comments?post=9349"}],"wp:featuredmedia":[{"embeddable":true,"href":"https:\/\/antcube.shop\/sv\/wp-json\/wp\/v2\/media\/9449"}],"wp:attachment":[{"href":"https:\/\/antcube.shop\/sv\/wp-json\/wp\/v2\/media?parent=9349"}],"wp:term":[{"taxonomy":"product_brand","embeddable":true,"href":"https:\/\/antcube.shop\/sv\/wp-json\/wp\/v2\/product_brand?post=9349"},{"taxonomy":"product_cat","embeddable":true,"href":"https:\/\/antcube.shop\/sv\/wp-json\/wp\/v2\/product_cat?post=9349"},{"taxonomy":"product_tag","embeddable":true,"href":"https:\/\/antcube.shop\/sv\/wp-json\/wp\/v2\/product_tag?post=9349"}],"curies":[{"name":"wp","href":"https:\/\/api.w.org\/{rel}","templated":true}]}}