{"id":9346,"date":"2024-09-17T16:26:01","date_gmt":"2024-09-17T14:26:01","guid":{"rendered":"https:\/\/antcube.shop\/en\/product\/ameisenarena-abdeckung-30x15\/"},"modified":"2026-04-01T13:28:20","modified_gmt":"2026-04-01T11:28:20","slug":"ameisenarena-abdeckung-30x15","status":"publish","type":"product","link":"https:\/\/antcube.shop\/sv\/produkt\/ameisenarena-abdeckung-30x15\/","title":{"rendered":"Myrarena med t\u00e4ckning 30\u00d715"},"content":{"rendered":"<p><strong>M\u00e5tt (LxBxH):<\/strong> 30x15x0,4 cm<\/p>\n<p><strong>Material:<\/strong> floatglas<\/p>\n<p><strong>F\u00e4rg:<\/strong> kristallklar\/genomskinlig<\/p>\n<p><strong>Inneh\u00e5ll:<\/strong><br \/>\n1x skydd f\u00f6r myrarena<br \/>\n1x f\u00e4stpunkter \u00e0 4 st.<\/p>\n<p><strong>Beskrivning:<\/strong><br \/>\nGlasskydd f\u00f6r myrstacken som flyktskydd. L\u00e4mplig f\u00f6r v\u00e5ra myrstackar p\u00e5 v\u00e4gg.<\/p>\n<p><strong>Anv\u00e4ndning:<\/strong><br \/>\nMyrstackskyddet i glas placeras p\u00e5 en myrstack och anv\u00e4nds \u00e4ven f\u00f6r klimatreglering.<br \/>\nOlika moduler f\u00f6r klimatkontroll kan s\u00e4ttas in i 50 mm-\u00f6ppningarna, t.ex. ventilationsgaller, belysning eller befuktning.<br \/>\nF\u00f6r att f\u00f6rhindra att myror bryter sig ut genom \u00f6ppningarna b\u00f6r ett flyktskydd (olja, pulver eller lack) appliceras p\u00e5 undersidan runt h\u00e5len.<\/p>\n<p><strong>Observera:<\/strong><br \/>\nEftersom f\u00f6rem\u00e5let \u00e4r tillverkat av glas och d\u00e4rf\u00f6r \u00e4r \u00f6mt\u00e5ligt b\u00f6r det hanteras med stor f\u00f6rsiktighet.<\/p>","protected":false},"excerpt":{"rendered":"<p>M\u00e5tt (LxBxH): 30x15x0,4 cm Material: floatglas F\u00e4rg: kristallklar \/ transparent Inneh\u00e5ll: 1x myrstackskydd 1x f\u00e4stpunkter \u00e0 4 st. Beskrivning:: Glasskydd f\u00f6r myrarenan som flyktskydd. L\u00e4mplig f\u00f6r v\u00e5ra myrstackar p\u00e5 v\u00e4gg. Anv\u00e4ndning: Glasskyddet f\u00f6r myrstackar placeras p\u00e5 en myrstack och anv\u00e4nds \u00e4ven som","protected":false},"featured_media":9465,"comment_status":"open","ping_status":"closed","template":"","meta":{"_acf_changed":false,"content-type":"","_monsterinsights_skip_tracking":false,"_monsterinsights_sitenote_active":false,"_monsterinsights_sitenote_note":"","_monsterinsights_sitenote_category":0},"product_brand":[484],"product_cat":[91,92],"product_tag":[],"class_list":{"0":"post-9346","1":"product","2":"type-product","3":"status-publish","4":"has-post-thumbnail","6":"product_brand-antcube","7":"product_cat-formicarium-modules","8":"product_cat-arena-cover","10":"first","11":"instock","12":"taxable","13":"shipping-taxable","14":"purchasable","15":"product-type-simple"},"acf":[],"aioseo_notices":[],"jetpack_sharing_enabled":true,"_links":{"self":[{"href":"https:\/\/antcube.shop\/sv\/wp-json\/wp\/v2\/product\/9346","targetHints":{"allow":["GET"]}}],"collection":[{"href":"https:\/\/antcube.shop\/sv\/wp-json\/wp\/v2\/product"}],"about":[{"href":"https:\/\/antcube.shop\/sv\/wp-json\/wp\/v2\/types\/product"}],"replies":[{"embeddable":true,"href":"https:\/\/antcube.shop\/sv\/wp-json\/wp\/v2\/comments?post=9346"}],"wp:featuredmedia":[{"embeddable":true,"href":"https:\/\/antcube.shop\/sv\/wp-json\/wp\/v2\/media\/9465"}],"wp:attachment":[{"href":"https:\/\/antcube.shop\/sv\/wp-json\/wp\/v2\/media?parent=9346"}],"wp:term":[{"taxonomy":"product_brand","embeddable":true,"href":"https:\/\/antcube.shop\/sv\/wp-json\/wp\/v2\/product_brand?post=9346"},{"taxonomy":"product_cat","embeddable":true,"href":"https:\/\/antcube.shop\/sv\/wp-json\/wp\/v2\/product_cat?post=9346"},{"taxonomy":"product_tag","embeddable":true,"href":"https:\/\/antcube.shop\/sv\/wp-json\/wp\/v2\/product_tag?post=9346"}],"curies":[{"name":"wp","href":"https:\/\/api.w.org\/{rel}","templated":true}]}}