{"id":9345,"date":"2024-09-17T16:25:36","date_gmt":"2024-09-17T14:25:36","guid":{"rendered":"https:\/\/antcube.shop\/en\/product\/ameisenarena-rahmen-30x15\/"},"modified":"2026-03-16T10:36:55","modified_gmt":"2026-03-16T09:36:55","slug":"ram-for-myrarena-30x15","status":"publish","type":"product","link":"https:\/\/antcube.shop\/sv\/produkt\/ram-for-myrarena-30x15\/","title":{"rendered":"Ant arena ram 30\u00d715"},"content":{"rendered":"<p><strong>M\u00e5tt (LxBxH):<\/strong> 30x15x0,4 cm<\/p>\n<p><strong>Material:<\/strong> floatglas<\/p>\n<p><strong>F\u00e4rg:<\/strong> kristallklar\/genomskinlig<\/p>\n<p><strong>Inneh\u00e5ll:<\/strong><br \/>\n1x ram f\u00f6r myrarena<\/p>\n<p><strong>Beskrivning:<\/strong><br \/>\nGlasram f\u00f6r myrstackarna som flyktskydd. L\u00e4mplig f\u00f6r v\u00e5ra myrstackar p\u00e5 v\u00e4gg.<\/p>\n<p><strong>Anv\u00e4ndning:<\/strong><br \/>\nMyrstackramen \u00e4r en ram av glas som placeras ovanp\u00e5 en myrstack och f\u00f6rses med ett flyktskydd (olja, pulver eller lack) p\u00e5 undersidan f\u00f6r att f\u00f6rhindra att myror bryter sig ut.<\/p>\n<p><strong>Observera:<\/strong><br \/>\nEftersom f\u00f6rem\u00e5let \u00e4r tillverkat av glas och d\u00e4rf\u00f6r \u00e4r \u00f6mt\u00e5ligt b\u00f6r det hanteras med stor f\u00f6rsiktighet. Glaset sk\u00e4rs till i storlek enligt DIN 1249 med en tolerans p\u00e5 +\/- 1 mm. Ytterligare brytskydd \u00e4r n\u00f6dv\u00e4ndigt f\u00f6r extremt sm\u00e5 myrarter.<\/p>","protected":false},"excerpt":{"rendered":"<p>M\u00e5tt (LxBxH): 30x15x0,4 cm Material: floatglas F\u00e4rg: kristallklar \/ transparent Inneh\u00e5ll: 1x ram f\u00f6r myrarena Beskrivning: Glasram f\u00f6r myrstacken som flyktskydd. L\u00e4mplig f\u00f6r v\u00e5ra myrstackar p\u00e5 v\u00e4gg. Anv\u00e4ndning: Myrstackramen \u00e4r en ram av glas som placeras ovanp\u00e5 en myrstack och som ger","protected":false},"featured_media":9466,"comment_status":"open","ping_status":"closed","template":"","meta":{"_acf_changed":false,"content-type":"","_monsterinsights_skip_tracking":false,"_monsterinsights_sitenote_active":false,"_monsterinsights_sitenote_note":"","_monsterinsights_sitenote_category":0},"product_brand":[484],"product_cat":[91,93],"product_tag":[],"class_list":{"0":"post-9345","1":"product","2":"type-product","3":"status-publish","4":"has-post-thumbnail","6":"product_brand-antcube","7":"product_cat-formicarium-modules","8":"product_cat-arena-frame","10":"first","11":"instock","12":"taxable","13":"shipping-taxable","14":"purchasable","15":"product-type-simple"},"acf":[],"aioseo_notices":[],"jetpack_sharing_enabled":true,"_links":{"self":[{"href":"https:\/\/antcube.shop\/sv\/wp-json\/wp\/v2\/product\/9345","targetHints":{"allow":["GET"]}}],"collection":[{"href":"https:\/\/antcube.shop\/sv\/wp-json\/wp\/v2\/product"}],"about":[{"href":"https:\/\/antcube.shop\/sv\/wp-json\/wp\/v2\/types\/product"}],"replies":[{"embeddable":true,"href":"https:\/\/antcube.shop\/sv\/wp-json\/wp\/v2\/comments?post=9345"}],"wp:featuredmedia":[{"embeddable":true,"href":"https:\/\/antcube.shop\/sv\/wp-json\/wp\/v2\/media\/9466"}],"wp:attachment":[{"href":"https:\/\/antcube.shop\/sv\/wp-json\/wp\/v2\/media?parent=9345"}],"wp:term":[{"taxonomy":"product_brand","embeddable":true,"href":"https:\/\/antcube.shop\/sv\/wp-json\/wp\/v2\/product_brand?post=9345"},{"taxonomy":"product_cat","embeddable":true,"href":"https:\/\/antcube.shop\/sv\/wp-json\/wp\/v2\/product_cat?post=9345"},{"taxonomy":"product_tag","embeddable":true,"href":"https:\/\/antcube.shop\/sv\/wp-json\/wp\/v2\/product_tag?post=9345"}],"curies":[{"name":"wp","href":"https:\/\/api.w.org\/{rel}","templated":true}]}}