{"id":9329,"date":"2024-09-17T16:18:36","date_gmt":"2024-09-17T14:18:36","guid":{"rendered":"https:\/\/antcube.shop\/en\/product\/alpha-ants-mini-scheibenmagnet-rund\/"},"modified":"2026-03-02T09:49:08","modified_gmt":"2026-03-02T08:49:08","slug":"alfamyror-mini-disc-magnet-rund","status":"publish","type":"product","link":"https:\/\/antcube.shop\/sv\/produkt\/alfamyror-mini-disc-magnet-rund\/","title":{"rendered":"Alpha Ants mini skivmagnet - rund"},"content":{"rendered":"<p><strong>Beskrivning:<\/strong> K\u00e4nner du igen problemet: dina myror har \u00e5terigen r\u00f6rt till rutorna i boet eller t\u00e4ckt dem med sand? Med de h\u00e4r sm\u00e5 miniskivmagneterna 10x10x4 mm och 4x4x2 mm kan du rensa g\u00e5ngarna och kamrarna i akvariet igen.<\/p>\n<p>Det h\u00e4r \u00e4r extra starka kvalitetsmagneter. Du kan anv\u00e4nda en styrmagnet f\u00f6r att flytta den lilla reng\u00f6ringsmagneten runt i formicariumet och reng\u00f6ra smutsiga rutor fr\u00e5n insidan.<\/p>\n<p><strong>Observera:<\/strong> L\u00e5t inte magneterna kollidera (sl\u00e5 emot varandra) eftersom de \u00e4r \u00f6mt\u00e5liga.<\/p>\n<p><strong>Inneh\u00e5ll:<\/strong> 2x filtbelagda extra starka skivmagneter.<\/p>","protected":false},"excerpt":{"rendered":"<p>Beskrivning av problemet: K\u00e4nner du igen problemet: dina myror har \u00e5terigen f\u00f6rst\u00f6rt rutorna i boet eller t\u00e4ckt dem med sand? Med de h\u00e4r sm\u00e5 miniskivmagneterna 10x10x4 mm och 4x4x2 mm kan du rensa g\u00e5ngarna och kamrarna i akvariet igen. Det h\u00e4r \u00e4r extra starka kvalitetsmagneter. Du","protected":false},"featured_media":9810,"comment_status":"open","ping_status":"closed","template":"","meta":{"_acf_changed":false,"content-type":"","_monsterinsights_skip_tracking":false,"_monsterinsights_sitenote_active":false,"_monsterinsights_sitenote_note":"","_monsterinsights_sitenote_category":0},"product_brand":[],"product_cat":[237],"product_tag":[],"class_list":{"0":"post-9329","1":"product","2":"type-product","3":"status-publish","4":"has-post-thumbnail","6":"product_cat-tools","8":"first","9":"instock","10":"taxable","11":"shipping-taxable","12":"purchasable","13":"product-type-simple"},"acf":[],"aioseo_notices":[],"jetpack_sharing_enabled":true,"_links":{"self":[{"href":"https:\/\/antcube.shop\/sv\/wp-json\/wp\/v2\/product\/9329","targetHints":{"allow":["GET"]}}],"collection":[{"href":"https:\/\/antcube.shop\/sv\/wp-json\/wp\/v2\/product"}],"about":[{"href":"https:\/\/antcube.shop\/sv\/wp-json\/wp\/v2\/types\/product"}],"replies":[{"embeddable":true,"href":"https:\/\/antcube.shop\/sv\/wp-json\/wp\/v2\/comments?post=9329"}],"wp:featuredmedia":[{"embeddable":true,"href":"https:\/\/antcube.shop\/sv\/wp-json\/wp\/v2\/media\/9810"}],"wp:attachment":[{"href":"https:\/\/antcube.shop\/sv\/wp-json\/wp\/v2\/media?parent=9329"}],"wp:term":[{"taxonomy":"product_brand","embeddable":true,"href":"https:\/\/antcube.shop\/sv\/wp-json\/wp\/v2\/product_brand?post=9329"},{"taxonomy":"product_cat","embeddable":true,"href":"https:\/\/antcube.shop\/sv\/wp-json\/wp\/v2\/product_cat?post=9329"},{"taxonomy":"product_tag","embeddable":true,"href":"https:\/\/antcube.shop\/sv\/wp-json\/wp\/v2\/product_tag?post=9329"}],"curies":[{"name":"wp","href":"https:\/\/api.w.org\/{rel}","templated":true}]}}