{"id":9327,"date":"2024-09-17T16:17:53","date_gmt":"2024-09-17T14:17:53","guid":{"rendered":"https:\/\/antcube.shop\/en\/product\/burste-1000x110x30mm\/"},"modified":"2026-04-13T09:29:48","modified_gmt":"2026-04-13T07:29:48","slug":"borste-1000x110x30mm","status":"publish","type":"product","link":"https:\/\/antcube.shop\/sv\/produkt\/borste-1000x110x30mm\/","title":{"rendered":"Borste 1000x110x30mm"},"content":{"rendered":"<p><strong>M\u00e5tt:<\/strong> 100\u00d73 cm<\/p>\n<p><strong>Beskrivning:<\/strong> Borste f\u00f6r reng\u00f6ring av upp till 1-2 meter l\u00e5nga r\u00f6r med en innerdiameter p\u00e5 16-40 mm.<\/p>","protected":false},"excerpt":{"rendered":"<p>f\u00f6r r\u00f6r eller slangar med en l\u00e4ngd p\u00e5 1-2 m<\/p>","protected":false},"featured_media":9814,"comment_status":"open","ping_status":"closed","template":"","meta":{"_acf_changed":false,"content-type":"","_monsterinsights_skip_tracking":false,"_monsterinsights_sitenote_active":false,"_monsterinsights_sitenote_note":"","_monsterinsights_sitenote_category":0},"product_brand":[],"product_cat":[237],"product_tag":[],"class_list":{"0":"post-9327","1":"product","2":"type-product","3":"status-publish","4":"has-post-thumbnail","6":"product_cat-tools","8":"first","9":"instock","10":"taxable","11":"shipping-taxable","12":"purchasable","13":"product-type-simple"},"acf":[],"aioseo_notices":[],"jetpack_sharing_enabled":true,"_links":{"self":[{"href":"https:\/\/antcube.shop\/sv\/wp-json\/wp\/v2\/product\/9327","targetHints":{"allow":["GET"]}}],"collection":[{"href":"https:\/\/antcube.shop\/sv\/wp-json\/wp\/v2\/product"}],"about":[{"href":"https:\/\/antcube.shop\/sv\/wp-json\/wp\/v2\/types\/product"}],"replies":[{"embeddable":true,"href":"https:\/\/antcube.shop\/sv\/wp-json\/wp\/v2\/comments?post=9327"}],"wp:featuredmedia":[{"embeddable":true,"href":"https:\/\/antcube.shop\/sv\/wp-json\/wp\/v2\/media\/9814"}],"wp:attachment":[{"href":"https:\/\/antcube.shop\/sv\/wp-json\/wp\/v2\/media?parent=9327"}],"wp:term":[{"taxonomy":"product_brand","embeddable":true,"href":"https:\/\/antcube.shop\/sv\/wp-json\/wp\/v2\/product_brand?post=9327"},{"taxonomy":"product_cat","embeddable":true,"href":"https:\/\/antcube.shop\/sv\/wp-json\/wp\/v2\/product_cat?post=9327"},{"taxonomy":"product_tag","embeddable":true,"href":"https:\/\/antcube.shop\/sv\/wp-json\/wp\/v2\/product_tag?post=9327"}],"curies":[{"name":"wp","href":"https:\/\/api.w.org\/{rel}","templated":true}]}}