{"id":9323,"date":"2024-09-17T16:16:22","date_gmt":"2024-09-17T14:16:22","guid":{"rendered":"https:\/\/antcube.shop\/en\/product\/greifzange-60-cm\/"},"modified":"2026-03-20T10:37:11","modified_gmt":"2026-03-20T09:37:11","slug":"gripdon-60-cm","status":"publish","type":"product","link":"https:\/\/antcube.shop\/sv\/produkt\/gripdon-60-cm\/","title":{"rendered":"Grepp 60 cm"},"content":{"rendered":"<p><strong>L\u00e4ngd:<\/strong> 60 cm<\/p>\n<p><strong>Beskrivning:<\/strong> Denna griparm kan anv\u00e4ndas f\u00f6r att arbeta i omr\u00e5den som \u00e4r otillg\u00e4ngliga f\u00f6r h\u00e4nderna och f\u00f6r att ta bort delar fr\u00e5n r\u00f6r eller slangar. Fr\u00e4mre diameter 10,5 mm. Passar genom ett 11 mm h\u00e5l. Gripkl\u00e4mmorna har en sp\u00e4nnvidd p\u00e5 20 mm.<\/p>\n<p><strong>Observera:<\/strong><br \/>\nDet finns risk f\u00f6r personskador om kroppsdelar fastnar i t\u00e5ngen.<\/p>","protected":false},"excerpt":{"rendered":"<p>L\u00e4ngd: 60 cm Beskrivning: Denna griparm kan anv\u00e4ndas f\u00f6r att arbeta i omr\u00e5den som \u00e4r otillg\u00e4ngliga f\u00f6r h\u00e4nderna och f\u00f6r att ta bort delar fr\u00e5n r\u00f6r eller slangar. Diameter framtill 10,5 mm. Passar genom ett 11 mm h\u00e5l. Gripkl\u00e4mmorna har en sp\u00e4nnvidd p\u00e5 20 mm. Obs: Det finns risk f\u00f6r personskada om kroppsdelar","protected":false},"featured_media":9580,"comment_status":"open","ping_status":"closed","template":"","meta":{"_acf_changed":false,"content-type":"","_monsterinsights_skip_tracking":false,"_monsterinsights_sitenote_active":false,"_monsterinsights_sitenote_note":"","_monsterinsights_sitenote_category":0},"product_brand":[],"product_cat":[237],"product_tag":[],"class_list":{"0":"post-9323","1":"product","2":"type-product","3":"status-publish","4":"has-post-thumbnail","6":"product_cat-tools","8":"first","9":"instock","10":"taxable","11":"shipping-taxable","12":"purchasable","13":"product-type-simple"},"acf":[],"aioseo_notices":[],"jetpack_sharing_enabled":true,"_links":{"self":[{"href":"https:\/\/antcube.shop\/sv\/wp-json\/wp\/v2\/product\/9323","targetHints":{"allow":["GET"]}}],"collection":[{"href":"https:\/\/antcube.shop\/sv\/wp-json\/wp\/v2\/product"}],"about":[{"href":"https:\/\/antcube.shop\/sv\/wp-json\/wp\/v2\/types\/product"}],"replies":[{"embeddable":true,"href":"https:\/\/antcube.shop\/sv\/wp-json\/wp\/v2\/comments?post=9323"}],"wp:featuredmedia":[{"embeddable":true,"href":"https:\/\/antcube.shop\/sv\/wp-json\/wp\/v2\/media\/9580"}],"wp:attachment":[{"href":"https:\/\/antcube.shop\/sv\/wp-json\/wp\/v2\/media?parent=9323"}],"wp:term":[{"taxonomy":"product_brand","embeddable":true,"href":"https:\/\/antcube.shop\/sv\/wp-json\/wp\/v2\/product_brand?post=9323"},{"taxonomy":"product_cat","embeddable":true,"href":"https:\/\/antcube.shop\/sv\/wp-json\/wp\/v2\/product_cat?post=9323"},{"taxonomy":"product_tag","embeddable":true,"href":"https:\/\/antcube.shop\/sv\/wp-json\/wp\/v2\/product_tag?post=9323"}],"curies":[{"name":"wp","href":"https:\/\/api.w.org\/{rel}","templated":true}]}}