{"id":9321,"date":"2024-09-17T16:15:23","date_gmt":"2024-09-17T14:15:23","guid":{"rendered":"https:\/\/antcube.shop\/en\/product\/formicarienunterlage-60x30cm\/"},"modified":"2026-04-05T20:47:15","modified_gmt":"2026-04-05T18:47:15","slug":"formicariumdyna-60x30cm","status":"publish","type":"product","link":"https:\/\/antcube.shop\/sv\/produkt\/formicariumdyna-60x30cm\/","title":{"rendered":"Formicariumdyna - 60x30cm"},"content":{"rendered":"<p><strong>M\u00e5tt:<\/strong> 600 x 300 x 4 mm<\/p>\n<p><strong>Material:<\/strong> PE-skum<\/p>\n<p><strong>F\u00e4rg:<\/strong> gr\u00e5<\/p>\n<p><strong>Inneh\u00e5ll:<\/strong> 1 st.<\/p>\n<p><strong>Beskrivning:<\/strong><br \/>\nFormicarium-dynan \u00e4r tillverkad av mjukt skum.<br \/>\nDet skyddar formicariumet och m\u00f6beln som formicariumet st\u00e5r p\u00e5 fr\u00e5n repor.<br \/>\nMattdynan fungerar ocks\u00e5 som v\u00e4rmeisolering som kompenserar f\u00f6r minsta oj\u00e4mnhet och skyddar mot vibrationer.<\/p>","protected":false},"excerpt":{"rendered":"<p>M\u00e5tt: 600 x 300 x 4mm 600 x 300 x 4mm Material: PE-skum F\u00e4rg: gr\u00e5 Inneh\u00e5ll: 1 st. Beskrivning: Formicariumdynan \u00e4r tillverkad av mjukt skum. Den skyddar formicariumet och m\u00f6beln som formicariumet st\u00e5r p\u00e5 fr\u00e5n repor. Mattdynan fungerar ocks\u00e5 som v\u00e4rmeisolering som kompenserar f\u00f6r minsta oj\u00e4mnhet och \u00e4ven","protected":false},"featured_media":9584,"comment_status":"open","ping_status":"closed","template":"","meta":{"_acf_changed":false,"content-type":"","_monsterinsights_skip_tracking":false,"_monsterinsights_sitenote_active":false,"_monsterinsights_sitenote_note":"","_monsterinsights_sitenote_category":0},"product_brand":[484],"product_cat":[119,239],"product_tag":[],"class_list":{"0":"post-9321","1":"product","2":"type-product","3":"status-publish","4":"has-post-thumbnail","6":"product_brand-antcube","7":"product_cat-formicarium-components","8":"product_cat-useful-additions","10":"first","11":"instock","12":"taxable","13":"shipping-taxable","14":"purchasable","15":"product-type-simple"},"acf":[],"aioseo_notices":[],"jetpack_sharing_enabled":true,"_links":{"self":[{"href":"https:\/\/antcube.shop\/sv\/wp-json\/wp\/v2\/product\/9321","targetHints":{"allow":["GET"]}}],"collection":[{"href":"https:\/\/antcube.shop\/sv\/wp-json\/wp\/v2\/product"}],"about":[{"href":"https:\/\/antcube.shop\/sv\/wp-json\/wp\/v2\/types\/product"}],"replies":[{"embeddable":true,"href":"https:\/\/antcube.shop\/sv\/wp-json\/wp\/v2\/comments?post=9321"}],"wp:featuredmedia":[{"embeddable":true,"href":"https:\/\/antcube.shop\/sv\/wp-json\/wp\/v2\/media\/9584"}],"wp:attachment":[{"href":"https:\/\/antcube.shop\/sv\/wp-json\/wp\/v2\/media?parent=9321"}],"wp:term":[{"taxonomy":"product_brand","embeddable":true,"href":"https:\/\/antcube.shop\/sv\/wp-json\/wp\/v2\/product_brand?post=9321"},{"taxonomy":"product_cat","embeddable":true,"href":"https:\/\/antcube.shop\/sv\/wp-json\/wp\/v2\/product_cat?post=9321"},{"taxonomy":"product_tag","embeddable":true,"href":"https:\/\/antcube.shop\/sv\/wp-json\/wp\/v2\/product_tag?post=9321"}],"curies":[{"name":"wp","href":"https:\/\/api.w.org\/{rel}","templated":true}]}}