{"id":9317,"date":"2024-09-17T16:13:59","date_gmt":"2024-09-17T14:13:59","guid":{"rendered":"https:\/\/antcube.shop\/en\/product\/ameisen-ausbruchsschutz-set\/"},"modified":"2026-04-13T09:30:49","modified_gmt":"2026-04-13T07:30:49","slug":"skyddsset-mot-utbrott-av-myror","status":"publish","type":"product","link":"https:\/\/antcube.shop\/sv\/produkt\/skyddsset-mot-utbrott-av-myror\/","title":{"rendered":"Set f\u00f6r skydd mot utbrott av myror"},"content":{"rendered":"<p><strong>Inneh\u00e5ll:<\/strong><br \/>\n1x olja f\u00f6r skydd mot utbrott av myror 10ml (baserad p\u00e5 fotogenolja)<br \/>\n1x skyddspulver mot myrutbrott 10ml (talkbaserat)<br \/>\n1x lack f\u00f6r skydd mot myrutbrott 10ml (PTFE-baserad)<br \/>\n3x specialskumborste f\u00f6r applicering av utbrottsskyddsmaterialet<br \/>\n3x blandningsbeh\u00e5llare f\u00f6r dosering eller blandning.<\/p>\n<p><strong>Beskrivning:<\/strong> Vi har sammanst\u00e4llt en liten upps\u00e4ttning av de mest effektiva utbrottsskyddsmaterialen s\u00e5 att du kan testa vilket utbrottsskydd som \u00e4r b\u00e4st l\u00e4mpat f\u00f6r just din koloni.<\/p>\n<p><a href=\"https:\/\/www.antstore.net\/shop\/images\/documents\/ant%20escape%20protection%20lacquer%20EN.pdf\">S\u00e4kerhetsdatablad f\u00f6r f\u00e4rg f\u00f6r skydd mot myrutbrott (engelska), (PDF 0,2 MB)<\/a><br \/>\n(Inneh\u00e5ller: S\u00e4kerhetsanvisningar)<\/p>\n<p><a href=\"https:\/\/www.antstore.net\/shop\/images\/documents\/ant_escape_protection_oil_en.pdf\">S\u00e4kerhetsdatablad f\u00f6r Ant Outbreak Protection Oil (engelska) , (PDF 0,1 MB)<\/a><br \/>\n(Inneh\u00e5ller: S\u00e4kerhetsanvisningar)<\/p>","protected":false},"excerpt":{"rendered":"<p>Inneh\u00e5ll: 1x myrskyddsolja 10ml (baserad p\u00e5 fotogenolja) 1x myrskyddspulver 10ml (talkbaserat) 1x myrskyddslack 10ml (PTFE-baserad) 3x specialskumborste f\u00f6r applicering av utbrottsskyddsmaterialet 3x blandningsbeh\u00e5llare f\u00f6r dosering eller blandning. Beskrivning: Vi har sammanst\u00e4llt en liten upps\u00e4ttning av det mest effektiva utbrottet","protected":false},"featured_media":9591,"comment_status":"open","ping_status":"closed","template":"","meta":{"_acf_changed":false,"content-type":"","_monsterinsights_skip_tracking":false,"_monsterinsights_sitenote_active":false,"_monsterinsights_sitenote_note":"","_monsterinsights_sitenote_category":0},"product_brand":[484],"product_cat":[237],"product_tag":[],"class_list":{"0":"post-9317","1":"product","2":"type-product","3":"status-publish","4":"has-post-thumbnail","6":"product_brand-antcube","7":"product_cat-tools","9":"first","10":"instock","11":"taxable","12":"shipping-taxable","13":"purchasable","14":"product-type-simple"},"acf":[],"aioseo_notices":[],"jetpack_sharing_enabled":true,"_links":{"self":[{"href":"https:\/\/antcube.shop\/sv\/wp-json\/wp\/v2\/product\/9317","targetHints":{"allow":["GET"]}}],"collection":[{"href":"https:\/\/antcube.shop\/sv\/wp-json\/wp\/v2\/product"}],"about":[{"href":"https:\/\/antcube.shop\/sv\/wp-json\/wp\/v2\/types\/product"}],"replies":[{"embeddable":true,"href":"https:\/\/antcube.shop\/sv\/wp-json\/wp\/v2\/comments?post=9317"}],"wp:featuredmedia":[{"embeddable":true,"href":"https:\/\/antcube.shop\/sv\/wp-json\/wp\/v2\/media\/9591"}],"wp:attachment":[{"href":"https:\/\/antcube.shop\/sv\/wp-json\/wp\/v2\/media?parent=9317"}],"wp:term":[{"taxonomy":"product_brand","embeddable":true,"href":"https:\/\/antcube.shop\/sv\/wp-json\/wp\/v2\/product_brand?post=9317"},{"taxonomy":"product_cat","embeddable":true,"href":"https:\/\/antcube.shop\/sv\/wp-json\/wp\/v2\/product_cat?post=9317"},{"taxonomy":"product_tag","embeddable":true,"href":"https:\/\/antcube.shop\/sv\/wp-json\/wp\/v2\/product_tag?post=9317"}],"curies":[{"name":"wp","href":"https:\/\/api.w.org\/{rel}","templated":true}]}}