{"id":9316,"date":"2024-09-17T16:13:38","date_gmt":"2024-09-17T14:13:38","guid":{"rendered":"https:\/\/antcube.shop\/en\/product\/ameisen-ausbruchsschutz-lack-10ml\/"},"modified":"2026-04-07T09:37:58","modified_gmt":"2026-04-07T07:37:58","slug":"ameisen-ausbruchsschutz-lack-10ml","status":"publish","type":"product","link":"https:\/\/antcube.shop\/sv\/produkt\/ameisen-ausbruchsschutz-lack-10ml\/","title":{"rendered":"Lack f\u00f6r skydd mot utbrott av myror 10ml"},"content":{"rendered":"<p><strong>Inneh\u00e5ll:<\/strong> 10 ml (r\u00e4cker outsp\u00e4tt till ca 10 meter av en 20 mm bred remsa)<\/p>\n<p><strong>F\u00e4rg:<\/strong> mj\u00f6lkvit<\/p>\n<p><strong>Material:<\/strong> PTFE-baserad<\/p>\n<p><strong>Beskrivning:<\/strong> Lacken \u00e4r det perfekta utbrottsskyddet f\u00f6r myror; en typ av plast som ocks\u00e5 ofta anv\u00e4nds som klisterskydd - rekommenderas ocks\u00e5 av forskarna H\u00f6lldobler och Wilson som utbrottsskydd vid myrh\u00e5llning. Myrorna finner inget grepp p\u00e5 den applicerade filmen och glider av. Bel\u00e4ggningen \u00e4r l\u00e5ngvarig och beh\u00f6ver d\u00e4rf\u00f6r inte f\u00f6rnyas lika ofta som andra alternativ.<\/p>\n<p><strong>F\u00f6rdel:<\/strong><br \/>\n- Vid ren applicering beh\u00f6vs ingen f\u00f6rnyelse.<br \/>\n- Idealisk f\u00f6r glasytor.<\/p>\n<p><strong>Nackdel:<\/strong><br \/>\n- Inte l\u00e4mplig f\u00f6r formicaria med h\u00f6g luftfuktighet, eftersom lacken \u00e4r vattenl\u00f6slig.<br \/>\n- Lacken \u00e4r inte s\u00e5 l\u00e4mplig f\u00f6r plastytor eftersom dessa \u00e4r sj\u00e4lvsm\u00f6rjande.<br \/>\n- Appliceringen m\u00e5ste \u00f6vas i f\u00f6rv\u00e4g, eftersom den \"lackerade\" ytan inte f\u00e5r bli grov eller repig.<\/p>\n<p><strong>Anv\u00e4ndning:<\/strong> Skaka v\u00e4l f\u00f6re anv\u00e4ndning. Lacken kan anv\u00e4ndas som den \u00e4r eller sp\u00e4das med vatten upp till maximalt 1:10. Den kan appliceras med pensel eller droppas f\u00f6rsiktigt p\u00e5 de ytor som ska behandlas. Filmen ska vara ca 3 g\u00e5nger s\u00e5 bred i kanten som myrorna \u00e4r l\u00e5nga. Det enklaste s\u00e4ttet att g\u00f6ra detta \u00e4r att maskera omr\u00e5det med sj\u00e4lvh\u00e4ftande tejp och applicera f\u00e4rgen liggande p\u00e5 sidan av tanken. Torktiden per sida \u00e4r ca 45 minuter, men kan variera n\u00e5got beroende p\u00e5 appliceringens tjocklek.<\/p>\n<p><strong>Viktig anm\u00e4rkning:<\/strong> Undvik kontakt med \u00f6gonen. Vid kontakt med \u00f6gonen, sk\u00f6lj omedelbart med rikligt med vatten och kontakta l\u00e4kare. R\u00f6k inte under appliceringen. Anv\u00e4nd endast i v\u00e4l ventilerade utrymmen. F\u00f6rvaras o\u00e5tkomligt f\u00f6r barn! F\u00e4rgen kan o\u00e5terkalleligen \u00e4ndra konsistens vid temperaturer under noll grader. Vi skickar d\u00e4rf\u00f6r endast vid temperaturer \u00f6ver 0\u00b0C!<\/p>\n<p><a href=\"https:\/\/www.antstore.net\/shop\/images\/documents\/ant%20escape%20protection%20lacquer%20EN.pdf\">S\u00e4kerhetsdatablad f\u00f6r Ant Outbreak Protection Paint (engelska) , (PDF 0,2 MB)<\/a><br \/>\n(Inneh\u00e5ller: S\u00e4kerhetsanvisningar)<\/p>\n<p>&nbsp;<\/p>","protected":false},"excerpt":{"rendered":"<p>Inneh\u00e5ll: 10 ml 10 ml (r\u00e4cker outsp\u00e4tt till ca 10 meter av en 20 mm bred remsa) F\u00e4rg: mj\u00f6lkvit Material: PTFE-baserat Beskrivning: Lacken \u00e4r det perfekta utbrottsskyddet f\u00f6r myror; en typ av plast som ocks\u00e5 ofta anv\u00e4nds som ett antih\u00e4ftmedel - rekommenderas ocks\u00e5 av forskarna H\u00f6lldobler och Wilson som utbrottsskydd i myror","protected":false},"featured_media":9592,"comment_status":"open","ping_status":"closed","template":"","meta":{"_acf_changed":false,"content-type":"","_monsterinsights_skip_tracking":false,"_monsterinsights_sitenote_active":false,"_monsterinsights_sitenote_note":"","_monsterinsights_sitenote_category":0},"product_brand":[484],"product_cat":[237],"product_tag":[],"class_list":{"0":"post-9316","1":"product","2":"type-product","3":"status-publish","4":"has-post-thumbnail","6":"product_brand-antcube","7":"product_cat-tools","9":"first","10":"instock","11":"taxable","12":"shipping-taxable","13":"purchasable","14":"product-type-simple"},"acf":[],"aioseo_notices":[],"jetpack_sharing_enabled":true,"_links":{"self":[{"href":"https:\/\/antcube.shop\/sv\/wp-json\/wp\/v2\/product\/9316","targetHints":{"allow":["GET"]}}],"collection":[{"href":"https:\/\/antcube.shop\/sv\/wp-json\/wp\/v2\/product"}],"about":[{"href":"https:\/\/antcube.shop\/sv\/wp-json\/wp\/v2\/types\/product"}],"replies":[{"embeddable":true,"href":"https:\/\/antcube.shop\/sv\/wp-json\/wp\/v2\/comments?post=9316"}],"wp:featuredmedia":[{"embeddable":true,"href":"https:\/\/antcube.shop\/sv\/wp-json\/wp\/v2\/media\/9592"}],"wp:attachment":[{"href":"https:\/\/antcube.shop\/sv\/wp-json\/wp\/v2\/media?parent=9316"}],"wp:term":[{"taxonomy":"product_brand","embeddable":true,"href":"https:\/\/antcube.shop\/sv\/wp-json\/wp\/v2\/product_brand?post=9316"},{"taxonomy":"product_cat","embeddable":true,"href":"https:\/\/antcube.shop\/sv\/wp-json\/wp\/v2\/product_cat?post=9316"},{"taxonomy":"product_tag","embeddable":true,"href":"https:\/\/antcube.shop\/sv\/wp-json\/wp\/v2\/product_tag?post=9316"}],"curies":[{"name":"wp","href":"https:\/\/api.w.org\/{rel}","templated":true}]}}