{"id":9315,"date":"2024-09-17T16:13:12","date_gmt":"2024-09-17T14:13:12","guid":{"rendered":"https:\/\/antcube.shop\/en\/product\/ameisen-ausbruchsschutz-pulver-10ml\/"},"modified":"2026-04-13T09:34:21","modified_gmt":"2026-04-13T07:34:21","slug":"myrskyddspulver-10ml","status":"publish","type":"product","link":"https:\/\/antcube.shop\/sv\/produkt\/myrskyddspulver-10ml\/","title":{"rendered":"Skyddspulver mot myrflykt 10ml"},"content":{"rendered":"<p><strong>Inneh\u00e5ll:<\/strong> 8g\/10ml (r\u00e4cker till ca en meter av en 2 cm bred remsa)<\/p>\n<p><strong>F\u00e4rg:<\/strong> vit, matt<\/p>\n<p><strong>Material:<\/strong> Talkum-baserad<\/p>\n<p><strong>Beskrivning:<\/strong> Pulvret hindrar myror fr\u00e5n att bryta ut genom att blanda pulvret med vatten och applicera det med en pensel ca 1 cm under formicariets innerkant. Vattnet avdunstar och ett fint lager talkpulver blir kvar.<\/p>\n<p><strong>F\u00f6rdel:<\/strong> mycket effektiv, l\u00e5ngvarig<\/p>\n<p><strong>Nackdel:<\/strong> Pulverskiktet kan lossna om formicariumet skakas. En relativt stor m\u00e4ngd kr\u00e4vs i j\u00e4mf\u00f6relse med utbrottsskyddsolja eller lack<\/p>\n<p><strong>Anv\u00e4ndning:<\/strong> Filmen ska appliceras p\u00e5 kanten ungef\u00e4r 3 g\u00e5nger s\u00e5 bred som myrorna \u00e4r l\u00e5nga.<\/p>","protected":false},"excerpt":{"rendered":"<p>Inneh\u00e5ll: 8g\/10ml (r\u00e4cker till ca en meter av en 2cm bred remsa) F\u00e4rg: vit, matt Material: talkbaserat Beskrivning: Pulvret hindrar myror fr\u00e5n att bryta ut genom att blanda pulvret med vatten och applicera det med en pensel ca 1 cm under formicariets innerkant. Vattnet avdunstar och ett fint lager av","protected":false},"featured_media":9596,"comment_status":"open","ping_status":"closed","template":"","meta":{"_acf_changed":false,"content-type":"","_monsterinsights_skip_tracking":false,"_monsterinsights_sitenote_active":false,"_monsterinsights_sitenote_note":"","_monsterinsights_sitenote_category":0},"product_brand":[],"product_cat":[237],"product_tag":[],"class_list":{"0":"post-9315","1":"product","2":"type-product","3":"status-publish","4":"has-post-thumbnail","6":"product_cat-tools","8":"first","9":"instock","10":"taxable","11":"shipping-taxable","12":"purchasable","13":"product-type-simple"},"acf":[],"aioseo_notices":[],"jetpack_sharing_enabled":true,"_links":{"self":[{"href":"https:\/\/antcube.shop\/sv\/wp-json\/wp\/v2\/product\/9315","targetHints":{"allow":["GET"]}}],"collection":[{"href":"https:\/\/antcube.shop\/sv\/wp-json\/wp\/v2\/product"}],"about":[{"href":"https:\/\/antcube.shop\/sv\/wp-json\/wp\/v2\/types\/product"}],"replies":[{"embeddable":true,"href":"https:\/\/antcube.shop\/sv\/wp-json\/wp\/v2\/comments?post=9315"}],"wp:featuredmedia":[{"embeddable":true,"href":"https:\/\/antcube.shop\/sv\/wp-json\/wp\/v2\/media\/9596"}],"wp:attachment":[{"href":"https:\/\/antcube.shop\/sv\/wp-json\/wp\/v2\/media?parent=9315"}],"wp:term":[{"taxonomy":"product_brand","embeddable":true,"href":"https:\/\/antcube.shop\/sv\/wp-json\/wp\/v2\/product_brand?post=9315"},{"taxonomy":"product_cat","embeddable":true,"href":"https:\/\/antcube.shop\/sv\/wp-json\/wp\/v2\/product_cat?post=9315"},{"taxonomy":"product_tag","embeddable":true,"href":"https:\/\/antcube.shop\/sv\/wp-json\/wp\/v2\/product_tag?post=9315"}],"curies":[{"name":"wp","href":"https:\/\/api.w.org\/{rel}","templated":true}]}}