{"id":9314,"date":"2024-09-17T16:12:51","date_gmt":"2024-09-17T14:12:51","guid":{"rendered":"https:\/\/antcube.shop\/en\/product\/gitterkappe-fein-fur-gittereinsatz-acryl-50mm\/"},"modified":"2026-02-23T10:53:58","modified_gmt":"2026-02-23T09:53:58","slug":"gitterkappe-fein-for-gittereinsatz-akryl-50mm","status":"publish","type":"product","link":"https:\/\/antcube.shop\/sv\/produkt\/gitterkappe-fein-for-gittereinsatz-akryl-50mm\/","title":{"rendered":"Fint gallerlock - f\u00f6r gallerinsats i akryl 50 mm"},"content":{"rendered":"<p><strong>Kvantitet:<\/strong> 1 stycke<\/p>\n<p><strong>M\u00e5tt:<\/strong> 51x12 mm<\/p>\n<p><strong>F\u00e4rg:<\/strong> genomskinlig<\/p>\n<p><strong>Material:<\/strong> plast<\/p>\n<p><strong>Beskrivning:<\/strong> Detta lock med ett mycket fint galler (0,2-0,3 mm) f\u00f6r \"Gallerinsats akryl 50 mm - klar\" och \"Myrarena - fl\u00e4kt\" hindrar sm\u00e5 myror fr\u00e5n att ta sig ut genom de breda ventilations\u00f6ppningarna i gallerinsatsen. Locket f\u00e4sts p\u00e5 insatsen underifr\u00e5n.<\/p>\n<p><strong>Observera:<\/strong> Observera att du endast kan anv\u00e4nda den h\u00e4r artikeln tillsammans med artikeln: \"005044 Rutn\u00e4tsinsats akryl 50 mm - klar\" eller \"Ant arena fan\"!<\/p>","protected":false},"excerpt":{"rendered":"<p>Antal: 1 st M\u00e5tt: 51x12mm F\u00e4rg: transparent Material: plast Beskrivning: Detta lock med ett mycket fint rutn\u00e4t (0,2-0,3 mm) f\u00f6r \"Rutn\u00e4tsinsats akryl 50 mm - klar\" och \"Myrarena - fl\u00e4kt\" f\u00f6rhindrar att sm\u00e5 myror flyr ut genom de breda ventilations\u00f6ppningarna i rutn\u00e4tsinsatsen. Locket f\u00e4sts p\u00e5 insatsen fr\u00e5n","protected":false},"featured_media":9832,"comment_status":"open","ping_status":"closed","template":"","meta":{"_acf_changed":false,"content-type":"","_monsterinsights_skip_tracking":false,"_monsterinsights_sitenote_active":false,"_monsterinsights_sitenote_note":"","_monsterinsights_sitenote_category":0},"product_brand":[485],"product_cat":[119,238],"product_tag":[],"class_list":{"0":"post-9314","1":"product","2":"type-product","3":"status-publish","4":"has-post-thumbnail","6":"product_brand-antstore","7":"product_cat-formicarium-components","8":"product_cat-grid-caps-plugs-and-inserts","10":"first","11":"instock","12":"taxable","13":"shipping-taxable","14":"purchasable","15":"product-type-simple"},"acf":[],"aioseo_notices":[],"jetpack_sharing_enabled":true,"_links":{"self":[{"href":"https:\/\/antcube.shop\/sv\/wp-json\/wp\/v2\/product\/9314","targetHints":{"allow":["GET"]}}],"collection":[{"href":"https:\/\/antcube.shop\/sv\/wp-json\/wp\/v2\/product"}],"about":[{"href":"https:\/\/antcube.shop\/sv\/wp-json\/wp\/v2\/types\/product"}],"replies":[{"embeddable":true,"href":"https:\/\/antcube.shop\/sv\/wp-json\/wp\/v2\/comments?post=9314"}],"wp:featuredmedia":[{"embeddable":true,"href":"https:\/\/antcube.shop\/sv\/wp-json\/wp\/v2\/media\/9832"}],"wp:attachment":[{"href":"https:\/\/antcube.shop\/sv\/wp-json\/wp\/v2\/media?parent=9314"}],"wp:term":[{"taxonomy":"product_brand","embeddable":true,"href":"https:\/\/antcube.shop\/sv\/wp-json\/wp\/v2\/product_brand?post=9314"},{"taxonomy":"product_cat","embeddable":true,"href":"https:\/\/antcube.shop\/sv\/wp-json\/wp\/v2\/product_cat?post=9314"},{"taxonomy":"product_tag","embeddable":true,"href":"https:\/\/antcube.shop\/sv\/wp-json\/wp\/v2\/product_tag?post=9314"}],"curies":[{"name":"wp","href":"https:\/\/api.w.org\/{rel}","templated":true}]}}