{"id":9311,"date":"2024-09-17T16:11:32","date_gmt":"2024-09-17T14:11:32","guid":{"rendered":"https:\/\/antcube.shop\/en\/product\/gitterkappe-40mm-edelstahl\/"},"modified":"2026-03-16T10:38:12","modified_gmt":"2026-03-16T09:38:12","slug":"gallerlock-40mm-rostfritt-stal","status":"publish","type":"product","link":"https:\/\/antcube.shop\/sv\/produkt\/gallerlock-40mm-rostfritt-stal\/","title":{"rendered":"Gallerlock - 40 mm - rostfritt st\u00e5l"},"content":{"rendered":"<p><strong>Kvantitet:<\/strong> 1 stycke<\/p>\n<p><strong>M\u00e5tt:<\/strong> 40 mm (innerdiameter), 50x8 mm (ytterm\u00e5tt)<\/p>\n<p><strong>F\u00e4rg:<\/strong> genomskinlig<\/p>\n<p><strong>Material:<\/strong> rostfritt st\u00e5l, akrylglas<\/p>\n<p><strong>Beskrivning:<\/strong><br \/>\nDetta gallerlock med ett mycket fint rostfritt st\u00e5lgaller (0,2 mm) kan f\u00e4stas p\u00e5 en hylsa, ett r\u00f6r eller en slang\u00e4nde och s\u00e4kerst\u00e4ller god formicariumventilation utan att myror kan fly. B\u00e5de det rostfria gallret och akrylglasramen \u00e4r genomskinliga.<\/p>\n<p><strong>Observera:<\/strong> L\u00e4mpar sig ocks\u00e5 f\u00f6r mycket bitande arter som bladsk\u00e4rarmyror!<\/p>","protected":false},"excerpt":{"rendered":"<p>Antal: 1 st M\u00e5tt: 40mm (innerdiameter), 50x8mm (ytterm\u00e5tt) F\u00e4rg: transparent Material: rostfritt st\u00e5l, akrylglas Beskrivning: Detta gallerlock med ett mycket fint rostfritt st\u00e5lgaller (0,2 mm) kan f\u00e4stas p\u00e5 en hylsa, ett r\u00f6r eller en slang\u00e4nde och s\u00e4kerst\u00e4ller god formicariumventilation utan att myror kan fly. B\u00e5de det rostfria st\u00e5let","protected":false},"featured_media":9598,"comment_status":"open","ping_status":"closed","template":"","meta":{"_acf_changed":false,"content-type":"","_monsterinsights_skip_tracking":false,"_monsterinsights_sitenote_active":false,"_monsterinsights_sitenote_note":"","_monsterinsights_sitenote_category":0},"product_brand":[485],"product_cat":[119,238],"product_tag":[],"class_list":{"0":"post-9311","1":"product","2":"type-product","3":"status-publish","4":"has-post-thumbnail","6":"product_brand-antstore","7":"product_cat-formicarium-components","8":"product_cat-grid-caps-plugs-and-inserts","10":"first","11":"instock","12":"taxable","13":"shipping-taxable","14":"purchasable","15":"product-type-simple"},"acf":[],"aioseo_notices":[],"jetpack_sharing_enabled":true,"_links":{"self":[{"href":"https:\/\/antcube.shop\/sv\/wp-json\/wp\/v2\/product\/9311","targetHints":{"allow":["GET"]}}],"collection":[{"href":"https:\/\/antcube.shop\/sv\/wp-json\/wp\/v2\/product"}],"about":[{"href":"https:\/\/antcube.shop\/sv\/wp-json\/wp\/v2\/types\/product"}],"replies":[{"embeddable":true,"href":"https:\/\/antcube.shop\/sv\/wp-json\/wp\/v2\/comments?post=9311"}],"wp:featuredmedia":[{"embeddable":true,"href":"https:\/\/antcube.shop\/sv\/wp-json\/wp\/v2\/media\/9598"}],"wp:attachment":[{"href":"https:\/\/antcube.shop\/sv\/wp-json\/wp\/v2\/media?parent=9311"}],"wp:term":[{"taxonomy":"product_brand","embeddable":true,"href":"https:\/\/antcube.shop\/sv\/wp-json\/wp\/v2\/product_brand?post=9311"},{"taxonomy":"product_cat","embeddable":true,"href":"https:\/\/antcube.shop\/sv\/wp-json\/wp\/v2\/product_cat?post=9311"},{"taxonomy":"product_tag","embeddable":true,"href":"https:\/\/antcube.shop\/sv\/wp-json\/wp\/v2\/product_tag?post=9311"}],"curies":[{"name":"wp","href":"https:\/\/api.w.org\/{rel}","templated":true}]}}