{"id":9309,"date":"2024-09-17T16:10:44","date_gmt":"2024-09-17T14:10:44","guid":{"rendered":"https:\/\/antcube.shop\/en\/product\/einsteckeinsatz-fein-fur-gittereinsatz-acryl-50-mm\/"},"modified":"2026-03-24T16:45:14","modified_gmt":"2026-03-24T15:45:14","slug":"einsteckeinsatz-fein-fur-gittereinsatz-akryl-50-mm","status":"publish","type":"product","link":"https:\/\/antcube.shop\/sv\/produkt\/einsteckeinsatz-fein-fur-gittereinsatz-akryl-50-mm\/","title":{"rendered":"Fin insats - f\u00f6r akrylgallerinsats 50 mm"},"content":{"rendered":"<p><strong>Kvantitet:<\/strong> 1 stycke<\/p>\n<p><strong>M\u00e5tt:<\/strong> 50x10 mm<\/p>\n<p><strong>F\u00e4rg:<\/strong> genomskinlig<\/p>\n<p><strong>Material:<\/strong> plast<\/p>\n<p><strong>Beskrivning:<\/strong><br \/>\nDenna insats med mycket finmaskigt n\u00e4t (0,2-0,3 mm) f\u00f6r \"n\u00e4tinsats akryl 50 mm - klar\" hindrar sm\u00e5 myror fr\u00e5n att ta sig ut genom n\u00e4tinsatsens breda ventilationsspringor. Insatsen s\u00e4tts in i n\u00e4tinsatsen underifr\u00e5n.<\/p>\n<p>L\u00e4mpar sig ocks\u00e5 f\u00f6r mycket bitande arter som bladsk\u00e4rarmyror!<\/p>\n<p><strong>Observera:<\/strong> Observera att du endast kan anv\u00e4nda den h\u00e4r artikeln tillsammans med artikeln: \"005044 Rutn\u00e4tsinsats akryl 50 mm - klar\"!<\/p>","protected":false},"excerpt":{"rendered":"<p>Antal: 1 st M\u00e5tt: 50x10mm F\u00e4rg: transparent Material: plast Beskrivning: Denna insats med mycket finmaskigt n\u00e4t (0,2-0,3 mm) f\u00f6r \"n\u00e4tinsats akryl 50 mm - genomskinlig\" hindrar sm\u00e5 myror fr\u00e5n att ta sig ut genom n\u00e4tinsatsens breda ventilationsspringor. Insatsen s\u00e4tts in i n\u00e4tinsatsen underifr\u00e5n. L\u00e4mpar sig \u00e4ven f\u00f6r mycket","protected":false},"featured_media":9842,"comment_status":"open","ping_status":"closed","template":"","meta":{"_acf_changed":false,"content-type":"","_monsterinsights_skip_tracking":false,"_monsterinsights_sitenote_active":false,"_monsterinsights_sitenote_note":"","_monsterinsights_sitenote_category":0},"product_brand":[],"product_cat":[119,238],"product_tag":[],"class_list":{"0":"post-9309","1":"product","2":"type-product","3":"status-publish","4":"has-post-thumbnail","6":"product_cat-formicarium-components","7":"product_cat-grid-caps-plugs-and-inserts","9":"first","10":"outofstock","11":"taxable","12":"shipping-taxable","13":"purchasable","14":"product-type-simple"},"acf":[],"aioseo_notices":[],"jetpack_sharing_enabled":true,"_links":{"self":[{"href":"https:\/\/antcube.shop\/sv\/wp-json\/wp\/v2\/product\/9309","targetHints":{"allow":["GET"]}}],"collection":[{"href":"https:\/\/antcube.shop\/sv\/wp-json\/wp\/v2\/product"}],"about":[{"href":"https:\/\/antcube.shop\/sv\/wp-json\/wp\/v2\/types\/product"}],"replies":[{"embeddable":true,"href":"https:\/\/antcube.shop\/sv\/wp-json\/wp\/v2\/comments?post=9309"}],"wp:featuredmedia":[{"embeddable":true,"href":"https:\/\/antcube.shop\/sv\/wp-json\/wp\/v2\/media\/9842"}],"wp:attachment":[{"href":"https:\/\/antcube.shop\/sv\/wp-json\/wp\/v2\/media?parent=9309"}],"wp:term":[{"taxonomy":"product_brand","embeddable":true,"href":"https:\/\/antcube.shop\/sv\/wp-json\/wp\/v2\/product_brand?post=9309"},{"taxonomy":"product_cat","embeddable":true,"href":"https:\/\/antcube.shop\/sv\/wp-json\/wp\/v2\/product_cat?post=9309"},{"taxonomy":"product_tag","embeddable":true,"href":"https:\/\/antcube.shop\/sv\/wp-json\/wp\/v2\/product_tag?post=9309"}],"curies":[{"name":"wp","href":"https:\/\/api.w.org\/{rel}","templated":true}]}}