{"id":9307,"date":"2024-09-17T16:10:04","date_gmt":"2024-09-17T14:10:04","guid":{"rendered":"https:\/\/antcube.shop\/en\/product\/formicarienstopfen-fur-13mm-bohrung\/"},"modified":"2026-04-04T12:46:28","modified_gmt":"2026-04-04T10:46:28","slug":"formicarienstopfen-for-13-mm-bohrung","status":"publish","type":"product","link":"https:\/\/antcube.shop\/sv\/produkt\/formicarienstopfen-for-13-mm-bohrung\/","title":{"rendered":"Formicariumplugg f\u00f6r 13 mm h\u00e5l"},"content":{"rendered":"<p><strong>Kvantitet:<\/strong> 1 stycke<\/p>\n<p><strong>M\u00e5tt:<\/strong> 18\u00d79 mm<\/p>\n<p><strong>Material:<\/strong> PE-plast<\/p>\n<p><strong>F\u00e4rg:<\/strong> genomskinlig, mj\u00f6lkaktig<\/p>\n<p><strong>Beskrivning:<\/strong> F\u00f6r f\u00f6rslutning av runda \u00f6ppningar i formicaria med en diameter p\u00e5 13 mm.<br \/>\nVi kan ocks\u00e5 sk\u00e4ra h\u00e5l i pluggarna p\u00e5 beg\u00e4ran mot en extra kostnad.<br \/>\nF\u00f6ljande utsk\u00e4rningar rekommenderas t.ex. f\u00f6r f\u00f6ljande f\u00f6rem\u00e5l:<br \/>\n10mm t.ex. f\u00f6r slang eller r\u00f6r 10mm<\/p>","protected":false},"excerpt":{"rendered":"<p>Antal: 1 st M\u00e5tt: 18x9 mm Material: PE-plast F\u00e4rg: transparent, mj\u00f6lkaktig Beskrivning: F\u00f6r f\u00f6rslutning av runda \u00f6ppningar i formicaria med en diameter p\u00e5 13 mm. P\u00e5 beg\u00e4ran kan vi \u00e4ven sk\u00e4ra h\u00e5l i pluggarna mot en extra kostnad. F\u00f6ljande utsk\u00e4rningar rekommenderas f\u00f6r f\u00f6ljande artiklar, t.ex.: 10 mm t.ex. f\u00f6r slang eller","protected":false},"featured_media":9849,"comment_status":"open","ping_status":"closed","template":"","meta":{"_acf_changed":false,"content-type":"","_monsterinsights_skip_tracking":false,"_monsterinsights_sitenote_active":false,"_monsterinsights_sitenote_note":"","_monsterinsights_sitenote_category":0},"product_brand":[],"product_cat":[119,238],"product_tag":[],"class_list":{"0":"post-9307","1":"product","2":"type-product","3":"status-publish","4":"has-post-thumbnail","6":"product_cat-formicarium-components","7":"product_cat-grid-caps-plugs-and-inserts","9":"first","10":"instock","11":"taxable","12":"shipping-taxable","13":"purchasable","14":"product-type-simple"},"acf":[],"aioseo_notices":[],"jetpack_sharing_enabled":true,"_links":{"self":[{"href":"https:\/\/antcube.shop\/sv\/wp-json\/wp\/v2\/product\/9307","targetHints":{"allow":["GET"]}}],"collection":[{"href":"https:\/\/antcube.shop\/sv\/wp-json\/wp\/v2\/product"}],"about":[{"href":"https:\/\/antcube.shop\/sv\/wp-json\/wp\/v2\/types\/product"}],"replies":[{"embeddable":true,"href":"https:\/\/antcube.shop\/sv\/wp-json\/wp\/v2\/comments?post=9307"}],"wp:featuredmedia":[{"embeddable":true,"href":"https:\/\/antcube.shop\/sv\/wp-json\/wp\/v2\/media\/9849"}],"wp:attachment":[{"href":"https:\/\/antcube.shop\/sv\/wp-json\/wp\/v2\/media?parent=9307"}],"wp:term":[{"taxonomy":"product_brand","embeddable":true,"href":"https:\/\/antcube.shop\/sv\/wp-json\/wp\/v2\/product_brand?post=9307"},{"taxonomy":"product_cat","embeddable":true,"href":"https:\/\/antcube.shop\/sv\/wp-json\/wp\/v2\/product_cat?post=9307"},{"taxonomy":"product_tag","embeddable":true,"href":"https:\/\/antcube.shop\/sv\/wp-json\/wp\/v2\/product_tag?post=9307"}],"curies":[{"name":"wp","href":"https:\/\/api.w.org\/{rel}","templated":true}]}}