{"id":9292,"date":"2024-09-17T15:59:51","date_gmt":"2024-09-17T13:59:51","guid":{"rendered":"https:\/\/antcube.shop\/en\/product\/pilz-von-atta-cephalotes\/"},"modified":"2026-03-11T14:16:11","modified_gmt":"2026-03-11T13:16:11","slug":"svamp-av-atta-cephalotes","status":"publish","type":"product","link":"https:\/\/antcube.shop\/sv\/produkt\/svamp-av-atta-cephalotes\/","title":{"rendered":"Svamp av Atta cephalotes"},"content":{"rendered":"<p><span data-text-color=\"alert\"><strong>Frakt endast m\u00f6jlig i Tyskland!<\/strong><\/span><\/p>\n<p><strong>Kvantitet:<\/strong> (set)<br \/>\n1x transportr\u00f6r<br \/>\n1x luftgenomsl\u00e4pplig propp<br \/>\n1x f\u00e4rsk champinjon minst 1 cm\u00b3<\/p>\n<p><strong>Beskrivning:<\/strong> Vi erbjuder en ers\u00e4ttningssvamp f\u00f6r n\u00f6dsituationer d\u00e4r svampen hos bladsk\u00e4rarmyrorna minskar eller d\u00f6r p\u00e5 grund av felaktig temperatur, luftfuktighet eller andra orsaker.<br \/>\nEn enhet p\u00e5 1 cm\u00b3 \u00e4r tillr\u00e4cklig f\u00f6r att starta om en koloni med 11-25 djur.<br \/>\nDen medf\u00f6ljande svampen kan inneh\u00e5lla sm\u00e5 svampsk\u00f6tare (miniarbetare).<br \/>\nDessa sm\u00e5 miniarbetare \u00e4r inget problem f\u00f6r den befintliga kolonin, eftersom de bara tar hand om svampen.<\/p>\n<p><strong>Anv\u00e4ndning:<\/strong><br \/>\nSvamp = f\u00f6r svamp\u00e4tande myrarter<br \/>\nDetta \u00e4r ett komplett foder (enkelmatning)<br \/>\nTransportbeh\u00e5llaren ska \u00f6ppnas och placeras bredvid myrkolonin. Djuren kommer sedan att b\u00e4ra ut svampbitarna p\u00e5 egen hand.<\/p>\n<p><strong>F\u00f6rvaring:<\/strong> 25\u00b0C och 90% luftfuktighet<\/p>\n<p><strong>Inneh\u00e5ller:<\/strong><br \/>\nf\u00e4rska och originella svampbitar av de namngivna myrarterna.<\/p>\n<p><strong>Observera:<\/strong><br \/>\nF\u00f6r ytterligare information h\u00e4nvisas till bipacksedeln.<\/p>\n<p>Informationshotline +49 30 439703870<\/p>\n<p><strong>Ansvarig veterin\u00e4r- och livsmedelsinspektion:<\/strong><br \/>\nSteglitz Veterin\u00e4rbyr\u00e5<br \/>\nK\u00f6nigin-Luise-Str. 92<br \/>\n14195 Berlin<\/p>","protected":false},"excerpt":{"rendered":"<p>Fullfoder<\/p>","protected":false},"featured_media":9777,"comment_status":"open","ping_status":"closed","template":"","meta":{"_acf_changed":false,"content-type":"","_monsterinsights_skip_tracking":false,"_monsterinsights_sitenote_active":false,"_monsterinsights_sitenote_note":"","_monsterinsights_sitenote_category":0},"product_brand":[],"product_cat":[115,116],"product_tag":[],"class_list":{"0":"post-9292","1":"product","2":"type-product","3":"status-publish","4":"has-post-thumbnail","6":"product_cat-food-and-feeding","7":"product_cat-food","9":"first","10":"instock","11":"taxable","12":"shipping-taxable","13":"purchasable","14":"product-type-simple"},"acf":[],"aioseo_notices":[],"jetpack_sharing_enabled":true,"_links":{"self":[{"href":"https:\/\/antcube.shop\/sv\/wp-json\/wp\/v2\/product\/9292","targetHints":{"allow":["GET"]}}],"collection":[{"href":"https:\/\/antcube.shop\/sv\/wp-json\/wp\/v2\/product"}],"about":[{"href":"https:\/\/antcube.shop\/sv\/wp-json\/wp\/v2\/types\/product"}],"replies":[{"embeddable":true,"href":"https:\/\/antcube.shop\/sv\/wp-json\/wp\/v2\/comments?post=9292"}],"wp:featuredmedia":[{"embeddable":true,"href":"https:\/\/antcube.shop\/sv\/wp-json\/wp\/v2\/media\/9777"}],"wp:attachment":[{"href":"https:\/\/antcube.shop\/sv\/wp-json\/wp\/v2\/media?parent=9292"}],"wp:term":[{"taxonomy":"product_brand","embeddable":true,"href":"https:\/\/antcube.shop\/sv\/wp-json\/wp\/v2\/product_brand?post=9292"},{"taxonomy":"product_cat","embeddable":true,"href":"https:\/\/antcube.shop\/sv\/wp-json\/wp\/v2\/product_cat?post=9292"},{"taxonomy":"product_tag","embeddable":true,"href":"https:\/\/antcube.shop\/sv\/wp-json\/wp\/v2\/product_tag?post=9292"}],"curies":[{"name":"wp","href":"https:\/\/api.w.org\/{rel}","templated":true}]}}